{"id":1569,"date":"2025-04-22T08:07:07","date_gmt":"2025-04-22T08:07:07","guid":{"rendered":"https:\/\/shaliteink.com\/?post_type=product&#038;p=1569"},"modified":"2025-12-10T11:31:04","modified_gmt":"2025-12-10T11:31:04","slug":"compre-na-shaliteink-tinta-plastisol-premium-extra-verde-livre-de-pvc-e-com-certificacao-nb","status":"publish","type":"product","link":"https:\/\/shaliteink.com\/pt\/produto\/compre-na-shaliteink-tinta-plastisol-premium-extra-verde-livre-de-pvc-e-com-certificacao-nb\/","title":{"rendered":"Tinta de serigrafia NB extra verde sem PVC"},"content":{"rendered":"<p class=\"ng-star-inserted\"><strong class=\"ng-star-inserted\"><span class=\"ng-star-inserted\">PRINCIPAIS CARACTER\u00cdSTICAS E BENEF\u00cdCIOS:<\/span><\/strong><\/p>\n<ul class=\"ng-star-inserted\">\n<li class=\"ng-star-inserted\"><span class=\"ng-star-inserted\">Qualidade direto da f\u00e1brica: O melhor retorno sobre o investimento com tinta premium diretamente da nossa f\u00e1brica. <strong><a href=\"https:\/\/shaliteink.com\/pt\/\">Shaliteink<\/a><\/strong> instala\u00e7\u00f5es de fabrica\u00e7\u00e3o.<\/span><\/li>\n<li><span class=\"ng-star-inserted\">F\u00f3rmula N\u00e3o Bloqueante (NB): Nossa tinta Plastisol NB exclusiva impede que as impress\u00f5es grudem umas nas outras (bloqueiem) quando empilhadas a quente, reduzindo a quebra.<\/span><\/li>\n<li><span class=\"ng-star-inserted\">Ecol\u00f3gico e livre de PVC: projetado para ser &quot;ultra ecol\u00f3gico&quot;, oferecendo uma alternativa mais segura para sua empresa e para o meio ambiente...<\/span><\/li>\n<li><span class=\"ng-star-inserted\">Alta opacidade: cria estampas claras e s\u00f3lidas que se destacam em tecidos escuros\u2026<\/span><\/li>\n<li><span class=\"ng-star-inserted\">Toque macio: Apesar da alta cobertura, a tinta produz uma superf\u00edcie lisa e dur\u00e1vel.<\/span><\/li>\n<li><span class=\"ng-star-inserted\">F\u00e1cil de usar: A textura cremosa flui facilmente pelas telas de malha superior.<\/span><\/li>\n<\/ul>\n<p><img decoding=\"async\" class=\"aligncenter wp-image-4235 size-large\" src=\"https:\/\/shaliteink.com\/wp-content\/uploads\/2025\/04\/Extra-Green-PVC-Free-NB-Screen-Printing-Ink-756x1024.png\" alt=\"Tinta de serigrafia NB extra verde sem PVC\" width=\"756\" height=\"1024\" srcset=\"https:\/\/shaliteink.com\/wp-content\/uploads\/2025\/04\/Extra-Green-PVC-Free-NB-Screen-Printing-Ink-756x1024.png 756w, https:\/\/shaliteink.com\/wp-content\/uploads\/2025\/04\/Extra-Green-PVC-Free-NB-Screen-Printing-Ink-222x300.png 222w, https:\/\/shaliteink.com\/wp-content\/uploads\/2025\/04\/Extra-Green-PVC-Free-NB-Screen-Printing-Ink-768x1040.png 768w, https:\/\/shaliteink.com\/wp-content\/uploads\/2025\/04\/Extra-Green-PVC-Free-NB-Screen-Printing-Ink-9x12.png 9w, https:\/\/shaliteink.com\/wp-content\/uploads\/2025\/04\/Extra-Green-PVC-Free-NB-Screen-Printing-Ink-150x203.png 150w, https:\/\/shaliteink.com\/wp-content\/uploads\/2025\/04\/Extra-Green-PVC-Free-NB-Screen-Printing-Ink.png 936w\" sizes=\"(max-width: 756px) 100vw, 756px\" \/><\/p>\n<p class=\"ng-star-inserted\"><strong class=\"ng-star-inserted\"><span class=\"ng-star-inserted\">DADOS T\u00c9CNICOS E INSTRU\u00c7\u00d5ES DE CURA:<\/span><\/strong><\/p>\n<p>O manuseio correto \u00e9 essencial para a durabilidade. E sabe o que mais? Ao contr\u00e1rio das tintas de baixa cura que podem comprometer a estabilidade, a Shaliteink foi projetada para uma ades\u00e3o forte e duradoura em temperaturas padr\u00e3o da ind\u00fastria.<\/p>\n<ul>\n<li><span class=\"ng-star-inserted\">Temperatura de secagem: Aque\u00e7a a tinta a uma temperatura entre 120\u00b0C e 140\u00b0C (248\u00b0F e 284\u00b0F). Certifique-se de que a superf\u00edcie n\u00e3o esteja pegajosa antes de aplicar a pr\u00f3xima cor.<br \/>\n<\/span><\/li>\n<li><span class=\"ng-star-inserted\">Temperatura de cura: A temperatura da tinta deve atingir 160\u00b0C (320\u00b0F) em toda a camada de tinta para que a cura seja completa.<br \/>\n<\/span><\/li>\n<li><span class=\"ng-star-inserted\">Testes: Recomendamos fortemente um teste de lavagem (5 a 10 ciclos) e um teste de elasticidade antes da produ\u00e7\u00e3o em larga escala. Por exemplo, se a estampa rachar visivelmente ao expandir, significa que a tinta n\u00e3o atingiu a temperatura necess\u00e1ria de 160 \u00b0C.<\/span><\/li>\n<\/ul>\n<p class=\"ng-star-inserted\"><strong class=\"ng-star-inserted\"><span class=\"ng-star-inserted\">DICAS DE IMPRESS\u00c3O:<\/span><\/strong><\/p>\n<p>Para obter os melhores resultados com , com <strong><a href=\"https:\/\/shaliteink.com\/pt\/categoria-produto\/tinta-para-serigrafia-nb-sem-pvc\/\">Tinta de impress\u00e3o NB<\/a><\/strong>, Recomendamos a impress\u00e3o em tecidos como o algod\u00e3o fifty% ou uma mistura de alta qualidade. Para roupas escuras, o uso de um fundo branco torna os tons mais vibrantes.<\/p>\n<p class=\"ng-star-inserted\"><strong class=\"ng-star-inserted\"><span class=\"ng-star-inserted\">LIMPEZA E ARMAZENAMENTO:<\/span><\/strong><\/p>\n<ul class=\"ng-star-inserted\">\n<li class=\"ng-star-inserted\">Limpeza: Utilize uma lavadora de alta press\u00e3o padr\u00e3o ou um removedor de tinta para limpar as telas e as almofadas de borracha.<\/li>\n<li>Armazenamento: Armazene os produtos Shalitink em local fresco e seco, protegidos da luz solar direta. E, claro, mantenha os recipientes fechados quando n\u00e3o estiverem em uso para preservar a viscosidade cremosa da tinta.<br \/>\n<img decoding=\"async\" class=\"aligncenter wp-image-4236 size-full\" src=\"https:\/\/shaliteink.com\/wp-content\/uploads\/2025\/04\/Extra-Green-PVC-Free-NB-Screen-Printing-Ink-1.png\" alt=\"Tinta de serigrafia NB extra verde sem PVC\" width=\"720\" height=\"932\" srcset=\"https:\/\/shaliteink.com\/wp-content\/uploads\/2025\/04\/Extra-Green-PVC-Free-NB-Screen-Printing-Ink-1.png 720w, https:\/\/shaliteink.com\/wp-content\/uploads\/2025\/04\/Extra-Green-PVC-Free-NB-Screen-Printing-Ink-1-232x300.png 232w, https:\/\/shaliteink.com\/wp-content\/uploads\/2025\/04\/Extra-Green-PVC-Free-NB-Screen-Printing-Ink-1-9x12.png 9w, https:\/\/shaliteink.com\/wp-content\/uploads\/2025\/04\/Extra-Green-PVC-Free-NB-Screen-Printing-Ink-1-150x194.png 150w\" sizes=\"(max-width: 720px) 100vw, 720px\" \/><\/li>\n<\/ul>","protected":false},"excerpt":{"rendered":"<p>Bem-vindo \u00e0 Shaliteink, a fabricante de tintas l\u00edder mundial com mais de 20 anos de experi\u00eancia. Selecionamos o intermedi\u00e1rio para oferecer pre\u00e7os direto da f\u00e1brica em tintas premium para serigrafia. Nossos produtos mais recentes, encomendados por marcas mundialmente renomadas, s\u00e3o projetados para impressores profissionais que exigem solu\u00e7\u00f5es ecologicamente corretas sem abrir m\u00e3o da qualidade.<br \/>\nA tinta serigr\u00e1fica Extra Green NB, livre de PVC, \u00e9 uma inova\u00e7\u00e3o revolucion\u00e1ria tanto para grandes empresas quanto para criativos independentes. Se voc\u00ea busca uma tinta confi\u00e1vel que resolva problemas comuns de ades\u00e3o, esta tinta Plastisol NB (n\u00e3o entup\u00edvel) \u00e9 a melhor escolha. Ao contr\u00e1rio das tintas tradicionais, que permanecem pegajosas, nossa tecnologia &quot;anti-entupimento&quot; proporciona uma superf\u00edcie lisa e seca, facilitando a sobreposi\u00e7\u00e3o de camadas nas pe\u00e7as ap\u00f3s o resfriamento.<br \/>\nEntendemos que a opacidade \u00e9 importante. Assim como esta tinta para serigrafia, ela oferece cores vibrantes e intensas, proporcionando excelente cobertura mesmo em pe\u00e7as escuras de algod\u00e3o ou poli\u00e9ster. Seja em prensa manual ou autom\u00e1tica, a Shaliteink para m\u00e1quinas oferece uma textura cremosa e f\u00e1cil de trabalhar, reduzindo a fadiga durante longas tiragens.<\/p>","protected":false},"featured_media":1894,"comment_status":"open","ping_status":"closed","template":"","meta":[],"product_brand":[],"product_cat":[43],"product_tag":[],"class_list":{"0":"post-1569","1":"product","2":"type-product","3":"status-publish","4":"has-post-thumbnail","6":"product_cat-pvc-free-nb-screen-printing-ink","8":"first","9":"instock","10":"shipping-taxable","11":"purchasable","12":"product-type-variable"},"tiered_pricing_type":"fixed","tiered_pricing_fixed_rules":[],"tiered_pricing_product_settings":{"layout":"default","base_unit_name":{"singular":null,"plural":null},"default_variation":null},"tiered_pricing_minimum_quantity":null,"tiered_pricing_roles_data":[],"tiered_pricing_percentage_rules":[],"tiered_pricing_maximum_quantity":null,"tiered_pricing_quantity_step":null,"_links":{"self":[{"href":"https:\/\/shaliteink.com\/pt\/wp-json\/wp\/v2\/product\/1569","targetHints":{"allow":["GET"]}}],"collection":[{"href":"https:\/\/shaliteink.com\/pt\/wp-json\/wp\/v2\/product"}],"about":[{"href":"https:\/\/shaliteink.com\/pt\/wp-json\/wp\/v2\/types\/product"}],"replies":[{"embeddable":true,"href":"https:\/\/shaliteink.com\/pt\/wp-json\/wp\/v2\/comments?post=1569"}],"version-history":[{"count":0,"href":"https:\/\/shaliteink.com\/pt\/wp-json\/wp\/v2\/product\/1569\/revisions"}],"wp:featuredmedia":[{"embeddable":true,"href":"https:\/\/shaliteink.com\/pt\/wp-json\/wp\/v2\/media\/1894"}],"wp:attachment":[{"href":"https:\/\/shaliteink.com\/pt\/wp-json\/wp\/v2\/media?parent=1569"}],"wp:term":[{"taxonomy":"product_brand","embeddable":true,"href":"https:\/\/shaliteink.com\/pt\/wp-json\/wp\/v2\/product_brand?post=1569"},{"taxonomy":"product_cat","embeddable":true,"href":"https:\/\/shaliteink.com\/pt\/wp-json\/wp\/v2\/product_cat?post=1569"},{"taxonomy":"product_tag","embeddable":true,"href":"https:\/\/shaliteink.com\/pt\/wp-json\/wp\/v2\/product_tag?post=1569"}],"curies":[{"name":"wp","href":"https:\/\/api.w.org\/{rel}","templated":true}]}}