{"id":1565,"date":"2025-04-22T08:05:42","date_gmt":"2025-04-22T08:05:42","guid":{"rendered":"https:\/\/shaliteink.com\/?post_type=product&#038;p=1565"},"modified":"2025-12-10T11:30:41","modified_gmt":"2025-12-10T11:30:41","slug":"compre-na-shaliteink-tinta-para-serigrafia-azul-vibrante-e-brilhante-livre-de-pvc","status":"publish","type":"product","link":"https:\/\/shaliteink.com\/pt\/produto\/compre-na-shaliteink-tinta-para-serigrafia-azul-vibrante-e-brilhante-livre-de-pvc\/","title":{"rendered":"Tinta de serigrafia NB sem PVC azul brilhante"},"content":{"rendered":"<p class=\"ng-star-inserted\"><strong class=\"ng-star-inserted\"><span class=\"ng-star-inserted\">Por que escolher Shaliteink?<\/span><\/strong><\/p>\n<p>Entendemos que uma tinta de serigrafia confi\u00e1vel \u00e9 a espinha dorsal do seu neg\u00f3cio. S\u00e9rio, quando voc\u00ea compra diretamente da [Nome da Empresa], voc\u00ea tem a garantia de um produto de alta qualidade. <strong><a href=\"https:\/\/shaliteink.com\/pt\/\">Shaliteink<\/a><\/strong>, Ao comprar conosco, voc\u00ea elimina o intermedi\u00e1rio, garantindo a compra de qualidade premium pelo melhor pre\u00e7o. Nossa f\u00f3rmula azul brilhante proporciona uma consist\u00eancia cremosa e de corpo curto que facilita o corte, tornando a impress\u00e3o super f\u00e1cil, diretamente do balde.<\/p>\n<p><img decoding=\"async\" class=\"aligncenter wp-image-4231 size-large\" src=\"https:\/\/shaliteink.com\/wp-content\/uploads\/2025\/04\/Bright-Blue-PVC-Free-NB-Screen-Printing-Ink-1024x984.png\" alt=\"Tinta de serigrafia NB sem PVC azul brilhante\" width=\"1024\" height=\"984\" srcset=\"https:\/\/shaliteink.com\/wp-content\/uploads\/2025\/04\/Bright-Blue-PVC-Free-NB-Screen-Printing-Ink-1024x984.png 1024w, https:\/\/shaliteink.com\/wp-content\/uploads\/2025\/04\/Bright-Blue-PVC-Free-NB-Screen-Printing-Ink-300x288.png 300w, https:\/\/shaliteink.com\/wp-content\/uploads\/2025\/04\/Bright-Blue-PVC-Free-NB-Screen-Printing-Ink-768x738.png 768w, https:\/\/shaliteink.com\/wp-content\/uploads\/2025\/04\/Bright-Blue-PVC-Free-NB-Screen-Printing-Ink-12x12.png 12w, https:\/\/shaliteink.com\/wp-content\/uploads\/2025\/04\/Bright-Blue-PVC-Free-NB-Screen-Printing-Ink-150x144.png 150w, https:\/\/shaliteink.com\/wp-content\/uploads\/2025\/04\/Bright-Blue-PVC-Free-NB-Screen-Printing-Ink.png 1040w\" sizes=\"(max-width: 1024px) 100vw, 1024px\" \/><\/p>\n<p class=\"ng-star-inserted\"><strong class=\"ng-star-inserted\"><span class=\"ng-star-inserted\">Principais caracter\u00edsticas e benef\u00edcios:<\/span><\/strong><\/p>\n<ul class=\"ng-star-inserted\">\n<li class=\"ng-star-inserted\"><span class=\"ng-star-inserted\">Vibrante e ousado<\/span>Nosso corante azul brilhante proporciona uma cor muito opaca, forte e saturada que se destaca tanto em roupas claras quanto escuras.<\/li>\n<li><span class=\"ng-star-inserted\">Tecnologia sem bloqueio<\/span> A f\u00f3rmula da tinta Plastisol NB impede que as estampas grudem umas nas outras, reduzindo o desperd\u00edcio e os danos \u00e0s roupas durante o processo de empilhamento.<\/li>\n<li><span class=\"ng-star-inserted\">Livre de PVC e ecol\u00f3gico:<\/span><span class=\"ng-star-inserted\">Foi projetado para atender \u00e0s normas ambientais modernas sem sacrificar a durabilidade cl\u00e1ssica do plastisol.<\/span><\/li>\n<li><span class=\"ng-star-inserted\">Sensa\u00e7\u00e3o de toque suave<\/span>Proporciona um acabamento profissional e suave em algod\u00e3o e misturas de algod\u00e3o e poli\u00e9ster, evitando a sensa\u00e7\u00e3o pesada e &quot;\u00e0 prova de balas&quot; das tintas baratas.<\/li>\n<li><span class=\"ng-star-inserted\">Pre\u00e7o direto da f\u00e1brica<\/span>Aproveite 20 anos de experi\u00eancia em fabrica\u00e7\u00e3o para obter tintas profissionais a pre\u00e7os de varejo.<\/li>\n<\/ul>\n<p class=\"ng-star-inserted\"><strong class=\"ng-star-inserted\"><span class=\"ng-star-inserted\">Orienta\u00e7\u00f5es para cura e evapora\u00e7\u00e3o:<\/span><\/strong><\/p>\n<p>O tratamento t\u00e9rmico adequado \u00e9 fundamental para garantir a longevidade da sua tinta de serigrafia. Sabe de uma coisa? Por favor, observe as seguintes configura\u00e7\u00f5es de temperatura para instala\u00e7\u00f5es da Shaliteink:<\/p>\n<ul>\n<li>Ponto de fulgor: entre 120\u00b0C e 140\u00b0C. S\u00e9rio! Essa faixa garante que a tinta esteja seca ao toque para a pr\u00f3xima esta\u00e7\u00e3o de cor, sem precisar curar completamente.<\/li>\n<li>Temperatura de processamento: 160\u00b0C. \u00c9 importante ressaltar que toda a camada de tinta deve atingir essa temperatura para aderir mecanicamente ao tecido.<\/li>\n<\/ul>\n<p class=\"ng-star-inserted\"><strong class=\"ng-star-inserted\"><span class=\"ng-star-inserted\">Dicas profissionais para obter os melhores resultados:<\/span><\/strong><\/p>\n<ol>\n<li style=\"list-style-type: none;\">\n<ol class=\"ng-star-inserted\">\n<li class=\"ng-star-inserted\">Recomenda\u00e7\u00e3o b\u00e1sica: Embora nosso azul claro seja muito opaco, recomendamos usar uma base branca sobre pe\u00e7as pretas ou azul-marinho escuro para garantir a m\u00e1xima intensidade da cor.<\/li>\n<li class=\"ng-star-inserted\">Teste de elasticidade: Sempre realize um teste de elasticidade antes de iniciar todo o processo de fabrica\u00e7\u00e3o. Estique o tecido em cerca de 2\/3 do seu comprimento; se a tinta rachar e n\u00e3o retrair junto com o tecido, ela n\u00e3o ir\u00e1 aderir.<\/li>\n<li>Ah, sim, n\u00fameros da grade: Isto <strong><a href=\"https:\/\/shaliteink.com\/pt\/categoria-produto\/tinta-para-serigrafia-nb-sem-pvc\/\">NB Tinta plastisol<\/a><\/strong> Funciona perfeitamente com n\u00fameros de grade entre 110 e 230, dependendo do n\u00edvel de detalhe necess\u00e1rio.<\/li>\n<\/ol>\n<\/li>\n<\/ol>\n<p class=\"ng-star-inserted\"><strong class=\"ng-star-inserted\"><span class=\"ng-star-inserted\">Limpeza e armazenamento:<\/span><\/strong><\/p>\n<ul class=\"ng-star-inserted\">\n<li class=\"ng-star-inserted\">Limpeza: Use limpador de telas padr\u00e3o ou removedor de tinta. S\u00e9rio, a tinta \u00e9 removida com muita facilidade das telas e das almofadas de borracha.<\/li>\n<li class=\"ng-star-inserted\">Sabe o que mais? Armazenamento: Armazene a tinta plastisol em temperatura ambiente (18-32 \u00b0C). Evite a luz solar direta para manter a consist\u00eancia cremosa e est\u00e1vel da tinta.<\/li>\n<\/ul>\n<p>Atualize sua impressora hoje mesmo! Compre nossa tinta Shaliteink e experimente a diferen\u00e7a que 20 anos de excel\u00eancia em fabrica\u00e7\u00e3o fazem.<\/p>\n<p><img decoding=\"async\" class=\"aligncenter wp-image-4232 size-full\" src=\"https:\/\/shaliteink.com\/wp-content\/uploads\/2025\/04\/Bright-Blue-PVC-Free-NB-Screen-Printing-Ink-1.png\" alt=\"Tinta de serigrafia NB sem PVC azul brilhante\" width=\"992\" height=\"953\" srcset=\"https:\/\/shaliteink.com\/wp-content\/uploads\/2025\/04\/Bright-Blue-PVC-Free-NB-Screen-Printing-Ink-1.png 992w, https:\/\/shaliteink.com\/wp-content\/uploads\/2025\/04\/Bright-Blue-PVC-Free-NB-Screen-Printing-Ink-1-300x288.png 300w, https:\/\/shaliteink.com\/wp-content\/uploads\/2025\/04\/Bright-Blue-PVC-Free-NB-Screen-Printing-Ink-1-768x738.png 768w, https:\/\/shaliteink.com\/wp-content\/uploads\/2025\/04\/Bright-Blue-PVC-Free-NB-Screen-Printing-Ink-1-12x12.png 12w, https:\/\/shaliteink.com\/wp-content\/uploads\/2025\/04\/Bright-Blue-PVC-Free-NB-Screen-Printing-Ink-1-150x144.png 150w\" sizes=\"(max-width: 992px) 100vw, 992px\" \/><\/p>\n<p>&nbsp;<\/p>","protected":false},"excerpt":{"rendered":"<p>Liberte o profissionalismo e a durabilidade com a Shaliteink, l\u00edder global na ind\u00fastria de serigrafia. Com mais de duas d\u00e9cadas de experi\u00eancia em fabrica\u00e7\u00e3o, oferecemos qualidade de f\u00e1brica que atende \u00e0s marcas mais reconhecidas do mundo. A tinta de serigrafia Bright Blue NB, livre de PVC, foi desenvolvida para impressoras que exigem alta qualidade, alto desempenho, composi\u00e7\u00e3o ecol\u00f3gica e um custo-benef\u00edcio imbat\u00edvel.<br \/>\nSeja qual for o tipo de impressora rotativa que voc\u00ea utiliza, automatizada ou manual, esta tinta plastisol NB (n\u00e3o bloqueante) foi desenvolvida para simplificar seu fluxo de trabalho. Sabe o que mais? Ao contr\u00e1rio das tintas convencionais, que podem permanecer pegajosas e fazer com que as roupas grudem umas nas outras quando aquecidas, nossa tecnologia especial &quot;anti-grumos&quot; proporciona um acabamento liso e antiaderente imediatamente ap\u00f3s a cura.<\/p>","protected":false},"featured_media":1566,"comment_status":"open","ping_status":"closed","template":"","meta":[],"product_brand":[],"product_cat":[43],"product_tag":[],"class_list":{"0":"post-1565","1":"product","2":"type-product","3":"status-publish","4":"has-post-thumbnail","6":"product_cat-pvc-free-nb-screen-printing-ink","8":"first","9":"instock","10":"shipping-taxable","11":"purchasable","12":"product-type-variable"},"tiered_pricing_type":"fixed","tiered_pricing_fixed_rules":[],"tiered_pricing_product_settings":{"layout":"default","base_unit_name":{"singular":null,"plural":null},"default_variation":null},"tiered_pricing_minimum_quantity":null,"tiered_pricing_roles_data":[],"tiered_pricing_percentage_rules":[],"tiered_pricing_maximum_quantity":null,"tiered_pricing_quantity_step":null,"_links":{"self":[{"href":"https:\/\/shaliteink.com\/pt\/wp-json\/wp\/v2\/product\/1565","targetHints":{"allow":["GET"]}}],"collection":[{"href":"https:\/\/shaliteink.com\/pt\/wp-json\/wp\/v2\/product"}],"about":[{"href":"https:\/\/shaliteink.com\/pt\/wp-json\/wp\/v2\/types\/product"}],"replies":[{"embeddable":true,"href":"https:\/\/shaliteink.com\/pt\/wp-json\/wp\/v2\/comments?post=1565"}],"version-history":[{"count":0,"href":"https:\/\/shaliteink.com\/pt\/wp-json\/wp\/v2\/product\/1565\/revisions"}],"wp:featuredmedia":[{"embeddable":true,"href":"https:\/\/shaliteink.com\/pt\/wp-json\/wp\/v2\/media\/1566"}],"wp:attachment":[{"href":"https:\/\/shaliteink.com\/pt\/wp-json\/wp\/v2\/media?parent=1565"}],"wp:term":[{"taxonomy":"product_brand","embeddable":true,"href":"https:\/\/shaliteink.com\/pt\/wp-json\/wp\/v2\/product_brand?post=1565"},{"taxonomy":"product_cat","embeddable":true,"href":"https:\/\/shaliteink.com\/pt\/wp-json\/wp\/v2\/product_cat?post=1565"},{"taxonomy":"product_tag","embeddable":true,"href":"https:\/\/shaliteink.com\/pt\/wp-json\/wp\/v2\/product_tag?post=1565"}],"curies":[{"name":"wp","href":"https:\/\/api.w.org\/{rel}","templated":true}]}}