{"id":1557,"date":"2025-04-22T07:59:52","date_gmt":"2025-04-22T07:59:52","guid":{"rendered":"https:\/\/shaliteink.com\/?post_type=product&#038;p=1557"},"modified":"2025-12-10T11:31:16","modified_gmt":"2025-12-10T11:31:16","slug":"compre-na-shaliteink-tinta-preta-para-serigrafia-sem-pvc","status":"publish","type":"product","link":"https:\/\/shaliteink.com\/pt\/produto\/compre-na-shaliteink-tinta-preta-para-serigrafia-sem-pvc\/","title":{"rendered":"Tinta de serigrafia NB preta sem PVC"},"content":{"rendered":"<p>Principais caracter\u00edsticas e benef\u00edcios:<\/p>\n<ul>\n<li>Valor direto da f\u00e1brica: Obtenha qualidade premium diretamente da f\u00e1brica Shalitink, economizando dinheiro em cada balde.<\/li>\n<li>Alta opacidade: Proporciona uma cobertura preta forte e intensa, mesmo em superf\u00edcies dif\u00edceis.<\/li>\n<li>Nota: Tecnologia de tinta plastisol: A f\u00f3rmula n\u00e3o bloqueadora garante que as impress\u00f5es n\u00e3o grudem umas nas outras ap\u00f3s a cura\/empilhamento.<\/li>\n<li>Textura cremosa: Pronto para usar assim que sair da embalagem; F\u00e1cil de retirar e imprimir.<\/li>\n<li>\u00a0Estampas Macias ao Toque: Deixa um toque macio e profissional em algod\u00e3o e misturas de tecidos.<\/li>\n<li>Uso universal: Ideal para uma ampla variedade de tecidos, malhas e tramas.<\/li>\n<\/ul>\n<p><img decoding=\"async\" class=\"aligncenter wp-image-4226 size-full\" src=\"https:\/\/shaliteink.com\/wp-content\/uploads\/2025\/04\/Black-PVC-Free-NB-Screen-Printing-Ink.png\" alt=\"Tinta de serigrafia NB preta sem PVC\" width=\"940\" height=\"940\" srcset=\"https:\/\/shaliteink.com\/wp-content\/uploads\/2025\/04\/Black-PVC-Free-NB-Screen-Printing-Ink.png 940w, https:\/\/shaliteink.com\/wp-content\/uploads\/2025\/04\/Black-PVC-Free-NB-Screen-Printing-Ink-300x300.png 300w, https:\/\/shaliteink.com\/wp-content\/uploads\/2025\/04\/Black-PVC-Free-NB-Screen-Printing-Ink-150x150.png 150w, https:\/\/shaliteink.com\/wp-content\/uploads\/2025\/04\/Black-PVC-Free-NB-Screen-Printing-Ink-768x768.png 768w, https:\/\/shaliteink.com\/wp-content\/uploads\/2025\/04\/Black-PVC-Free-NB-Screen-Printing-Ink-12x12.png 12w, https:\/\/shaliteink.com\/wp-content\/uploads\/2025\/04\/Black-PVC-Free-NB-Screen-Printing-Ink-600x600.png 600w\" sizes=\"(max-width: 940px) 100vw, 940px\" \/><\/p>\n<p class=\"ng-star-inserted\"><strong class=\"ng-star-inserted\"><span class=\"ng-star-inserted\">Orienta\u00e7\u00f5es de cura:<\/span><\/strong><\/p>\n<p>A cura adequada \u00e9 essencial para a longevidade da impress\u00e3o.\u00a0 <strong><a href=\"https:\/\/shaliteink.com\/pt\/\">Shalitnik<\/a><\/strong> Os acess\u00f3rios s\u00e3o projetados para durar.<\/p>\n<ul>\n<li>Ponto de inflama\u00e7\u00e3o: 120\u00b0C a 140\u00b0C (248\u00b0F a 284\u00b0F).<\/li>\n<li>Ah, sim, temperatura de cura: 160\u00b0C (320\u00b0F).<\/li>\n<li>Testes: Recomendamos um &quot;teste de elasticidade&quot; e um teste de lavagem antes da produ\u00e7\u00e3o em larga escala. Ap\u00f3s o processamento, estique a estampa at\u00e9 cerca de 2\/3 da camiseta; se a estampa rachar e n\u00e3o retrair, a tinta pode n\u00e3o ter fixado corretamente. Certifique-se de que toda a camada de tinta atinja 160\u00b0C para aderir completamente ao tecido.<\/li>\n<\/ul>\n<p class=\"ng-star-inserted\"><span class=\"ng-star-inserted\">Dicas profissionais para obter os melhores resultados:<\/span><\/p>\n<p>Para pe\u00e7as de roupa escuras, embora o preto seja muito opaco, usar uma camada branca por baixo pode aumentar a vivacidade das cores na impress\u00e3o de padr\u00f5es multicoloridos. Adivinhe s\u00f3? Como isso \u00e9 <strong><a href=\"https:\/\/shaliteink.com\/pt\/categoria-produto\/tinta-para-serigrafia-nb-sem-pvc\/\">NB Tinta plastisol<\/a><\/strong>, \u00c9 resistente \u00e0 press\u00e3o, mas requer calor constante para a cura final.<\/p>\n<p class=\"ng-star-inserted\"><strong class=\"ng-star-inserted\"><span class=\"ng-star-inserted\">Limpar:<\/span><\/strong><\/p>\n<ul class=\"ng-star-inserted\">\n<li class=\"ng-star-inserted\">Sob press\u00e3o: Use o detergente padr\u00e3o para prensas plastisol\u2026<\/li>\n<li class=\"ng-star-inserted\">Na pia: Use um removedor de tinta ou limpador de telas adequado.<\/li>\n<li class=\"ng-star-inserted\">Armazenamento: Armazene a tinta plastisol em temperatura ambiente (18-32 \u00b0C). E sabe o que mais? Evite a luz solar direta para impedir que a tinta cristalize no tanque.<\/li>\n<\/ul>\n<p class=\"ng-star-inserted\"><strong class=\"ng-star-inserted\"><span class=\"ng-star-inserted\">Por que comprar na Shaliteink?<\/span><\/strong><\/p>\n<p>Ao comprar tinta para serigrafia conosco, voc\u00ea n\u00e3o est\u00e1 apenas adquirindo consum\u00edveis; voc\u00ea est\u00e1 levando consigo duas d\u00e9cadas de experi\u00eancia em fabrica\u00e7\u00e3o. Oferecemos as melhores solu\u00e7\u00f5es em tinta plastisol para ajudar sua empresa a crescer, reduzindo custos e melhorando a qualidade de impress\u00e3o.<\/p>\n<p><img decoding=\"async\" class=\"aligncenter wp-image-4227 size-full\" src=\"https:\/\/shaliteink.com\/wp-content\/uploads\/2025\/04\/Black-PVC-Free-NB-Screen-Printing-Ink-1.png\" alt=\"Tinta de serigrafia NB preta sem PVC\" width=\"750\" height=\"750\" srcset=\"https:\/\/shaliteink.com\/wp-content\/uploads\/2025\/04\/Black-PVC-Free-NB-Screen-Printing-Ink-1.png 750w, https:\/\/shaliteink.com\/wp-content\/uploads\/2025\/04\/Black-PVC-Free-NB-Screen-Printing-Ink-1-300x300.png 300w, https:\/\/shaliteink.com\/wp-content\/uploads\/2025\/04\/Black-PVC-Free-NB-Screen-Printing-Ink-1-150x150.png 150w, https:\/\/shaliteink.com\/wp-content\/uploads\/2025\/04\/Black-PVC-Free-NB-Screen-Printing-Ink-1-12x12.png 12w, https:\/\/shaliteink.com\/wp-content\/uploads\/2025\/04\/Black-PVC-Free-NB-Screen-Printing-Ink-1-600x600.png 600w\" sizes=\"(max-width: 750px) 100vw, 750px\" \/><\/p>","protected":false},"excerpt":{"rendered":"<p>A tinta plastisol NB (n\u00e3o bloqueadora) \u00e9 usada para solucionar problemas comuns de impress\u00e3o. Seja em prensas de anel manuais ou autom\u00e1ticas, essa tinta proporciona uma consist\u00eancia cremosa e de curta dura\u00e7\u00e3o, que corta rapidamente e facilita muito o trabalho. Ela oferece excelente cobertura em diversos tipos de tecido, proporciona pretos profundos e intensos e \u00e9 muito opaca.<br \/>\nAdivinhe s\u00f3? Ao contr\u00e1rio das tintas convencionais, que podem ficar pegajosas, nossa tecnologia de tinta Plastisol NB proporciona uma superf\u00edcie lisa e sem entupimentos ap\u00f3s a cura. Ela foi projetada para ser f\u00e1cil de usar tanto para iniciantes quanto para profissionais experientes e oferece o toque macio que os clientes adoram em suas roupas. Ao escolher a Shaliteink, voc\u00ea opta por uma tinta de serigrafia que combina a confiabilidade do plastisol tradicional com os modernos padr\u00f5es livres de PVC.<\/p>","protected":false},"featured_media":1558,"comment_status":"open","ping_status":"closed","template":"","meta":[],"product_brand":[],"product_cat":[43,50],"product_tag":[],"class_list":{"0":"post-1557","1":"product","2":"type-product","3":"status-publish","4":"has-post-thumbnail","6":"product_cat-pvc-free-nb-screen-printing-ink","7":"product_cat-black-screen-printing-ink-plastisol","9":"first","10":"instock","11":"shipping-taxable","12":"purchasable","13":"product-type-variable"},"tiered_pricing_type":"fixed","tiered_pricing_fixed_rules":[],"tiered_pricing_product_settings":{"layout":"default","base_unit_name":{"singular":null,"plural":null},"default_variation":null},"tiered_pricing_minimum_quantity":null,"tiered_pricing_roles_data":[],"tiered_pricing_percentage_rules":[],"tiered_pricing_maximum_quantity":null,"tiered_pricing_quantity_step":null,"_links":{"self":[{"href":"https:\/\/shaliteink.com\/pt\/wp-json\/wp\/v2\/product\/1557","targetHints":{"allow":["GET"]}}],"collection":[{"href":"https:\/\/shaliteink.com\/pt\/wp-json\/wp\/v2\/product"}],"about":[{"href":"https:\/\/shaliteink.com\/pt\/wp-json\/wp\/v2\/types\/product"}],"replies":[{"embeddable":true,"href":"https:\/\/shaliteink.com\/pt\/wp-json\/wp\/v2\/comments?post=1557"}],"version-history":[{"count":0,"href":"https:\/\/shaliteink.com\/pt\/wp-json\/wp\/v2\/product\/1557\/revisions"}],"wp:featuredmedia":[{"embeddable":true,"href":"https:\/\/shaliteink.com\/pt\/wp-json\/wp\/v2\/media\/1558"}],"wp:attachment":[{"href":"https:\/\/shaliteink.com\/pt\/wp-json\/wp\/v2\/media?parent=1557"}],"wp:term":[{"taxonomy":"product_brand","embeddable":true,"href":"https:\/\/shaliteink.com\/pt\/wp-json\/wp\/v2\/product_brand?post=1557"},{"taxonomy":"product_cat","embeddable":true,"href":"https:\/\/shaliteink.com\/pt\/wp-json\/wp\/v2\/product_cat?post=1557"},{"taxonomy":"product_tag","embeddable":true,"href":"https:\/\/shaliteink.com\/pt\/wp-json\/wp\/v2\/product_tag?post=1557"}],"curies":[{"name":"wp","href":"https:\/\/api.w.org\/{rel}","templated":true}]}}