{"id":1545,"date":"2025-04-19T07:30:19","date_gmt":"2025-04-19T07:30:19","guid":{"rendered":"https:\/\/shaliteink.com\/?post_type=product&#038;p=1545"},"modified":"2025-12-10T11:31:40","modified_gmt":"2025-12-10T11:31:40","slug":"tinta-plastisol-para-serigrafia-de-alta-densidade","status":"publish","type":"product","link":"https:\/\/shaliteink.com\/pt\/produto\/tinta-plastisol-para-serigrafia-de-alta-densidade\/","title":{"rendered":"Tinta de serigrafia de alta densidade Plastisol"},"content":{"rendered":"<h3 class=\"ng-star-inserted\"><span class=\"ng-star-inserted\">Por que escolher Shaliteink de alta densidade?\u00a0<\/span><strong class=\"ng-star-inserted\"><span class=\"ng-star-inserted\">Tinta Plastisol<\/span><\/strong><span class=\"ng-star-inserted\">?<\/span><\/h3>\n<p>Nosso <strong>tinta plastisol de alta densidade<\/strong> Mais do que apenas tinta, Shaliteink representa um compromisso com a qualidade, a efici\u00eancia e resultados impressionantes. Desenvolvida por especialistas para especialistas, esta tinta para serigrafia permite obter impress\u00f5es n\u00edtidas e vibrantes com durabilidade excepcional. Seja voc\u00ea um profissional experiente ou esteja buscando aprimorar seu equipamento, Shaliteink oferece o desempenho confi\u00e1vel que voc\u00ea precisa.<\/p>\n<p class=\"ng-star-inserted\"><strong class=\"ng-star-inserted\"><span class=\"ng-star-inserted\">Principais benef\u00edcios da tinta plastisol de alta densidade Shaliteink:<\/span><\/strong><\/p>\n<ul class=\"ng-star-inserted\">\n<li class=\"ng-star-inserted\">Temperatura de cura otimizada: Cura de forma eficiente a uma temperatura precisa de 160\u00b0C (320\u00b0F), protegendo a pe\u00e7a de roupa contra queimaduras e encolhimento, e \u00e9 adequada para uma ampla gama de tecidos.<\/li>\n<li class=\"ng-star-inserted\">Opacidade superior: Gra\u00e7as \u00e0 sua alta opacidade, permite obter cores vibrantes e intensas mesmo em tecidos escuros com poucas dem\u00e3os de tinta.<\/li>\n<li class=\"ng-star-inserted\">Toque macio: Apesar de sua formula\u00e7\u00e3o de alta densidade, nossa tinta mant\u00e9m um toque luxuosamente macio, garantindo produtos acabados confort\u00e1veis e com apar\u00eancia profissional.<\/li>\n<li class=\"ng-star-inserted\">Excelente versatilidade: Aplica\u00e7\u00e3o universal para uma ampla variedade de tecidos, incluindo algod\u00e3o, misturas de algod\u00e3o\/poli\u00e9ster e at\u00e9 mesmo misturas de poli\u00e9ster com base adequada.<\/li>\n<li class=\"ng-star-inserted\">Baixa transfer\u00eancia de corante: Reduz a migra\u00e7\u00e3o da tinta em misturas de poli\u00e9ster, mantendo a integridade da impress\u00e3o e a vivacidade das cores.<\/li>\n<li class=\"ng-star-inserted\">F\u00f3rmula sem ftalatos: Comprometidos com a seguran\u00e7a e a responsabilidade ambiental, nossa tinta \u00e9 livre de ftalatos.<\/li>\n<li class=\"ng-star-inserted\">Consist\u00eancia f\u00e1cil de usar: Uma textura cremosa e quebradi\u00e7a torna incrivelmente f\u00e1cil trabalhar com ela, tanto dentro quanto fora da prensa.<\/li>\n<li class=\"ng-star-inserted\">Acabamento semibrilhante: Proporciona um aspecto profissional e atraente \u00e0s suas impress\u00f5es.<\/li>\n<li class=\"ng-star-inserted\">Qualidade direto da f\u00e1brica: Aproveite nossos vinte anos de experi\u00eancia em fabrica\u00e7\u00e3o e pre\u00e7os direto da f\u00e1brica.<\/li>\n<\/ul>\n<h3><img decoding=\"async\" class=\"aligncenter wp-image-4072 size-large\" src=\"https:\/\/shaliteink.com\/wp-content\/uploads\/2025\/04\/High-Density-Screen-Printing-Ink-Plastisol-1024x672.jpg\" alt=\"Tinta de serigrafia de alta densidade Plastisol\" width=\"1024\" height=\"672\" srcset=\"https:\/\/shaliteink.com\/wp-content\/uploads\/2025\/04\/High-Density-Screen-Printing-Ink-Plastisol-1024x672.jpg 1024w, https:\/\/shaliteink.com\/wp-content\/uploads\/2025\/04\/High-Density-Screen-Printing-Ink-Plastisol-300x197.jpg 300w, https:\/\/shaliteink.com\/wp-content\/uploads\/2025\/04\/High-Density-Screen-Printing-Ink-Plastisol-768x504.jpg 768w, https:\/\/shaliteink.com\/wp-content\/uploads\/2025\/04\/High-Density-Screen-Printing-Ink-Plastisol-18x12.jpg 18w, https:\/\/shaliteink.com\/wp-content\/uploads\/2025\/04\/High-Density-Screen-Printing-Ink-Plastisol-1200x788.jpg 1200w, https:\/\/shaliteink.com\/wp-content\/uploads\/2025\/04\/High-Density-Screen-Printing-Ink-Plastisol-150x98.jpg 150w, https:\/\/shaliteink.com\/wp-content\/uploads\/2025\/04\/High-Density-Screen-Printing-Ink-Plastisol.jpg 1440w\" sizes=\"(max-width: 1024px) 100vw, 1024px\" \/><\/h3>\n<h3 class=\"ng-star-inserted\"><span class=\"ng-star-inserted\">Aumentando a efici\u00eancia da produ\u00e7\u00e3o com Shaliteink<\/span><\/h3>\n<p>Nossa tinta plastisol de alta densidade foi projetada para otimizar seu fluxo de trabalho. A temperatura de tratamento otimizada de 160 \u00b0C significa tempos de produ\u00e7\u00e3o mais r\u00e1pidos e menor consumo de energia. Diga adeus aos caros secadores de esteira de alta temperatura. Shaliteink <strong><a href=\"https:\/\/shaliteink.com\/pt\/categoria-produto\/tinta-plastisol\/\">tintas plastisol<\/a><\/strong> Ajuda voc\u00ea a obter a cura perfeita de forma consistente, economizando tempo e dinheiro e aumentando sua produtividade. O desempenho confi\u00e1vel desta tinta para serigrafia garante que cada impress\u00e3o atender\u00e1 aos seus altos padr\u00f5es.<\/p>\n<h3 class=\"ng-star-inserted\"><strong class=\"ng-star-inserted\"><span class=\"ng-star-inserted\">Tinta de serigrafia<\/span><\/strong><span class=\"ng-star-inserted\">\u00a0para cada projeto<\/span><\/h3>\n<p><strong><a href=\"https:\/\/shaliteink.com\/pt\/\">Shaliteink<\/a><\/strong> A tinta plastisol de alta densidade \u00e9 a escolha ideal para muitos projetos de serigrafia. Sua alta opacidade a torna excelente para base em tecidos escuros, proporcionando uma base s\u00f3lida para cores vibrantes. Para impress\u00f5es em uma \u00fanica cor, oferece brilho e cobertura excepcionais. Esta tinta plastisol foi desenvolvida para proporcionar resultados brilhantes e v\u00edvidos, mantendo um toque macio, uma caracter\u00edstica importante para vestu\u00e1rio de alta qualidade. Nosso compromisso em fornecer uma solu\u00e7\u00e3o de tinta para serigrafia vers\u00e1til e robusta faz da Shaliteink sua parceira preferida para todas as suas necessidades de impress\u00e3o.<\/p>\n<h3 class=\"ng-star-inserted\"><span class=\"ng-star-inserted\">Diretrizes de cura para Shaliteink de alta densidade\u00a0<\/span><strong class=\"ng-star-inserted\"><span class=\"ng-star-inserted\">Tinta Plastisol<\/span><\/strong><\/h3>\n<p>A obten\u00e7\u00e3o de uma cura precisa \u00e9 essencial para a durabilidade da impress\u00e3o. As tintas plastisol Shaliteink s\u00e3o formuladas para cura cont\u00ednua.<\/p>\n<ul>\n<li>Temperatura de cura: 160\u00b0C (320\u00b0F). Certifique-se de que toda a camada de tinta atinja essa temperatura para uma cura completa.<\/li>\n<li>Temperatura de cura instant\u00e2nea: 120\u00b0C a 140\u00b0C (248\u00b0F a 284\u00b0F) por 3 a 5 segundos. Proporciona uma gelifica\u00e7\u00e3o r\u00e1pida sem muita cura.<\/li>\n<\/ul>\n<p>Dica profissional sobre cura: As leituras de temperatura da superf\u00edcie feitas pela pistola de laser podem ser enganosas. Para leituras precisas, especialmente nos primeiros ciclos de cura, recomenda-se o uso de sondas em formato de rosca ou fitas de temperatura para confirmar se a camada interna de tinta atingiu a temperatura de cura completa. Fatores como a espessura da camada de tinta, o tipo de tecido (algod\u00e3o ou poli\u00e9ster) e o comprimento do t\u00fanel de secagem afetam o tempo de cura. Sempre realize um teste de lavagem e um teste de elasticidade para validar suas configura\u00e7\u00f5es de cura antes da produ\u00e7\u00e3o em massa. Uma estampa curada corretamente esticar\u00e1 sem rasgar e resistir\u00e1 a lavagens repetidas.<\/p>\n<h3 class=\"ng-star-inserted\"><span class=\"ng-star-inserted\">Limpeza f\u00e1cil<\/span><\/h3>\n<p>A tinta plastisol de alta densidade Shaliteink simplifica o seu processo de limpeza.<\/p>\n<ul>\n<li>Na impress\u00e3o: Utilize um produto de limpeza espec\u00edfico para plastisol ou um removedor de tinta.<\/li>\n<li>Limpeza da tela: Utilize um produto de limpeza para telas \u00e0 base de plastisol ou um removedor de tinta para limpar a tela completamente.<\/li>\n<\/ul>\n<h3><img decoding=\"async\" class=\"aligncenter wp-image-4073 size-large\" src=\"https:\/\/shaliteink.com\/wp-content\/uploads\/2025\/04\/High-Density-Screen-Printing-Ink-Plastisol-1-1024x917.jpg\" alt=\"Tinta de serigrafia de alta densidade Plastisol\" width=\"1024\" height=\"917\" srcset=\"https:\/\/shaliteink.com\/wp-content\/uploads\/2025\/04\/High-Density-Screen-Printing-Ink-Plastisol-1-1024x917.jpg 1024w, https:\/\/shaliteink.com\/wp-content\/uploads\/2025\/04\/High-Density-Screen-Printing-Ink-Plastisol-1-300x269.jpg 300w, https:\/\/shaliteink.com\/wp-content\/uploads\/2025\/04\/High-Density-Screen-Printing-Ink-Plastisol-1-768x688.jpg 768w, https:\/\/shaliteink.com\/wp-content\/uploads\/2025\/04\/High-Density-Screen-Printing-Ink-Plastisol-1-13x12.jpg 13w, https:\/\/shaliteink.com\/wp-content\/uploads\/2025\/04\/High-Density-Screen-Printing-Ink-Plastisol-1-150x134.jpg 150w, https:\/\/shaliteink.com\/wp-content\/uploads\/2025\/04\/High-Density-Screen-Printing-Ink-Plastisol-1.jpg 1200w\" sizes=\"(max-width: 1024px) 100vw, 1024px\" \/><\/h3>\n<h3 class=\"ng-star-inserted\"><span class=\"ng-star-inserted\">Informa\u00e7\u00f5es de armazenamento<\/span><\/h3>\n<p>Para manter a qualidade e a durabilidade da sua tinta plastisol Shaliteink, armazene-a em temperatura ambiente (18-32\u00b0C \/ 65-90\u00b0F), longe da luz solar direta. A exposi\u00e7\u00e3o prolongada a temperaturas acima de 32\u00b0C (90\u00b0F) pode fazer com que a tinta solidifique no recipiente.<\/p>\n<h3 class=\"ng-star-inserted\"><span class=\"ng-star-inserted\">Por que Shaliteink?<\/span><\/h3>\n<p>Com mais de vinte anos de experi\u00eancia no setor, a Shaliteink \u00e9 sua parceira de confian\u00e7a para tintas premium de serigrafia. Nosso modelo de venda direta da f\u00e1brica significa que voc\u00ea obt\u00e9m um valor excepcional sem comprometer a qualidade. Nos dedicamos a fornecer tintas plastisol que n\u00e3o apenas atendem, mas superam suas expectativas, ajudando voc\u00ea a obter impress\u00f5es excelentes e dur\u00e1veis sempre. Experimente a diferen\u00e7a Shaliteink hoje mesmo!<\/p>","protected":false},"excerpt":{"rendered":"<p>Na Shaliteink, com duas d\u00e9cadas de excel\u00eancia em fabrica\u00e7\u00e3o e presen\u00e7a global, entendemos as necessidades dos profissionais de serigrafia. Nossa abordagem de compra direta da f\u00e1brica e parcerias com marcas mundialmente renomadas garantem que voc\u00ea receba apenas tintas plastisol da mais alta qualidade. Apresentamos a tinta plastisol de alta densidade para serigrafia da Shaliteink, desenvolvida para resultados excepcionais e uma experi\u00eancia de impress\u00e3o perfeita.<\/p>","protected":false},"featured_media":1525,"comment_status":"open","ping_status":"closed","template":"","meta":[],"product_brand":[],"product_cat":[47],"product_tag":[],"class_list":{"0":"post-1545","1":"product","2":"type-product","3":"status-publish","4":"has-post-thumbnail","6":"product_cat-screenprinting-ink-special-effects-specialty-ink","8":"first","9":"instock","10":"shipping-taxable","11":"purchasable","12":"product-type-variable"},"tiered_pricing_type":"fixed","tiered_pricing_fixed_rules":[],"tiered_pricing_product_settings":{"layout":"default","base_unit_name":{"singular":null,"plural":null},"default_variation":null},"tiered_pricing_minimum_quantity":null,"tiered_pricing_roles_data":[],"tiered_pricing_percentage_rules":[],"tiered_pricing_maximum_quantity":null,"tiered_pricing_quantity_step":null,"_links":{"self":[{"href":"https:\/\/shaliteink.com\/pt\/wp-json\/wp\/v2\/product\/1545","targetHints":{"allow":["GET"]}}],"collection":[{"href":"https:\/\/shaliteink.com\/pt\/wp-json\/wp\/v2\/product"}],"about":[{"href":"https:\/\/shaliteink.com\/pt\/wp-json\/wp\/v2\/types\/product"}],"replies":[{"embeddable":true,"href":"https:\/\/shaliteink.com\/pt\/wp-json\/wp\/v2\/comments?post=1545"}],"version-history":[{"count":0,"href":"https:\/\/shaliteink.com\/pt\/wp-json\/wp\/v2\/product\/1545\/revisions"}],"wp:featuredmedia":[{"embeddable":true,"href":"https:\/\/shaliteink.com\/pt\/wp-json\/wp\/v2\/media\/1525"}],"wp:attachment":[{"href":"https:\/\/shaliteink.com\/pt\/wp-json\/wp\/v2\/media?parent=1545"}],"wp:term":[{"taxonomy":"product_brand","embeddable":true,"href":"https:\/\/shaliteink.com\/pt\/wp-json\/wp\/v2\/product_brand?post=1545"},{"taxonomy":"product_cat","embeddable":true,"href":"https:\/\/shaliteink.com\/pt\/wp-json\/wp\/v2\/product_cat?post=1545"},{"taxonomy":"product_tag","embeddable":true,"href":"https:\/\/shaliteink.com\/pt\/wp-json\/wp\/v2\/product_tag?post=1545"}],"curies":[{"name":"wp","href":"https:\/\/api.w.org\/{rel}","templated":true}]}}