{"id":1543,"date":"2025-04-19T07:26:57","date_gmt":"2025-04-19T07:26:57","guid":{"rendered":"https:\/\/shaliteink.com\/?post_type=product&#038;p=1543"},"modified":"2025-12-10T11:27:37","modified_gmt":"2025-12-10T11:27:37","slug":"tinta-plastisol-para-serigrafia-puff","status":"publish","type":"product","link":"https:\/\/shaliteink.com\/pt\/produto\/tinta-plastisol-para-serigrafia-puff\/","title":{"rendered":"Tinta para serigrafia puff plastisol"},"content":{"rendered":"<h3 class=\"ng-star-inserted\"><span class=\"ng-star-inserted\">Principais benef\u00edcios da tinta plastisol Shaliteink Puff:<\/span><\/h3>\n<ul class=\"ng-star-inserted\">\n<li class=\"ng-star-inserted\">Efeito relevo din\u00e2mico: Obtenha impress\u00f5es em alto-relevo impressionantes que adicionam textura e profundidade ao seu design.<\/li>\n<li class=\"ng-star-inserted\">Temperatura ideal de cura: Cura eficientemente a uma temperatura baixa de 160\u00b0C, reduzindo os custos de energia e o risco de queimaduras nas pe\u00e7as de vestu\u00e1rio.<\/li>\n<li class=\"ng-star-inserted\">Excelente opacidade: Proporciona cores vibrantes e intensas que se destacam tanto em tecidos claros quanto escuros, muitas vezes eliminando a necessidade de uma base por baixo.<\/li>\n<li class=\"ng-star-inserted\">Estabilidade e facilidade de uso: Projetada para impress\u00e3o suave e f\u00e1cil diretamente do recipiente, tornando-a ideal para diversas configura\u00e7\u00f5es de impress\u00e3o.<\/li>\n<li class=\"ng-star-inserted\">Sensa\u00e7\u00e3o macia ao toque (ap\u00f3s a aplica\u00e7\u00e3o): A tinta mant\u00e9m uma sensa\u00e7\u00e3o agrad\u00e1vel ao toque ap\u00f3s a cura, criando um efeito unidimensional.<\/li>\n<li class=\"ng-star-inserted\">F\u00f3rmula sem ftalatos: Uma escolha segura tanto para a impressora quanto para o meio ambiente.<\/li>\n<li class=\"ng-star-inserted\">Compatibilidade vers\u00e1til com tecidos: Apresenta desempenho excepcional em uma ampla gama de materiais, incluindo algod\u00e3o, misturas de algod\u00e3o\/poli\u00e9ster e at\u00e9 mesmo alguns tecidos de poli\u00e9ster (com t\u00e9cnicas de impress\u00e3o adequadas).<\/li>\n<li class=\"ng-star-inserted\">Baixa transfer\u00eancia de corante: Projetado para minimizar a migra\u00e7\u00e3o de corantes, o que \u00e9 especialmente importante ao trabalhar com misturas de poli\u00e9ster.<\/li>\n<\/ul>\n<h3><img decoding=\"async\" class=\"aligncenter wp-image-4069 size-full\" src=\"https:\/\/shaliteink.com\/wp-content\/uploads\/2025\/04\/Puff-Screen-Printing-Ink-Plastisol.jpg\" alt=\"Tinta para serigrafia puff plastisol\" width=\"736\" height=\"654\" srcset=\"https:\/\/shaliteink.com\/wp-content\/uploads\/2025\/04\/Puff-Screen-Printing-Ink-Plastisol.jpg 736w, https:\/\/shaliteink.com\/wp-content\/uploads\/2025\/04\/Puff-Screen-Printing-Ink-Plastisol-300x267.jpg 300w, https:\/\/shaliteink.com\/wp-content\/uploads\/2025\/04\/Puff-Screen-Printing-Ink-Plastisol-14x12.jpg 14w, https:\/\/shaliteink.com\/wp-content\/uploads\/2025\/04\/Puff-Screen-Printing-Ink-Plastisol-150x133.jpg 150w\" sizes=\"(max-width: 736px) 100vw, 736px\" \/><\/h3>\n<h3 class=\"ng-star-inserted\"><span class=\"ng-star-inserted\">Por que escolher a tinta plastisol Shaliteink Puff?<\/span><\/h3>\n<p>Nosso <a href=\"https:\/\/shaliteink.com\/pt\/categoria-produto\/tinta-de-serigrafia-tinta-especial-para-efeitos-especiais\/\"><strong>tinta plastisol puff<\/strong><\/a> \u00e9 mais do que apenas uma tinta; \u00e9 uma ferramenta para transformar seus desenhos comuns em cria\u00e7\u00f5es extraordin\u00e1rias. A propriedade de expans\u00e3o \u00fanica deste produto <strong><a href=\"https:\/\/shaliteink.com\/pt\/screen-printing-ink\/\">tinta de serigrafia<\/a><\/strong> Durante o processo de cura, cria-se uma superf\u00edcie elevada distinta que confere um toque premium e sofisticado a qualquer pe\u00e7a de roupa. Isso a torna perfeita para vestu\u00e1rio de moda, roupas esportivas e qualquer design em que voc\u00ea queira causar impacto.<br \/>\nDesenvolvido a pensar nos serigrafistas, <a href=\"https:\/\/shaliteink.com\/pt\/\"><strong>Tinta plastisol Shaliteink Puff<\/strong><\/a> Oferece uma textura cremosa e fluida, um prazer de trabalhar. Sua alta opacidade garante excelente cobertura mesmo em tecidos escuros, simplificando o processo de impress\u00e3o e economizando tempo e materiais. A baixa temperatura de cura de 160 \u00b0C \u00e9 uma vantagem significativa, ajudando a prevenir problemas comuns como encolhimento ou queimaduras nas pe\u00e7as, que ocorrem com tintas de alta temperatura. Tamb\u00e9m contribui para a economia de energia, tornando sua produ\u00e7\u00e3o mais econ\u00f4mica e ecologicamente correta.<br \/>\nNa Shaliteink, orgulhamo-nos de fornecer n\u00e3o apenas produtos, mas solu\u00e7\u00f5es. Nossos vinte anos de experi\u00eancia em fabrica\u00e7\u00e3o significam que voc\u00ea est\u00e1 adquirindo tintas plastisol cuidadosamente formuladas que atendem aos mais altos padr\u00f5es da ind\u00fastria. Seja para uma textura sutil ou um efeito em relevo impactante, nossa tinta plastisol Puff permite que voc\u00ea alcance resultados de n\u00edvel profissional sempre.<\/p>\n<h3 class=\"ng-star-inserted\"><span class=\"ng-star-inserted\">Instru\u00e7\u00f5es de cura para tinta plastisol Shaliteink Puff:<\/span><\/h3>\n<p>Obter uma cura precisa \u00e9 importante para a durabilidade e a apar\u00eancia da sua impress\u00e3o.<\/p>\n<ul>\n<li>Temperatura de cura: Certifique-se de que toda a camada de tinta atinja e mantenha 160\u00b0C (320\u00b0F) durante o tempo recomendado.<\/li>\n<li>Temperatura de secagem r\u00e1pida: Utilize uma temperatura de 120\u00b0C a 140\u00b0C (248\u00b0F a 284\u00b0F) durante 3 a 5 segundos para obter superf\u00edcies sem ader\u00eancia, ideais para impress\u00f5es multicoloridas ou camadas adicionais.<\/li>\n<li>Nota importante sobre poli\u00e9ster: Embora nossas tintas sejam projetadas para versatilidade, ao imprimir em tecidos de poli\u00e9ster ou misturas de poli\u00e9ster, preste muita aten\u00e7\u00e3o \u00e0 temperatura de cura. A cura pr\u00f3xima a 160 \u00b0C pode ajudar a evitar a migra\u00e7\u00e3o da tinta (sangramento) que ocorre frequentemente quando os corantes de poli\u00e9ster atingem seu estado gasoso em temperaturas mais altas (normalmente entre 132 \u00b0C e 149 \u00b0C). Sempre fa\u00e7a testes antes da produ\u00e7\u00e3o.<\/li>\n<li class=\"ng-star-inserted\"><strong class=\"ng-star-inserted\"><span class=\"ng-star-inserted\">Testando para a cura:<\/span><\/strong><\/li>\n<\/ul>\n<ul class=\"ng-star-inserted\">\n<li class=\"ng-star-inserted\">Teste de elasticidade: Ap\u00f3s o resfriamento, estique a estampa at\u00e9 aproximadamente dois ter\u00e7os da elasticidade normal da pe\u00e7a. Se a tinta estourar e n\u00e3o retrair, pode ser que n\u00e3o esteja cicatrizando corretamente.<\/li>\n<li class=\"ng-star-inserted\">Teste de lavagem: Para um teste definitivo, lave a pe\u00e7a de 5 a 10 vezes. Estampas mal acabadas apresentar\u00e3o deteriora\u00e7\u00e3o significativa ap\u00f3s apenas 1 a 3 lavagens.<\/li>\n<\/ul>\n<h3 class=\"ng-star-inserted\"><span class=\"ng-star-inserted\">Testes gerais e melhores pr\u00e1ticas:<\/span><\/h3>\n<p>Antes de iniciar a produ\u00e7\u00e3o em massa, sempre realize um teste completo de estiramento e lavagem para confirmar a cura adequada e a qualidade da impress\u00e3o. Se o teste falhar, aumente o tempo de cura ou ajuste as configura\u00e7\u00f5es da secadora. Para melhores resultados, <strong>Tinta plastisol Shaliteink Puff<\/strong> Apresenta excelente desempenho em tecidos de algod\u00e3o 100%, embora tamb\u00e9m funcione bem em misturas com a t\u00e9cnica adequada.<\/p>\n<h3 class=\"ng-star-inserted\"><span class=\"ng-star-inserted\">Limpar:<\/span><\/h3>\n<p>A tinta plastisol Shaliteink Puff \u00e9 f\u00e1cil de limpar ap\u00f3s a impress\u00e3o.<\/p>\n<ul>\n<li>Na impress\u00e3o: Utilize um produto de limpeza espec\u00edfico para plastisol ou um removedor de tinta para limpar rapidamente as telas e os rodos.<\/li>\n<li>Na pia: Use um produto de limpeza para telas \u00e0 base de plastisol ou um removedor de tinta para uma limpeza profunda da tela.<\/li>\n<\/ul>\n<h3><img decoding=\"async\" class=\"aligncenter wp-image-4070 size-large\" src=\"https:\/\/shaliteink.com\/wp-content\/uploads\/2025\/04\/Puff-Screen-Printing-Ink-Plastisol-1-733x1024.jpg\" alt=\"Tinta para serigrafia puff plastisol\" width=\"733\" height=\"1024\" srcset=\"https:\/\/shaliteink.com\/wp-content\/uploads\/2025\/04\/Puff-Screen-Printing-Ink-Plastisol-1-733x1024.jpg 733w, https:\/\/shaliteink.com\/wp-content\/uploads\/2025\/04\/Puff-Screen-Printing-Ink-Plastisol-1-215x300.jpg 215w, https:\/\/shaliteink.com\/wp-content\/uploads\/2025\/04\/Puff-Screen-Printing-Ink-Plastisol-1-768x1072.jpg 768w, https:\/\/shaliteink.com\/wp-content\/uploads\/2025\/04\/Puff-Screen-Printing-Ink-Plastisol-1-1100x1536.jpg 1100w, https:\/\/shaliteink.com\/wp-content\/uploads\/2025\/04\/Puff-Screen-Printing-Ink-Plastisol-1-9x12.jpg 9w, https:\/\/shaliteink.com\/wp-content\/uploads\/2025\/04\/Puff-Screen-Printing-Ink-Plastisol-1-1200x1676.jpg 1200w, https:\/\/shaliteink.com\/wp-content\/uploads\/2025\/04\/Puff-Screen-Printing-Ink-Plastisol-1-150x209.jpg 150w, https:\/\/shaliteink.com\/wp-content\/uploads\/2025\/04\/Puff-Screen-Printing-Ink-Plastisol-1.jpg 1279w\" sizes=\"(max-width: 733px) 100vw, 733px\" \/><\/h3>\n<h3 class=\"ng-star-inserted\"><span class=\"ng-star-inserted\">Dicas profissionais da Shaliteink:<\/span><\/h3>\n<ul>\n<li>A tinta plastisol forma uma liga\u00e7\u00e3o mec\u00e2nica envolvendo as fibras do tecido em vez de colori-las.<\/li>\n<li>Armazene a tinta plastisol Puff em temperatura ambiente, idealmente entre 18 e 32 \u00b0C (65 e 90 \u00b0F). Evite a exposi\u00e7\u00e3o prolongada a temperaturas acima de 32 \u00b0C (90 \u00b0F), pois isso pode fazer com que a tinta no recipiente solidifique.<\/li>\n<li>Ao imprimir em tecidos muito escuros com tintas puff de cores claras, considere usar uma cor branca como base para obter efeitos puff ainda mais brilhantes e uniformes.<\/li>\n<\/ul>\n<p>A Shaliteink \u00e9 sua parceira confi\u00e1vel para suprimentos de serigrafia de alta qualidade. Explore nossa linha de solu\u00e7\u00f5es de tinta plastisol e experimente a diferen\u00e7a que vinte anos de experi\u00eancia fazem.<\/p>","protected":false},"excerpt":{"rendered":"<p><strong>Tinta Shalitink Puff para Serigrafia<\/strong> Descubra o poder da tridimensionalidade com o Plastisol. Como l\u00edder global em tintas para serigrafia h\u00e1 duas d\u00e9cadas, a Shalitink oferece uma solu\u00e7\u00e3o premium, diretamente da f\u00e1brica, projetada para ajud\u00e1-lo a obter efeitos tridimensionais impressionantes em seus tecidos. Entendemos as necessidades tanto de serigrafistas experientes quanto de iniciantes, e nossa tinta plastisol puff \u00e9 formulada para resultados excepcionais, efici\u00eancia e facilidade de uso.<br \/>\nA Shalitink construiu uma reputa\u00e7\u00e3o de qualidade e confiabilidade trabalhando em estreita colabora\u00e7\u00e3o com muitas marcas mundialmente renomadas. <strong>Tinta Puff Plastisol<\/strong> Incorpora esse compromisso, oferecendo desempenho consistente e estampas vibrantes e duradouras. Essa tinta plastisol inovadora permite criar designs atraentes que realmente se destacam, adicionando um apelo t\u00e1til e visual \u00fanico a camisetas, moletons e diversas outras pe\u00e7as de vestu\u00e1rio.<\/p>","protected":false},"featured_media":1527,"comment_status":"open","ping_status":"closed","template":"","meta":[],"product_brand":[],"product_cat":[47],"product_tag":[],"class_list":{"0":"post-1543","1":"product","2":"type-product","3":"status-publish","4":"has-post-thumbnail","6":"product_cat-screenprinting-ink-special-effects-specialty-ink","8":"first","9":"instock","10":"shipping-taxable","11":"purchasable","12":"product-type-variable"},"tiered_pricing_type":"fixed","tiered_pricing_fixed_rules":[],"tiered_pricing_product_settings":{"layout":"default","base_unit_name":{"singular":null,"plural":null},"default_variation":null},"tiered_pricing_minimum_quantity":null,"tiered_pricing_roles_data":[],"tiered_pricing_percentage_rules":[],"tiered_pricing_maximum_quantity":null,"tiered_pricing_quantity_step":null,"_links":{"self":[{"href":"https:\/\/shaliteink.com\/pt\/wp-json\/wp\/v2\/product\/1543","targetHints":{"allow":["GET"]}}],"collection":[{"href":"https:\/\/shaliteink.com\/pt\/wp-json\/wp\/v2\/product"}],"about":[{"href":"https:\/\/shaliteink.com\/pt\/wp-json\/wp\/v2\/types\/product"}],"replies":[{"embeddable":true,"href":"https:\/\/shaliteink.com\/pt\/wp-json\/wp\/v2\/comments?post=1543"}],"version-history":[{"count":0,"href":"https:\/\/shaliteink.com\/pt\/wp-json\/wp\/v2\/product\/1543\/revisions"}],"wp:featuredmedia":[{"embeddable":true,"href":"https:\/\/shaliteink.com\/pt\/wp-json\/wp\/v2\/media\/1527"}],"wp:attachment":[{"href":"https:\/\/shaliteink.com\/pt\/wp-json\/wp\/v2\/media?parent=1543"}],"wp:term":[{"taxonomy":"product_brand","embeddable":true,"href":"https:\/\/shaliteink.com\/pt\/wp-json\/wp\/v2\/product_brand?post=1543"},{"taxonomy":"product_cat","embeddable":true,"href":"https:\/\/shaliteink.com\/pt\/wp-json\/wp\/v2\/product_cat?post=1543"},{"taxonomy":"product_tag","embeddable":true,"href":"https:\/\/shaliteink.com\/pt\/wp-json\/wp\/v2\/product_tag?post=1543"}],"curies":[{"name":"wp","href":"https:\/\/api.w.org\/{rel}","templated":true}]}}