{"id":1541,"date":"2025-04-19T07:24:29","date_gmt":"2025-04-19T07:24:29","guid":{"rendered":"https:\/\/shaliteink.com\/?post_type=product&#038;p=1541"},"modified":"2025-12-10T11:31:10","modified_gmt":"2025-12-10T11:31:10","slug":"tinta-plastisol-elastica-para-serigrafia","status":"publish","type":"product","link":"https:\/\/shaliteink.com\/pt\/produto\/tinta-plastisol-elastica-para-serigrafia\/","title":{"rendered":"Tinta de Serigrafia El\u00e1stica Plastisol"},"content":{"rendered":"<h3 class=\"ng-star-inserted\"><span class=\"ng-star-inserted\">Principais benef\u00edcios da tinta plastisol el\u00e1stica Shaliteink:<\/span><\/h3>\n<ul class=\"ng-star-inserted\">\n<li class=\"ng-star-inserted\">Temperatura ideal de cura: Cura eficientemente a temperaturas t\u00e3o baixas quanto 160\u00b0C (320\u00b0F), reduzindo os custos de energia e minimizando o risco de queimaduras nos tecidos, especialmente em tecidos sens\u00edveis ao calor.<\/li>\n<li class=\"ng-star-inserted\">Estampas Macias ao Toque: Obtenha estampas incrivelmente macias e flex\u00edveis, confort\u00e1veis de usar e que real\u00e7am a sensa\u00e7\u00e3o natural da pe\u00e7a.<\/li>\n<li class=\"ng-star-inserted\">Alta opacidade e cores vibrantes: Nossos <strong><a href=\"https:\/\/shaliteink.com\/pt\/categoria-produto\/tinta-plastisol\/\">tintas plastisol<\/a><\/strong> Proporciona cobertura intensa e opaca, garantindo que suas cores se destaquem mesmo em tecidos escuros.<\/li>\n<li class=\"ng-star-inserted\">Flexibilidade para Durabilidade: Fabricado com flexibilidade para resistir a rasgos e descascamento, proporcionando estampas duradouras que suportam m\u00faltiplas lavagens.<\/li>\n<li class=\"ng-star-inserted\">Compatibilidade universal com tecidos: Excelente ades\u00e3o a uma ampla variedade de tecidos, incluindo algod\u00e3o, misturas de algod\u00e3o\/poli\u00e9ster e poli\u00e9ster.<\/li>\n<li class=\"ng-star-inserted\">F\u00f3rmula de baixa transfer\u00eancia de cor: Especialmente desenvolvida para reduzir a migra\u00e7\u00e3o de corantes em tecidos de poli\u00e9ster e misturas de poli\u00e9ster, mantendo a integridade da estampa.<\/li>\n<li class=\"ng-star-inserted\">F\u00e1cil de usar: Apresenta uma textura cremosa e fina para uma impress\u00e3o suave, reduzindo a fadiga e melhorando a efici\u00eancia da produ\u00e7\u00e3o.<\/li>\n<li class=\"ng-star-inserted\">Sem ftalatos: ecologicamente correto e seguro tanto para impressoras quanto para usu\u00e1rios.<\/li>\n<li class=\"ng-star-inserted\">Acabamento semibrilhante: Proporciona um acabamento profissional e atraente aos seus designs impressos.<\/li>\n<\/ul>\n<h3><img decoding=\"async\" class=\"aligncenter wp-image-4067 size-full\" src=\"https:\/\/shaliteink.com\/wp-content\/uploads\/2025\/04\/Elastic-Screen-Printing-Ink-Plastisol.jpg\" alt=\"Tinta de Serigrafia El\u00e1stica Plastisol\" width=\"1279\" height=\"1554\" srcset=\"https:\/\/shaliteink.com\/wp-content\/uploads\/2025\/04\/Elastic-Screen-Printing-Ink-Plastisol.jpg 1279w, https:\/\/shaliteink.com\/wp-content\/uploads\/2025\/04\/Elastic-Screen-Printing-Ink-Plastisol-247x300.jpg 247w, https:\/\/shaliteink.com\/wp-content\/uploads\/2025\/04\/Elastic-Screen-Printing-Ink-Plastisol-843x1024.jpg 843w, https:\/\/shaliteink.com\/wp-content\/uploads\/2025\/04\/Elastic-Screen-Printing-Ink-Plastisol-768x933.jpg 768w, https:\/\/shaliteink.com\/wp-content\/uploads\/2025\/04\/Elastic-Screen-Printing-Ink-Plastisol-1264x1536.jpg 1264w, https:\/\/shaliteink.com\/wp-content\/uploads\/2025\/04\/Elastic-Screen-Printing-Ink-Plastisol-10x12.jpg 10w, https:\/\/shaliteink.com\/wp-content\/uploads\/2025\/04\/Elastic-Screen-Printing-Ink-Plastisol-1200x1458.jpg 1200w, https:\/\/shaliteink.com\/wp-content\/uploads\/2025\/04\/Elastic-Screen-Printing-Ink-Plastisol-150x182.jpg 150w\" sizes=\"(max-width: 1279px) 100vw, 1279px\" \/><\/h3>\n<h3 class=\"ng-star-inserted\"><span class=\"ng-star-inserted\">Por que escolher a Shaliteink para suas necessidades de serigrafia?<\/span><\/h3>\n<p>Na Shaliteink, nossos vinte anos de experi\u00eancia em fabrica\u00e7\u00e3o significam que entendemos as complexidades de <strong><a href=\"https:\/\/shaliteink.com\/pt\/screen-printing-ink\/\">tinta de serigrafia<\/a><\/strong> Produ\u00e7\u00e3o. Nosso foco \u00e9 a venda direta da f\u00e1brica para oferecer produtos premium a pre\u00e7os competitivos. Nossa s\u00f3lida colabora\u00e7\u00e3o com marcas globais atesta a qualidade e a confiabilidade de nossas tintas plastisol. Ao escolher a Shaliteink, voc\u00ea escolhe um parceiro dedicado ao seu sucesso na impress\u00e3o, que fornece n\u00e3o apenas tinta, mas tamb\u00e9m a base para a criatividade e a excel\u00eancia.<br \/>\nNossa tinta plastisol para serigrafia \u00e9 ideal para criar pe\u00e7as de vestu\u00e1rio luxuosas e de qualidade profissional. Sua f\u00f3rmula superior garante resultados consistentes, tornando seu processo de produ\u00e7\u00e3o mais \u00e1gil e eficiente. Para tecidos escuros, recomendamos a aplica\u00e7\u00e3o de uma base para obter cores mais vibrantes e precisas.<\/p>\n<h3 class=\"ng-star-inserted\"><span class=\"ng-star-inserted\">Diretrizes de cura para resultados ideais:<\/span><\/h3>\n<p>Para garantir a durabilidade e a vivacidade da sua impress\u00e3o, a cura adequada \u00e9 essencial. Shaliteink <strong><a href=\"https:\/\/shaliteink.com\/pt\/produto\/tinta-plastisol-elastica-para-serigrafia\/\">tintas plastisol el\u00e1sticas<\/a><\/strong> S\u00e3o projetados para uma cura eficiente.<\/p>\n<ul>\n<li>Temperatura de cura: Cure a 160\u00b0C (320\u00b0F) durante 60 a 90 segundos, garantindo que toda a camada de tinta atinja a temperatura desejada.<\/li>\n<li>Temperatura do flash: Utilize uma temperatura entre 120\u00b0C e 140\u00b0C (248\u00b0F e 284\u00b0F) por 3 a 5 segundos. O tempo de exposi\u00e7\u00e3o ao flash pode variar dependendo do seu equipamento espec\u00edfico e da configura\u00e7\u00e3o de produ\u00e7\u00e3o.<\/li>\n<\/ul>\n<p>Dica profissional para cura: A cura completa ocorre quando toda a camada de tinta atinge 160 \u00b0C. As leituras de temperatura da superf\u00edcie feitas com term\u00f4metros a laser podem ser enganosas. Para melhores resultados, considere usar sondas circulares ou fitas termom\u00e9tricas para medir com precis\u00e3o a temperatura interna da tinta. Realize um teste de elasticidade e um teste de lavagem (ap\u00f3s 24 horas) na pe\u00e7a de amostra antes da produ\u00e7\u00e3o em larga escala para confirmar a cura adequada. Uma estampa bem curada n\u00e3o rasgar\u00e1 nem deformar\u00e1 ap\u00f3s a lavagem e o estiramento.<\/p>\n<h3 class=\"ng-star-inserted\"><span class=\"ng-star-inserted\">Limpeza e armazenamento f\u00e1ceis:<\/span><\/h3>\n<p>A manuten\u00e7\u00e3o adequada do seu equipamento \u00e9 importante para garantir uma qualidade de impress\u00e3o consistente. As tintas de serigrafia Shaliteink s\u00e3o projetadas para uma limpeza simples.<\/p>\n<ul>\n<li>Para a limpeza da impressora: Utilize um produto de limpeza espec\u00edfico para plastisol ou um removedor de tinta para uma remo\u00e7\u00e3o r\u00e1pida e eficiente da tinta das telas.<\/li>\n<li>Limpeza de telas: Para uma limpeza completa na pia, use um produto de limpeza espec\u00edfico para plastisol para remover todos os res\u00edduos de tinta.<\/li>\n<\/ul>\n<p>Informa\u00e7\u00f5es de armazenamento: Armazene a tinta plastisol Shaliteink em local fresco e escuro, idealmente entre 18-32\u00b0C (65-90\u00b0F), longe da luz solar direta. A exposi\u00e7\u00e3o prolongada a temperaturas acima de 32\u00b0C (90\u00b0F) pode fazer com que a tinta solidifique no recipiente.<\/p>\n<h3 class=\"ng-star-inserted\"><span class=\"ng-star-inserted\">Precisa de mais informa\u00e7\u00f5es?<\/span><\/h3>\n<p>Explore nossos recursos para obter mais dicas e truques sobre como dominar as t\u00e9cnicas de serigrafia. De m\u00e9todos avan\u00e7ados de tratamento \u00e0 mistura de cores, a Shaliteink est\u00e1 aqui para apoiar sua jornada.<br \/>\n[Link para a Ficha de Dados de Seguran\u00e7a (FDS) \u2013 por favor, forne\u00e7a aqui o link para a sua FDS]<br \/>\n[Link para guia de cores\/c\u00f3digo hexadecimal \u2013 forne\u00e7a aqui o link para o seu guia de cores]<\/p>","protected":false},"excerpt":{"rendered":"<p>Bem-vindo \u00e0 Shaliteink, l\u00edder global no varejo de tintas para serigrafia, com duas d\u00e9cadas de excel\u00eancia em fabrica\u00e7\u00e3o. Firmamos parcerias com marcas mundialmente renomadas e agora trazemos nossa expertise diretamente para voc\u00ea com nossas tintas plastisol premium para serigrafia, com elasticidade excepcional. Desenvolvidas tanto para profissionais quanto para iniciantes na \u00e1rea, as tintas plastisol Shaliteink oferecem qualidade incompar\u00e1vel, resultados vibrantes e uma experi\u00eancia intuitiva que aprimorar\u00e1 seus projetos de impress\u00e3o.<br \/>\nNossa tinta plastisol el\u00e1stica foi formulada para proporcionar uma experi\u00eancia de impress\u00e3o superior, garantindo que seus designs se destaquem com excepcional nitidez e durabilidade. Seja em tecidos delicados ou resistentes, esta tinta foi projetada para versatilidade e desempenho consistente. Diga adeus \u00e0s frustra\u00e7\u00f5es comuns de impress\u00e3o e abrace a confiabilidade da Shaliteink.<\/p>","protected":false},"featured_media":1533,"comment_status":"open","ping_status":"closed","template":"","meta":[],"product_brand":[],"product_cat":[47],"product_tag":[],"class_list":{"0":"post-1541","1":"product","2":"type-product","3":"status-publish","4":"has-post-thumbnail","6":"product_cat-screenprinting-ink-special-effects-specialty-ink","8":"first","9":"instock","10":"shipping-taxable","11":"purchasable","12":"product-type-variable"},"tiered_pricing_type":"fixed","tiered_pricing_fixed_rules":[],"tiered_pricing_product_settings":{"layout":"default","base_unit_name":{"singular":null,"plural":null},"default_variation":null},"tiered_pricing_minimum_quantity":null,"tiered_pricing_roles_data":[],"tiered_pricing_percentage_rules":[],"tiered_pricing_maximum_quantity":null,"tiered_pricing_quantity_step":null,"_links":{"self":[{"href":"https:\/\/shaliteink.com\/pt\/wp-json\/wp\/v2\/product\/1541","targetHints":{"allow":["GET"]}}],"collection":[{"href":"https:\/\/shaliteink.com\/pt\/wp-json\/wp\/v2\/product"}],"about":[{"href":"https:\/\/shaliteink.com\/pt\/wp-json\/wp\/v2\/types\/product"}],"replies":[{"embeddable":true,"href":"https:\/\/shaliteink.com\/pt\/wp-json\/wp\/v2\/comments?post=1541"}],"version-history":[{"count":0,"href":"https:\/\/shaliteink.com\/pt\/wp-json\/wp\/v2\/product\/1541\/revisions"}],"wp:featuredmedia":[{"embeddable":true,"href":"https:\/\/shaliteink.com\/pt\/wp-json\/wp\/v2\/media\/1533"}],"wp:attachment":[{"href":"https:\/\/shaliteink.com\/pt\/wp-json\/wp\/v2\/media?parent=1541"}],"wp:term":[{"taxonomy":"product_brand","embeddable":true,"href":"https:\/\/shaliteink.com\/pt\/wp-json\/wp\/v2\/product_brand?post=1541"},{"taxonomy":"product_cat","embeddable":true,"href":"https:\/\/shaliteink.com\/pt\/wp-json\/wp\/v2\/product_cat?post=1541"},{"taxonomy":"product_tag","embeddable":true,"href":"https:\/\/shaliteink.com\/pt\/wp-json\/wp\/v2\/product_tag?post=1541"}],"curies":[{"name":"wp","href":"https:\/\/api.w.org\/{rel}","templated":true}]}}