{"id":1537,"date":"2025-04-19T07:19:35","date_gmt":"2025-04-19T07:19:35","guid":{"rendered":"https:\/\/shaliteink.com\/?post_type=product&#038;p=1537"},"modified":"2025-12-10T11:31:49","modified_gmt":"2025-12-10T11:31:49","slug":"tinta-prateada-para-serigrafia-plastisol","status":"publish","type":"product","link":"https:\/\/shaliteink.com\/pt\/produto\/tinta-prateada-para-serigrafia-plastisol\/","title":{"rendered":"Tinta para serigrafia em prata Plastisol"},"content":{"rendered":"<p class=\"ng-star-inserted\"><strong class=\"ng-star-inserted\"><span class=\"ng-star-inserted\">T\u00edtulo: Tinta plastisol prateada para serigrafia Shaliteink \u2013 Alta opacidade, toque macio<\/span><\/strong><\/p>\n<p>Projetado para efici\u00eancia e custo-benef\u00edcio, o Shaliteink Silver <strong><a href=\"https:\/\/shaliteink.com\/pt\/produto\/tinta-prateada-para-serigrafia-plastisol\/\">Tinta Plastisol para Serigrafia<\/a><\/strong> A cura \u00e9 r\u00e1pida e confi\u00e1vel a 160 \u00b0C (320 \u00b0F). Essa baixa temperatura de cura ajuda a evitar que a pe\u00e7a queime ou encolha, o que \u00e9 especialmente ben\u00e9fico ao trabalhar com materiais sens\u00edveis ao calor. Desfrute de tempos de produ\u00e7\u00e3o mais curtos e custos de energia reduzidos sem comprometer a qualidade da impress\u00e3o ou a resist\u00eancia \u00e0 lavagem. Seja com algod\u00e3o 100%, misturas de poli\u00e9ster ou outros tecidos, a Shaliteink oferece resultados consistentes e de n\u00edvel profissional.<\/p>\n<p>Nosso compromisso com a qualidade se estende \u00e0 responsabilidade ambiental. <strong><a href=\"https:\/\/shaliteink.com\/pt\/\">Shaliteink<\/a><\/strong> A tinta plastisol prateada \u00e9 livre de ftalatos, garantindo um ambiente de impress\u00e3o seguro para voc\u00ea e sua equipe. Entendemos as exig\u00eancias da serigrafia moderna, por isso nossas tintas s\u00e3o altamente opacas, proporcionando excelente cobertura mesmo em tecidos escuros. Para obter cores vibrantes em substratos escuros, recomenda-se uma base branca, mas voc\u00ea ver\u00e1 que nossa tinta prateada tem um desempenho excepcional. Escolha Shaliteink para tintas de serigrafia confi\u00e1veis e de alto desempenho que transformam suas ideias criativas em produtos tang\u00edveis e de alta qualidade.<\/p>\n<p><img decoding=\"async\" class=\"aligncenter wp-image-4063 size-large\" src=\"https:\/\/shaliteink.com\/wp-content\/uploads\/2025\/04\/Silver-Screen-Printing-Ink-Plastisol-1024x1022.jpg\" alt=\"Tinta para serigrafia em prata Plastisol\" width=\"1024\" height=\"1022\" srcset=\"https:\/\/shaliteink.com\/wp-content\/uploads\/2025\/04\/Silver-Screen-Printing-Ink-Plastisol-1024x1022.jpg 1024w, https:\/\/shaliteink.com\/wp-content\/uploads\/2025\/04\/Silver-Screen-Printing-Ink-Plastisol-300x300.jpg 300w, https:\/\/shaliteink.com\/wp-content\/uploads\/2025\/04\/Silver-Screen-Printing-Ink-Plastisol-150x150.jpg 150w, https:\/\/shaliteink.com\/wp-content\/uploads\/2025\/04\/Silver-Screen-Printing-Ink-Plastisol-768x766.jpg 768w, https:\/\/shaliteink.com\/wp-content\/uploads\/2025\/04\/Silver-Screen-Printing-Ink-Plastisol-12x12.jpg 12w, https:\/\/shaliteink.com\/wp-content\/uploads\/2025\/04\/Silver-Screen-Printing-Ink-Plastisol-600x600.jpg 600w, https:\/\/shaliteink.com\/wp-content\/uploads\/2025\/04\/Silver-Screen-Printing-Ink-Plastisol-1200x1198.jpg 1200w, https:\/\/shaliteink.com\/wp-content\/uploads\/2025\/04\/Silver-Screen-Printing-Ink-Plastisol.jpg 1506w\" sizes=\"(max-width: 1024px) 100vw, 1024px\" \/><\/p>\n<p class=\"ng-star-inserted\"><strong class=\"ng-star-inserted\"><span class=\"ng-star-inserted\">Principais benef\u00edcios:<\/span><\/strong><\/p>\n<ul class=\"ng-star-inserted\">\n<li class=\"ng-star-inserted\">Cura de forma confi\u00e1vel a 160\u00b0C (320\u00b0F): produ\u00e7\u00e3o r\u00e1pida, baixo custo de energia e danos m\u00ednimos \u00e0 roupa.<\/li>\n<li class=\"ng-star-inserted\">Textura Macia ao Toque: Obtenha uma sensa\u00e7\u00e3o confort\u00e1vel e de alta qualidade em suas pe\u00e7as de roupa finalizadas.<\/li>\n<li class=\"ng-star-inserted\">Alta opacidade e prata vibrante: Excelente cobertura e brilho met\u00e1lico deslumbrante.<\/li>\n<li class=\"ng-star-inserted\">Baixa transfer\u00eancia de tinta para misturas de poli\u00e9ster: impress\u00e3o confi\u00e1vel em uma ampla variedade de tecidos.<\/li>\n<li class=\"ng-star-inserted\">F\u00f3rmula sem ftalatos: Uma escolha segura para seu espa\u00e7o de trabalho e ambiente.<\/li>\n<li class=\"ng-star-inserted\">F\u00e1cil de usar: Consist\u00eancia cremosa e granulada para uma impress\u00e3o suave.<\/li>\n<li class=\"ng-star-inserted\">Universal para uma variedade de tecidos: otimizado para diversas aplica\u00e7\u00f5es t\u00eaxteis.<\/li>\n<li>Qualidade direto da f\u00e1brica: Beneficie de duas d\u00e9cadas de excel\u00eancia em fabrica\u00e7\u00e3o.<\/li>\n<\/ul>\n<p class=\"ng-star-inserted\"><strong class=\"ng-star-inserted\"><span class=\"ng-star-inserted\">Orienta\u00e7\u00f5es de cura:<\/span><\/strong><\/p>\n<p>A tinta plastisol prateada Shaliteink \u00e9 formulada para cura ideal a 160\u00b0C (320\u00b0F).<\/p>\n<ul>\n<li>Cura instant\u00e2nea: Para a cura instant\u00e2nea, mantenha uma temperatura de 120 \u00b0C a 140 \u00b0C (248 \u00b0F a 284 \u00b0F) por 3 a 5 segundos. O tempo de cura instant\u00e2nea pode variar dependendo do seu dispositivo e da espessura da camada de tinta.<\/li>\n<li>Cura completa: A tinta est\u00e1 totalmente curada quando toda a camada de tinta atinge 160 \u00b0C (320 \u00b0F). As leituras de temperatura da superf\u00edcie feitas com pistolas de laser podem ser enganosas; recomendamos o uso de sondas em formato de rosca ou fitas termom\u00e9tricas para medir com precis\u00e3o a temperatura interna da tinta.<\/li>\n<li>Teste de lavagem: Aguarde 24 horas ap\u00f3s a cura completa da estampa antes de realizar o teste de lavagem. Uma estampa totalmente curada resistir\u00e1 a m\u00faltiplas lavagens sem rachar ou desbotar. Para o teste inicial, realize um &quot;teste de elasticidade&quot; esticando a pe\u00e7a estampada em aproximadamente 2\/3 da sua largura; se a estampa romper e n\u00e3o retornar ao formato original, pode ser que n\u00e3o tenha cicatrizado corretamente.<\/li>\n<li>Compatibilidade com tecidos: Embora a Shaliteink tenha um desempenho excepcional em uma variedade de tecidos, os melhores resultados geralmente s\u00e3o obtidos em algod\u00e3o 100%. Ao imprimir em poli\u00e9ster ou misturas de poli\u00e9ster, a baixa temperatura de cura da Shaliteink ajuda a evitar a migra\u00e7\u00e3o da tinta (sangramento) que pode ocorrer quando os corantes de poli\u00e9ster reagem a altas temperaturas.<\/li>\n<\/ul>\n<p class=\"ng-star-inserted\"><strong class=\"ng-star-inserted\"><span class=\"ng-star-inserted\">Limpar:<\/span><\/strong><\/p>\n<p>As tintas plastisol Shaliteink s\u00e3o f\u00e1ceis de limpar ap\u00f3s a impress\u00e3o.<\/p>\n<ul>\n<li>Na impress\u00e3o: Utilize um produto de limpeza espec\u00edfico para impressoras plastisol ou um removedor de tinta para uma limpeza r\u00e1pida e eficiente das telas e rodos.<\/li>\n<li>Na pia: Para uma limpeza mais profunda da tela, use um produto de limpeza para telas \u00e0 base de plastisol ou um removedor de tinta para eliminar todos os res\u00edduos de tinta.<\/li>\n<\/ul>\n<p class=\"ng-star-inserted\"><strong class=\"ng-star-inserted\"><span class=\"ng-star-inserted\">Informa\u00e7\u00f5es de armazenamento:<\/span><\/strong><\/p>\n<p>Armazene a tinta plastisol para serigrafia Shaliteink Silver em local fresco e seco, longe da luz solar direta, idealmente entre 18 e 32 \u00b0C (65 e 90 \u00b0F). A exposi\u00e7\u00e3o prolongada a temperaturas acima de 32 \u00b0C (90 \u00b0F) pode causar o congelamento da tinta no recipiente, prejudicando seu desempenho.<\/p>\n<p class=\"ng-star-inserted\"><strong class=\"ng-star-inserted\"><span class=\"ng-star-inserted\">Dicas profissionais para obter os melhores resultados:<\/span><\/strong><\/p>\n<ul class=\"ng-star-inserted\">\n<li class=\"ng-star-inserted\">Base para tecidos escuros: Ao imprimir prata em tecidos escuros, aplicar uma base branca pode aumentar significativamente o brilho e a opacidade da sua impress\u00e3o final.<\/li>\n<li class=\"ng-star-inserted\">Liga\u00e7\u00e3o mec\u00e2nica: Lembre-se que a tinta plastisol forma uma liga\u00e7\u00e3o mec\u00e2nica com as fibras do tecido, em vez de colori-las. Um tratamento adequado \u00e9 necess\u00e1rio para tornar essa liga\u00e7\u00e3o forte e dur\u00e1vel.<\/li>\n<li class=\"ng-star-inserted\">Testes antes da produ\u00e7\u00e3o: Sempre realize um teste de elasticidade e lavagem no tecido escolhido, com as configura\u00e7\u00f5es espec\u00edficas do seu equipamento, antes de iniciar a produ\u00e7\u00e3o em massa, para garantir a cura ideal e a qualidade de impress\u00e3o.<\/li>\n<\/ul>\n<p class=\"ng-star-inserted\"><strong class=\"ng-star-inserted\"><span class=\"ng-star-inserted\">Ficha de Dados de Seguran\u00e7a:<\/span><\/strong><\/p>\n<p>[Link para a ficha de dados de seguran\u00e7a da tinta plastisol prateada Shaliteink]<\/p>\n<p class=\"ng-star-inserted\"><strong class=\"ng-star-inserted\"><span class=\"ng-star-inserted\">Explore a nossa gama completa:<\/span><\/strong><\/p>\n<p>Encontre mais tintas plastisol Shaliteink de alta qualidade e <strong><a href=\"https:\/\/shaliteink.com\/pt\/screen-printing-ink\/\">tinta de serigrafia<\/a><\/strong> Em nosso site!<\/p>\n<p>&nbsp;<\/p>","protected":false},"excerpt":{"rendered":"<p>Aprimore seus projetos de serigrafia com a tinta plastisol Shaliteink Silver Screen Printing, uma solu\u00e7\u00e3o premium de alta opacidade, desenvolvida para resultados excepcionais. Com mais de duas d\u00e9cadas de experi\u00eancia em fabrica\u00e7\u00e3o, a Shaliteink oferece a qualidade direta da f\u00e1brica, conquistando a confian\u00e7a de diversas marcas mundialmente renomadas. Nossas tintas plastisol s\u00e3o projetadas para desempenho superior, oferecendo a combina\u00e7\u00e3o perfeita de cores vibrantes, durabilidade e facilidade de uso, tornando-as a escolha ideal tanto para gr\u00e1ficas profissionais quanto para entusiastas da serigrafia.<br \/>\nA tinta plastisol prateada Shaliteink proporciona um brilho met\u00e1lico intenso, garantindo que seus designs se destaquem com um acabamento impec\u00e1vel. Esta tinta para serigrafia possui uma textura incrivelmente cremosa e de gr\u00e3os finos, permitindo uma impress\u00e3o suave e uma aplica\u00e7\u00e3o uniforme. Experimente a satisfa\u00e7\u00e3o de receber impress\u00f5es n\u00edtidas e detalhadas com um toque surpreendentemente macio que seus clientes v\u00e3o adorar. Nossa f\u00f3rmula avan\u00e7ada garante m\u00ednima transfer\u00eancia de tinta, mesmo em tecidos desafiadores como misturas de poli\u00e9ster, proporcionando confian\u00e7a em cada tiragem.<\/p>","protected":false},"featured_media":1529,"comment_status":"open","ping_status":"closed","template":"","meta":[],"product_brand":[],"product_cat":[46],"product_tag":[],"class_list":{"0":"post-1537","1":"product","2":"type-product","3":"status-publish","4":"has-post-thumbnail","6":"product_cat-metallic-screen-printing-ink","8":"first","9":"instock","10":"shipping-taxable","11":"purchasable","12":"product-type-variable"},"tiered_pricing_type":"fixed","tiered_pricing_fixed_rules":[],"tiered_pricing_product_settings":{"layout":"default","base_unit_name":{"singular":null,"plural":null},"default_variation":null},"tiered_pricing_minimum_quantity":null,"tiered_pricing_roles_data":[],"tiered_pricing_percentage_rules":[],"tiered_pricing_maximum_quantity":null,"tiered_pricing_quantity_step":null,"_links":{"self":[{"href":"https:\/\/shaliteink.com\/pt\/wp-json\/wp\/v2\/product\/1537","targetHints":{"allow":["GET"]}}],"collection":[{"href":"https:\/\/shaliteink.com\/pt\/wp-json\/wp\/v2\/product"}],"about":[{"href":"https:\/\/shaliteink.com\/pt\/wp-json\/wp\/v2\/types\/product"}],"replies":[{"embeddable":true,"href":"https:\/\/shaliteink.com\/pt\/wp-json\/wp\/v2\/comments?post=1537"}],"version-history":[{"count":0,"href":"https:\/\/shaliteink.com\/pt\/wp-json\/wp\/v2\/product\/1537\/revisions"}],"wp:featuredmedia":[{"embeddable":true,"href":"https:\/\/shaliteink.com\/pt\/wp-json\/wp\/v2\/media\/1529"}],"wp:attachment":[{"href":"https:\/\/shaliteink.com\/pt\/wp-json\/wp\/v2\/media?parent=1537"}],"wp:term":[{"taxonomy":"product_brand","embeddable":true,"href":"https:\/\/shaliteink.com\/pt\/wp-json\/wp\/v2\/product_brand?post=1537"},{"taxonomy":"product_cat","embeddable":true,"href":"https:\/\/shaliteink.com\/pt\/wp-json\/wp\/v2\/product_cat?post=1537"},{"taxonomy":"product_tag","embeddable":true,"href":"https:\/\/shaliteink.com\/pt\/wp-json\/wp\/v2\/product_tag?post=1537"}],"curies":[{"name":"wp","href":"https:\/\/api.w.org\/{rel}","templated":true}]}}