{"id":1319,"date":"2025-04-12T11:41:36","date_gmt":"2025-04-12T11:41:36","guid":{"rendered":"https:\/\/shaliteink.com\/?post_type=product&#038;p=1319"},"modified":"2025-12-10T11:31:14","modified_gmt":"2025-12-10T11:31:14","slug":"processo-de-serigrafia-tinta-plastisol-amarela","status":"publish","type":"product","link":"https:\/\/shaliteink.com\/pt\/produto\/processo-de-serigrafia-tinta-plastisol-amarela\/","title":{"rendered":"Processo de impress\u00e3o serigr\u00e1fica amarela com tinta plastisol"},"content":{"rendered":"<p class=\"ng-star-inserted\"><strong class=\"ng-star-inserted\"><span class=\"ng-star-inserted\">Principais benef\u00edcios da tinta plastisol amarela Shaliteink Process:<\/span><\/strong><\/p>\n<ul class=\"ng-star-inserted\">\n<li class=\"ng-star-inserted\">Cores vibrantes e opacas: Obtenha impress\u00f5es em amarelo vibrante, ousado e altamente opaco que refletem fielmente a inten\u00e7\u00e3o do seu design.<\/li>\n<li class=\"ng-star-inserted\">Temperatura ideal de cura: Cura eficientemente a 160\u00b0C (320\u00b0F), reduzindo os custos de energia e protegendo a pe\u00e7a de vestu\u00e1rio contra queimaduras ou encolhimento.<\/li>\n<li class=\"ng-star-inserted\">Tempo de flash r\u00e1pido: Com uma temperatura de flash entre 120\u00b0C (248\u00b0F) e 140\u00b0C (284\u00b0F), voc\u00ea pode acelerar seu processo de produ\u00e7\u00e3o.<\/li>\n<li class=\"ng-star-inserted\">Toque macio: Apesar da opacidade, as estampas mant\u00eam um toque macio e luxuoso, aumentando o conforto e a beleza da pe\u00e7a.<\/li>\n<li class=\"ng-star-inserted\">Compatibilidade universal com tecidos: Excelente para uma ampla gama de tecidos, desde algod\u00e3o 100% at\u00e9 misturas de poli\u00e9ster mais complexas, garantindo versatilidade em seus projetos de serigrafia.<\/li>\n<li class=\"ng-star-inserted\">Baixa transfer\u00eancia de cor: Formulado especialmente para reduzir a migra\u00e7\u00e3o de corantes em misturas de poli\u00e9ster, mantendo a integridade das cores da sua tinta plastisol.<\/li>\n<li class=\"ng-star-inserted\">Consist\u00eancia f\u00e1cil de usar: A textura cremosa e fluida torna esta tinta plastisol para serigrafia incrivelmente f\u00e1cil de trabalhar, tanto dentro quanto fora da impressora.<\/li>\n<li>F\u00f3rmula sem ftalatos: Comprometidos com a seguran\u00e7a e a responsabilidade ambiental, nossa tinta plastisol \u00e9 livre de ftalatos.<\/li>\n<\/ul>\n<p><img decoding=\"async\" class=\"aligncenter wp-image-4057 size-large\" src=\"https:\/\/shaliteink.com\/wp-content\/uploads\/2025\/04\/Process-Yellow-Screen-Printing-Plastisol-Ink-1024x683.jpg\" alt=\"Processo de impress\u00e3o serigr\u00e1fica amarela com tinta plastisol\" width=\"1024\" height=\"683\" srcset=\"https:\/\/shaliteink.com\/wp-content\/uploads\/2025\/04\/Process-Yellow-Screen-Printing-Plastisol-Ink-1024x683.jpg 1024w, https:\/\/shaliteink.com\/wp-content\/uploads\/2025\/04\/Process-Yellow-Screen-Printing-Plastisol-Ink-300x200.jpg 300w, https:\/\/shaliteink.com\/wp-content\/uploads\/2025\/04\/Process-Yellow-Screen-Printing-Plastisol-Ink-768x512.jpg 768w, https:\/\/shaliteink.com\/wp-content\/uploads\/2025\/04\/Process-Yellow-Screen-Printing-Plastisol-Ink-1536x1024.jpg 1536w, https:\/\/shaliteink.com\/wp-content\/uploads\/2025\/04\/Process-Yellow-Screen-Printing-Plastisol-Ink-2048x1365.jpg 2048w, https:\/\/shaliteink.com\/wp-content\/uploads\/2025\/04\/Process-Yellow-Screen-Printing-Plastisol-Ink-18x12.jpg 18w, https:\/\/shaliteink.com\/wp-content\/uploads\/2025\/04\/Process-Yellow-Screen-Printing-Plastisol-Ink-1200x800.jpg 1200w, https:\/\/shaliteink.com\/wp-content\/uploads\/2025\/04\/Process-Yellow-Screen-Printing-Plastisol-Ink-150x100.jpg 150w\" sizes=\"(max-width: 1024px) 100vw, 1024px\" \/><\/p>\n<p class=\"ng-star-inserted\"><strong class=\"ng-star-inserted\"><span class=\"ng-star-inserted\">Desbloqueie produtividade e qualidade incompar\u00e1veis com Shaliteink.<\/span><\/strong><\/p>\n<p>Shalitink&#039;s <strong><a href=\"https:\/\/shaliteink.com\/pt\/produto\/processo-de-serigrafia-tinta-plastisol-amarela\/\">Tinta plastisol amarela para processo<\/a><\/strong> \u00c9 mais do que apenas uma tinta; \u00e9 uma ferramenta projetada para aumentar a efici\u00eancia da sua serigrafia e melhorar o produto final. A consist\u00eancia cuidadosamente elaborada garante um fluxo suave pela tela, reduzindo as frustra\u00e7\u00f5es comuns de impress\u00e3o. Sua alta opacidade significa que voc\u00ea geralmente consegue a vivacidade desejada com menos passagens, economizando tempo e tinta. Para tecidos mais escuros, recomenda-se o uso de uma base branca para maximizar o brilho da sua tinta plastisol amarelo processo.<\/p>\n<p>Nosso compromisso com a qualidade, respaldado por mais de vinte anos de experi\u00eancia em fabrica\u00e7\u00e3o, significa que voc\u00ea est\u00e1 investindo em uma tinta de serigrafia confi\u00e1vel e consistente. Temperaturas precisas de cura e evapora\u00e7\u00e3o s\u00e3o essenciais para obter impress\u00f5es dur\u00e1veis que resistem a m\u00faltiplas lavagens sem rachar ou desbotar. Esse alto desempenho garante a satisfa\u00e7\u00e3o do cliente e consolida sua reputa\u00e7\u00e3o de serigrafia de alta qualidade.<\/p>\n<p class=\"ng-star-inserted\"><strong class=\"ng-star-inserted\"><span class=\"ng-star-inserted\">Orienta\u00e7\u00f5es sobre cura e secagem r\u00e1pida:<\/span><\/strong><\/p>\n<p>Para garantir a m\u00e1xima durabilidade da impress\u00e3o e resist\u00eancia \u00e0 lavagem, siga estas orienta\u00e7\u00f5es para a tinta plastisol amarela Shalitink Process:<\/p>\n<ul>\n<li>Cura: 160 \u00b0C (320 \u00b0F). Certifique-se de que toda a camada de tinta atinja essa temperatura para uma cura completa. As leituras de temperatura da superf\u00edcie feitas por pistolas de laser podem ser enganosas; considere usar uma sonda em formato de rosca para obter uma temperatura interna precisa da camada de tinta.<\/li>\n<li>Flash: a 120 \u00b0C (248 \u00b0F) a 140 \u00b0C (284 \u00b0F) durante cerca de 3 a 5 segundos. O tempo de flash pode variar dependendo do seu dispositivo e da espessura da camada de tinta.<br \/>\nTeste de lavagem: Aguarde 24 horas ap\u00f3s a cura completa antes de realizar o teste de lavagem. Uma impress\u00e3o perfeitamente curada n\u00e3o se deteriorar\u00e1 mesmo ap\u00f3s 5 a 10 lavagens. Impress\u00f5es parcialmente curadas podem rasgar ou desbotar ap\u00f3s 1 a 3 lavagens.<\/li>\n<li>Teste de elasticidade: Estique suavemente a pe\u00e7a estampada at\u00e9 cerca de dois ter\u00e7os do seu comprimento. Se a estampa romper e n\u00e3o voltar ao normal, pode ser que n\u00e3o tenha cicatrizado corretamente. Ajuste o tempo ou a temperatura de cura conforme necess\u00e1rio.<\/li>\n<li>Mistura de poli\u00e9ster e migra\u00e7\u00e3o de corantes: Nossas tintas plastisol s\u00e3o formuladas para baixa transfer\u00eancia de cor. Ao realizar o tratamento a 160 \u00b0C, voc\u00ea efetivamente permanece abaixo do ponto de migra\u00e7\u00e3o de corantes da maioria dos tecidos de poli\u00e9ster, evitando que a tinta manche seu vibrante design em amarelo processo.<\/li>\n<\/ul>\n<p class=\"ng-star-inserted\"><strong class=\"ng-star-inserted\"><span class=\"ng-star-inserted\">Organiza\u00e7\u00e3o simplificada para um fluxo de trabalho eficiente:<\/span><\/strong><\/p>\n<p class=\"ng-star-inserted\"><span class=\"ng-star-inserted\">Manter um espa\u00e7o de trabalho e equipamentos limpos \u00e9 f\u00e1cil com a Shaliteink.\u00a0<\/span><strong class=\"ng-star-inserted\"><span class=\"ng-star-inserted\">Tinta Plastisol<\/span><\/strong><span class=\"ng-star-inserted\">.<\/span><\/p>\n<ul class=\"ng-star-inserted\">\n<li class=\"ng-star-inserted\">Limpeza na impressora: Utilize um produto de limpeza espec\u00edfico para impressoras plastisol ou um removedor de tinta para limpar rapidamente as telas e os rodos durante a produ\u00e7\u00e3o.<\/li>\n<li class=\"ng-star-inserted\">Recupera\u00e7\u00e3o de telas: Para limpeza e recupera\u00e7\u00e3o de telas ao final do dia, um detergente forte \u00e0 base de plastisol ou um removedor de tinta eficaz eliminar\u00e1 todos os res\u00edduos de tinta.<\/li>\n<\/ul>\n<p><img decoding=\"async\" class=\"aligncenter wp-image-4058 size-large\" src=\"https:\/\/shaliteink.com\/wp-content\/uploads\/2025\/04\/Deep-Lemon-Yellow-Screen-Printing-Plastisol-Ink-2-1024x683.jpg\" alt=\"Tinta de plastisol para serigrafia amarelo lim\u00e3o profundo\" width=\"1024\" height=\"683\" srcset=\"https:\/\/shaliteink.com\/wp-content\/uploads\/2025\/04\/Deep-Lemon-Yellow-Screen-Printing-Plastisol-Ink-2-1024x683.jpg 1024w, https:\/\/shaliteink.com\/wp-content\/uploads\/2025\/04\/Deep-Lemon-Yellow-Screen-Printing-Plastisol-Ink-2-300x200.jpg 300w, https:\/\/shaliteink.com\/wp-content\/uploads\/2025\/04\/Deep-Lemon-Yellow-Screen-Printing-Plastisol-Ink-2-768x512.jpg 768w, https:\/\/shaliteink.com\/wp-content\/uploads\/2025\/04\/Deep-Lemon-Yellow-Screen-Printing-Plastisol-Ink-2-1536x1024.jpg 1536w, https:\/\/shaliteink.com\/wp-content\/uploads\/2025\/04\/Deep-Lemon-Yellow-Screen-Printing-Plastisol-Ink-2-2048x1365.jpg 2048w, https:\/\/shaliteink.com\/wp-content\/uploads\/2025\/04\/Deep-Lemon-Yellow-Screen-Printing-Plastisol-Ink-2-18x12.jpg 18w, https:\/\/shaliteink.com\/wp-content\/uploads\/2025\/04\/Deep-Lemon-Yellow-Screen-Printing-Plastisol-Ink-2-1200x800.jpg 1200w, https:\/\/shaliteink.com\/wp-content\/uploads\/2025\/04\/Deep-Lemon-Yellow-Screen-Printing-Plastisol-Ink-2-150x100.jpg 150w\" sizes=\"(max-width: 1024px) 100vw, 1024px\" \/><\/p>\n<p class=\"ng-star-inserted\"><strong class=\"ng-star-inserted\"><span class=\"ng-star-inserted\">Dicas profissionais para obter os melhores resultados:<\/span><\/strong><\/p>\n<ul>\n<li>Armazenamento: Armazenar <strong><a href=\"https:\/\/shaliteink.com\/pt\/\">Shalightink<\/a><\/strong> Tinta plastisol em temperatura ambiente (18-32\u00b0C\/65-90\u00b0F), longe da luz solar direta. A exposi\u00e7\u00e3o prolongada a temperaturas acima de 32\u00b0C (90\u00b0F) pode fazer com que a tinta solidifique no recipiente.<\/li>\n<li>Sele\u00e7\u00e3o do tecido: Embora vers\u00e1teis, as fibras naturais como o algod\u00e3o 100% geralmente proporcionam os melhores resultados com tintas plastisol.<\/li>\n<li>Liga\u00e7\u00e3o mec\u00e2nica: Lembre-se, <strong><a href=\"https:\/\/shaliteink.com\/pt\/categoria-produto\/tinta-plastisol\/\">tinta plastisol<\/a><\/strong> Cria uma liga\u00e7\u00e3o mec\u00e2nica envolvendo as fibras do tecido em vez de tingi-las. Essa qualidade \u00fanica contribui para a durabilidade e a apar\u00eancia vibrante da tinta.<\/li>\n<\/ul>\n<p>Escolha a tinta plastisol amarela para serigrafia Shalitink Process para obter qualidade consistente, cores vibrantes e uma experi\u00eancia de serigrafia perfeita. Nossos pre\u00e7os direto da f\u00e1brica garantem que voc\u00ea obtenha tintas de serigrafia premium sem comprometer seu or\u00e7amento.<\/p>\n<p>&nbsp;<\/p>","protected":false},"excerpt":{"rendered":"<p>Experimente o \u00e1pice da qualidade em serigrafia com a tinta plastisol para serigrafia amarelo processo da Shalitink. Como l\u00edder global na fabrica\u00e7\u00e3o de tintas plastisol h\u00e1 mais de duas d\u00e9cadas, a Shalitink oferece solu\u00e7\u00f5es confi\u00e1veis diretamente da f\u00e1brica, de marcas mundialmente renomadas. Nossa tinta plastisol amarelo processo foi desenvolvida para um desempenho superior, proporcionando resultados vibrantes e consistentes que destacam seus designs. Seja voc\u00ea um profissional experiente ou iniciante, esta tinta oferece uma experi\u00eancia excepcional em serigrafia, garantindo que seus projetos se destaquem.<\/p>","protected":false},"featured_media":1495,"comment_status":"open","ping_status":"closed","template":"","meta":[],"product_brand":[],"product_cat":[63],"product_tag":[],"class_list":{"0":"post-1319","1":"product","2":"type-product","3":"status-publish","4":"has-post-thumbnail","6":"product_cat-plastisol-cmyk-ink","8":"first","9":"instock","10":"shipping-taxable","11":"purchasable","12":"product-type-variable"},"tiered_pricing_type":"fixed","tiered_pricing_fixed_rules":[],"tiered_pricing_product_settings":{"layout":"default","base_unit_name":{"singular":null,"plural":null},"default_variation":null},"tiered_pricing_minimum_quantity":null,"tiered_pricing_roles_data":[],"tiered_pricing_percentage_rules":[],"tiered_pricing_maximum_quantity":null,"tiered_pricing_quantity_step":null,"_links":{"self":[{"href":"https:\/\/shaliteink.com\/pt\/wp-json\/wp\/v2\/product\/1319","targetHints":{"allow":["GET"]}}],"collection":[{"href":"https:\/\/shaliteink.com\/pt\/wp-json\/wp\/v2\/product"}],"about":[{"href":"https:\/\/shaliteink.com\/pt\/wp-json\/wp\/v2\/types\/product"}],"replies":[{"embeddable":true,"href":"https:\/\/shaliteink.com\/pt\/wp-json\/wp\/v2\/comments?post=1319"}],"version-history":[{"count":0,"href":"https:\/\/shaliteink.com\/pt\/wp-json\/wp\/v2\/product\/1319\/revisions"}],"wp:featuredmedia":[{"embeddable":true,"href":"https:\/\/shaliteink.com\/pt\/wp-json\/wp\/v2\/media\/1495"}],"wp:attachment":[{"href":"https:\/\/shaliteink.com\/pt\/wp-json\/wp\/v2\/media?parent=1319"}],"wp:term":[{"taxonomy":"product_brand","embeddable":true,"href":"https:\/\/shaliteink.com\/pt\/wp-json\/wp\/v2\/product_brand?post=1319"},{"taxonomy":"product_cat","embeddable":true,"href":"https:\/\/shaliteink.com\/pt\/wp-json\/wp\/v2\/product_cat?post=1319"},{"taxonomy":"product_tag","embeddable":true,"href":"https:\/\/shaliteink.com\/pt\/wp-json\/wp\/v2\/product_tag?post=1319"}],"curies":[{"name":"wp","href":"https:\/\/api.w.org\/{rel}","templated":true}]}}