{"id":1314,"date":"2025-04-12T11:36:33","date_gmt":"2025-04-12T11:36:33","guid":{"rendered":"https:\/\/shaliteink.com\/?post_type=product&#038;p=1314"},"modified":"2025-12-10T11:29:31","modified_gmt":"2025-12-10T11:29:31","slug":"tinta-plastisol-extra-preta-para-serigrafia-2","status":"publish","type":"product","link":"https:\/\/shaliteink.com\/pt\/produto\/tinta-plastisol-extra-preta-para-serigrafia-2\/","title":{"rendered":"Tinta Plastisol para Serigrafia Preta Extar"},"content":{"rendered":"<p>Adicional <strong>Tinta plastisol preta Extar<\/strong> Foi desenvolvida para simplificar seu fluxo de trabalho e aumentar a qualidade do seu produto final. Esta f\u00f3rmula sem aditivos est\u00e1 pronta para uso, possui uma consist\u00eancia cremosa e corpo leve, o que facilita o manuseio direto do balde, tornando o trabalho na impressora incrivelmente f\u00e1cil. Sua alta ambiguidade garante excelente cobertura, mesmo em tecidos escuros, muitas vezes eliminando a necessidade de uma base. O acabamento semibrilhante adiciona um toque profissional aos seus designs, fazendo com que as cores realmente se destaquem. Esta tinta \u00e9 universalmente compat\u00edvel com diferentes tipos de tecido, oferecendo uma solu\u00e7\u00e3o vers\u00e1til para todas as suas necessidades. <strong>serigrafia<\/strong> projetos.<\/p>\n<p><a href=\"https:\/\/shaliteink.com\/pt\/\"><strong>Shaliteink<\/strong><\/a> Possui propriedades de tratamento eficientes, uma das caracter\u00edsticas marcantes dos adicionais.<strong> tinta plastisol preta<\/strong>. Com uma temperatura de flash entre o<strong> temperatura de tratamento de 160 \u00b0 C (320 \u00b0 F) e temperatura de flash entre 120 \u00b0 C (248 \u00b0 F-284 \u00b0 F),<\/strong> Permite uma produ\u00e7\u00e3o r\u00e1pida e ajuda a evitar que as pe\u00e7as de roupa queimem ou encolham, especialmente em tecidos sens\u00edveis ao calor, como misturas de poli\u00e9ster. Essa baixa temperatura de secagem e tratamento n\u00e3o s\u00f3 economiza energia, como tamb\u00e9m garante a durabilidade e a vivacidade da sua estampa. Confie <strong>Shaliteink<\/strong> \u00c9 necess\u00e1rio obter resultados conscientes e profissionais para lhe proporcionar alta qualidade. <a href=\"https:\/\/shaliteink.com\/pt\/categoria-produto\/tinta-plastisol\/\"><strong>tinta plastisol<\/strong><\/a>.<\/p>\n<h3><img decoding=\"async\" class=\"wp-image-3820 size-large aligncenter\" src=\"https:\/\/shaliteink.com\/wp-content\/uploads\/2025\/04\/Extar-Black-Screen-Printing-Plastisol-Ink-871x1024.png\" alt=\"Tinta Plastisol para Serigrafia Preta Extar\" width=\"871\" height=\"1024\" srcset=\"https:\/\/shaliteink.com\/wp-content\/uploads\/2025\/04\/Extar-Black-Screen-Printing-Plastisol-Ink-871x1024.png 871w, https:\/\/shaliteink.com\/wp-content\/uploads\/2025\/04\/Extar-Black-Screen-Printing-Plastisol-Ink-255x300.png 255w, https:\/\/shaliteink.com\/wp-content\/uploads\/2025\/04\/Extar-Black-Screen-Printing-Plastisol-Ink-768x903.png 768w, https:\/\/shaliteink.com\/wp-content\/uploads\/2025\/04\/Extar-Black-Screen-Printing-Plastisol-Ink-1306x1536.png 1306w, https:\/\/shaliteink.com\/wp-content\/uploads\/2025\/04\/Extar-Black-Screen-Printing-Plastisol-Ink-1741x2048.png 1741w, https:\/\/shaliteink.com\/wp-content\/uploads\/2025\/04\/Extar-Black-Screen-Printing-Plastisol-Ink-10x12.png 10w, https:\/\/shaliteink.com\/wp-content\/uploads\/2025\/04\/Extar-Black-Screen-Printing-Plastisol-Ink-1200x1411.png 1200w, https:\/\/shaliteink.com\/wp-content\/uploads\/2025\/04\/Extar-Black-Screen-Printing-Plastisol-Ink-150x176.png 150w\" sizes=\"(max-width: 871px) 100vw, 871px\" \/><\/h3>\n<h3 class=\"ng-star-inserted\"><span class=\"ng-star-inserted\">Principais caracter\u00edsticas e benef\u00edcios<\/span><\/h3>\n<ul class=\"ng-star-inserted\">\n<li class=\"ng-star-inserted\"><strong>Preto profundo e intenso:<\/strong> Obtenha impress\u00f5es pretas intensas e uniformes com alta pigmenta\u00e7\u00e3o.<\/li>\n<li class=\"ng-star-inserted\"><strong>Superior opkar:<\/strong> Excelente cobertura, mesmo em roupas escuras, reduzindo a necessidade de muitas passagens ou camadas de base.<\/li>\n<li class=\"ng-star-inserted\"><strong>Impress\u00f5es digitais suaves:<\/strong> Um tecido macio e suave ao toque aumenta o conforto da roupa.<\/li>\n<li class=\"ng-star-inserted\"><strong>\u00c9 f\u00e1cil trabalhar com ele:<\/strong> Estabilidade de corpos curtos para impress\u00e3o cremosa e espont\u00e2nea e fluxo suave atrav\u00e9s da tela.<\/li>\n<li class=\"ng-star-inserted\"><strong>Compatibilidade universal com tecidos:<\/strong> Ideal para diferentes tipos de vestu\u00e1rio, incluindo algod\u00e3o 100%, misturas de algod\u00e3o\/poli\u00e9ster e a maioria das misturas de poli\u00e9ster.<\/li>\n<li class=\"ng-star-inserted\"><strong>F\u00f3rmula sem ftalatos:<\/strong> Ecol\u00f3gico e seguro para uso.<\/li>\n<li class=\"ng-star-inserted\"><strong>Baixas propriedades de sangramento:<\/strong> Garantir um design limpo e n\u00edtido reduz a migra\u00e7\u00e3o de corantes em roupas de poli\u00e9ster e poli\u00e9ster.<\/li>\n<li class=\"ng-star-inserted\"><strong>Tratamento especializado:<\/strong> Tratamento a 160 \u00b0C (320 \u00b0F), economizando tempo e energia.<\/li>\n<li><strong>Flash r\u00e1pido:<\/strong> Para uma produ\u00e7\u00e3o r\u00e1pida, brilha rapidamente a temperaturas entre 120 \u00b0C e 140 \u00b0C (248 \u00b0F-284 \u00b0F).<\/li>\n<\/ul>\n<p><strong>Acabamento semibrilhante:<\/strong> Adiciona um aspecto profissional e sofisticado \u00e0s suas impress\u00f5es preparadas.<\/p>\n<h3 class=\"ng-star-inserted\"><span class=\"ng-star-inserted\">Instru\u00e7\u00f5es de cura<\/span><\/h3>\n<p class=\"ng-star-inserted\">Para uma ades\u00e3o e lavagem ideais, a tinta plastisol extra preta da Shaliteink requer um tratamento completo. Quando toda a camada de tinta atinge uma temperatura de 160 \u00b0C (320 \u00b0F), a tinta est\u00e1 completamente curada.<\/p>\n<ul class=\"ng-star-inserted\">\n<li class=\"ng-star-inserted\">Temperatura de secagem r\u00e1pida: 120 \u00b0C a 140 \u00b0C (248 \u00b0F a 284 \u00b0F) por 3 a 5 segundos. O tempo de secagem pode variar dependendo do dispositivo e da espessura da impress\u00e3o.<\/li>\n<li>Temperatura de tratamento: 160 \u00b0 C (320 \u00b0 F) em toda a camada de tinta.<\/li>\n<li>Teste de tratamento: Um tratamento confi\u00e1vel \u00e9 necess\u00e1rio. Recomendamos realizar o &quot;teste de elasticidade&quot; e o teste de lavagem. Para o teste de elasticidade, estique a pe\u00e7a estampada at\u00e9 que ela atinja cerca de dois ter\u00e7os do seu tamanho original. Se a tinta rachar e n\u00e3o retornar ao tamanho original, pode ser um problema de tratamento. Para o teste de lavagem, deixe a estampa esfriar completamente e, em seguida, lave a pe\u00e7a. Se houver uma diminui\u00e7\u00e3o na estampa ap\u00f3s 1 a 3 lavagens, as chances de ser um problema de tinta s\u00e3o menores. Ajuste as configura\u00e7\u00f5es da sua secadora (velocidade e temperatura) de acordo. Lembre-se: tempo e temperatura s\u00e3o interdependentes. Dep\u00f3sitos espessos de tinta exigem um tempo de secagem maior.<\/li>\n<li>Mistura de poli\u00e9ster: Ao trabalhar com poli\u00e9ster ou misturas de poli\u00e9ster, a temperatura ideal para atingir 160 \u00b0C (320 \u00b0F) \u00e9 reduzida ao m\u00e1ximo para evitar a migra\u00e7\u00e3o do corante. As propriedades de tratamento t\u00e9rmico da shaliteink ajudam a minimizar esse problema comum.<\/li>\n<\/ul>\n<h3 class=\"ng-star-inserted\"><span class=\"ng-star-inserted\">Limpar<\/span><\/h3>\n<p>Para garantir resultados consistentes, \u00e9 importante manter seu equipamento limpo. Limpar nossa tinta plastisol \u00e9 f\u00e1cil:<\/p>\n<ul>\n<li>Na prensa: Utilize um produto de limpeza\/degrada\u00e7\u00e3o de tinta plastisol espec\u00edfico para prensas, a fim de pressionar a tela limpa e garantir uma prensagem eficiente.<\/li>\n<li>Na pia: Para uma limpeza profunda, use um produto de limpeza\/removedor de tinta plastisol para remover todos os res\u00edduos de tinta da sua tela.<\/li>\n<\/ul>\n<h3 class=\"ng-star-inserted\"><span class=\"ng-star-inserted\">Informa\u00e7\u00f5es de armazenamento<br \/>\n<\/span><\/h3>\n<p>Armazene a tinta plastisol Shaliteink em temperatura ambiente, idealmente entre 18 e 32 \u00b0C (65 e 90 \u00b0F). Evite a exposi\u00e7\u00e3o a temperaturas acima da luz solar direta e acima de 32 \u00b0C (90 \u00b0F) por per\u00edodos prolongados, pois isso pode iniciar o processo de rea\u00e7\u00e3o nos recipientes de tinta.<\/p>\n<p><img decoding=\"async\" class=\"wp-image-3821 size-large aligncenter\" src=\"https:\/\/shaliteink.com\/wp-content\/uploads\/2025\/04\/Extar-Black-Screen-Printing-Plastisol-Ink-1-1024x992.png\" alt=\"Tinta Plastisol para Serigrafia Preta Extar\" width=\"1024\" height=\"992\" srcset=\"https:\/\/shaliteink.com\/wp-content\/uploads\/2025\/04\/Extar-Black-Screen-Printing-Plastisol-Ink-1-1024x992.png 1024w, https:\/\/shaliteink.com\/wp-content\/uploads\/2025\/04\/Extar-Black-Screen-Printing-Plastisol-Ink-1-300x291.png 300w, https:\/\/shaliteink.com\/wp-content\/uploads\/2025\/04\/Extar-Black-Screen-Printing-Plastisol-Ink-1-768x744.png 768w, https:\/\/shaliteink.com\/wp-content\/uploads\/2025\/04\/Extar-Black-Screen-Printing-Plastisol-Ink-1-1536x1489.png 1536w, https:\/\/shaliteink.com\/wp-content\/uploads\/2025\/04\/Extar-Black-Screen-Printing-Plastisol-Ink-1-2048x1985.png 2048w, https:\/\/shaliteink.com\/wp-content\/uploads\/2025\/04\/Extar-Black-Screen-Printing-Plastisol-Ink-1-12x12.png 12w, https:\/\/shaliteink.com\/wp-content\/uploads\/2025\/04\/Extar-Black-Screen-Printing-Plastisol-Ink-1-1200x1163.png 1200w, https:\/\/shaliteink.com\/wp-content\/uploads\/2025\/04\/Extar-Black-Screen-Printing-Plastisol-Ink-1-150x145.png 150w\" sizes=\"(max-width: 1024px) 100vw, 1024px\" \/><\/p>","protected":false},"excerpt":{"rendered":"<p class=\"ng-star-inserted\">Bem-vindo(a) ao <strong>Shaliteink<\/strong>, seu l\u00edder global em <strong>tinta plastisol para serigrafia<\/strong>Com duas d\u00e9cadas de experi\u00eancia em fabrica\u00e7\u00e3o e vendas diretas da f\u00e1brica, orgulhamo-nos de fazer parceria com marcas mundialmente famosas para lhe oferecer qualidade premium. <strong>tinta plastisol<\/strong>Al\u00e9m de n\u00f3s, <strong>Tinta Plastisol preta<\/strong> Foi projetado para um melhor desempenho, oferecendo um toque suave e otimizado que aumentar\u00e1 a qualidade de suas impress\u00f5es. Diga adeus \u00e0s impress\u00f5es opacas e desbotadas e abrace resultados vibrantes e intensos que s\u00f3 este produto oferece. <strong>shaliteink<\/strong> pode distribuir. Seja voc\u00ea trabalhando com algod\u00e3o, tecidos de corte reto ou outras roupas, nosso <strong>tinta de serigrafia<\/strong> Oferece cobertura e durabilidade extraordin\u00e1rias, tornando-se uma op\u00e7\u00e3o ideal tanto para profissionais experientes quanto para artistas iniciantes. Sinta a diferen\u00e7a que um produto premium pode fazer. <strong>suprimentos para serigrafia<\/strong> pode criar in\u00fameros clientes satisfeitos e incluir aqueles que dependem de <strong>shaliteink<\/strong> para suas necessidades de impress\u00e3o.<\/p>","protected":false},"featured_media":1491,"comment_status":"open","ping_status":"closed","template":"","meta":[],"product_brand":[],"product_cat":[50,63],"product_tag":[],"class_list":{"0":"post-1314","1":"product","2":"type-product","3":"status-publish","4":"has-post-thumbnail","6":"product_cat-black-screen-printing-ink-plastisol","7":"product_cat-plastisol-cmyk-ink","9":"first","10":"instock","11":"shipping-taxable","12":"purchasable","13":"product-type-variable"},"tiered_pricing_type":"fixed","tiered_pricing_fixed_rules":[],"tiered_pricing_product_settings":{"layout":"default","base_unit_name":{"singular":null,"plural":null},"default_variation":null},"tiered_pricing_minimum_quantity":null,"tiered_pricing_roles_data":[],"tiered_pricing_percentage_rules":[],"tiered_pricing_maximum_quantity":null,"tiered_pricing_quantity_step":null,"_links":{"self":[{"href":"https:\/\/shaliteink.com\/pt\/wp-json\/wp\/v2\/product\/1314","targetHints":{"allow":["GET"]}}],"collection":[{"href":"https:\/\/shaliteink.com\/pt\/wp-json\/wp\/v2\/product"}],"about":[{"href":"https:\/\/shaliteink.com\/pt\/wp-json\/wp\/v2\/types\/product"}],"replies":[{"embeddable":true,"href":"https:\/\/shaliteink.com\/pt\/wp-json\/wp\/v2\/comments?post=1314"}],"version-history":[{"count":0,"href":"https:\/\/shaliteink.com\/pt\/wp-json\/wp\/v2\/product\/1314\/revisions"}],"wp:featuredmedia":[{"embeddable":true,"href":"https:\/\/shaliteink.com\/pt\/wp-json\/wp\/v2\/media\/1491"}],"wp:attachment":[{"href":"https:\/\/shaliteink.com\/pt\/wp-json\/wp\/v2\/media?parent=1314"}],"wp:term":[{"taxonomy":"product_brand","embeddable":true,"href":"https:\/\/shaliteink.com\/pt\/wp-json\/wp\/v2\/product_brand?post=1314"},{"taxonomy":"product_cat","embeddable":true,"href":"https:\/\/shaliteink.com\/pt\/wp-json\/wp\/v2\/product_cat?post=1314"},{"taxonomy":"product_tag","embeddable":true,"href":"https:\/\/shaliteink.com\/pt\/wp-json\/wp\/v2\/product_tag?post=1314"}],"curies":[{"name":"wp","href":"https:\/\/api.w.org\/{rel}","templated":true}]}}