{"id":1309,"date":"2025-04-12T11:32:22","date_gmt":"2025-04-12T11:32:22","guid":{"rendered":"https:\/\/shaliteink.com\/?post_type=product&#038;p=1309"},"modified":"2025-12-10T11:31:22","modified_gmt":"2025-12-10T11:31:22","slug":"processo-de-serigrafia-vermelha-tinta-plastisol","status":"publish","type":"product","link":"https:\/\/shaliteink.com\/pt\/produto\/processo-de-serigrafia-vermelha-tinta-plastisol\/","title":{"rendered":"Processo de serigrafia vermelha com tinta plastisol."},"content":{"rendered":"<p>Na Shaliteink, entendemos a import\u00e2ncia da efici\u00eancia e da qualidade na serigrafia. <strong>Tintas plastisol vermelho processo<\/strong> Possui uma textura cremosa e granulada que facilita muito o trabalho na prensa, permitindo impress\u00f5es suaves e consistentes. Sua alta opacidade possibilita resultados vibrantes mesmo em tecidos escuros, muitas vezes reduzindo a necessidade de m\u00faltiplas passagens. Desenvolvemos esta tinta para serigrafia para proporcionar um toque macio, garantindo que seus tecidos finalizados sejam n\u00e3o apenas visualmente atraentes, mas tamb\u00e9m confort\u00e1veis de usar. Com a Shaliteink Process Red, voc\u00ea n\u00e3o est\u00e1 apenas comprando uma tinta; voc\u00ea est\u00e1 investindo em uma solu\u00e7\u00e3o que aumenta a produtividade, reduz o desperd\u00edcio e oferece consistentemente os resultados profissionais que seus clientes esperam.<\/p>\n<h3><img decoding=\"async\" class=\"aligncenter wp-image-4051 size-large\" src=\"https:\/\/shaliteink.com\/wp-content\/uploads\/2025\/04\/Process-Red-Screen-Printing-Plastisol-Ink-1-1024x683.jpg\" alt=\"Processo de serigrafia vermelha com tinta plastisol.\" width=\"1024\" height=\"683\" srcset=\"https:\/\/shaliteink.com\/wp-content\/uploads\/2025\/04\/Process-Red-Screen-Printing-Plastisol-Ink-1-1024x683.jpg 1024w, https:\/\/shaliteink.com\/wp-content\/uploads\/2025\/04\/Process-Red-Screen-Printing-Plastisol-Ink-1-300x200.jpg 300w, https:\/\/shaliteink.com\/wp-content\/uploads\/2025\/04\/Process-Red-Screen-Printing-Plastisol-Ink-1-768x512.jpg 768w, https:\/\/shaliteink.com\/wp-content\/uploads\/2025\/04\/Process-Red-Screen-Printing-Plastisol-Ink-1-1536x1024.jpg 1536w, https:\/\/shaliteink.com\/wp-content\/uploads\/2025\/04\/Process-Red-Screen-Printing-Plastisol-Ink-1-2048x1365.jpg 2048w, https:\/\/shaliteink.com\/wp-content\/uploads\/2025\/04\/Process-Red-Screen-Printing-Plastisol-Ink-1-18x12.jpg 18w, https:\/\/shaliteink.com\/wp-content\/uploads\/2025\/04\/Process-Red-Screen-Printing-Plastisol-Ink-1-1200x800.jpg 1200w, https:\/\/shaliteink.com\/wp-content\/uploads\/2025\/04\/Process-Red-Screen-Printing-Plastisol-Ink-1-150x100.jpg 150w\" sizes=\"(max-width: 1024px) 100vw, 1024px\" \/><\/h3>\n<h3 class=\"ng-star-inserted\"><span class=\"ng-star-inserted\">Principais benef\u00edcios e recursos<\/span><\/h3>\n<ul class=\"ng-star-inserted\">\n<li class=\"ng-star-inserted\">Cura a 160 \u00b0C: Experimente ciclos de produ\u00e7\u00e3o mais r\u00e1pidos e custos de energia mais baixos com nossa cura a baixa temperatura. <strong><a href=\"https:\/\/shaliteink.com\/pt\/categoria-produto\/tinta-plastisol\/\">tinta plastisol<\/a><\/strong>e.<\/li>\n<li class=\"ng-star-inserted\">Impress\u00e3o com toque macio: Obtenha um toque excepcionalmente macio em suas pe\u00e7as estampadas, aumentando o conforto de quem as veste.<\/li>\n<li class=\"ng-star-inserted\">Universal para diversos tecidos: A tinta vers\u00e1til para serigrafia \u00e9 adequada para uma ampla gama de materiais, incluindo algod\u00e3o, misturas de algod\u00e3o\/poli\u00e9ster e outros.<\/li>\n<li class=\"ng-star-inserted\">Baixa migra\u00e7\u00e3o de corantes para tecidos mistos de poli\u00e9ster: Formulado especialmente para reduzir a migra\u00e7\u00e3o de corantes ao trabalhar com tecidos de poli\u00e9ster e misturas de poli\u00e9ster mais complexos.<\/li>\n<li class=\"ng-star-inserted\">Sem ftalatos: ecologicamente correto e seguro tanto para a impressora quanto para o usu\u00e1rio final.<\/li>\n<li class=\"ng-star-inserted\">Altamente opaco: Proporciona cobertura de cor forte e vibrante com poucas dem\u00e3os, mesmo em substratos escuros.<\/li>\n<li class=\"ng-star-inserted\">F\u00e1cil de usar: A textura cremosa e fina garante uma impress\u00e3o suave e reduz a fadiga do operador.<\/li>\n<li class=\"ng-star-inserted\">Acabamento semibrilhante: Proporciona um aspecto profissional e atraente \u00e0s suas impress\u00f5es.<\/li>\n<li class=\"ng-star-inserted\">Vermelho Processo Vibrante: Uma cor vermelha intensa e marcante que chama a aten\u00e7\u00e3o.<\/li>\n<li class=\"ng-star-inserted\">Qualidade direto da f\u00e1brica: Beneficie-se de nossos vinte anos de experi\u00eancia em fabrica\u00e7\u00e3o e vendas diretas, garantindo tintas plastisol de alta qualidade consistente.<\/li>\n<\/ul>\n<h3 class=\"ng-star-inserted\"><span class=\"ng-star-inserted\">Diretrizes de cura<\/span><\/h3>\n<p class=\"ng-star-inserted\"><span class=\"ng-star-inserted\">Obter uma cura adequada \u00e9 crucial para a durabilidade e lavabilidade das suas impress\u00f5es.<strong><a href=\"https:\/\/shaliteink.com\/pt\/\"> Shaliteink<\/a><\/strong> Processo Vermelho\u00a0<\/span><strong><a href=\"https:\/\/shaliteink.com\/pt\/categoria-produto\/tinta-plastisol\/\"><span class=\"ng-star-inserted\">tinta plastisol<\/span><\/a><\/strong><span class=\"ng-star-inserted\">\u00a0\u00c9 projetado para uma cura eficiente.<\/span><\/p>\n<ul class=\"ng-star-inserted\">\n<li class=\"ng-star-inserted\">Temperatura de cura: Nossas tintas plastisol curam completamente a 160\u00b0C (320\u00b0F). Certifique-se de que toda a camada de tinta atinja essa temperatura para uma cura completa.<\/li>\n<li>Temperatura de pr\u00e9-aquecimento: Para impress\u00f5es multicoloridas ou quando for necess\u00e1ria uma base, pr\u00e9-aque\u00e7a a 120\u00b0C a 140\u00b0C (248\u00b0F a 284\u00b0F) por 3 a 5 segundos.<\/li>\n<li>Dica profissional: As leituras de temperatura da superf\u00edcie feitas por pistolas de laser podem ser enganosas. Para uma cura precisa, \u00e9 essencial que toda a camada de tinta atinja a temperatura especificada. Ajuste a velocidade e a temperatura da secadora de acordo com a espessura da camada de tinta e o tipo de tecido. Roupas de algod\u00e3o podem precisar de um tempo de secagem um pouco maior devido \u00e0 absor\u00e7\u00e3o de umidade.<\/li>\n<li><strong class=\"ng-star-inserted\"><span class=\"ng-star-inserted\">Testando para a cura:<\/span><\/strong>\n<ul class=\"ng-star-inserted\">\n<li class=\"ng-star-inserted\">Teste de elasticidade: Ap\u00f3s o resfriamento, estique a estampa at\u00e9 aproximadamente dois ter\u00e7os da elasticidade normal da pe\u00e7a. Se a tinta estourar e n\u00e3o retrair, significa que n\u00e3o secou.<\/li>\n<li class=\"ng-star-inserted\">Teste de lavagem: Para um teste definitivo, lave a pe\u00e7a de 5 a 10 vezes. Sinais de deteriora\u00e7\u00e3o ap\u00f3s 1 a 3 lavagens indicam tratamento inadequado.<\/li>\n<\/ul>\n<\/li>\n<\/ul>\n<h3 class=\"ng-star-inserted\"><span class=\"ng-star-inserted\">Limpar<\/span><\/h3>\n<p>A manuten\u00e7\u00e3o dos seus equipamentos \u00e9 f\u00e1cil com a tinta plastisol vermelha Shaliteink Process.<\/p>\n<ul>\n<li>Na impress\u00e3o: Use um produto de limpeza espec\u00edfico para impressoras plastisol ou um removedor de tinta para limpar rapidamente as telas e os rodos.<\/li>\n<li>Na pia: Para uma limpeza completa da tela, use um produto de limpeza para telas \u00e0 base de plastisol ou um removedor de tinta para eliminar todos os res\u00edduos de tinta.<\/li>\n<\/ul>\n<h3 class=\"ng-star-inserted\"><span class=\"ng-star-inserted\">Informa\u00e7\u00f5es de armazenamento<\/span><\/h3>\n<p>Para maximizar a vida \u00fatil e o desempenho de suas tintas plastisol:<\/p>\n<ul>\n<li>Armazene a tinta plastisol vermelha Shalighteink Process em temperatura ambiente, idealmente entre 18-32\u00b0C (65-90\u00b0F).<\/li>\n<li>Evite a exposi\u00e7\u00e3o prolongada \u00e0 luz solar direta e a temperaturas acima de 32\u00b0C (90\u00b0F), pois isso pode fazer com que a tinta no recipiente solidifique.<\/li>\n<\/ul>\n<h3 class=\"ng-star-inserted\"><span class=\"ng-star-inserted\">Por que escolher a tinta plastisol vermelha Shaliteink Process?<\/span><\/h3>\n<p>Por duas d\u00e9cadas, a Shaliteink tem sido sin\u00f4nimo de qualidade e confiabilidade na ind\u00fastria de serigrafia. Nossa tinta plastisol Process Red incorpora essa tradi\u00e7\u00e3o, oferecendo uma poderosa combina\u00e7\u00e3o de cores vibrantes, opacidade superior e recursos f\u00e1ceis de usar. Seja para imprimir designs complexos ou gr\u00e1ficos ousados, esta tinta para serigrafia proporciona a estabilidade e o desempenho necess\u00e1rios para alcan\u00e7ar resultados de n\u00edvel profissional. Junte-se aos in\u00fameros clientes satisfeitos que confiam na Shaliteink para suas necessidades de tinta plastisol e experimente a diferen\u00e7a que vinte anos de experi\u00eancia podem fazer.<\/p>","protected":false},"excerpt":{"rendered":"<p>Bem-vindo \u00e0 Shaliteink, sua l\u00edder global em tintas plastisol para serigrafia h\u00e1 mais de duas d\u00e9cadas. Com vasta experi\u00eancia em fabrica\u00e7\u00e3o e vendas diretas da f\u00e1brica, trabalhamos em parceria com marcas mundialmente renomadas para oferecer a voc\u00ea solu\u00e7\u00f5es superiores em tintas plastisol. Nossas tintas plastisol vermelhas para serigrafia foram cuidadosamente formuladas para atender \u00e0s exig\u00eancias dos serigrafistas modernos, garantindo resultados excepcionais sempre. Esta tinta plastisol premium proporciona uma cor vermelha vibrante e intensa, sendo a escolha ideal para uma ampla gama de projetos t\u00eaxteis. Projetada para facilidade de uso e desempenho consistente, a Shaliteink Process Red \u00e9 perfeita tanto para profissionais experientes quanto para iniciantes na serigrafia. Experimente a diferen\u00e7a que as tintas plastisol de alta qualidade e sem ftalatos fazem, simplificando seu fluxo de trabalho e elevando a qualidade de suas impress\u00f5es.<\/p>","protected":false},"featured_media":1493,"comment_status":"open","ping_status":"closed","template":"","meta":[],"product_brand":[],"product_cat":[63],"product_tag":[],"class_list":{"0":"post-1309","1":"product","2":"type-product","3":"status-publish","4":"has-post-thumbnail","6":"product_cat-plastisol-cmyk-ink","8":"first","9":"instock","10":"shipping-taxable","11":"purchasable","12":"product-type-variable"},"tiered_pricing_type":"fixed","tiered_pricing_fixed_rules":[],"tiered_pricing_product_settings":{"layout":"default","base_unit_name":{"singular":null,"plural":null},"default_variation":null},"tiered_pricing_minimum_quantity":null,"tiered_pricing_roles_data":[],"tiered_pricing_percentage_rules":[],"tiered_pricing_maximum_quantity":null,"tiered_pricing_quantity_step":null,"_links":{"self":[{"href":"https:\/\/shaliteink.com\/pt\/wp-json\/wp\/v2\/product\/1309","targetHints":{"allow":["GET"]}}],"collection":[{"href":"https:\/\/shaliteink.com\/pt\/wp-json\/wp\/v2\/product"}],"about":[{"href":"https:\/\/shaliteink.com\/pt\/wp-json\/wp\/v2\/types\/product"}],"replies":[{"embeddable":true,"href":"https:\/\/shaliteink.com\/pt\/wp-json\/wp\/v2\/comments?post=1309"}],"version-history":[{"count":0,"href":"https:\/\/shaliteink.com\/pt\/wp-json\/wp\/v2\/product\/1309\/revisions"}],"wp:featuredmedia":[{"embeddable":true,"href":"https:\/\/shaliteink.com\/pt\/wp-json\/wp\/v2\/media\/1493"}],"wp:attachment":[{"href":"https:\/\/shaliteink.com\/pt\/wp-json\/wp\/v2\/media?parent=1309"}],"wp:term":[{"taxonomy":"product_brand","embeddable":true,"href":"https:\/\/shaliteink.com\/pt\/wp-json\/wp\/v2\/product_brand?post=1309"},{"taxonomy":"product_cat","embeddable":true,"href":"https:\/\/shaliteink.com\/pt\/wp-json\/wp\/v2\/product_cat?post=1309"},{"taxonomy":"product_tag","embeddable":true,"href":"https:\/\/shaliteink.com\/pt\/wp-json\/wp\/v2\/product_tag?post=1309"}],"curies":[{"name":"wp","href":"https:\/\/api.w.org\/{rel}","templated":true}]}}