{"id":1299,"date":"2025-04-12T11:24:31","date_gmt":"2025-04-12T11:24:31","guid":{"rendered":"https:\/\/shaliteink.com\/?post_type=product&#038;p=1299"},"modified":"2025-12-10T11:31:55","modified_gmt":"2025-12-10T11:31:55","slug":"tinta-plastisol-violeta-fluorescente-para-serigrafia","status":"publish","type":"product","link":"https:\/\/shaliteink.com\/pt\/produto\/tinta-plastisol-violeta-fluorescente-para-serigrafia\/","title":{"rendered":"Tinta de plastisol para serigrafia violeta fluorescente"},"content":{"rendered":"<p class=\"ng-star-inserted\"><strong class=\"ng-star-inserted\"><span class=\"ng-star-inserted\">T\u00edtulo: Tinta plastisol fluorescente violeta para serigrafia Shaliteink \u2013 Alta opacidade, cura r\u00e1pida, impress\u00f5es vibrantes<\/span><\/strong><\/p>\n<p>O que realmente torna a tinta plastisol para serigrafia violeta fluorescente Shaliteink revolucion\u00e1ria \u00e9 sua baixa temperatura de cura. Curando eficazmente a apenas 160 \u00b0C (320 \u00b0F), esta tinta reduz significativamente o risco de queimaduras ou encolhimento dos tecidos, especialmente ao trabalhar com tecidos sens\u00edveis, como misturas de poli\u00e9ster. Essa menor temperatura de cura se traduz em benef\u00edcios substanciais para sua oficina: ciclos de produ\u00e7\u00e3o mais r\u00e1pidos, menor consumo de energia e maior versatilidade nas pe\u00e7as de vestu\u00e1rio. A impressionante faixa de temperatura de secagem instant\u00e2nea de 120 \u00b0C a 140 \u00b0C (248 \u00b0F a 284 \u00b0F) aumenta ainda mais a efici\u00eancia, permitindo uma secagem intermedi\u00e1ria r\u00e1pida entre as camadas. Experimente uma resist\u00eancia superior \u00e0 migra\u00e7\u00e3o de corantes, garantindo que suas cores violeta fluorescente permane\u00e7am fi\u00e9is e brilhantes ao longo do tempo, mesmo em tecidos de poli\u00e9ster mais exigentes.<\/p>\n<p>Seja para criar vestu\u00e1rio personalizado, itens promocionais ou impress\u00f5es art\u00edsticas, <strong><a href=\"https:\/\/shaliteink.com\/pt\/\">Shaliteink<\/a><\/strong> A tinta plastisol violeta fluorescente oferece a confiabilidade e o desempenho que voc\u00ea precisa. Sua f\u00f3rmula robusta garante excelente resist\u00eancia \u00e0 lavagem e durabilidade, o que significa que suas estampas suportar\u00e3o m\u00faltiplas lavagens sem rachar ou desbotar. Junte-se aos in\u00fameros clientes satisfeitos que confiam na Shaliteink para suas necessidades de tinta para serigrafia e descubra a diferen\u00e7a que a qualidade, a inova\u00e7\u00e3o e vinte anos de experi\u00eancia podem fazer em seu projeto de impress\u00e3o. \u00c9 a tinta plastisol que ajuda os serigrafistas a obterem os resultados mais eficazes e econ\u00f4micos, aumentando a produtividade e economizando dinheiro no processo.<\/p>\n<p><img decoding=\"async\" class=\"aligncenter wp-image-4043 size-large\" src=\"https:\/\/shaliteink.com\/wp-content\/uploads\/2025\/04\/Fluorescent-Violet-Screen-Printing-Plastisol-Ink-1024x683.jpg\" alt=\"Tinta de plastisol para serigrafia violeta fluorescente\" width=\"1024\" height=\"683\" srcset=\"https:\/\/shaliteink.com\/wp-content\/uploads\/2025\/04\/Fluorescent-Violet-Screen-Printing-Plastisol-Ink-1024x683.jpg 1024w, https:\/\/shaliteink.com\/wp-content\/uploads\/2025\/04\/Fluorescent-Violet-Screen-Printing-Plastisol-Ink-300x200.jpg 300w, https:\/\/shaliteink.com\/wp-content\/uploads\/2025\/04\/Fluorescent-Violet-Screen-Printing-Plastisol-Ink-768x512.jpg 768w, https:\/\/shaliteink.com\/wp-content\/uploads\/2025\/04\/Fluorescent-Violet-Screen-Printing-Plastisol-Ink-1536x1024.jpg 1536w, https:\/\/shaliteink.com\/wp-content\/uploads\/2025\/04\/Fluorescent-Violet-Screen-Printing-Plastisol-Ink-2048x1365.jpg 2048w, https:\/\/shaliteink.com\/wp-content\/uploads\/2025\/04\/Fluorescent-Violet-Screen-Printing-Plastisol-Ink-18x12.jpg 18w, https:\/\/shaliteink.com\/wp-content\/uploads\/2025\/04\/Fluorescent-Violet-Screen-Printing-Plastisol-Ink-1200x800.jpg 1200w, https:\/\/shaliteink.com\/wp-content\/uploads\/2025\/04\/Fluorescent-Violet-Screen-Printing-Plastisol-Ink-150x100.jpg 150w\" sizes=\"(max-width: 1024px) 100vw, 1024px\" \/><\/p>\n<p class=\"ng-star-inserted\"><strong class=\"ng-star-inserted\"><span class=\"ng-star-inserted\">Principais benef\u00edcios:<\/span><\/strong><\/p>\n<ul class=\"ng-star-inserted\">\n<li class=\"ng-star-inserted\">Roxo fluorescente vibrante: Obtenha uma cor impactante e que chama a aten\u00e7\u00e3o.<\/li>\n<li class=\"ng-star-inserted\">Cura a 160\u00b0C (320\u00b0F): A cura a baixa temperatura evita que os tecidos queimem e encolham, economizando energia.<\/li>\n<li class=\"ng-star-inserted\">Alta opacidade: Excelente cobertura tanto em tecidos claros quanto escuros, minimizando as passagens de impress\u00e3o.<\/li>\n<li class=\"ng-star-inserted\">Estampa com toque suave: Cria uma sensa\u00e7\u00e3o confort\u00e1vel e premium nas pe\u00e7as de roupa.<\/li>\n<li class=\"ng-star-inserted\">F\u00f3rmula sem ftalatos: Segura e ecologicamente correta.<\/li>\n<li class=\"ng-star-inserted\">F\u00e1cil de usar: Textura cremosa e fina para impress\u00e3o suave e detalhes precisos.<\/li>\n<li class=\"ng-star-inserted\">Aplica\u00e7\u00e3o universal: Adequado para uma variedade de tecidos, incluindo misturas de poli\u00e9ster.<\/li>\n<li class=\"ng-star-inserted\">Secagem r\u00e1pida a 120\u00b0C a 140\u00b0C (248\u00b0F a 284\u00b0F): Secagem intermedi\u00e1ria eficiente.<\/li>\n<\/ul>\n<p class=\"ng-star-inserted\"><strong class=\"ng-star-inserted\"><span class=\"ng-star-inserted\">Instru\u00e7\u00f5es de cura:<\/span><\/strong><\/p>\n<p>A tinta plastisol violeta fluorescente Shaliteink foi projetada para desempenho ideal quando curada a 160 \u00b0C (320 \u00b0F). Assim que toda a camada de tinta atingir e mantiver essa temperatura, a cura estar\u00e1 completa. Para a evapora\u00e7\u00e3o, recomenda-se uma faixa de temperatura de 120 \u00b0C a 140 \u00b0C (248 \u00b0F a 284 \u00b0F) por 3 a 5 segundos. Observe que os tempos exatos de cura e evapora\u00e7\u00e3o podem variar dependendo do seu equipamento, da espessura da camada de tinta e das condi\u00e7\u00f5es ambientais da oficina.<\/p>\n<ul>\n<li>Teste de tratamento: Um teste confi\u00e1vel para o tratamento adequado envolve o &quot;teste de elasticidade&quot;. Estique o tecido estampado at\u00e9 aproximadamente dois ter\u00e7os do seu comprimento original. Se a tinta estourar e n\u00e3o retrair, pode ser que a cicatriza\u00e7\u00e3o n\u00e3o tenha ocorrido corretamente. Para um teste definitivo, lave o tecido ap\u00f3s a tinta esfriar completamente. Uma estampa curada corretamente pode suportar de 5 a 10 lavagens sem deteriorar. Recomendamos fortemente a realiza\u00e7\u00e3o dos testes de elasticidade e lavagem antes de iniciar a produ\u00e7\u00e3o em massa para garantir resultados \u00f3timos.<\/li>\n<li>Mistura de poli\u00e9ster e migra\u00e7\u00e3o de corantes: Nossas tintas de baixa temperatura de cura s\u00e3o formuladas para minimizar a migra\u00e7\u00e3o de corantes, o que \u00e9 especialmente importante ao trabalhar com poli\u00e9ster. Ao curar a 160 \u00b0C, voc\u00ea mant\u00e9m os corantes do tecido abaixo de sua temperatura de ativa\u00e7\u00e3o (geralmente entre 270 \u00b0F e 300 \u00b0F), evitando que manchem sua vibrante tinta roxa.<\/li>\n<\/ul>\n<p class=\"ng-star-inserted\"><strong class=\"ng-star-inserted\"><span class=\"ng-star-inserted\">Limpar:<\/span><\/strong><\/p>\n<p class=\"ng-star-inserted\"><span class=\"ng-star-inserted\">Limpeza ap\u00f3s o uso de Shaliteink\u00a0<\/span><strong><a href=\"https:\/\/shaliteink.com\/pt\/categoria-produto\/tinta-plastisol\/\"><span class=\"ng-star-inserted\">Tinta Plastisol<\/span><\/a><\/strong><span class=\"ng-star-inserted\">\u00a0\u00c9 simples.<\/span><\/p>\n<ul class=\"ng-star-inserted\">\n<li class=\"ng-star-inserted\">Na impress\u00e3o: Utilize um produto de limpeza espec\u00edfico para impressoras plastisol ou um removedor de tinta.<\/li>\n<li class=\"ng-star-inserted\">Na pia: Para telas, use o Limpador de Telas Plastisol ou o Removedor de Tinta para remover eficazmente os res\u00edduos de tinta.<\/li>\n<\/ul>\n<p><img decoding=\"async\" class=\"aligncenter wp-image-4044 size-large\" src=\"https:\/\/shaliteink.com\/wp-content\/uploads\/2025\/04\/Fluorescent-Violet-Screen-Printing-Plastisol-Ink-1-1024x683.jpg\" alt=\"Tinta de plastisol para serigrafia violeta fluorescente\" width=\"1024\" height=\"683\" srcset=\"https:\/\/shaliteink.com\/wp-content\/uploads\/2025\/04\/Fluorescent-Violet-Screen-Printing-Plastisol-Ink-1-1024x683.jpg 1024w, https:\/\/shaliteink.com\/wp-content\/uploads\/2025\/04\/Fluorescent-Violet-Screen-Printing-Plastisol-Ink-1-300x200.jpg 300w, https:\/\/shaliteink.com\/wp-content\/uploads\/2025\/04\/Fluorescent-Violet-Screen-Printing-Plastisol-Ink-1-768x512.jpg 768w, https:\/\/shaliteink.com\/wp-content\/uploads\/2025\/04\/Fluorescent-Violet-Screen-Printing-Plastisol-Ink-1-1536x1024.jpg 1536w, https:\/\/shaliteink.com\/wp-content\/uploads\/2025\/04\/Fluorescent-Violet-Screen-Printing-Plastisol-Ink-1-2048x1365.jpg 2048w, https:\/\/shaliteink.com\/wp-content\/uploads\/2025\/04\/Fluorescent-Violet-Screen-Printing-Plastisol-Ink-1-18x12.jpg 18w, https:\/\/shaliteink.com\/wp-content\/uploads\/2025\/04\/Fluorescent-Violet-Screen-Printing-Plastisol-Ink-1-1200x800.jpg 1200w, https:\/\/shaliteink.com\/wp-content\/uploads\/2025\/04\/Fluorescent-Violet-Screen-Printing-Plastisol-Ink-1-150x100.jpg 150w\" sizes=\"(max-width: 1024px) 100vw, 1024px\" \/><\/p>\n<p class=\"ng-star-inserted\"><strong class=\"ng-star-inserted\"><span class=\"ng-star-inserted\">Informa\u00e7\u00f5es de armazenamento:<\/span><\/strong><\/p>\n<p>Armazene a tinta plastisol violeta fluorescente Shaliteink em temperatura ambiente, idealmente entre 18-32\u00b0C (65-90\u00b0F), e evite a luz solar direta. A exposi\u00e7\u00e3o prolongada a temperaturas acima de 32\u00b0C (90\u00b0F) pode fazer com que a tinta solidifique no recipiente.<\/p>","protected":false},"excerpt":{"rendered":"<p>D\u00ea um toque de sofistica\u00e7\u00e3o aos seus designs t\u00eaxteis com a tinta plastisol para serigrafia violeta fluorescente da Shaliteink, uma escolha premium para serigrafistas profissionais e entusiastas. Com duas d\u00e9cadas de excel\u00eancia em fabrica\u00e7\u00e3o e pre\u00e7os direto da f\u00e1brica, a Shaliteink \u00e9 l\u00edder global, em parceria com marcas mundialmente renomadas para oferecer solu\u00e7\u00f5es superiores em tinta plastisol. Nossa tinta violeta fluorescente foi cuidadosamente desenvolvida para proporcionar impress\u00f5es incrivelmente vibrantes e de alto impacto que chamam a aten\u00e7\u00e3o. Esta tinta excepcional para serigrafia foi projetada para oferecer facilidade de uso incompar\u00e1vel, garantindo uma experi\u00eancia de impress\u00e3o suave e eficiente sempre.<br \/>\nA tinta plastisol violeta fluorescente Shaliteink oferece uma combina\u00e7\u00e3o impressionante de caracter\u00edsticas que a diferenciam. Sua alta opacidade garante uma reprodu\u00e7\u00e3o de cores profundas e vibrantes, mesmo em tecidos escuros, que geralmente exigem menos passagens. Isso n\u00e3o s\u00f3 economiza tempo de produ\u00e7\u00e3o, como tamb\u00e9m reduz o consumo de tinta. Formulada com tinta livre de ftalatos, ela atende aos padr\u00f5es modernos de seguran\u00e7a e meio ambiente, proporcionando tranquilidade. A textura cremosa e de gr\u00e3os finos da tinta facilita muito o trabalho, fluindo suavemente sobre a tela e permitindo detalhes complexos em seus designs. Obtenha impress\u00f5es suaves ao toque, que n\u00e3o s\u00e3o apenas visualmente atraentes, mas tamb\u00e9m agrad\u00e1veis ao toque, aprimorando a qualidade geral de seus produtos finais.<\/p>","protected":false},"featured_media":1509,"comment_status":"open","ping_status":"closed","template":"","meta":[],"product_brand":[],"product_cat":[39],"product_tag":[],"class_list":{"0":"post-1299","1":"product","2":"type-product","3":"status-publish","4":"has-post-thumbnail","6":"product_cat-plastisol-ink","8":"first","9":"instock","10":"shipping-taxable","11":"purchasable","12":"product-type-variable"},"tiered_pricing_type":"fixed","tiered_pricing_fixed_rules":[],"tiered_pricing_product_settings":{"layout":"default","base_unit_name":{"singular":null,"plural":null},"default_variation":null},"tiered_pricing_minimum_quantity":null,"tiered_pricing_roles_data":[],"tiered_pricing_percentage_rules":[],"tiered_pricing_maximum_quantity":null,"tiered_pricing_quantity_step":null,"_links":{"self":[{"href":"https:\/\/shaliteink.com\/pt\/wp-json\/wp\/v2\/product\/1299","targetHints":{"allow":["GET"]}}],"collection":[{"href":"https:\/\/shaliteink.com\/pt\/wp-json\/wp\/v2\/product"}],"about":[{"href":"https:\/\/shaliteink.com\/pt\/wp-json\/wp\/v2\/types\/product"}],"replies":[{"embeddable":true,"href":"https:\/\/shaliteink.com\/pt\/wp-json\/wp\/v2\/comments?post=1299"}],"version-history":[{"count":0,"href":"https:\/\/shaliteink.com\/pt\/wp-json\/wp\/v2\/product\/1299\/revisions"}],"wp:featuredmedia":[{"embeddable":true,"href":"https:\/\/shaliteink.com\/pt\/wp-json\/wp\/v2\/media\/1509"}],"wp:attachment":[{"href":"https:\/\/shaliteink.com\/pt\/wp-json\/wp\/v2\/media?parent=1299"}],"wp:term":[{"taxonomy":"product_brand","embeddable":true,"href":"https:\/\/shaliteink.com\/pt\/wp-json\/wp\/v2\/product_brand?post=1299"},{"taxonomy":"product_cat","embeddable":true,"href":"https:\/\/shaliteink.com\/pt\/wp-json\/wp\/v2\/product_cat?post=1299"},{"taxonomy":"product_tag","embeddable":true,"href":"https:\/\/shaliteink.com\/pt\/wp-json\/wp\/v2\/product_tag?post=1299"}],"curies":[{"name":"wp","href":"https:\/\/api.w.org\/{rel}","templated":true}]}}