{"id":1294,"date":"2025-04-12T11:20:59","date_gmt":"2025-04-12T11:20:59","guid":{"rendered":"https:\/\/shaliteink.com\/?post_type=product&#038;p=1294"},"modified":"2025-12-10T11:30:15","modified_gmt":"2025-12-10T11:30:15","slug":"tinta-plastisol-fluorescente-rosa-vermelha-para-serigrafia","status":"publish","type":"product","link":"https:\/\/shaliteink.com\/pt\/produto\/tinta-plastisol-fluorescente-rosa-vermelha-para-serigrafia\/","title":{"rendered":"Tinta de plastisol para serigrafia fluorescente rosa vermelha"},"content":{"rendered":"<h3 class=\"ng-star-inserted\"><span class=\"ng-star-inserted\">Principais benef\u00edcios que voc\u00ea vai adorar:<\/span><\/h3>\n<ul class=\"ng-star-inserted\">\n<li class=\"ng-star-inserted\">Vermelho Rosado Fluorescente Brilhante: Consiga estampas vibrantes e chamativas que atraem a aten\u00e7\u00e3o.<\/li>\n<li class=\"ng-star-inserted\">Temperatura ideal de cura: Cura eficientemente a 160\u00b0C, reduzindo o tempo de produ\u00e7\u00e3o e protegendo a pe\u00e7a de vestu\u00e1rio contra queimaduras.<\/li>\n<li class=\"ng-star-inserted\">Toque macio: Cria estampas incrivelmente macias e flex\u00edveis que n\u00e3o comprometem o caimento natural do tecido.<\/li>\n<li class=\"ng-star-inserted\">Compatibilidade universal com tecidos: Excelente para uma ampla gama de materiais, tornando-se uma escolha vers\u00e1til para diversos projetos de serigrafia.<\/li>\n<li class=\"ng-star-inserted\">Baixa transfer\u00eancia de corantes para misturas de poli\u00e9ster: Formulado especialmente para reduzir a migra\u00e7\u00e3o de corantes em tecidos de poli\u00e9ster e misturas de poli\u00e9ster, garantindo resultados n\u00edtidos e precisos.<\/li>\n<li class=\"ng-star-inserted\">F\u00f3rmula sem ftalatos: Compromisso com a seguran\u00e7a e a responsabilidade ambiental.<\/li>\n<li class=\"ng-star-inserted\">Opacidade superior: Proporciona cores intensas e vibrantes tanto em tecidos claros quanto escuros, muitas vezes sem a necessidade de base.<\/li>\n<li class=\"ng-star-inserted\">Consist\u00eancia ideal para o usu\u00e1rio: Sua textura cremosa e de gr\u00e3os finos facilita o trabalho, garantindo uma aplica\u00e7\u00e3o suave e detalhes precisos.<\/li>\n<li class=\"ng-star-inserted\">Acabamento semibrilhante: Proporciona um brilho profissional e atraente que real\u00e7a o seu design.<\/li>\n<\/ul>\n<h3><img decoding=\"async\" class=\"aligncenter wp-image-4040 size-large\" src=\"https:\/\/shaliteink.com\/wp-content\/uploads\/2025\/04\/Fluorescent-Rose-Red-Screen-Printing-Plastisol-Ink-1024x683.jpg\" alt=\"Tinta de plastisol para serigrafia fluorescente rosa vermelha\" width=\"1024\" height=\"683\" srcset=\"https:\/\/shaliteink.com\/wp-content\/uploads\/2025\/04\/Fluorescent-Rose-Red-Screen-Printing-Plastisol-Ink-1024x683.jpg 1024w, https:\/\/shaliteink.com\/wp-content\/uploads\/2025\/04\/Fluorescent-Rose-Red-Screen-Printing-Plastisol-Ink-300x200.jpg 300w, https:\/\/shaliteink.com\/wp-content\/uploads\/2025\/04\/Fluorescent-Rose-Red-Screen-Printing-Plastisol-Ink-768x512.jpg 768w, https:\/\/shaliteink.com\/wp-content\/uploads\/2025\/04\/Fluorescent-Rose-Red-Screen-Printing-Plastisol-Ink-1536x1024.jpg 1536w, https:\/\/shaliteink.com\/wp-content\/uploads\/2025\/04\/Fluorescent-Rose-Red-Screen-Printing-Plastisol-Ink-2048x1365.jpg 2048w, https:\/\/shaliteink.com\/wp-content\/uploads\/2025\/04\/Fluorescent-Rose-Red-Screen-Printing-Plastisol-Ink-18x12.jpg 18w, https:\/\/shaliteink.com\/wp-content\/uploads\/2025\/04\/Fluorescent-Rose-Red-Screen-Printing-Plastisol-Ink-1200x800.jpg 1200w, https:\/\/shaliteink.com\/wp-content\/uploads\/2025\/04\/Fluorescent-Rose-Red-Screen-Printing-Plastisol-Ink-150x100.jpg 150w\" sizes=\"(max-width: 1024px) 100vw, 1024px\" \/><\/h3>\n<h3 class=\"ng-star-inserted\"><span class=\"ng-star-inserted\">Descri\u00e7\u00e3o:<\/span><\/h3>\n<p>Nosso <strong>Tinta de plastisol para serigrafia fluorescente rosa vermelha <\/strong>\u00c9 mais do que apenas uma cor \u2013 \u00e9 uma declara\u00e7\u00e3o. Criado com precis\u00e3o e paix\u00e3o por <strong><a href=\"https:\/\/shaliteink.com\/pt\/\">Shaliteink<\/a><\/strong>, esse <strong><a href=\"https:\/\/shaliteink.com\/pt\/categoria-produto\/tinta-plastisol\/\">tinta plastisol<\/a><\/strong> Proporciona um acabamento brilhante e de alto impacto que se destaca. Projetada para o serigrafista moderno, destaca-se pela sua versatilidade, tornando-se a tinta ideal para serigrafia em uma ampla variedade de materiais, incluindo misturas de poli\u00e9ster mais complexas. A cura inovadora em baixa temperatura, a 160 \u00b0C (320 \u00b0F), reduz significativamente o risco de encolhimento e desbotamento do tecido, um problema comum com tintas de cura em altas temperaturas. Isso n\u00e3o s\u00f3 protege suas roupas, como tamb\u00e9m agiliza o processo de produ\u00e7\u00e3o, permitindo prazos de entrega mais r\u00e1pidos sem a necessidade de secadores de esteira caros e de alta pot\u00eancia.<\/p>\n<p>A textura rica, cremosa e fina da tinta garante uma a\u00e7\u00e3o suave, deslizando facilmente pela tela para impress\u00f5es sempre n\u00edtidas e detalhadas. Sua alta opacidade permite obter resultados vibrantes e com cores fi\u00e9is, mesmo em tecidos escuros. Para obter cores ainda mais vibrantes em roupas extremamente escuras, considere usar uma base branca para um brilho intenso. Na Shaliteink, entendemos as nuances da serigrafia, e nossa tinta Plastisol Rosa Vermelho Fluorescente \u00e9 a prova do nosso compromisso em fornecer produtos que atendem e superam os padr\u00f5es da ind\u00fastria. Experimente a diferen\u00e7a Shaliteink: qualidade em que voc\u00ea pode confiar, cores que encantam.<\/p>\n<h3 class=\"ng-star-inserted\"><span class=\"ng-star-inserted\">Instru\u00e7\u00f5es de cura para a tinta plastisol rosa vermelho fluorescente Shaliteink:<\/span><\/h3>\n<ul class=\"ng-star-inserted\">\n<li class=\"ng-star-inserted\">Temperatura de cura: A cura completa deve ser alcan\u00e7ada a 160\u00b0C (320\u00b0F). Certifique-se de que toda a camada de tinta atinja e mantenha essa temperatura para que a cura seja completa.<\/li>\n<li class=\"ng-star-inserted\">Temperatura do flash: Flash entre 120\u2103 e 140\u2103 (248-284\u00b0F) por 3 a 5 segundos.<\/li>\n<li class=\"ng-star-inserted\">Teste de cura completa: Recomendamos realizar testes de elasticidade e lavagem antes da produ\u00e7\u00e3o em larga escala. Para o teste de elasticidade, estique a pe\u00e7a estampada em aproximadamente dois ter\u00e7os do seu comprimento; se a tinta estourar e n\u00e3o retrair, pode ser que n\u00e3o tenha cicatrizado corretamente. Para o teste de lavagem, aguarde 24 horas ap\u00f3s a estampa e lave a pe\u00e7a de 5 a 10 vezes. Sinais de deteriora\u00e7\u00e3o ap\u00f3s 1 a 3 lavagens indicam tratamento insuficiente. Se o teste falhar, ajuste o tempo de contato ou a temperatura. Os melhores resultados s\u00e3o frequentemente observados no algod\u00e3o 100%, mas nossas tintas plastisol t\u00eam bom desempenho em diversos tecidos.<\/li>\n<\/ul>\n<p>Dica profissional para misturas de poli\u00e9ster: A baixa temperatura de cura da tinta plastisol Shaliteink \u00e9 especialmente ben\u00e9fica para tecidos de poli\u00e9ster e misturas de poli\u00e9ster. Ao curar a 160 \u00b0C, voc\u00ea reduz significativamente o risco de migra\u00e7\u00e3o da tinta, j\u00e1 que muitas tintas para poli\u00e9ster s\u00e3o ativadas em temperaturas mais altas (normalmente entre 132 \u00b0C e 149 \u00b0C). A cura abaixo desse ponto de sangramento ajuda a evitar que a tinta do tecido libere gases e manche a estampa, mantendo a integridade e o brilho do seu rosa-avermelhado fluorescente.<\/p>\n<h3><img decoding=\"async\" class=\"aligncenter wp-image-4041 size-large\" src=\"https:\/\/shaliteink.com\/wp-content\/uploads\/2025\/04\/Fluorescent-Rose-Red-Screen-Printing-Plastisol-Ink-1-1024x683.jpg\" alt=\"Tinta de plastisol para serigrafia fluorescente rosa vermelha\" width=\"1024\" height=\"683\" srcset=\"https:\/\/shaliteink.com\/wp-content\/uploads\/2025\/04\/Fluorescent-Rose-Red-Screen-Printing-Plastisol-Ink-1-1024x683.jpg 1024w, https:\/\/shaliteink.com\/wp-content\/uploads\/2025\/04\/Fluorescent-Rose-Red-Screen-Printing-Plastisol-Ink-1-300x200.jpg 300w, https:\/\/shaliteink.com\/wp-content\/uploads\/2025\/04\/Fluorescent-Rose-Red-Screen-Printing-Plastisol-Ink-1-768x512.jpg 768w, https:\/\/shaliteink.com\/wp-content\/uploads\/2025\/04\/Fluorescent-Rose-Red-Screen-Printing-Plastisol-Ink-1-1536x1024.jpg 1536w, https:\/\/shaliteink.com\/wp-content\/uploads\/2025\/04\/Fluorescent-Rose-Red-Screen-Printing-Plastisol-Ink-1-2048x1365.jpg 2048w, https:\/\/shaliteink.com\/wp-content\/uploads\/2025\/04\/Fluorescent-Rose-Red-Screen-Printing-Plastisol-Ink-1-18x12.jpg 18w, https:\/\/shaliteink.com\/wp-content\/uploads\/2025\/04\/Fluorescent-Rose-Red-Screen-Printing-Plastisol-Ink-1-1200x800.jpg 1200w, https:\/\/shaliteink.com\/wp-content\/uploads\/2025\/04\/Fluorescent-Rose-Red-Screen-Printing-Plastisol-Ink-1-150x100.jpg 150w\" sizes=\"(max-width: 1024px) 100vw, 1024px\" \/><\/h3>\n<h3 class=\"ng-star-inserted\"><span class=\"ng-star-inserted\">Limpar:<\/span><\/h3>\n<ul class=\"ng-star-inserted\">\n<li class=\"ng-star-inserted\">Na impress\u00e3o: Utilize um produto de limpeza espec\u00edfico para plastisol ou um removedor de tinta para limpar rapidamente a tela entre as impress\u00f5es ou para trocas de cor.<\/li>\n<li class=\"ng-star-inserted\">Na pia: Para uma limpeza completa da tela, use um produto de limpeza para telas \u00e0 base de plastisol ou um removedor de tinta.<\/li>\n<\/ul>\n<h3 class=\"ng-star-inserted\"><span class=\"ng-star-inserted\">Informa\u00e7\u00f5es de armazenamento:<\/span><\/h3>\n<p>Armazene a tinta plastisol para serigrafia rosa fluorescente Shaliteink em local fresco e seco, entre 18 e 32 \u00b0C (65 e 90 \u00b0F), longe da luz solar direta. A exposi\u00e7\u00e3o prolongada a temperaturas acima desse limite pode causar a cura prematura da tinta dentro da embalagem.<\/p>\n<p>A Shaliteink \u00e9 sua fonte confi\u00e1vel de tintas plastisol de alta qualidade. Experimente cores vibrantes, desempenho confi\u00e1vel e suporte ao cliente excepcional em cada compra.<\/p>","protected":false},"excerpt":{"rendered":"<p>A Shaliteink orgulhosamente apresenta sua tinta plastisol rosa fluorescente para serigrafia, uma solu\u00e7\u00e3o vibrante e de alto desempenho, projetada para dar vida aos seus designs com um brilho \u00fanico. Com mais de duas d\u00e9cadas de experi\u00eancia em fabrica\u00e7\u00e3o e vendas diretas da f\u00e1brica, a Shaliteink \u00e9 l\u00edder global no varejo de tintas plastisol, sendo parceira de diversas marcas mundialmente renomadas. Nossa tinta rosa fluorescente incorpora essa tradi\u00e7\u00e3o, oferecendo qualidade e consist\u00eancia excepcionais para todas as suas necessidades de serigrafia.<\/p>","protected":false},"featured_media":1513,"comment_status":"open","ping_status":"closed","template":"","meta":[],"product_brand":[],"product_cat":[39],"product_tag":[],"class_list":{"0":"post-1294","1":"product","2":"type-product","3":"status-publish","4":"has-post-thumbnail","6":"product_cat-plastisol-ink","8":"first","9":"instock","10":"shipping-taxable","11":"purchasable","12":"product-type-variable"},"tiered_pricing_type":"fixed","tiered_pricing_fixed_rules":[],"tiered_pricing_product_settings":{"layout":"default","base_unit_name":{"singular":null,"plural":null},"default_variation":null},"tiered_pricing_minimum_quantity":null,"tiered_pricing_roles_data":[],"tiered_pricing_percentage_rules":[],"tiered_pricing_maximum_quantity":null,"tiered_pricing_quantity_step":null,"_links":{"self":[{"href":"https:\/\/shaliteink.com\/pt\/wp-json\/wp\/v2\/product\/1294","targetHints":{"allow":["GET"]}}],"collection":[{"href":"https:\/\/shaliteink.com\/pt\/wp-json\/wp\/v2\/product"}],"about":[{"href":"https:\/\/shaliteink.com\/pt\/wp-json\/wp\/v2\/types\/product"}],"replies":[{"embeddable":true,"href":"https:\/\/shaliteink.com\/pt\/wp-json\/wp\/v2\/comments?post=1294"}],"version-history":[{"count":0,"href":"https:\/\/shaliteink.com\/pt\/wp-json\/wp\/v2\/product\/1294\/revisions"}],"wp:featuredmedia":[{"embeddable":true,"href":"https:\/\/shaliteink.com\/pt\/wp-json\/wp\/v2\/media\/1513"}],"wp:attachment":[{"href":"https:\/\/shaliteink.com\/pt\/wp-json\/wp\/v2\/media?parent=1294"}],"wp:term":[{"taxonomy":"product_brand","embeddable":true,"href":"https:\/\/shaliteink.com\/pt\/wp-json\/wp\/v2\/product_brand?post=1294"},{"taxonomy":"product_cat","embeddable":true,"href":"https:\/\/shaliteink.com\/pt\/wp-json\/wp\/v2\/product_cat?post=1294"},{"taxonomy":"product_tag","embeddable":true,"href":"https:\/\/shaliteink.com\/pt\/wp-json\/wp\/v2\/product_tag?post=1294"}],"curies":[{"name":"wp","href":"https:\/\/api.w.org\/{rel}","templated":true}]}}