{"id":1288,"date":"2025-04-12T10:21:39","date_gmt":"2025-04-12T10:21:39","guid":{"rendered":"https:\/\/shaliteink.com\/?post_type=product&#038;p=1288"},"modified":"2025-12-10T11:27:05","modified_gmt":"2025-12-10T11:27:05","slug":"tinta-plastisol-rosa-fluorescente-para-serigrafia","status":"publish","type":"product","link":"https:\/\/shaliteink.com\/pt\/produto\/tinta-plastisol-rosa-fluorescente-para-serigrafia\/","title":{"rendered":"Tinta plastisol para serigrafia rosa fluorescente"},"content":{"rendered":"<p class=\"ng-star-inserted\"><strong class=\"ng-star-inserted\"><span class=\"ng-star-inserted\">Principais benef\u00edcios da tinta plastisol rosa fluorescente Shaliteink:<\/span><\/strong><\/p>\n<ul class=\"ng-star-inserted\">\n<li class=\"ng-star-inserted\">Rosa fluorescente vibrante: Consiga estampas chamativas e vibrantes que se destacam.<\/li>\n<li class=\"ng-star-inserted\">Baixa temperatura de cura: Cura eficientemente a 160 \u00b0C (320 \u00b0F), reduzindo os custos de energia e o risco de queimar a pe\u00e7a de roupa.<\/li>\n<li class=\"ng-star-inserted\">Textura macia ao toque: Cria um acabamento suave e confort\u00e1vel nas roupas.<\/li>\n<li class=\"ng-star-inserted\">Altamente opaco: Excelente cobertura mesmo sobre roupas escuras, muitas vezes eliminando a necessidade de base.<\/li>\n<li class=\"ng-star-inserted\">Compatibilidade universal com tecidos: Funciona perfeitamente com uma ampla variedade de tecidos, incluindo algod\u00e3o, poli\u00e9ster e misturas.<\/li>\n<li class=\"ng-star-inserted\">F\u00f3rmula sem ftalatos: Ecologicamente correta e segura para uso.<\/li>\n<li class=\"ng-star-inserted\">Compatibilidade amig\u00e1vel ao usu\u00e1rio: F\u00e1cil de operar, proporciona uma experi\u00eancia de impress\u00e3o perfeita.<\/li>\n<li class=\"ng-star-inserted\">REDUZ O SANGRAMENTO: Formulado especialmente para misturas de poli\u00e9ster para reduzir a migra\u00e7\u00e3o de corantes.<\/li>\n<li class=\"ng-star-inserted\">Tempo de evapora\u00e7\u00e3o r\u00e1pido: Aquece rapidamente entre 120\u00b0C e 140\u00b0C (248\u00b0F e 284\u00b0F), aumentando a efici\u00eancia da produ\u00e7\u00e3o.<\/li>\n<\/ul>\n<p><img decoding=\"async\" class=\"aligncenter wp-image-4036 size-large\" src=\"https:\/\/shaliteink.com\/wp-content\/uploads\/2025\/04\/Fluorescent-Pink-Screen-Printing-Plastisol-Ink-1024x683.jpg\" alt=\"Tinta plastisol para serigrafia rosa fluorescente\" width=\"1024\" height=\"683\" srcset=\"https:\/\/shaliteink.com\/wp-content\/uploads\/2025\/04\/Fluorescent-Pink-Screen-Printing-Plastisol-Ink-1024x683.jpg 1024w, https:\/\/shaliteink.com\/wp-content\/uploads\/2025\/04\/Fluorescent-Pink-Screen-Printing-Plastisol-Ink-300x200.jpg 300w, https:\/\/shaliteink.com\/wp-content\/uploads\/2025\/04\/Fluorescent-Pink-Screen-Printing-Plastisol-Ink-768x512.jpg 768w, https:\/\/shaliteink.com\/wp-content\/uploads\/2025\/04\/Fluorescent-Pink-Screen-Printing-Plastisol-Ink-1536x1024.jpg 1536w, https:\/\/shaliteink.com\/wp-content\/uploads\/2025\/04\/Fluorescent-Pink-Screen-Printing-Plastisol-Ink-2048x1365.jpg 2048w, https:\/\/shaliteink.com\/wp-content\/uploads\/2025\/04\/Fluorescent-Pink-Screen-Printing-Plastisol-Ink-18x12.jpg 18w, https:\/\/shaliteink.com\/wp-content\/uploads\/2025\/04\/Fluorescent-Pink-Screen-Printing-Plastisol-Ink-1200x800.jpg 1200w, https:\/\/shaliteink.com\/wp-content\/uploads\/2025\/04\/Fluorescent-Pink-Screen-Printing-Plastisol-Ink-150x100.jpg 150w\" sizes=\"(max-width: 1024px) 100vw, 1024px\" \/><\/p>\n<p>Shaliteink <strong>Tinta plastisol rosa fluorescente<\/strong> Desenvolvida por serigrafistas, para serigrafistas, esta tinta oferece desempenho e valor incompar\u00e1veis. Pronta para uso, a tinta plastisol flui facilmente do balde, garantindo impress\u00f5es consistentes e de alta qualidade em todas as aplica\u00e7\u00f5es. Suas cores vibrantes e opacidade superior a tornam a escolha ideal para criar designs ousados e impactantes.<\/p>\n<p>A baixa temperatura de cura da nossa tinta plastisol rosa fluorescente proporciona ganhos significativos em velocidade de produ\u00e7\u00e3o e menor consumo de energia. Ao tratar o tecido a apenas 160 \u00b0C (320 \u00b0F), voc\u00ea reduz o risco de encolhimento ou queimaduras em tecidos sens\u00edveis ao calor. Isso tamb\u00e9m ajuda a evitar a transfer\u00eancia de corante, especialmente ao trabalhar com misturas de poli\u00e9ster, j\u00e1 que a tinta cura abaixo do ponto de sangramento t\u00edpico da maioria dos corantes para poli\u00e9ster. Isso \u00e9 particularmente importante para obter estampas n\u00edtidas e precisas em tecidos mais delicados.<\/p>\n<p>Nosso <strong><a href=\"https:\/\/shaliteink.com\/pt\/categoria-produto\/tinta-plastisol\/\">tinta plastisol<\/a><\/strong> Forma uma forte liga\u00e7\u00e3o mec\u00e2nica com as fibras do tecido, garantindo durabilidade e resist\u00eancia \u00e0 lavagem. Para melhores resultados, recomendamos o uso de fibras naturais, sendo o algod\u00e3o 100% ideal. Ao imprimir em tecidos escuros, embora nossas tintas sejam altamente opacas, uma base branca pode real\u00e7ar ainda mais o brilho da cor rosa fluorescente.<\/p>\n<p class=\"ng-star-inserted\"><strong class=\"ng-star-inserted\"><span class=\"ng-star-inserted\">Orienta\u00e7\u00f5es de cura:<\/span><\/strong><\/p>\n<ul class=\"ng-star-inserted\">\n<li class=\"ng-star-inserted\">Cura a 160\u00b0C (320\u00b0F). A tinta estar\u00e1 completamente curada quando toda a camada de tinta atingir 160\u00b0C (320\u00b0F).<\/li>\n<li class=\"ng-star-inserted\">Secagem r\u00e1pida a 120\u00b0C a 140\u00b0C (248\u00b0F a 284\u00b0F) por 3 a 5 segundos. Os tempos de secagem e cura podem variar dependendo do equipamento, da espessura da camada de tinta e do tipo de vestu\u00e1rio.<\/li>\n<li class=\"ng-star-inserted\">Teste de elasticidade: Ap\u00f3s a cura, estique a pe\u00e7a estampada at\u00e9 aproximadamente dois ter\u00e7os do seu comprimento. Se a estampa romper e n\u00e3o voltar ao normal, pode ser que n\u00e3o tenha cicatrizado corretamente.<\/li>\n<li class=\"ng-star-inserted\">Teste de Lavagem: Aguarde 24 horas ap\u00f3s o tratamento antes de realizar o teste de lavagem. A cura completa geralmente \u00e9 confirmada ap\u00f3s 5 a 10 lavagens, embora, em casos graves, se a condi\u00e7\u00e3o n\u00e3o for curada, ela possa piorar ap\u00f3s 1 a 3 lavagens.<\/li>\n<li>Dica profissional: As leituras de temperatura da superf\u00edcie feitas com pistolas de laser podem ser enganosas. Para medi\u00e7\u00f5es de cura precisas, especialmente com dep\u00f3sitos espessos de tinta, recomenda-se o uso de sondas em formato de rosca ou fitas de temperatura para garantir que toda a camada de tinta atinja a temperatura desejada.<\/li>\n<\/ul>\n<p><img decoding=\"async\" class=\"aligncenter wp-image-4037 size-large\" src=\"https:\/\/shaliteink.com\/wp-content\/uploads\/2025\/04\/Fluorescent-Pink-Screen-Printing-Plastisol-Ink-1-1024x683.jpg\" alt=\"Tinta plastisol para serigrafia rosa fluorescente\" width=\"1024\" height=\"683\" srcset=\"https:\/\/shaliteink.com\/wp-content\/uploads\/2025\/04\/Fluorescent-Pink-Screen-Printing-Plastisol-Ink-1-1024x683.jpg 1024w, https:\/\/shaliteink.com\/wp-content\/uploads\/2025\/04\/Fluorescent-Pink-Screen-Printing-Plastisol-Ink-1-300x200.jpg 300w, https:\/\/shaliteink.com\/wp-content\/uploads\/2025\/04\/Fluorescent-Pink-Screen-Printing-Plastisol-Ink-1-768x512.jpg 768w, https:\/\/shaliteink.com\/wp-content\/uploads\/2025\/04\/Fluorescent-Pink-Screen-Printing-Plastisol-Ink-1-1536x1024.jpg 1536w, https:\/\/shaliteink.com\/wp-content\/uploads\/2025\/04\/Fluorescent-Pink-Screen-Printing-Plastisol-Ink-1-2048x1365.jpg 2048w, https:\/\/shaliteink.com\/wp-content\/uploads\/2025\/04\/Fluorescent-Pink-Screen-Printing-Plastisol-Ink-1-18x12.jpg 18w, https:\/\/shaliteink.com\/wp-content\/uploads\/2025\/04\/Fluorescent-Pink-Screen-Printing-Plastisol-Ink-1-1200x800.jpg 1200w, https:\/\/shaliteink.com\/wp-content\/uploads\/2025\/04\/Fluorescent-Pink-Screen-Printing-Plastisol-Ink-1-150x100.jpg 150w\" sizes=\"(max-width: 1024px) 100vw, 1024px\" \/><\/p>\n<p class=\"ng-star-inserted\"><strong class=\"ng-star-inserted\"><span class=\"ng-star-inserted\">Limpar:<\/span><\/strong><\/p>\n<ul>\n<li>Na impress\u00e3o: Utilize um produto de limpeza\/degradante de tinta espec\u00edfico para plastisol.<\/li>\n<\/ul>\n<p>Limpeza da tela: Utilize um produto de limpeza\/removedor de tinta plastisol para uma limpeza completa.<\/p>\n<p class=\"ng-star-inserted\"><strong class=\"ng-star-inserted\"><span class=\"ng-star-inserted\">Informa\u00e7\u00f5es de armazenamento:<\/span><\/strong><\/p>\n<ul class=\"ng-star-inserted\">\n<li class=\"ng-star-inserted\">Armazene a tinta plastisol rosa fluorescente Shaliteink em temperatura ambiente, idealmente entre 18-32\u00b0C (65-90\u00b0F), e evite a luz solar direta. A exposi\u00e7\u00e3o prolongada a temperaturas acima de 32\u00b0C (90\u00b0F) pode fazer com que a tinta solidifique no recipiente.<\/li>\n<\/ul>\n<p>Escolher <strong><a href=\"https:\/\/shaliteink.com\/pt\/\">Shaliteink<\/a><\/strong> Para suas necessidades de serigrafia, experimente a diferen\u00e7a que vinte anos de experi\u00eancia fazem. Nossa tinta plastisol rosa fluorescente oferece qualidade excepcional, cores vibrantes e facilidade de uso, tornando-a a escolha perfeita para o seu pr\u00f3ximo projeto.<\/p>\n<p>&nbsp;<\/p>","protected":false},"excerpt":{"rendered":"<p>Com mais de duas d\u00e9cadas de experi\u00eancia em fabrica\u00e7\u00e3o, a Shaliteink \u00e9 l\u00edder global em tintas para serigrafia, oferecendo pre\u00e7os direto da f\u00e1brica. Temos orgulho de sermos parceiros de diversas marcas mundialmente renomadas, trazendo a voc\u00ea produtos de qualidade premium, projetados para resultados excepcionais. Nossa especialidade s\u00e3o as tintas plastisol para serigrafia, e estamos entusiasmados em apresentar nosso vibrante rosa fluorescente.<\/p>","protected":false},"featured_media":1507,"comment_status":"open","ping_status":"closed","template":"","meta":[],"product_brand":[],"product_cat":[39],"product_tag":[],"class_list":{"0":"post-1288","1":"product","2":"type-product","3":"status-publish","4":"has-post-thumbnail","6":"product_cat-plastisol-ink","8":"first","9":"instock","10":"shipping-taxable","11":"purchasable","12":"product-type-variable"},"tiered_pricing_type":"fixed","tiered_pricing_fixed_rules":[],"tiered_pricing_product_settings":{"layout":"default","base_unit_name":{"singular":null,"plural":null},"default_variation":null},"tiered_pricing_minimum_quantity":null,"tiered_pricing_roles_data":[],"tiered_pricing_percentage_rules":[],"tiered_pricing_maximum_quantity":null,"tiered_pricing_quantity_step":null,"_links":{"self":[{"href":"https:\/\/shaliteink.com\/pt\/wp-json\/wp\/v2\/product\/1288","targetHints":{"allow":["GET"]}}],"collection":[{"href":"https:\/\/shaliteink.com\/pt\/wp-json\/wp\/v2\/product"}],"about":[{"href":"https:\/\/shaliteink.com\/pt\/wp-json\/wp\/v2\/types\/product"}],"replies":[{"embeddable":true,"href":"https:\/\/shaliteink.com\/pt\/wp-json\/wp\/v2\/comments?post=1288"}],"version-history":[{"count":0,"href":"https:\/\/shaliteink.com\/pt\/wp-json\/wp\/v2\/product\/1288\/revisions"}],"wp:featuredmedia":[{"embeddable":true,"href":"https:\/\/shaliteink.com\/pt\/wp-json\/wp\/v2\/media\/1507"}],"wp:attachment":[{"href":"https:\/\/shaliteink.com\/pt\/wp-json\/wp\/v2\/media?parent=1288"}],"wp:term":[{"taxonomy":"product_brand","embeddable":true,"href":"https:\/\/shaliteink.com\/pt\/wp-json\/wp\/v2\/product_brand?post=1288"},{"taxonomy":"product_cat","embeddable":true,"href":"https:\/\/shaliteink.com\/pt\/wp-json\/wp\/v2\/product_cat?post=1288"},{"taxonomy":"product_tag","embeddable":true,"href":"https:\/\/shaliteink.com\/pt\/wp-json\/wp\/v2\/product_tag?post=1288"}],"curies":[{"name":"wp","href":"https:\/\/api.w.org\/{rel}","templated":true}]}}