{"id":1281,"date":"2025-04-12T10:09:45","date_gmt":"2025-04-12T10:09:45","guid":{"rendered":"https:\/\/shaliteink.com\/?post_type=product&#038;p=1281"},"modified":"2025-12-10T11:30:49","modified_gmt":"2025-12-10T11:30:49","slug":"tinta-plastisol-fluorescente-rosa-avermelhada-para-serigrafia","status":"publish","type":"product","link":"https:\/\/shaliteink.com\/pt\/produto\/tinta-plastisol-fluorescente-rosa-avermelhada-para-serigrafia\/","title":{"rendered":"Tinta de plastisol fluorescente vermelha rosa para serigrafia"},"content":{"rendered":"<h2 class=\"ng-star-inserted\"><span class=\"ng-star-inserted\">Principais benef\u00edcios da tinta Shaliteink vermelho-rosa fluorescente\u00a0<\/span><strong class=\"ng-star-inserted\"><span class=\"ng-star-inserted\">Tinta Plastisol<\/span><\/strong><span class=\"ng-star-inserted\">:<\/span><\/h2>\n<ul class=\"ng-star-inserted\">\n<li class=\"ng-star-inserted\">Vermelho e rosa fluorescentes vibrantes: Consiga designs brilhantes e inesquec\u00edveis que realmente se destacam.<\/li>\n<li class=\"ng-star-inserted\">Temperatura ideal de cura: Trata de forma eficiente a apenas 160\u00b0C (320\u00b0F), reduzindo o consumo de energia e protegendo as roupas do superaquecimento.<\/li>\n<li class=\"ng-star-inserted\">Baixa temperatura de flash: Emite flashes r\u00e1pidos entre 120\u00b0C e 140\u00b0C (248\u00b0F e 284\u00b0F) para trabalhos multicoloridos r\u00e1pidos.<\/li>\n<li class=\"ng-star-inserted\">Estampa com toque suave: Cria uma sensa\u00e7\u00e3o macia e confort\u00e1vel no tecido, melhorando a experi\u00eancia de quem veste a pe\u00e7a.<\/li>\n<li class=\"ng-star-inserted\">Alta opacidade: Excelente cobertura mesmo em tecidos escuros, reduzindo a necessidade de m\u00faltiplas aplica\u00e7\u00f5es.<\/li>\n<li class=\"ng-star-inserted\">F\u00e1cil de usar: Formulado para ter uma textura cremosa e quebradi\u00e7a, garantindo uma impress\u00e3o suave e menos fadiga.<\/li>\n<li class=\"ng-star-inserted\">Compatibilidade universal com tecidos: Funciona perfeitamente com uma variedade de tecidos, incluindo algod\u00e3o, misturas de poli\u00e9ster e outros.<\/li>\n<li class=\"ng-star-inserted\">F\u00f3rmula sem ftalatos: Uma escolha segura tanto para a impressora quanto para o meio ambiente.<\/li>\n<li class=\"ng-star-inserted\">Acabamento semibrilhante: Adiciona um brilho profissional \u00e0s suas impress\u00f5es finalizadas.<\/li>\n<li class=\"ng-star-inserted\">Qualidade direto da f\u00e1brica: Beneficie-se de vinte anos de experi\u00eancia em fabrica\u00e7\u00e3o e pre\u00e7os direto da f\u00e1brica.<\/li>\n<\/ul>\n<h2><img decoding=\"async\" class=\"aligncenter wp-image-4033 size-large\" src=\"https:\/\/shaliteink.com\/wp-content\/uploads\/2025\/04\/Fluorescent-Red-Pink-Screen-Printing-Plastisol-Ink-1024x683.jpg\" alt=\"Tinta de plastisol fluorescente vermelha rosa para serigrafia\" width=\"1024\" height=\"683\" srcset=\"https:\/\/shaliteink.com\/wp-content\/uploads\/2025\/04\/Fluorescent-Red-Pink-Screen-Printing-Plastisol-Ink-1024x683.jpg 1024w, https:\/\/shaliteink.com\/wp-content\/uploads\/2025\/04\/Fluorescent-Red-Pink-Screen-Printing-Plastisol-Ink-300x200.jpg 300w, https:\/\/shaliteink.com\/wp-content\/uploads\/2025\/04\/Fluorescent-Red-Pink-Screen-Printing-Plastisol-Ink-768x512.jpg 768w, https:\/\/shaliteink.com\/wp-content\/uploads\/2025\/04\/Fluorescent-Red-Pink-Screen-Printing-Plastisol-Ink-1536x1024.jpg 1536w, https:\/\/shaliteink.com\/wp-content\/uploads\/2025\/04\/Fluorescent-Red-Pink-Screen-Printing-Plastisol-Ink-2048x1365.jpg 2048w, https:\/\/shaliteink.com\/wp-content\/uploads\/2025\/04\/Fluorescent-Red-Pink-Screen-Printing-Plastisol-Ink-18x12.jpg 18w, https:\/\/shaliteink.com\/wp-content\/uploads\/2025\/04\/Fluorescent-Red-Pink-Screen-Printing-Plastisol-Ink-1200x800.jpg 1200w, https:\/\/shaliteink.com\/wp-content\/uploads\/2025\/04\/Fluorescent-Red-Pink-Screen-Printing-Plastisol-Ink-150x100.jpg 150w\" sizes=\"(max-width: 1024px) 100vw, 1024px\" \/><\/h2>\n<h2 class=\"ng-star-inserted\"><span class=\"ng-star-inserted\">Descubra a vantagem da Shaliteink<\/span><\/h2>\n<p>Nosso <strong>tinta plastisol rosa-avermelhada fluorescente<\/strong> N\u00e3o se trata apenas de cores vibrantes; trata-se de toda a experi\u00eancia de impress\u00e3o. A viscosidade cuidadosamente equilibrada e a alta concentra\u00e7\u00e3o de pigmento garantem resultados consistentes e vibrantes sempre. Sua propriedade de cura em baixa temperatura \u00e9 revolucion\u00e1ria, ajudando a prevenir a migra\u00e7\u00e3o da tinta em misturas de poli\u00e9ster e reduzindo significativamente o risco de danos \u00e0s pe\u00e7as. Isso significa menos desperd\u00edcio, maior efici\u00eancia e, em \u00faltima an\u00e1lise, mais lucros para o seu neg\u00f3cio.<\/p>\n<p><strong><a href=\"https:\/\/shaliteink.com\/pt\/\">Shaliteink<\/a><\/strong> Entendemos as exig\u00eancias da serigrafia moderna. \u00c9 por isso que nossa empresa... <strong><a href=\"https:\/\/shaliteink.com\/pt\/categoria-produto\/tinta-plastisol\/\">Tintas plastisol<\/a><\/strong> Formuladas para um desempenho confi\u00e1vel, oferecem tempos de secagem r\u00e1pidos e cura consistente. Os pigmentos fluorescentes brilhantes mant\u00eam sua intensidade mesmo ap\u00f3s a lavagem, garantindo que seus designs conservem seu apelo visual por muito tempo depois de sa\u00edrem da sua loja. Para melhores resultados em tecidos escuros, recomendamos a aplica\u00e7\u00e3o de branco como base.<\/p>\n<h2 class=\"ng-star-inserted\"><span class=\"ng-star-inserted\">Diretrizes de cura para Shaliteink\u00a0<\/span><strong class=\"ng-star-inserted\"><span class=\"ng-star-inserted\">Tinta Plastisol<\/span><\/strong><span class=\"ng-star-inserted\">:<\/span><\/h2>\n<p class=\"ng-star-inserted\"><span class=\"ng-star-inserted\">Obter uma cura adequada \u00e9 crucial para a durabilidade das suas impress\u00f5es.<\/span><\/p>\n<ul class=\"ng-star-inserted\">\n<li class=\"ng-star-inserted\">Temperatura de cura: Cure a 160\u00b0C (320\u00b0F). Certifique-se de que toda a camada de tinta atinja e mantenha essa temperatura para obter ades\u00e3o e resist\u00eancia \u00e0 lavagem ideais.<\/li>\n<li>Temperatura de cura: Cure a 120\u00b0C \u2013 140\u00b0C (248\u00b0F \u2013 284\u00b0F) por 3 a 5 segundos. O tempo de cura pode variar dependendo do seu equipamento e da espessura da camada de tinta.<\/li>\n<li>Testes: Recomendamos fortemente a realiza\u00e7\u00e3o de testes de elasticidade e lavagem antes da produ\u00e7\u00e3o em larga escala. Se a estampa rasgar ou desgastar ap\u00f3s a lavagem, aumente o tempo ou a temperatura de cura. Para leituras de temperatura precisas, considere o uso de uma sonda circular, pois term\u00f4metros a laser podem fornecer leituras superficiais enganosas. Lembre-se: toda a camada de tinta deve atingir a temperatura de cura especificada. Roupas de algod\u00e3o podem demorar um pouco mais para aquecer devido \u00e0 sua capacidade de absor\u00e7\u00e3o.<\/li>\n<\/ul>\n<h2 class=\"ng-star-inserted\"><span class=\"ng-star-inserted\">Limpeza e armazenamento:<\/span><\/h2>\n<ul>\n<li>Na impress\u00e3o: Utilize um produto de limpeza espec\u00edfico para impressoras plastisol ou um removedor de tinta para facilitar a limpeza.<\/li>\n<li>Na pia: Para telas, use o Limpador de Telas Plastisol ou o Removedor de Tinta.<\/li>\n<li>Armazenamento: Armazene a tinta plastisol Shaliteink em temperatura ambiente, idealmente entre 18-32\u00b0C (65-90\u00b0F), e evite a luz solar direta. A exposi\u00e7\u00e3o prolongada a temperaturas acima de 32\u00b0C (90\u00b0F) pode fazer com que a tinta solidifique no recipiente.<\/li>\n<\/ul>\n<h2><img decoding=\"async\" class=\"aligncenter wp-image-4034 size-large\" src=\"https:\/\/shaliteink.com\/wp-content\/uploads\/2025\/04\/Fluorescent-Red-Pink-Screen-Printing-Plastisol-Ink-1-1024x683.jpg\" alt=\"Tinta de plastisol fluorescente vermelha rosa para serigrafia\" width=\"1024\" height=\"683\" srcset=\"https:\/\/shaliteink.com\/wp-content\/uploads\/2025\/04\/Fluorescent-Red-Pink-Screen-Printing-Plastisol-Ink-1-1024x683.jpg 1024w, https:\/\/shaliteink.com\/wp-content\/uploads\/2025\/04\/Fluorescent-Red-Pink-Screen-Printing-Plastisol-Ink-1-300x200.jpg 300w, https:\/\/shaliteink.com\/wp-content\/uploads\/2025\/04\/Fluorescent-Red-Pink-Screen-Printing-Plastisol-Ink-1-768x512.jpg 768w, https:\/\/shaliteink.com\/wp-content\/uploads\/2025\/04\/Fluorescent-Red-Pink-Screen-Printing-Plastisol-Ink-1-1536x1024.jpg 1536w, https:\/\/shaliteink.com\/wp-content\/uploads\/2025\/04\/Fluorescent-Red-Pink-Screen-Printing-Plastisol-Ink-1-2048x1365.jpg 2048w, https:\/\/shaliteink.com\/wp-content\/uploads\/2025\/04\/Fluorescent-Red-Pink-Screen-Printing-Plastisol-Ink-1-18x12.jpg 18w, https:\/\/shaliteink.com\/wp-content\/uploads\/2025\/04\/Fluorescent-Red-Pink-Screen-Printing-Plastisol-Ink-1-1200x800.jpg 1200w, https:\/\/shaliteink.com\/wp-content\/uploads\/2025\/04\/Fluorescent-Red-Pink-Screen-Printing-Plastisol-Ink-1-150x100.jpg 150w\" sizes=\"(max-width: 1024px) 100vw, 1024px\" \/><\/h2>\n<h2 class=\"ng-star-inserted\"><span class=\"ng-star-inserted\">Por que escolher Shaliteink para o seu neg\u00f3cio?\u00a0<\/span><strong class=\"ng-star-inserted\"><span class=\"ng-star-inserted\">Serigrafia<\/span><\/strong><span class=\"ng-star-inserted\">\u00a0Precisa?<\/span><\/h2>\n<p>Com mais de vinte anos de excel\u00eancia em fabrica\u00e7\u00e3o, a Shaliteink \u00e9 sua parceira de confian\u00e7a para tintas plastisol de alta qualidade para serigrafia. Nossa tinta plastisol rosa-avermelhada fluorescente \u00e9 uma prova do nosso compromisso com a inova\u00e7\u00e3o e o desempenho. Capacitamos os impressores a alcan\u00e7arem excelentes resultados com produtos que s\u00e3o n\u00e3o apenas eficazes, mas tamb\u00e9m acess\u00edveis e f\u00e1ceis de usar. Junte-se aos in\u00fameros clientes satisfeitos que confiam na Shaliteink por suas impress\u00f5es vibrantes e dur\u00e1veis.<\/p>\n<p>Procurando tinta plastisol que se destaque? A Shaliteink oferece isso.<\/p>","protected":false},"excerpt":{"rendered":"<p>Experimente a diferen\u00e7a com a Shaliteink, l\u00edder mundial em tintas plastisol para serigrafia h\u00e1 duas d\u00e9cadas. Nossa abordagem de produ\u00e7\u00e3o direta da f\u00e1brica, aliada \u00e0 colabora\u00e7\u00e3o com marcas mundialmente renomadas, garante a voc\u00ea qualidade premium a pre\u00e7os competitivos. Apresentamos nossa tinta plastisol fluorescente rosa-avermelhada para serigrafia, desenvolvida para proporcionar resultados impressionantes e de alto impacto com facilidade e efici\u00eancia.<\/p>\n<p>Seja voc\u00ea um profissional experiente ou esteja apenas come\u00e7ando, a tinta plastisol rosa-avermelhada fluorescente da Shaliteink foi desenvolvida para agilizar sua produ\u00e7\u00e3o e aprimorar suas impress\u00f5es. Essa tinta vibrante e chamativa oferece opacidade excepcional e um toque macio, tornando-a uma escolha vers\u00e1til para uma ampla variedade de tecidos e projetos.<\/p>","protected":false},"featured_media":1515,"comment_status":"open","ping_status":"closed","template":"","meta":[],"product_brand":[],"product_cat":[39],"product_tag":[],"class_list":{"0":"post-1281","1":"product","2":"type-product","3":"status-publish","4":"has-post-thumbnail","6":"product_cat-plastisol-ink","8":"first","9":"instock","10":"shipping-taxable","11":"purchasable","12":"product-type-variable"},"tiered_pricing_type":"fixed","tiered_pricing_fixed_rules":[],"tiered_pricing_product_settings":{"layout":"default","base_unit_name":{"singular":null,"plural":null},"default_variation":null},"tiered_pricing_minimum_quantity":null,"tiered_pricing_roles_data":[],"tiered_pricing_percentage_rules":[],"tiered_pricing_maximum_quantity":null,"tiered_pricing_quantity_step":null,"_links":{"self":[{"href":"https:\/\/shaliteink.com\/pt\/wp-json\/wp\/v2\/product\/1281","targetHints":{"allow":["GET"]}}],"collection":[{"href":"https:\/\/shaliteink.com\/pt\/wp-json\/wp\/v2\/product"}],"about":[{"href":"https:\/\/shaliteink.com\/pt\/wp-json\/wp\/v2\/types\/product"}],"replies":[{"embeddable":true,"href":"https:\/\/shaliteink.com\/pt\/wp-json\/wp\/v2\/comments?post=1281"}],"version-history":[{"count":0,"href":"https:\/\/shaliteink.com\/pt\/wp-json\/wp\/v2\/product\/1281\/revisions"}],"wp:featuredmedia":[{"embeddable":true,"href":"https:\/\/shaliteink.com\/pt\/wp-json\/wp\/v2\/media\/1515"}],"wp:attachment":[{"href":"https:\/\/shaliteink.com\/pt\/wp-json\/wp\/v2\/media?parent=1281"}],"wp:term":[{"taxonomy":"product_brand","embeddable":true,"href":"https:\/\/shaliteink.com\/pt\/wp-json\/wp\/v2\/product_brand?post=1281"},{"taxonomy":"product_cat","embeddable":true,"href":"https:\/\/shaliteink.com\/pt\/wp-json\/wp\/v2\/product_cat?post=1281"},{"taxonomy":"product_tag","embeddable":true,"href":"https:\/\/shaliteink.com\/pt\/wp-json\/wp\/v2\/product_tag?post=1281"}],"curies":[{"name":"wp","href":"https:\/\/api.w.org\/{rel}","templated":true}]}}