{"id":1276,"date":"2025-04-12T10:04:52","date_gmt":"2025-04-12T10:04:52","guid":{"rendered":"https:\/\/shaliteink.com\/?post_type=product&#038;p=1276"},"modified":"2025-12-10T11:31:11","modified_gmt":"2025-12-10T11:31:11","slug":"tinta-plastisol-vermelha-fluorescente-para-serigrafia","status":"publish","type":"product","link":"https:\/\/shaliteink.com\/pt\/produto\/tinta-plastisol-vermelha-fluorescente-para-serigrafia\/","title":{"rendered":"Tinta plastisol fluorescente vermelha para serigrafia"},"content":{"rendered":"<p class=\"ng-star-inserted\"><strong class=\"ng-star-inserted\"><span class=\"ng-star-inserted\">Principais benef\u00edcios da tinta plastisol vermelha fluorescente Shaliteink:<\/span><\/strong><\/p>\n<ul class=\"ng-star-inserted\">\n<li class=\"ng-star-inserted\">Vermelho fluorescente vibrante: Obtenha designs chamativos e de alto impacto que se destacam.<\/li>\n<li class=\"ng-star-inserted\">Temperatura ideal de cura: Cura eficientemente a 160\u00b0C, reduzindo os custos de energia e protegendo a pe\u00e7a de vestu\u00e1rio contra queimaduras.<\/li>\n<li class=\"ng-star-inserted\">Toque macio: Cria estampas suaves e flex\u00edveis que ficam \u00f3timas no tecido.<\/li>\n<li class=\"ng-star-inserted\">Excelente opacidade: proporciona cores intensas e vibrantes em diversos tecidos, inclusive os escuros (recomenda-se o uso de uma base para obter cores ainda mais vibrantes).<\/li>\n<li class=\"ng-star-inserted\">F\u00e1cil de usar: Nosso plastisol cremoso e de baixa viscosidade para serigrafia foi desenvolvido para impress\u00f5es perfeitas, diretamente do balde de tinta.<\/li>\n<li class=\"ng-star-inserted\">Baixa transfer\u00eancia de corante: Ideal para uso em misturas de poli\u00e9ster, reduzindo a migra\u00e7\u00e3o da tinta.<\/li>\n<li class=\"ng-star-inserted\">F\u00f3rmula sem ftalatos: Uma escolha segura tanto para a impressora quanto para o meio ambiente.<\/li>\n<li>Acabamento semibrilhante: confere um toque profissional \u00e0s suas impress\u00f5es.<\/li>\n<\/ul>\n<p><img decoding=\"async\" class=\"aligncenter wp-image-4030 size-large\" src=\"https:\/\/shaliteink.com\/wp-content\/uploads\/2025\/04\/Fluorescent-Red-Screen-Printing-Plastisol-Ink-1024x683.jpg\" alt=\"Tinta plastisol fluorescente vermelha para serigrafia\" width=\"1024\" height=\"683\" srcset=\"https:\/\/shaliteink.com\/wp-content\/uploads\/2025\/04\/Fluorescent-Red-Screen-Printing-Plastisol-Ink-1024x683.jpg 1024w, https:\/\/shaliteink.com\/wp-content\/uploads\/2025\/04\/Fluorescent-Red-Screen-Printing-Plastisol-Ink-300x200.jpg 300w, https:\/\/shaliteink.com\/wp-content\/uploads\/2025\/04\/Fluorescent-Red-Screen-Printing-Plastisol-Ink-768x512.jpg 768w, https:\/\/shaliteink.com\/wp-content\/uploads\/2025\/04\/Fluorescent-Red-Screen-Printing-Plastisol-Ink-1536x1024.jpg 1536w, https:\/\/shaliteink.com\/wp-content\/uploads\/2025\/04\/Fluorescent-Red-Screen-Printing-Plastisol-Ink-2048x1365.jpg 2048w, https:\/\/shaliteink.com\/wp-content\/uploads\/2025\/04\/Fluorescent-Red-Screen-Printing-Plastisol-Ink-18x12.jpg 18w, https:\/\/shaliteink.com\/wp-content\/uploads\/2025\/04\/Fluorescent-Red-Screen-Printing-Plastisol-Ink-1200x800.jpg 1200w, https:\/\/shaliteink.com\/wp-content\/uploads\/2025\/04\/Fluorescent-Red-Screen-Printing-Plastisol-Ink-150x100.jpg 150w\" sizes=\"(max-width: 1024px) 100vw, 1024px\" \/><\/p>\n<p class=\"ng-star-inserted\"><strong class=\"ng-star-inserted\"><span class=\"ng-star-inserted\">Experimente a diferen\u00e7a Shaliteink<\/span><\/strong><\/p>\n<p>No <strong><a href=\"https:\/\/shaliteink.com\/pt\/\">Shaliteink<\/a><\/strong>, N\u00f3s entendemos as exig\u00eancias da serigrafia profissional. \u00c9 por isso que nossos <strong>Tinta plastisol vermelha fluorescente<\/strong> Foi projetada para aumentar sua produtividade e garantir resultados consistentes e de alta qualidade. Sua baixa temperatura de cura n\u00e3o s\u00f3 economiza tempo valioso de produ\u00e7\u00e3o, como tamb\u00e9m prolonga a vida \u00fatil dos seus tecidos, reduzindo a exposi\u00e7\u00e3o ao calor. Diga adeus ao encolhimento e ao desbotamento das pe\u00e7as e ol\u00e1 para impress\u00f5es eficientes e vibrantes.<\/p>\n<p>Nosso <strong><a href=\"https:\/\/shaliteink.com\/pt\/categoria-produto\/tinta-plastisol\/\">tinta plastisol<\/a><\/strong> Oferece cobertura excepcional, tornando-se uma escolha confi\u00e1vel tanto para destaques quanto para designs com cobertura total. A textura suave permite que a tela seja limpa facilmente, reduzindo a fadiga e melhorando a consist\u00eancia da impress\u00e3o. Seja voc\u00ea um profissional experiente ou esteja apenas come\u00e7ando, a Shaliteink torna a serigrafia um processo mais agrad\u00e1vel e gratificante.<\/p>\n<p class=\"ng-star-inserted\"><strong class=\"ng-star-inserted\"><span class=\"ng-star-inserted\">Orienta\u00e7\u00f5es de cura:<\/span><\/strong><\/p>\n<ul class=\"ng-star-inserted\">\n<li class=\"ng-star-inserted\">Temperatura de cura: 160\u00b0C (320\u00b0F). Certifique-se de que toda a camada de tinta atinja essa temperatura para curar completamente.<\/li>\n<li class=\"ng-star-inserted\">Temperatura do flash: 120 \u00b0C \u2013 140 \u00b0C (248 \u00b0F \u2013 284 \u00b0F). Deixe o flash ligado por 3 a 5 segundos, ajustando o tempo de acordo com o seu dispositivo e a espessura da camada de tinta.<\/li>\n<\/ul>\n<p class=\"ng-star-inserted\"><strong class=\"ng-star-inserted\"><span class=\"ng-star-inserted\">Alcan\u00e7ando a cura perfeita:<\/span><\/strong><\/p>\n<p>Uma cura adequada da impress\u00e3o \u00e9 essencial para a durabilidade. Embora os term\u00f4metros de superf\u00edcie sejam \u00fateis, podem ser enganosos, pois medem apenas a camada superficial. Para uma cura precisa, recomendamos o uso de uma sonda ou term\u00f4metro circular para garantir que o n\u00facleo da camada de tinta atinja 160 \u00b0C.<\/p>\n<p class=\"ng-star-inserted\"><strong class=\"ng-star-inserted\"><span class=\"ng-star-inserted\">Testando suas impress\u00f5es:<\/span><\/strong><\/p>\n<ul class=\"ng-star-inserted\">\n<li class=\"ng-star-inserted\">Teste de elasticidade: Ap\u00f3s o resfriamento, estique a estampa at\u00e9 aproximadamente dois ter\u00e7os da elasticidade normal da pe\u00e7a. Se a tinta borrar e n\u00e3o retrair, isso indica que a cura foi insuficiente.<\/li>\n<li class=\"ng-star-inserted\">Teste de lavagem: Para um teste definitivo, lave a pe\u00e7a de 5 a 10 vezes. Estampas com cura inadequada se deteriorar\u00e3o ap\u00f3s 1 a 3 lavagens.<\/li>\n<li class=\"ng-star-inserted\">Dica profissional: Sempre fa\u00e7a um teste de elasticidade e lavagem em uma pe\u00e7a de amostra antes de iniciar a produ\u00e7\u00e3o em larga escala para confirmar as configura\u00e7\u00f5es ideais de cura. Se o teste falhar, aumente o tempo de cura.<\/li>\n<\/ul>\n<p class=\"ng-star-inserted\"><strong class=\"ng-star-inserted\"><span class=\"ng-star-inserted\">Limpar:<\/span><\/strong><\/p>\n<p>A limpeza ap\u00f3s uma tiragem de impress\u00e3o \u00e9 f\u00e1cil com a Shaliteink.<\/p>\n<ul>\n<li>Na impress\u00e3o: Utilize um produto de limpeza espec\u00edfico para plastisol ou um removedor de tinta.<\/li>\n<li>Na pia: use Plastisol Screen Wash ou Ink Degradant para uma limpeza completa da tela.<\/li>\n<\/ul>\n<p class=\"ng-star-inserted\"><strong class=\"ng-star-inserted\"><span class=\"ng-star-inserted\"><img decoding=\"async\" class=\"aligncenter wp-image-4031 size-large\" src=\"https:\/\/shaliteink.com\/wp-content\/uploads\/2025\/04\/Fluorescent-Red-Screen-Printing-Plastisol-Ink-1-1024x683.jpg\" alt=\"Tinta plastisol fluorescente vermelha para serigrafia\" width=\"1024\" height=\"683\" srcset=\"https:\/\/shaliteink.com\/wp-content\/uploads\/2025\/04\/Fluorescent-Red-Screen-Printing-Plastisol-Ink-1-1024x683.jpg 1024w, https:\/\/shaliteink.com\/wp-content\/uploads\/2025\/04\/Fluorescent-Red-Screen-Printing-Plastisol-Ink-1-300x200.jpg 300w, https:\/\/shaliteink.com\/wp-content\/uploads\/2025\/04\/Fluorescent-Red-Screen-Printing-Plastisol-Ink-1-768x512.jpg 768w, https:\/\/shaliteink.com\/wp-content\/uploads\/2025\/04\/Fluorescent-Red-Screen-Printing-Plastisol-Ink-1-1536x1024.jpg 1536w, https:\/\/shaliteink.com\/wp-content\/uploads\/2025\/04\/Fluorescent-Red-Screen-Printing-Plastisol-Ink-1-2048x1365.jpg 2048w, https:\/\/shaliteink.com\/wp-content\/uploads\/2025\/04\/Fluorescent-Red-Screen-Printing-Plastisol-Ink-1-18x12.jpg 18w, https:\/\/shaliteink.com\/wp-content\/uploads\/2025\/04\/Fluorescent-Red-Screen-Printing-Plastisol-Ink-1-1200x800.jpg 1200w, https:\/\/shaliteink.com\/wp-content\/uploads\/2025\/04\/Fluorescent-Red-Screen-Printing-Plastisol-Ink-1-150x100.jpg 150w\" sizes=\"(max-width: 1024px) 100vw, 1024px\" \/>Informa\u00e7\u00f5es de armazenamento:<\/span><\/strong><\/p>\n<p>Para manter a qualidade e a durabilidade da sua tinta plastisol, armazene-a em temperatura ambiente, idealmente entre 18 e 32 \u00b0C (65 e 90 \u00b0F). Evite a exposi\u00e7\u00e3o prolongada \u00e0 luz solar direta e a temperaturas acima de 32 \u00b0C (90 \u00b0F), pois isso pode fazer com que a tinta no recipiente solidifique.<\/p>\n<p>Aviso: Todas as cores s\u00e3o aproximadas e podem variar dependendo das configura\u00e7\u00f5es do monitor. Para melhores resultados em tecidos escuros, recomendamos imprimir com uma base branca.<\/p>\n<p>&nbsp;<\/p>","protected":false},"excerpt":{"rendered":"<p>Aprimore seus projetos de serigrafia com a tinta plastisol vermelha fluorescente da Shaliteink. Como l\u00edder global com mais de duas d\u00e9cadas de experi\u00eancia em fabrica\u00e7\u00e3o, a Shaliteink entrega tintas plastisol premium diretamente da nossa f\u00e1brica. Firmamos parcerias com marcas mundialmente renomadas para oferecer uma tinta que combina cores vibrantes, desempenho excepcional e facilidade de uso. Este vermelho fluorescente brilhante \u00e9 perfeito para dar destaque aos seus designs, garantindo que suas impress\u00f5es chamem a aten\u00e7\u00e3o sempre.<\/p>","protected":false},"featured_media":1499,"comment_status":"open","ping_status":"closed","template":"","meta":[],"product_brand":[],"product_cat":[39],"product_tag":[],"class_list":{"0":"post-1276","1":"product","2":"type-product","3":"status-publish","4":"has-post-thumbnail","6":"product_cat-plastisol-ink","8":"first","9":"instock","10":"shipping-taxable","11":"purchasable","12":"product-type-variable"},"tiered_pricing_type":"fixed","tiered_pricing_fixed_rules":[],"tiered_pricing_product_settings":{"layout":"default","base_unit_name":{"singular":null,"plural":null},"default_variation":null},"tiered_pricing_minimum_quantity":null,"tiered_pricing_roles_data":[],"tiered_pricing_percentage_rules":[],"tiered_pricing_maximum_quantity":null,"tiered_pricing_quantity_step":null,"_links":{"self":[{"href":"https:\/\/shaliteink.com\/pt\/wp-json\/wp\/v2\/product\/1276","targetHints":{"allow":["GET"]}}],"collection":[{"href":"https:\/\/shaliteink.com\/pt\/wp-json\/wp\/v2\/product"}],"about":[{"href":"https:\/\/shaliteink.com\/pt\/wp-json\/wp\/v2\/types\/product"}],"replies":[{"embeddable":true,"href":"https:\/\/shaliteink.com\/pt\/wp-json\/wp\/v2\/comments?post=1276"}],"version-history":[{"count":0,"href":"https:\/\/shaliteink.com\/pt\/wp-json\/wp\/v2\/product\/1276\/revisions"}],"wp:featuredmedia":[{"embeddable":true,"href":"https:\/\/shaliteink.com\/pt\/wp-json\/wp\/v2\/media\/1499"}],"wp:attachment":[{"href":"https:\/\/shaliteink.com\/pt\/wp-json\/wp\/v2\/media?parent=1276"}],"wp:term":[{"taxonomy":"product_brand","embeddable":true,"href":"https:\/\/shaliteink.com\/pt\/wp-json\/wp\/v2\/product_brand?post=1276"},{"taxonomy":"product_cat","embeddable":true,"href":"https:\/\/shaliteink.com\/pt\/wp-json\/wp\/v2\/product_cat?post=1276"},{"taxonomy":"product_tag","embeddable":true,"href":"https:\/\/shaliteink.com\/pt\/wp-json\/wp\/v2\/product_tag?post=1276"}],"curies":[{"name":"wp","href":"https:\/\/api.w.org\/{rel}","templated":true}]}}