{"id":1271,"date":"2025-04-12T09:59:43","date_gmt":"2025-04-12T09:59:43","guid":{"rendered":"https:\/\/shaliteink.com\/?post_type=product&#038;p=1271"},"modified":"2025-12-10T11:28:09","modified_gmt":"2025-12-10T11:28:09","slug":"tinta-plastisol-laranja-fluorescente-para-serigrafia","status":"publish","type":"product","link":"https:\/\/shaliteink.com\/pt\/produto\/tinta-plastisol-laranja-fluorescente-para-serigrafia\/","title":{"rendered":"Tinta de plastisol para serigrafia laranja fluorescente"},"content":{"rendered":"<p class=\"ng-star-inserted\"><strong class=\"ng-star-inserted\"><span class=\"ng-star-inserted\">Principais benef\u00edcios que fazem do Shaliteink a sua melhor escolha:<\/span><\/strong><\/p>\n<ul class=\"ng-star-inserted\">\n<li class=\"ng-star-inserted\">Laranja fluorescente vibrante: Obtenha impress\u00f5es impressionantes e de alto impacto que chamam a aten\u00e7\u00e3o.<\/li>\n<li class=\"ng-star-inserted\">Tratamento ideal em baixa temperatura (160 \u00b0C \/ 320 \u00b0F): Obtenha ciclos de produ\u00e7\u00e3o mais r\u00e1pidos, custos de energia reduzidos e minimize o risco de queimaduras ou encolhimento dos tecidos, especialmente em tecidos sens\u00edveis ao calor.<\/li>\n<li class=\"ng-star-inserted\">Toque macio: Apesar da alta opacidade, nossa tinta plastisol para serigrafia garante um acabamento suave e macio em seus tecidos.<\/li>\n<li class=\"ng-star-inserted\">Opacidade superior: Proporciona cobertura excepcional tanto em tecidos claros quanto escuros, muitas vezes exigindo menos dem\u00e3os.<\/li>\n<li class=\"ng-star-inserted\">Compatibilidade universal com tecidos: Projetado para excelente ades\u00e3o e desempenho em uma ampla gama de materiais, incluindo algod\u00e3o, misturas de algod\u00e3o\/poli\u00e9ster e poli\u00e9ster 100%.<\/li>\n<li class=\"ng-star-inserted\">F\u00f3rmula sem ftalatos: Em conformidade com os padr\u00f5es de seguran\u00e7a modernos, uma escolha segura tanto para impressoras quanto para usu\u00e1rios.<\/li>\n<li class=\"ng-star-inserted\">F\u00e1cil de usar: Formulada para ter uma consist\u00eancia cremosa e pouco volume, tornando-a um sonho para imprimir, reduzindo a fadiga e melhorando a efici\u00eancia.<\/li>\n<li class=\"ng-star-inserted\">Baixa transfer\u00eancia de cor: Desenvolvido especialmente para combater a migra\u00e7\u00e3o de corantes em tecidos de poli\u00e9ster e misturas de poli\u00e9ster, garantindo que sua cor laranja vibrante permane\u00e7a intacta.<\/li>\n<\/ul>\n<p><img decoding=\"async\" class=\"aligncenter wp-image-4027 size-large\" src=\"https:\/\/shaliteink.com\/wp-content\/uploads\/2025\/04\/Fluorescent-Orange-Screen-Printing-Plastisol-Ink-1024x683.jpg\" alt=\"Tinta de plastisol para serigrafia laranja fluorescente\" width=\"1024\" height=\"683\" srcset=\"https:\/\/shaliteink.com\/wp-content\/uploads\/2025\/04\/Fluorescent-Orange-Screen-Printing-Plastisol-Ink-1024x683.jpg 1024w, https:\/\/shaliteink.com\/wp-content\/uploads\/2025\/04\/Fluorescent-Orange-Screen-Printing-Plastisol-Ink-300x200.jpg 300w, https:\/\/shaliteink.com\/wp-content\/uploads\/2025\/04\/Fluorescent-Orange-Screen-Printing-Plastisol-Ink-768x512.jpg 768w, https:\/\/shaliteink.com\/wp-content\/uploads\/2025\/04\/Fluorescent-Orange-Screen-Printing-Plastisol-Ink-1536x1024.jpg 1536w, https:\/\/shaliteink.com\/wp-content\/uploads\/2025\/04\/Fluorescent-Orange-Screen-Printing-Plastisol-Ink-2048x1365.jpg 2048w, https:\/\/shaliteink.com\/wp-content\/uploads\/2025\/04\/Fluorescent-Orange-Screen-Printing-Plastisol-Ink-18x12.jpg 18w, https:\/\/shaliteink.com\/wp-content\/uploads\/2025\/04\/Fluorescent-Orange-Screen-Printing-Plastisol-Ink-1200x800.jpg 1200w, https:\/\/shaliteink.com\/wp-content\/uploads\/2025\/04\/Fluorescent-Orange-Screen-Printing-Plastisol-Ink-150x100.jpg 150w\" sizes=\"(max-width: 1024px) 100vw, 1024px\" \/><\/p>\n<p class=\"ng-star-inserted\"><strong class=\"ng-star-inserted\"><span class=\"ng-star-inserted\">Liberte o poder do laranja fluorescente:<\/span><\/strong><\/p>\n<p>Shaliteink <strong>A tinta plastisol laranja fluorescente \u00e9<\/strong> Mais do que uma simples cor; \u00e9 uma declara\u00e7\u00e3o de estilo. Perfeita para roupas esportivas, equipamentos de seguran\u00e7a, vestu\u00e1rio de moda ou qualquer design que precise se destacar, esta tinta oferece satura\u00e7\u00e3o profunda e durabilidade not\u00e1vel. Sua opacidade excepcional garante resultados brilhantes e vibrantes mesmo em substratos de cores escuras, embora uma base seja sempre recomendada para obter o m\u00e1ximo brilho em tecidos muito escuros.<\/p>\n<p class=\"ng-star-inserted\"><strong class=\"ng-star-inserted\"><span class=\"ng-star-inserted\">Por que escolher a Shaliteink para suas necessidades de serigrafia?<\/span><\/strong><\/p>\n<p>Como l\u00edder global no varejo de tintas para serigrafia, <strong><a href=\"https:\/\/shaliteink.com\/pt\/\">Shaliteink<\/a><\/strong> Entendemos as exig\u00eancias do setor. Nosso modelo de compra direta da f\u00e1brica significa que voc\u00ea recebe produtos de alta qualidade. <a href=\"https:\/\/shaliteink.com\/pt\/categoria-produto\/tinta-plastisol\/\"><strong>tinta plastisol<\/strong><\/a> Sem a margem de lucro do intermedi\u00e1rio, oferecemos uma proposta de valor \u00fanica. Nosso compromisso \u00e9 fornecer tintas que n\u00e3o sejam apenas de alto desempenho, mas tamb\u00e9m f\u00e1ceis de usar e consistentes lote a lote. Ao escolher a Shaliteink, voc\u00ea escolhe um parceiro dedicado \u00e0 confiabilidade, \u00e0 inova\u00e7\u00e3o e ao seu sucesso. Seja voc\u00ea um profissional experiente ou esteja apenas come\u00e7ando sua jornada na serigrafia, nossas tintas plastisol s\u00e3o projetadas para elevar seu trabalho.<\/p>\n<p class=\"ng-star-inserted\"><strong class=\"ng-star-inserted\"><span class=\"ng-star-inserted\">Instru\u00e7\u00f5es de cura para resultados perfeitos:<\/span><\/strong><\/p>\n<p>Receber o tratamento adequado \u00e9 importante para a durabilidade e resist\u00eancia \u00e0 lavagem das suas estampas.<\/p>\n<ul>\n<li>Temperatura de cura: Nossa tinta plastisol laranja fluorescente Shaliteink cura de forma ideal a 160 \u00b0C (320 \u00b0F). Certifique-se de que toda a camada de tinta atinja essa temperatura para uma cura completa.<\/li>\n<li>Temperatura de pr\u00e9-cura: Para trabalhos multicoloridos ou prepara\u00e7\u00e3o de bases, pr\u00e9-cure a 120\u00b0C \u2013 140\u00b0C (248\u00b0F \u2013 284\u00b0F) por aproximadamente 3 a 5 segundos, dependendo da sua unidade de pr\u00e9-cura e da espessura da camada de tinta. A tinta deve estar seca ao toque, mas n\u00e3o completamente curada.<\/li>\n<\/ul>\n<p>Dica profissional sobre cura: As leituras de temperatura da superf\u00edcie da pistola de laser podem ser enganosas. Para uma cura precisa, \u00e9 necess\u00e1rio garantir que a temperatura interna da tinta atinja 160 \u00b0C (320 \u00b0F). Realize testes de elasticidade e lavagem antes da produ\u00e7\u00e3o em larga escala para confirmar a cura ideal. Se a estampa rasgar ou deteriorar ap\u00f3s a lavagem, aumente o tempo ou a temperatura de cura. Em tecidos sint\u00e9ticos como o poli\u00e9ster, a baixa temperatura de cura da Shaliteink ajuda a evitar a migra\u00e7\u00e3o do corante, garantindo que seu laranja fluorescente permane\u00e7a vibrante e fiel.<\/p>\n<p class=\"ng-star-inserted\"><strong class=\"ng-star-inserted\"><span class=\"ng-star-inserted\">Limpeza f\u00e1cil:<\/span><\/strong><\/p>\n<p>As tintas plastisol Shaliteink facilitam a manuten\u00e7\u00e3o da limpeza do local de trabalho e dos equipamentos.<\/p>\n<ul>\n<li>Na impress\u00e3o: Use um produto de limpeza espec\u00edfico para impressoras plastisol ou um removedor de tinta para limpar rapidamente as telas e os rodos.<\/li>\n<li>Na pia: Para recupera\u00e7\u00e3o completa da tela, use o Limpador de Telas\/Degradante de Tinta Plastisol.<\/li>\n<\/ul>\n<p class=\"ng-star-inserted\"><strong class=\"ng-star-inserted\"><span class=\"ng-star-inserted\">Informa\u00e7\u00f5es de armazenamento:<\/span><\/strong><\/p>\n<p>Para manter a qualidade e a durabilidade da sua tinta plastisol laranja fluorescente Shaliteink, armazene-a em local fresco e seco, entre 18 \u00b0C e 32 \u00b0C (65 \u00b0F e 90 \u00b0F), longe da luz solar direta. A exposi\u00e7\u00e3o prolongada a temperaturas acima de 32 \u00b0C (90 \u00b0F) pode fazer com que a tinta solidifique no recipiente.<\/p>\n<p>Invista em Shaliteink hoje mesmo e veja seus designs brilharem! Nossas tintas plastisol para serigrafia s\u00e3o desenvolvidas com excel\u00eancia, proporcionando cores vibrantes, f\u00e1cil manuseio e resultados duradouros. Experimente a diferen\u00e7a Shaliteink: qualidade em que voc\u00ea pode confiar, a um pre\u00e7o que voc\u00ea vai adorar.<\/p>\n<p><img decoding=\"async\" class=\"aligncenter wp-image-4028 size-large\" src=\"https:\/\/shaliteink.com\/wp-content\/uploads\/2025\/04\/Fluorescent-Orange-Screen-Printing-Plastisol-Ink-1-1024x683.jpg\" alt=\"Tinta de plastisol para serigrafia laranja fluorescente\" width=\"1024\" height=\"683\" srcset=\"https:\/\/shaliteink.com\/wp-content\/uploads\/2025\/04\/Fluorescent-Orange-Screen-Printing-Plastisol-Ink-1-1024x683.jpg 1024w, https:\/\/shaliteink.com\/wp-content\/uploads\/2025\/04\/Fluorescent-Orange-Screen-Printing-Plastisol-Ink-1-300x200.jpg 300w, https:\/\/shaliteink.com\/wp-content\/uploads\/2025\/04\/Fluorescent-Orange-Screen-Printing-Plastisol-Ink-1-768x512.jpg 768w, https:\/\/shaliteink.com\/wp-content\/uploads\/2025\/04\/Fluorescent-Orange-Screen-Printing-Plastisol-Ink-1-1536x1024.jpg 1536w, https:\/\/shaliteink.com\/wp-content\/uploads\/2025\/04\/Fluorescent-Orange-Screen-Printing-Plastisol-Ink-1-2048x1365.jpg 2048w, https:\/\/shaliteink.com\/wp-content\/uploads\/2025\/04\/Fluorescent-Orange-Screen-Printing-Plastisol-Ink-1-18x12.jpg 18w, https:\/\/shaliteink.com\/wp-content\/uploads\/2025\/04\/Fluorescent-Orange-Screen-Printing-Plastisol-Ink-1-1200x800.jpg 1200w, https:\/\/shaliteink.com\/wp-content\/uploads\/2025\/04\/Fluorescent-Orange-Screen-Printing-Plastisol-Ink-1-150x100.jpg 150w\" sizes=\"(max-width: 1024px) 100vw, 1024px\" \/><\/p>","protected":false},"excerpt":{"rendered":"<p>A Shaliteink traz para voc\u00ea a melhor tinta plastisol laranja fluorescente para serigrafia, desenvolvida para dar vida \u00e0s suas estampas com cores vibrantes e chamativas. Com duas d\u00e9cadas de excel\u00eancia em fabrica\u00e7\u00e3o e pre\u00e7os direto da f\u00e1brica, capacitamos os serigrafistas a alcan\u00e7arem resultados de n\u00edvel profissional sem comprometer a qualidade ou o or\u00e7amento. Nossa s\u00f3lida colabora\u00e7\u00e3o com marcas mundialmente renomadas garante que cada gota de tinta plastisol Shaliteink atenda aos mais altos padr\u00f5es da ind\u00fastria.<\/p>","protected":false},"featured_media":1501,"comment_status":"open","ping_status":"closed","template":"","meta":[],"product_brand":[],"product_cat":[39],"product_tag":[],"class_list":{"0":"post-1271","1":"product","2":"type-product","3":"status-publish","4":"has-post-thumbnail","6":"product_cat-plastisol-ink","8":"first","9":"instock","10":"shipping-taxable","11":"purchasable","12":"product-type-variable"},"tiered_pricing_type":"fixed","tiered_pricing_fixed_rules":[],"tiered_pricing_product_settings":{"layout":"default","base_unit_name":{"singular":null,"plural":null},"default_variation":null},"tiered_pricing_minimum_quantity":null,"tiered_pricing_roles_data":[],"tiered_pricing_percentage_rules":[],"tiered_pricing_maximum_quantity":null,"tiered_pricing_quantity_step":null,"_links":{"self":[{"href":"https:\/\/shaliteink.com\/pt\/wp-json\/wp\/v2\/product\/1271","targetHints":{"allow":["GET"]}}],"collection":[{"href":"https:\/\/shaliteink.com\/pt\/wp-json\/wp\/v2\/product"}],"about":[{"href":"https:\/\/shaliteink.com\/pt\/wp-json\/wp\/v2\/types\/product"}],"replies":[{"embeddable":true,"href":"https:\/\/shaliteink.com\/pt\/wp-json\/wp\/v2\/comments?post=1271"}],"version-history":[{"count":0,"href":"https:\/\/shaliteink.com\/pt\/wp-json\/wp\/v2\/product\/1271\/revisions"}],"wp:featuredmedia":[{"embeddable":true,"href":"https:\/\/shaliteink.com\/pt\/wp-json\/wp\/v2\/media\/1501"}],"wp:attachment":[{"href":"https:\/\/shaliteink.com\/pt\/wp-json\/wp\/v2\/media?parent=1271"}],"wp:term":[{"taxonomy":"product_brand","embeddable":true,"href":"https:\/\/shaliteink.com\/pt\/wp-json\/wp\/v2\/product_brand?post=1271"},{"taxonomy":"product_cat","embeddable":true,"href":"https:\/\/shaliteink.com\/pt\/wp-json\/wp\/v2\/product_cat?post=1271"},{"taxonomy":"product_tag","embeddable":true,"href":"https:\/\/shaliteink.com\/pt\/wp-json\/wp\/v2\/product_tag?post=1271"}],"curies":[{"name":"wp","href":"https:\/\/api.w.org\/{rel}","templated":true}]}}