{"id":1266,"date":"2025-04-12T09:53:35","date_gmt":"2025-04-12T09:53:35","guid":{"rendered":"https:\/\/shaliteink.com\/?post_type=product&#038;p=1266"},"modified":"2025-12-10T09:21:51","modified_gmt":"2025-12-10T09:21:51","slug":"tinta-plastisol-amarela-fluorescente-para-serigrafia","status":"publish","type":"product","link":"https:\/\/shaliteink.com\/pt\/produto\/tinta-plastisol-amarela-fluorescente-para-serigrafia\/","title":{"rendered":"Tinta de plastisol para serigrafia amarela fluorescente"},"content":{"rendered":"<p class=\"ng-star-inserted\"><strong class=\"ng-star-inserted\"><span class=\"ng-star-inserted\">Principais benef\u00edcios da tinta plastisol amarela fluorescente Shaliteink:<\/span><\/strong><\/p>\n<ul class=\"ng-star-inserted\">\n<li class=\"ng-star-inserted\">Amarelo fluorescente vibrante: obtenha impress\u00f5es atraentes e de alto impacto que realmente se destacam.<\/li>\n<li class=\"ng-star-inserted\">Impress\u00e3o suave das m\u00e3os: desfrute de uma sensa\u00e7\u00e3o suave e confort\u00e1vel em suas roupas acabadas.<\/li>\n<li class=\"ng-star-inserted\">Compatibilidade universal com tecidos: Excelente ades\u00e3o e desempenho em uma ampla variedade de tecidos.<\/li>\n<li class=\"ng-star-inserted\">Baixo sangramento para misturas de poli\u00e9ster: reduz a migra\u00e7\u00e3o de tinta, especialmente importante para misturas de poli\u00e9ster.<\/li>\n<li class=\"ng-star-inserted\">F\u00f3rmula sem ftalatos: uma escolha segura tanto para o impressor quanto para o usu\u00e1rio final.<\/li>\n<li class=\"ng-star-inserted\">Cobertura altamente opaca: proporciona excelente satura\u00e7\u00e3o de cor em tecidos claros e escuros.<\/li>\n<li class=\"ng-star-inserted\">F\u00e1cil de trabalhar: textura cremosa e corpo pequeno para impress\u00e3o sem esfor\u00e7o.<\/li>\n<li class=\"ng-star-inserted\">Cura r\u00e1pida a 160\u00b0C: acelera a produ\u00e7\u00e3o e reduz os custos de energia.<\/li>\n<li class=\"ng-star-inserted\">Temperatura de flash otimizada: flash a 120-140\u00b0C para secagem intermedi\u00e1ria r\u00e1pida.<\/li>\n<li class=\"ng-star-inserted\">Qualidade direta de f\u00e1brica: beneficie-se de nossos vinte anos de excel\u00eancia em fabrica\u00e7\u00e3o.<\/li>\n<\/ul>\n<ul class=\"ng-star-inserted\">\n<li class=\"ng-star-inserted\"><img decoding=\"async\" class=\"aligncenter wp-image-4025 size-large\" src=\"https:\/\/shaliteink.com\/wp-content\/uploads\/2025\/04\/Fluorescent-Yellow-Screen-Printing-Plastisol-Ink-1-1024x683.jpg\" alt=\"Tinta de plastisol para serigrafia amarela fluorescente\" width=\"1024\" height=\"683\" srcset=\"https:\/\/shaliteink.com\/wp-content\/uploads\/2025\/04\/Fluorescent-Yellow-Screen-Printing-Plastisol-Ink-1-1024x683.jpg 1024w, https:\/\/shaliteink.com\/wp-content\/uploads\/2025\/04\/Fluorescent-Yellow-Screen-Printing-Plastisol-Ink-1-300x200.jpg 300w, https:\/\/shaliteink.com\/wp-content\/uploads\/2025\/04\/Fluorescent-Yellow-Screen-Printing-Plastisol-Ink-1-768x512.jpg 768w, https:\/\/shaliteink.com\/wp-content\/uploads\/2025\/04\/Fluorescent-Yellow-Screen-Printing-Plastisol-Ink-1-1536x1024.jpg 1536w, https:\/\/shaliteink.com\/wp-content\/uploads\/2025\/04\/Fluorescent-Yellow-Screen-Printing-Plastisol-Ink-1-2048x1365.jpg 2048w, https:\/\/shaliteink.com\/wp-content\/uploads\/2025\/04\/Fluorescent-Yellow-Screen-Printing-Plastisol-Ink-1-18x12.jpg 18w, https:\/\/shaliteink.com\/wp-content\/uploads\/2025\/04\/Fluorescent-Yellow-Screen-Printing-Plastisol-Ink-1-1200x800.jpg 1200w, https:\/\/shaliteink.com\/wp-content\/uploads\/2025\/04\/Fluorescent-Yellow-Screen-Printing-Plastisol-Ink-1-150x100.jpg 150w\" sizes=\"(max-width: 1024px) 100vw, 1024px\" \/><\/li>\n<\/ul>\n<p>Shaliteink <strong>Tinta Plastisol Amarela Fluorescente<\/strong> foi projetado para serigrafistas que exigem resultados impressionantes e fluxos de trabalho eficientes. Esta impressora premium <strong><a href=\"https:\/\/shaliteink.com\/pt\/screen-printing-ink\/\">tinta de serigrafia<\/a><\/strong> cura a uma temperatura baixa de 160 \u00b0C, reduzindo significativamente o tempo de secagem e o risco de queimaduras ou encolhimento da pe\u00e7a, especialmente ao trabalhar com tecidos sens\u00edveis \u00e0 temperatura. A consist\u00eancia f\u00e1cil de trabalhar da tinta garante uma impress\u00e3o perfeita, enquanto sua alta opacidade proporciona excelente cobertura e cores vibrantes, mesmo sem base, em muitos tecidos.<\/p>\n<p>Nossas tintas plastisol s\u00e3o um divisor de \u00e1guas para lojas que desejam aumentar a produtividade e reduzir custos operacionais. Temperaturas mais baixas significam menor consumo de energia para o seu secador de esteira e tempos de entrega mais r\u00e1pidos para seus projetos. Este tom amarelo fluorescente \u00e9 perfeito para adicionar cores vibrantes e vibrantes a qualquer design, tornando sua impress\u00e3o verdadeiramente inesquec\u00edvel.<\/p>\n<p class=\"ng-star-inserted\"><strong class=\"ng-star-inserted\"><span class=\"ng-star-inserted\">Caracter\u00edsticas que fazem o Shaliteink se destacar:<\/span><\/strong><\/p>\n<ul class=\"ng-star-inserted\">\n<li style=\"list-style-type: none;\">\n<ul class=\"ng-star-inserted\">\n<li class=\"ng-star-inserted\">Cor ousada e inconfund\u00edvel: este tom amarelo fluorescente foi criado para chamar a aten\u00e7\u00e3o.<\/li>\n<\/ul>\n<\/li>\n<\/ul>\n<p>Opacidade superior: obtenha cores vibrantes e intensas em uma variedade de cores de roupas.<\/p>\n<ul class=\"ng-star-inserted\">\n<li class=\"ng-star-inserted\">Cremoso e f\u00e1cil de imprimir: formulado para passagens suaves e consistentes na impressora.<\/li>\n<li class=\"ng-star-inserted\">Excelente durabilidade na lavagem: as impress\u00f5es mant\u00eam a integridade e o brilho mesmo ap\u00f3s v\u00e1rias lavagens.<\/li>\n<li class=\"ng-star-inserted\">BAIXOS TEMPOS DE FLASH: Acelera trabalhos multicoloridos com secagem intermedi\u00e1ria eficiente.<\/li>\n<li>Qualidade consistente: respaldada por duas d\u00e9cadas de experi\u00eancia em fabrica\u00e7\u00e3o da Shaliteink.<\/li>\n<\/ul>\n<p class=\"ng-star-inserted\"><strong class=\"ng-star-inserted\"><span class=\"ng-star-inserted\">Instru\u00e7\u00f5es de cura para tinta plastisol amarela fluorescente Shaliteink:<\/span><\/strong><\/p>\n<p>Para garantir a ades\u00e3o ideal e a resist\u00eancia \u00e0 lavagem, cure sua tinta Shaliteink. <strong><a href=\"https:\/\/shaliteink.com\/pt\/categoria-produto\/tinta-plastisol\/\">tintas plastisol<\/a><\/strong> a 160\u00b0C (320\u00b0F) em toda a camada de tinta.<\/p>\n<ul>\n<li>Temperatura de flash: 120-140 \u00b0C (248-284 \u00b0F) por 3 a 5 segundos. Ajuste conforme necess\u00e1rio, de acordo com sua secadora e configura\u00e7\u00e3o.<\/li>\n<li>Cura total: a tinta est\u00e1 totalmente curada quando toda a camada de tinta atinge 160 \u00b0C. As leituras de temperatura da superf\u00edcie feitas por pistolas de laser podem ser enganosas; para leituras precisas, recomenda-se o uso de sondas de rosca ou tiras de temperatura para confirmar a temperatura interna.<\/li>\n<li>Teste de Lavagem: Sempre realize um teste de lavagem ap\u00f3s instalar novas configura\u00e7\u00f5es na secadora. Geralmente, s\u00e3o necess\u00e1rias de 5 a 10 lavagens para um teste completo, mas a condi\u00e7\u00e3o pode piorar ap\u00f3s 1 a 3 lavagens em caso de tratamento curto e severo.<\/li>\n<li>Teste de elasticidade: Para um teste r\u00e1pido, estique a pe\u00e7a estampada at\u00e9 cerca de 2\/3 do seu alongamento normal. Se a estampa rasgar excessivamente e n\u00e3o retrair, pode n\u00e3o cicatrizar adequadamente.<\/li>\n<li>Migra\u00e7\u00e3o de Corante em Misturas de Poli\u00e9ster: Nossa f\u00f3rmula de baixo sangramento ajuda a minimizar a migra\u00e7\u00e3o de corante. A cura \u00e0 temperatura recomendada de 160 \u00b0C, que geralmente \u00e9 inferior \u00e0 temperatura de fixa\u00e7\u00e3o de muitos tecidos de poli\u00e9ster (270 \u00b0F-300 \u00b0F), reduz ainda mais o risco de vazamento de corantes em suas vibrantes tintas de serigrafia.<\/li>\n<\/ul>\n<p class=\"ng-star-inserted\"><strong class=\"ng-star-inserted\"><span class=\"ng-star-inserted\">Limpar:<\/span><\/strong><\/p>\n<p>Limpeza ap\u00f3s o uso <strong><a href=\"https:\/\/shaliteink.com\/pt\/\">Shaliteink<\/a><\/strong> A tinta plastisol \u00e9 simples:<\/p>\n<ul>\n<li>Na prensa: use um produto de lavagem de prensa plastisol ou degradante de tinta para limpar telas e rodo<br \/>\ne.<\/li>\n<li>Na pia: use Plastisol Screen Wash ou Ink Degradant para uma limpeza completa da tela.<\/li>\n<\/ul>\n<p class=\"ng-star-inserted\"><strong class=\"ng-star-inserted\"><span class=\"ng-star-inserted\">Informa\u00e7\u00f5es de armazenamento:<\/span><\/strong><\/p>\n<p>Armazene sua tinta plastisol Shaliteink em temperatura ambiente, idealmente entre 18-32\u00b0C (65-90\u00b0F), e longe da luz solar direta. A exposi\u00e7\u00e3o prolongada a temperaturas acima desse limite pode causar a cura prematura da tinta em seu recipiente.<\/p>\n<p>Shaliteink \u00e9 a sua fonte confi\u00e1vel de tintas de serigrafia de alta qualidade. Nossa tinta plastisol amarela fluorescente oferece desempenho superior, facilidade de uso e excelente custo-benef\u00edcio, tornando-a a escolha ideal tanto para profissionais quanto para aspirantes a serigrafistas. Compre agora e aprimore suas impress\u00f5es com Shaliteink!<\/p>\n<p>&nbsp;<\/p>\n<p><img decoding=\"async\" class=\"aligncenter wp-image-4024 size-large\" src=\"https:\/\/shaliteink.com\/wp-content\/uploads\/2025\/04\/Fluorescent-Yellow-Screen-Printing-Plastisol-Ink-1024x683.jpg\" alt=\"Tinta de plastisol para serigrafia amarela fluorescente\" width=\"1024\" height=\"683\" srcset=\"https:\/\/shaliteink.com\/wp-content\/uploads\/2025\/04\/Fluorescent-Yellow-Screen-Printing-Plastisol-Ink-1024x683.jpg 1024w, https:\/\/shaliteink.com\/wp-content\/uploads\/2025\/04\/Fluorescent-Yellow-Screen-Printing-Plastisol-Ink-300x200.jpg 300w, https:\/\/shaliteink.com\/wp-content\/uploads\/2025\/04\/Fluorescent-Yellow-Screen-Printing-Plastisol-Ink-768x512.jpg 768w, https:\/\/shaliteink.com\/wp-content\/uploads\/2025\/04\/Fluorescent-Yellow-Screen-Printing-Plastisol-Ink-1536x1024.jpg 1536w, https:\/\/shaliteink.com\/wp-content\/uploads\/2025\/04\/Fluorescent-Yellow-Screen-Printing-Plastisol-Ink-2048x1365.jpg 2048w, https:\/\/shaliteink.com\/wp-content\/uploads\/2025\/04\/Fluorescent-Yellow-Screen-Printing-Plastisol-Ink-18x12.jpg 18w, https:\/\/shaliteink.com\/wp-content\/uploads\/2025\/04\/Fluorescent-Yellow-Screen-Printing-Plastisol-Ink-1200x800.jpg 1200w, https:\/\/shaliteink.com\/wp-content\/uploads\/2025\/04\/Fluorescent-Yellow-Screen-Printing-Plastisol-Ink-150x100.jpg 150w\" sizes=\"(max-width: 1024px) 100vw, 1024px\" \/><\/p>","protected":false},"excerpt":{"rendered":"<p>Experimente cores vibrantes e efici\u00eancia de impress\u00e3o incompar\u00e1veis com a tinta plastisol amarela fluorescente para serigrafia da Shaliteink. Como l\u00edder global em suprimentos para serigrafia, com duas d\u00e9cadas de experi\u00eancia em fabrica\u00e7\u00e3o, a Shaliteink oferece qualidade direta da f\u00e1brica, na qual os profissionais confiam. Trabalhamos em parceria com marcas mundialmente renomadas para trazer a voc\u00ea solu\u00e7\u00f5es em tinta plastisol que superam as expectativas.<\/p>","protected":false},"featured_media":1497,"comment_status":"open","ping_status":"closed","template":"","meta":[],"product_brand":[],"product_cat":[39],"product_tag":[],"class_list":{"0":"post-1266","1":"product","2":"type-product","3":"status-publish","4":"has-post-thumbnail","6":"product_cat-plastisol-ink","8":"first","9":"instock","10":"shipping-taxable","11":"purchasable","12":"product-type-variable"},"tiered_pricing_type":"fixed","tiered_pricing_fixed_rules":[],"tiered_pricing_product_settings":{"layout":"default","base_unit_name":{"singular":null,"plural":null},"default_variation":null},"tiered_pricing_minimum_quantity":null,"tiered_pricing_roles_data":[],"tiered_pricing_percentage_rules":[],"tiered_pricing_maximum_quantity":null,"tiered_pricing_quantity_step":null,"_links":{"self":[{"href":"https:\/\/shaliteink.com\/pt\/wp-json\/wp\/v2\/product\/1266","targetHints":{"allow":["GET"]}}],"collection":[{"href":"https:\/\/shaliteink.com\/pt\/wp-json\/wp\/v2\/product"}],"about":[{"href":"https:\/\/shaliteink.com\/pt\/wp-json\/wp\/v2\/types\/product"}],"replies":[{"embeddable":true,"href":"https:\/\/shaliteink.com\/pt\/wp-json\/wp\/v2\/comments?post=1266"}],"version-history":[{"count":0,"href":"https:\/\/shaliteink.com\/pt\/wp-json\/wp\/v2\/product\/1266\/revisions"}],"wp:featuredmedia":[{"embeddable":true,"href":"https:\/\/shaliteink.com\/pt\/wp-json\/wp\/v2\/media\/1497"}],"wp:attachment":[{"href":"https:\/\/shaliteink.com\/pt\/wp-json\/wp\/v2\/media?parent=1266"}],"wp:term":[{"taxonomy":"product_brand","embeddable":true,"href":"https:\/\/shaliteink.com\/pt\/wp-json\/wp\/v2\/product_brand?post=1266"},{"taxonomy":"product_cat","embeddable":true,"href":"https:\/\/shaliteink.com\/pt\/wp-json\/wp\/v2\/product_cat?post=1266"},{"taxonomy":"product_tag","embeddable":true,"href":"https:\/\/shaliteink.com\/pt\/wp-json\/wp\/v2\/product_tag?post=1266"}],"curies":[{"name":"wp","href":"https:\/\/api.w.org\/{rel}","templated":true}]}}