{"id":1254,"date":"2025-04-12T09:47:33","date_gmt":"2025-04-12T09:47:33","guid":{"rendered":"https:\/\/shaliteink.com\/?post_type=product&#038;p=1254"},"modified":"2025-12-10T11:28:47","modified_gmt":"2025-12-10T11:28:47","slug":"tinta-plastisol-verde-fluorescente-para-serigrafia","status":"publish","type":"product","link":"https:\/\/shaliteink.com\/pt\/produto\/tinta-plastisol-verde-fluorescente-para-serigrafia\/","title":{"rendered":"Tinta plastisol para serigrafia verde fluorescente"},"content":{"rendered":"<h2 class=\"ng-star-inserted\"><span class=\"ng-star-inserted\">Tinta plastisol para serigrafia Shaliteink verde fluorescente: Cores vibrantes, impress\u00f5es sem esfor\u00e7o.<\/span><\/h2>\n<h4 class=\"ng-star-inserted\"><span class=\"ng-star-inserted\">Descri\u00e7\u00e3o do produto<\/span><\/h4>\n<p class=\"ng-star-inserted\">Liberte uma explos\u00e3o de cores eletrizantes com a tinta plastisol verde fluorescente para serigrafia da Shaliteink. Esta tinta plastisol de alto desempenho foi especialmente formulada para proporcionar uma cor verde fluorescente brilhante e atraente em uma ampla variedade de tecidos. Com uma consist\u00eancia cremosa e f\u00e1cil de usar, al\u00e9m de baixa viscosidade, garante impress\u00f5es suaves e consistentes sempre, minimizando o tempo de prepara\u00e7\u00e3o e maximizando sua produtividade. Nossa f\u00f3rmula avan\u00e7ada garante excelente opacidade, permitindo que voc\u00ea obtenha cores vibrantes mesmo em tecidos escuros, sem a necessidade de bases adicionais frequentes.<\/p>\n<p>Al\u00e9m de seu apelo visual atraente, nosso <strong>tinta plastisol verde fluorescente<\/strong> Oferece benef\u00edcios operacionais significativos. Com uma temperatura baixa de apenas 160 \u00b0C (320 \u00b0F), ajuda a evitar que as pe\u00e7as queimem ou encolham, especialmente ao trabalhar com misturas sens\u00edveis \u00e0 temperatura, como o poli\u00e9ster. Esse limite de tratamento mais baixo n\u00e3o s\u00f3 protege suas roupas, como tamb\u00e9m contribui para a economia de energia, reduzindo a demanda da sua secadora de esteira. Experimente o toque macio que mant\u00e9m suas estampas confort\u00e1veis e dur\u00e1veis mesmo ap\u00f3s in\u00fameras lavagens. Seja para criar roupas personalizadas, itens promocionais ou designs art\u00edsticos, a serigrafia verde fluorescente da Shaliteink \u00e9 a solu\u00e7\u00e3o ideal. <strong><a href=\"https:\/\/shaliteink.com\/pt\/categoria-produto\/tinta-plastisol\/\">tinta plastisol<\/a><\/strong> Oferecemos a confiabilidade e a qualidade necess\u00e1rias para que seus projetos se destaquem.<\/p>\n<h3><img decoding=\"async\" class=\"aligncenter wp-image-4021 size-large\" src=\"https:\/\/shaliteink.com\/wp-content\/uploads\/2025\/04\/Fluorescent-Green-Screen-Printing-Plastisol-Ink-1024x683.jpg\" alt=\"Tinta plastisol para serigrafia verde fluorescente\" width=\"1024\" height=\"683\" srcset=\"https:\/\/shaliteink.com\/wp-content\/uploads\/2025\/04\/Fluorescent-Green-Screen-Printing-Plastisol-Ink-1024x683.jpg 1024w, https:\/\/shaliteink.com\/wp-content\/uploads\/2025\/04\/Fluorescent-Green-Screen-Printing-Plastisol-Ink-300x200.jpg 300w, https:\/\/shaliteink.com\/wp-content\/uploads\/2025\/04\/Fluorescent-Green-Screen-Printing-Plastisol-Ink-768x512.jpg 768w, https:\/\/shaliteink.com\/wp-content\/uploads\/2025\/04\/Fluorescent-Green-Screen-Printing-Plastisol-Ink-1536x1024.jpg 1536w, https:\/\/shaliteink.com\/wp-content\/uploads\/2025\/04\/Fluorescent-Green-Screen-Printing-Plastisol-Ink-2048x1365.jpg 2048w, https:\/\/shaliteink.com\/wp-content\/uploads\/2025\/04\/Fluorescent-Green-Screen-Printing-Plastisol-Ink-18x12.jpg 18w, https:\/\/shaliteink.com\/wp-content\/uploads\/2025\/04\/Fluorescent-Green-Screen-Printing-Plastisol-Ink-1200x800.jpg 1200w, https:\/\/shaliteink.com\/wp-content\/uploads\/2025\/04\/Fluorescent-Green-Screen-Printing-Plastisol-Ink-150x100.jpg 150w\" sizes=\"(max-width: 1024px) 100vw, 1024px\" \/><\/h3>\n<h3 class=\"ng-star-inserted\"><span class=\"ng-star-inserted\">Principais benef\u00edcios de <strong><a href=\"https:\/\/shaliteink.com\/pt\/\">Shaliteink<\/a><\/strong> Tinta plastisol verde fluorescente:<\/span><\/h3>\n<ul class=\"ng-star-inserted\">\n<li class=\"ng-star-inserted\">Verde fluorescente vibrante: Obtenha cores ousadas e eletrizantes que chamam a aten\u00e7\u00e3o.<\/li>\n<li class=\"ng-star-inserted\">Opacidade ideal: Proporciona excelente cobertura, mesmo em substratos escuros, para impress\u00f5es vibrantes.<\/li>\n<li class=\"ng-star-inserted\">Impress\u00e3o com toque macio: Garante uma sensa\u00e7\u00e3o confort\u00e1vel e flex\u00edvel nas suas pe\u00e7as de roupa finalizadas.<\/li>\n<li class=\"ng-star-inserted\">F\u00e1cil de usar: Consist\u00eancia cremosa, sem enx\u00e1gue, para aplica\u00e7\u00f5es suaves e uniformes.<\/li>\n<li class=\"ng-star-inserted\">Compatibilidade universal com tecidos: Apresenta desempenho excepcional em uma ampla variedade de tecidos, incluindo algod\u00e3o 100%, misturas de algod\u00e3o\/poli\u00e9ster e poli\u00e9ster (com as tecnologias adequadas de baixa transfer\u00eancia de cor).<\/li>\n<li class=\"ng-star-inserted\">Baixa temperatura: Cura eficientemente a 160\u00b0C (320\u00b0F), reduzindo o risco de queimaduras e encolhimento dos tecidos.<\/li>\n<li class=\"ng-star-inserted\">Tempos de flash r\u00e1pidos: Atinge o flash ideal a 120\u00b0C-140\u00b0C (248\u00b0F-284\u00b0F) para opera\u00e7\u00f5es r\u00e1pidas de impress\u00e3o-flash-impress\u00e3o.<\/li>\n<li class=\"ng-star-inserted\">F\u00f3rmula sem ftalatos: ecologicamente correta e segura para os usu\u00e1rios.<\/li>\n<li class=\"ng-star-inserted\">Acabamento semibrilhante: Proporciona um aspecto profissional e atraente \u00e0s suas impress\u00f5es.<\/li>\n<li class=\"ng-star-inserted\">Qualidade direto da f\u00e1brica: Beneficie de duas d\u00e9cadas de excel\u00eancia em fabrica\u00e7\u00e3o e fornecimento direto.<\/li>\n<\/ul>\n<h3 class=\"ng-star-inserted\"><span class=\"ng-star-inserted\">Instru\u00e7\u00f5es de cura:<\/span><\/h3>\n<p>A cura completa \u00e9 importante para a durabilidade da impress\u00e3o. A tinta plastisol verde fluorescente Shaliteink foi desenvolvida para cura eficiente em baixas temperaturas:<\/p>\n<ul>\n<li>Temperatura de cura: 160\u00b0C (320\u00b0F) em toda a camada de tinta.<\/li>\n<li>Temperatura do flash: 120\u00b0C-140\u00b0C (248\u00b0F-284\u00b0F) por 3-5 segundos.<\/li>\n<\/ul>\n<p>Orienta\u00e7\u00f5es importantes sobre a cura: Para garantir a cura adequada, recomendamos fortemente a realiza\u00e7\u00e3o de um &quot;teste de elasticidade&quot; e um teste de lavagem antes da produ\u00e7\u00e3o em larga escala. Estique a pe\u00e7a estampada at\u00e9 cerca de dois ter\u00e7os do seu comprimento; se a tinta borrar e n\u00e3o retrair, isso indica que a cura n\u00e3o foi completa. Para um teste abrangente, aguarde de 5 a 10 lavagens para confirmar a cura total. Se o teste falhar, aumente o tempo de secagem na secadora.<\/p>\n<p>Migra\u00e7\u00e3o de corantes em misturas de poli\u00e9ster: Nossa baixa temperatura de cura ajuda a reduzir a migra\u00e7\u00e3o de corantes, um problema comum em tecidos de poli\u00e9ster. Os corantes para poli\u00e9ster normalmente liberam gases em temperaturas acima de 132 \u00b0C (270 \u00b0F). Ao curar nossas tintas plastisol de forma eficiente a 160 \u00b0C (320 \u00b0F), voc\u00ea minimiza o risco de manchas de corante em suas estampas verde-fluorescente vibrantes. Sempre fa\u00e7a testes preliminares em novos tipos de tecido para otimizar seus par\u00e2metros de cura. Lembre-se, as leituras de temperatura da superf\u00edcie feitas por term\u00f4metros a laser podem ser enganosas; o objetivo \u00e9 garantir que toda a camada de tinta atinja a temperatura de cura desejada.<\/p>\n<h3 class=\"ng-star-inserted\"><span class=\"ng-star-inserted\">Limpar:<\/span><\/h3>\n<p>A manuten\u00e7\u00e3o dos seus equipamentos \u00e9 f\u00e1cil com as tintas plastisol Shalitink:<\/p>\n<ul>\n<li>Limpeza na impressora: Utilize um produto de limpeza espec\u00edfico para plastisol ou um removedor de tinta.<\/li>\n<li>Limpeza da tela: Utilize um produto de limpeza para telas \u00e0 base de plastisol ou um removedor de tinta para uma limpeza completa da tela.<\/li>\n<\/ul>\n<h3><img decoding=\"async\" class=\"aligncenter wp-image-4022 size-large\" src=\"https:\/\/shaliteink.com\/wp-content\/uploads\/2025\/04\/Fluorescent-Green-Screen-Printing-Plastisol-Ink-1-1024x683.jpg\" alt=\"Tinta plastisol para serigrafia verde fluorescente\" width=\"1024\" height=\"683\" srcset=\"https:\/\/shaliteink.com\/wp-content\/uploads\/2025\/04\/Fluorescent-Green-Screen-Printing-Plastisol-Ink-1-1024x683.jpg 1024w, https:\/\/shaliteink.com\/wp-content\/uploads\/2025\/04\/Fluorescent-Green-Screen-Printing-Plastisol-Ink-1-300x200.jpg 300w, https:\/\/shaliteink.com\/wp-content\/uploads\/2025\/04\/Fluorescent-Green-Screen-Printing-Plastisol-Ink-1-768x512.jpg 768w, https:\/\/shaliteink.com\/wp-content\/uploads\/2025\/04\/Fluorescent-Green-Screen-Printing-Plastisol-Ink-1-1536x1024.jpg 1536w, https:\/\/shaliteink.com\/wp-content\/uploads\/2025\/04\/Fluorescent-Green-Screen-Printing-Plastisol-Ink-1-2048x1365.jpg 2048w, https:\/\/shaliteink.com\/wp-content\/uploads\/2025\/04\/Fluorescent-Green-Screen-Printing-Plastisol-Ink-1-18x12.jpg 18w, https:\/\/shaliteink.com\/wp-content\/uploads\/2025\/04\/Fluorescent-Green-Screen-Printing-Plastisol-Ink-1-1200x800.jpg 1200w, https:\/\/shaliteink.com\/wp-content\/uploads\/2025\/04\/Fluorescent-Green-Screen-Printing-Plastisol-Ink-1-150x100.jpg 150w\" sizes=\"(max-width: 1024px) 100vw, 1024px\" \/><\/h3>\n<h3 class=\"ng-star-inserted\"><span class=\"ng-star-inserted\">Dicas profissionais para tinta Shaliteink Plastisol:<\/span><\/h3>\n<ul>\n<li>Recomenda\u00e7\u00e3o para a base: Para obter o m\u00e1ximo de vivacidade e opacidade em tecidos muito escuros, considere imprimir a base em branco.<\/li>\n<li>Armazenamento: Armazene a tinta plastisol em temperatura ambiente (18-32\u00b0C\/65-90\u00b0F), longe da luz solar direta. A exposi\u00e7\u00e3o prolongada a temperaturas acima de 32\u00b0C (90\u00b0F) pode fazer com que a tinta solidifique no recipiente.<\/li>\n<li>Liga\u00e7\u00e3o: Lembre-se que as tintas plastisol formam uma liga\u00e7\u00e3o mec\u00e2nica envolvendo as fibras do tecido em vez de colori-las. Isso garante maior durabilidade e reten\u00e7\u00e3o de cores vibrantes.<\/li>\n<\/ul>\n<p>Obtenha o melhor pelo menor pre\u00e7o! Compre produtos com as melhores avalia\u00e7\u00f5es. <strong>tintas de serigrafia<\/strong> Tintas plastisol vibrantes a pre\u00e7os imbat\u00edveis. Perfeitas para qualquer projeto. Clique para ver nossas ofertas!<\/p>","protected":false},"excerpt":{"rendered":"<p>A Shaliteink \u00e9 l\u00edder global no varejo de tintas plastisol para serigrafia, com vinte anos de experi\u00eancia em fabrica\u00e7\u00e3o e vendas diretas da f\u00e1brica. Colaboramos de perto com diversas marcas mundialmente renomadas para oferecer tintas plastisol de qualidade premium. Nossa tinta plastisol verde fluorescente para serigrafia foi desenvolvida para produzir resultados impressionantes e vibrantes com excepcional facilidade, tornando-a a escolha ideal tanto para profissionais experientes quanto para iniciantes na serigrafia.<\/p>","protected":false},"featured_media":1503,"comment_status":"open","ping_status":"closed","template":"","meta":[],"product_brand":[],"product_cat":[39],"product_tag":[],"class_list":{"0":"post-1254","1":"product","2":"type-product","3":"status-publish","4":"has-post-thumbnail","6":"product_cat-plastisol-ink","8":"first","9":"instock","10":"shipping-taxable","11":"purchasable","12":"product-type-variable"},"tiered_pricing_type":"fixed","tiered_pricing_fixed_rules":[],"tiered_pricing_product_settings":{"layout":"default","base_unit_name":{"singular":null,"plural":null},"default_variation":null},"tiered_pricing_minimum_quantity":null,"tiered_pricing_roles_data":[],"tiered_pricing_percentage_rules":[],"tiered_pricing_maximum_quantity":null,"tiered_pricing_quantity_step":null,"_links":{"self":[{"href":"https:\/\/shaliteink.com\/pt\/wp-json\/wp\/v2\/product\/1254","targetHints":{"allow":["GET"]}}],"collection":[{"href":"https:\/\/shaliteink.com\/pt\/wp-json\/wp\/v2\/product"}],"about":[{"href":"https:\/\/shaliteink.com\/pt\/wp-json\/wp\/v2\/types\/product"}],"replies":[{"embeddable":true,"href":"https:\/\/shaliteink.com\/pt\/wp-json\/wp\/v2\/comments?post=1254"}],"version-history":[{"count":0,"href":"https:\/\/shaliteink.com\/pt\/wp-json\/wp\/v2\/product\/1254\/revisions"}],"wp:featuredmedia":[{"embeddable":true,"href":"https:\/\/shaliteink.com\/pt\/wp-json\/wp\/v2\/media\/1503"}],"wp:attachment":[{"href":"https:\/\/shaliteink.com\/pt\/wp-json\/wp\/v2\/media?parent=1254"}],"wp:term":[{"taxonomy":"product_brand","embeddable":true,"href":"https:\/\/shaliteink.com\/pt\/wp-json\/wp\/v2\/product_brand?post=1254"},{"taxonomy":"product_cat","embeddable":true,"href":"https:\/\/shaliteink.com\/pt\/wp-json\/wp\/v2\/product_cat?post=1254"},{"taxonomy":"product_tag","embeddable":true,"href":"https:\/\/shaliteink.com\/pt\/wp-json\/wp\/v2\/product_tag?post=1254"}],"curies":[{"name":"wp","href":"https:\/\/api.w.org\/{rel}","templated":true}]}}