{"id":1212,"date":"2025-04-11T09:43:50","date_gmt":"2025-04-11T09:43:50","guid":{"rendered":"https:\/\/shaliteink.com\/?post_type=product&#038;p=1212"},"modified":"2025-12-10T11:31:33","modified_gmt":"2025-12-10T11:31:33","slug":"tinta-plastisol-fluorescente-azul-para-serigrafia","status":"publish","type":"product","link":"https:\/\/shaliteink.com\/pt\/produto\/tinta-plastisol-fluorescente-azul-para-serigrafia\/","title":{"rendered":"Tinta plastisol fluorescente para serigrafia em azul"},"content":{"rendered":"<h2 class=\"ng-star-inserted\"><span class=\"ng-star-inserted\">Tinta plastisol azul fluorescente Shaliteink \u2013 Impress\u00e3o serigr\u00e1fica vibrante e vers\u00e1til<\/span><\/h2>\n<p>Nosso compromisso com a inova\u00e7\u00e3o significa que nossas tintas s\u00e3o projetadas para aprimorar seu processo de produ\u00e7\u00e3o, oferecendo resultados consistentemente impressionantes em cada impress\u00e3o. Este azul fluorescente <strong><a href=\"https:\/\/shaliteink.com\/pt\/categoria-produto\/tinta-plastisol\/\">tinta plastisol<\/a><\/strong> Oferece excelente opacidade e textura suave e cremosa, garantindo uma impress\u00e3o perfeita, seja em tecidos claros ou escuros. Experimente! <strong><a href=\"https:\/\/shaliteink.com\/pt\/produto\/tinta-plastisol-fluorescente-azul-para-serigrafia\/\">Shaliteink<\/a><\/strong> Diferen\u00e7a: desempenho superior, cores vibrantes e confiabilidade incompar\u00e1vel para todas as suas necessidades de serigrafia.<\/p>\n<h3><img decoding=\"async\" class=\"aligncenter wp-image-4018 size-large\" src=\"https:\/\/shaliteink.com\/wp-content\/uploads\/2025\/04\/Fluorescent-Blue-Screen-Printing-Plastisol-Ink-1024x683.jpg\" alt=\"Tinta plastisol fluorescente para serigrafia em azul\" width=\"1024\" height=\"683\" srcset=\"https:\/\/shaliteink.com\/wp-content\/uploads\/2025\/04\/Fluorescent-Blue-Screen-Printing-Plastisol-Ink-1024x683.jpg 1024w, https:\/\/shaliteink.com\/wp-content\/uploads\/2025\/04\/Fluorescent-Blue-Screen-Printing-Plastisol-Ink-300x200.jpg 300w, https:\/\/shaliteink.com\/wp-content\/uploads\/2025\/04\/Fluorescent-Blue-Screen-Printing-Plastisol-Ink-768x512.jpg 768w, https:\/\/shaliteink.com\/wp-content\/uploads\/2025\/04\/Fluorescent-Blue-Screen-Printing-Plastisol-Ink-1536x1024.jpg 1536w, https:\/\/shaliteink.com\/wp-content\/uploads\/2025\/04\/Fluorescent-Blue-Screen-Printing-Plastisol-Ink-2048x1365.jpg 2048w, https:\/\/shaliteink.com\/wp-content\/uploads\/2025\/04\/Fluorescent-Blue-Screen-Printing-Plastisol-Ink-18x12.jpg 18w, https:\/\/shaliteink.com\/wp-content\/uploads\/2025\/04\/Fluorescent-Blue-Screen-Printing-Plastisol-Ink-1200x800.jpg 1200w, https:\/\/shaliteink.com\/wp-content\/uploads\/2025\/04\/Fluorescent-Blue-Screen-Printing-Plastisol-Ink-150x100.jpg 150w\" sizes=\"(max-width: 1024px) 100vw, 1024px\" \/><\/h3>\n<h3 class=\"ng-star-inserted\"><span class=\"ng-star-inserted\">Principais benef\u00edcios da tinta plastisol azul fluorescente Shaliteink:<\/span><\/h3>\n<ul class=\"ng-star-inserted\">\n<li class=\"ng-star-inserted\">Azul fluorescente brilhante: Consiga estampas em azul brilhante e chamativo que se destacam.<\/li>\n<li class=\"ng-star-inserted\">Temperatura ideal de cura: Cura de forma eficiente a 160\u00b0C, minimizando o consumo de energia e maximizando a velocidade de produ\u00e7\u00e3o.<\/li>\n<li class=\"ng-star-inserted\">Estampa com toque suave: Produz estampas com um toque macio e flex\u00edvel que se ajustam perfeitamente ao tecido.<\/li>\n<li class=\"ng-star-inserted\">Compatibilidade universal com tecidos: Ideal para uma ampla gama de materiais, incluindo algod\u00e3o, misturas e alguns poli\u00e9steres.<\/li>\n<li class=\"ng-star-inserted\">F\u00f3rmula de baixa transfer\u00eancia de corante: Especialmente desenvolvida para evitar a migra\u00e7\u00e3o de corantes em tecidos de poli\u00e9ster e misturas de poli\u00e9ster, quando curada corretamente.<\/li>\n<li class=\"ng-star-inserted\">Tinta sem ftalatos: F\u00f3rmula ecologicamente correta, segura para uma ampla gama de aplica\u00e7\u00f5es.<\/li>\n<li class=\"ng-star-inserted\">Alta Opacidade: Proporciona excelente cobertura e satura\u00e7\u00e3o de cor superior tanto em tecidos claros quanto escuros.<\/li>\n<li class=\"ng-star-inserted\">F\u00e1cil de usar: A consist\u00eancia suave e compacta garante facilidade ao misturar, retirar do recipiente e imprimir.<\/li>\n<li class=\"ng-star-inserted\">Acabamento semibrilhante: Proporciona um brilho profissional e atraente \u00e0s suas impress\u00f5es finalizadas.<\/li>\n<li class=\"ng-star-inserted\">Excelente resist\u00eancia \u00e0 lavagem: Projetado para durabilidade, garantindo que as estampas suportem m\u00faltiplas lavagens sem desbotar ou amassar.<\/li>\n<\/ul>\n<p>A tinta plastisol azul fluorescente Shalitienk foi desenvolvida para otimizar seu fluxo de trabalho de serigrafia. Sua baixa temperatura de 160 \u00b0C (em compara\u00e7\u00e3o com tintas de temperatura mais alta) significa que menos calor \u00e9 exposto \u00e0s suas roupas, reduzindo o risco de queimaduras ou encolhimento, especialmente em tecidos sens\u00edveis ao calor. Isso tamb\u00e9m resulta em economia significativa de energia e tempos de produ\u00e7\u00e3o mais r\u00e1pidos, j\u00e1 que sua secadora de esteira pode operar com mais efici\u00eancia. A textura cremosa e a baixa viscosidade da tinta garantem uma impress\u00e3o suave, reduzindo a fadiga do operador e aumentando a consist\u00eancia da estampa. Para resultados ainda mais vibrantes em roupas escuras, recomendamos a aplica\u00e7\u00e3o de branco como base.<\/p>\n<h3 class=\"ng-star-inserted\"><span class=\"ng-star-inserted\">Instru\u00e7\u00f5es de cura para a tinta plastisol azul fluorescente Shaliteink:<\/span><\/h3>\n<p>O tratamento adequado \u00e9 importante para a longevidade e durabilidade das suas impress\u00f5es. Shaliteink <strong>Tinta plastisol azul fluorescente<\/strong> \u00c9 formulado para cura confi\u00e1vel a 160\u2103 (320\u00b0F).<\/p>\n<ul>\n<li>Temperatura de cura: Certifique-se de que toda a camada de tinta atinja 160\u00b0C (320\u00b0F).<\/li>\n<li>Temperatura de secagem r\u00e1pida: Aque\u00e7a a tinta a uma temperatura entre 120 \u00b0C e 140 \u00b0C (248 \u00b0F e 284 \u00b0F) durante 3 a 5 segundos. Normalmente, isso ocorre quando a superf\u00edcie da tinta est\u00e1 seca ao toque, facilitando a aplica\u00e7\u00e3o de camadas de cor subsequentes ou o manuseio.<\/li>\n<li>Diretrizes gerais para testes: Antes de qualquer produ\u00e7\u00e3o em larga escala, sempre realize um teste de elasticidade e um teste de lavagem em uma pe\u00e7a de amostra. Ajuste o tempo de contato ou a velocidade da esteira conforme necess\u00e1rio para garantir o tratamento ideal. Roupas de algod\u00e3o podem precisar de um tempo de contato um pouco maior devido \u00e0 sua capacidade de absor\u00e7\u00e3o.<\/li>\n<li>\n<p class=\"ng-star-inserted\"><strong class=\"ng-star-inserted\"><span class=\"ng-star-inserted\">Testando para a cura:<\/span><\/strong><\/p>\n<ul class=\"ng-star-inserted\">\n<li class=\"ng-star-inserted\">Teste de lavagem: Deixe a tinta esfriar completamente. Lave o tecido de 5 a 10 vezes. Se a estampa n\u00e3o apresentar defeitos, est\u00e1 totalmente recuperada. Estampas mal fixadas deteriorar\u00e3o significativamente ap\u00f3s 1 a 3 lavagens.<\/li>\n<li class=\"ng-star-inserted\">Teste de elasticidade: Estique a \u00e1rea estampada da pe\u00e7a at\u00e9 aproximadamente dois ter\u00e7os do seu tamanho original. Se a tinta estourar e n\u00e3o voltar ao formato original, provavelmente n\u00e3o secou corretamente.<\/li>\n<\/ul>\n<\/li>\n<\/ul>\n<h3 class=\"ng-star-inserted\"><span class=\"ng-star-inserted\">Limpeza e armazenamento:<\/span><\/h3>\n<p>A limpeza e o armazenamento adequados s\u00e3o essenciais para manter a qualidade das tintas plastisol e dos equipamentos de serigrafia.<\/p>\n<ul>\n<li>Limpeza na impressora: Utilize um produto de limpeza espec\u00edfico para impressoras plastisol ou um removedor de tinta para limpar a tela e o rodo.<\/li>\n<li>Limpeza da tela: Para uma limpeza completa da tela, use um produto de limpeza para telas \u00e0 base de plastisol ou um removedor de tinta.<\/li>\n<li>Armazenamento: Armazene a tinta plastisol Shaliteink em temperatura ambiente, idealmente entre 18-32\u00b0C (65-90\u00b0F). Evite a exposi\u00e7\u00e3o prolongada \u00e0 luz solar direta e a temperaturas acima de 32\u00b0C (90\u00b0F), pois isso pode fazer com que a tinta no recipiente comece a solidificar.<\/li>\n<\/ul>\n<h3 class=\"ng-star-inserted\"><span class=\"ng-star-inserted\">Dicas profissionais para serigrafia com tinta plastisol Shaliteink:<\/span><\/h3>\n<ul>\n<li>Base para tecidos escuros: Para obter um azul fluorescente mais vibrante em tecidos escuros, utilize sempre uma base branca para a impress\u00e3o.<\/li>\n<li>Liga\u00e7\u00e3o mec\u00e2nica: Lembre-se, <strong>tinta plastisol<\/strong> Cria uma liga\u00e7\u00e3o mec\u00e2nica envolvendo as fibras do tecido em vez de tingi-las. Isso garante maior durabilidade.<\/li>\n<li>Espessura da tinta: Dep\u00f3sitos de tinta mais espessos exigir\u00e3o um tempo de perman\u00eancia maior na secadora para garantir que toda a camada de tinta atinja a temperatura de cura adequada.<\/li>\n<li>Misturas de poli\u00e9ster: Ao imprimir em poli\u00e9ster ou misturas de poli\u00e9ster, a baixa temperatura de cura da tinta plastisol Shaliteink ajuda a evitar a migra\u00e7\u00e3o do corante, pois cura abaixo da temperatura t\u00edpica de sublima\u00e7\u00e3o dos corantes de poli\u00e9ster (270-300\u00b0F).<\/li>\n<\/ul>\n<p>Escolha a tinta plastisol azul fluorescente da Shaliteink para o seu pr\u00f3ximo projeto de serigrafia e experimente a combina\u00e7\u00e3o perfeita de cores vibrantes, desempenho excepcional e facilidade de uso. Como uma das principais revendedoras de tintas para serigrafia, a Shaliteink \u00e9 sua parceira de confian\u00e7a para solu\u00e7\u00f5es de alta qualidade, direto da f\u00e1brica.<\/p>\n<p><img decoding=\"async\" class=\"aligncenter wp-image-4019 size-large\" src=\"https:\/\/shaliteink.com\/wp-content\/uploads\/2025\/04\/Fluorescent-Blue-Screen-Printing-Plastisol-Ink-1-1024x683.jpg\" alt=\"Tinta plastisol fluorescente para serigrafia em azul\" width=\"1024\" height=\"683\" srcset=\"https:\/\/shaliteink.com\/wp-content\/uploads\/2025\/04\/Fluorescent-Blue-Screen-Printing-Plastisol-Ink-1-1024x683.jpg 1024w, https:\/\/shaliteink.com\/wp-content\/uploads\/2025\/04\/Fluorescent-Blue-Screen-Printing-Plastisol-Ink-1-300x200.jpg 300w, https:\/\/shaliteink.com\/wp-content\/uploads\/2025\/04\/Fluorescent-Blue-Screen-Printing-Plastisol-Ink-1-768x512.jpg 768w, https:\/\/shaliteink.com\/wp-content\/uploads\/2025\/04\/Fluorescent-Blue-Screen-Printing-Plastisol-Ink-1-1536x1024.jpg 1536w, https:\/\/shaliteink.com\/wp-content\/uploads\/2025\/04\/Fluorescent-Blue-Screen-Printing-Plastisol-Ink-1-2048x1365.jpg 2048w, https:\/\/shaliteink.com\/wp-content\/uploads\/2025\/04\/Fluorescent-Blue-Screen-Printing-Plastisol-Ink-1-18x12.jpg 18w, https:\/\/shaliteink.com\/wp-content\/uploads\/2025\/04\/Fluorescent-Blue-Screen-Printing-Plastisol-Ink-1-1200x800.jpg 1200w, https:\/\/shaliteink.com\/wp-content\/uploads\/2025\/04\/Fluorescent-Blue-Screen-Printing-Plastisol-Ink-1-150x100.jpg 150w\" sizes=\"(max-width: 1024px) 100vw, 1024px\" \/><\/p>","protected":false},"excerpt":{"rendered":"<p>A Shaliteink orgulhosamente apresenta sua tinta plastisol azul fluorescente, uma escolha premium para profissionais e entusiastas da serigrafia que buscam cores brilhantes e de alto impacto. Com mais de duas d\u00e9cadas de experi\u00eancia em fabrica\u00e7\u00e3o, a Shaliteink \u00e9 l\u00edder global em solu\u00e7\u00f5es de tinta para serigrafia, oferecendo qualidade direta da f\u00e1brica que conquistou a confian\u00e7a de muitas marcas mundialmente renomadas. Nossa tinta plastisol azul fluorescente foi especialmente desenvolvida para proporcionar vibra\u00e7\u00e3o excepcional e aplica\u00e7\u00e3o f\u00e1cil, tornando-se um item essencial para seu kit de ferramentas de serigrafia.<\/p>","protected":false},"featured_media":1505,"comment_status":"open","ping_status":"closed","template":"","meta":[],"product_brand":[],"product_cat":[39],"product_tag":[],"class_list":{"0":"post-1212","1":"product","2":"type-product","3":"status-publish","4":"has-post-thumbnail","6":"product_cat-plastisol-ink","8":"first","9":"instock","10":"shipping-taxable","11":"purchasable","12":"product-type-variable"},"tiered_pricing_type":"fixed","tiered_pricing_fixed_rules":[],"tiered_pricing_product_settings":{"layout":"default","base_unit_name":{"singular":null,"plural":null},"default_variation":null},"tiered_pricing_minimum_quantity":null,"tiered_pricing_roles_data":[],"tiered_pricing_percentage_rules":[],"tiered_pricing_maximum_quantity":null,"tiered_pricing_quantity_step":null,"_links":{"self":[{"href":"https:\/\/shaliteink.com\/pt\/wp-json\/wp\/v2\/product\/1212","targetHints":{"allow":["GET"]}}],"collection":[{"href":"https:\/\/shaliteink.com\/pt\/wp-json\/wp\/v2\/product"}],"about":[{"href":"https:\/\/shaliteink.com\/pt\/wp-json\/wp\/v2\/types\/product"}],"replies":[{"embeddable":true,"href":"https:\/\/shaliteink.com\/pt\/wp-json\/wp\/v2\/comments?post=1212"}],"version-history":[{"count":0,"href":"https:\/\/shaliteink.com\/pt\/wp-json\/wp\/v2\/product\/1212\/revisions"}],"wp:featuredmedia":[{"embeddable":true,"href":"https:\/\/shaliteink.com\/pt\/wp-json\/wp\/v2\/media\/1505"}],"wp:attachment":[{"href":"https:\/\/shaliteink.com\/pt\/wp-json\/wp\/v2\/media?parent=1212"}],"wp:term":[{"taxonomy":"product_brand","embeddable":true,"href":"https:\/\/shaliteink.com\/pt\/wp-json\/wp\/v2\/product_brand?post=1212"},{"taxonomy":"product_cat","embeddable":true,"href":"https:\/\/shaliteink.com\/pt\/wp-json\/wp\/v2\/product_cat?post=1212"},{"taxonomy":"product_tag","embeddable":true,"href":"https:\/\/shaliteink.com\/pt\/wp-json\/wp\/v2\/product_tag?post=1212"}],"curies":[{"name":"wp","href":"https:\/\/api.w.org\/{rel}","templated":true}]}}