{"id":1207,"date":"2025-04-11T09:27:46","date_gmt":"2025-04-11T09:27:46","guid":{"rendered":"https:\/\/shaliteink.com\/?post_type=product&#038;p=1207"},"modified":"2025-12-10T11:29:05","modified_gmt":"2025-12-10T11:29:05","slug":"tinta-plastisol-vermelho-arroxeada-para-serigrafia","status":"publish","type":"product","link":"https:\/\/shaliteink.com\/pt\/produto\/tinta-plastisol-vermelho-arroxeada-para-serigrafia\/","title":{"rendered":"Tinta de plastisol para serigrafia vermelho-p\u00farpura"},"content":{"rendered":"<h3 class=\"ng-star-inserted\"><span class=\"ng-star-inserted\">Por que escolher o vermelho p\u00farpura da Shaliteink?\u00a0<\/span><strong class=\"ng-star-inserted\"><span class=\"ng-star-inserted\">Tinta Plastisol<\/span><\/strong><span class=\"ng-star-inserted\">?<\/span><\/h3>\n<p>Nossa tinta plastisol vermelho-arroxeado foi cuidadosamente desenvolvida para atender \u00e0s demandas de serigrafistas profissionais e amadores. Esta n\u00e3o \u00e9 apenas mais uma tinta para serigrafia; \u00e9 uma prova do nosso compromisso com a inova\u00e7\u00e3o, a qualidade e a satisfa\u00e7\u00e3o do usu\u00e1rio. <strong><a href=\"https:\/\/shaliteink.com\/pt\/\">Shaliteink<\/a><\/strong>, Ao comprar tinta, voc\u00ea n\u00e3o est\u00e1 apenas adquirindo um produto; voc\u00ea est\u00e1 investindo em um produto que otimiza seu fluxo de trabalho, melhora a qualidade de impress\u00e3o e, em \u00faltima an\u00e1lise, economiza tempo e dinheiro.<\/p>\n<p><img decoding=\"async\" class=\"wp-image-4015 size-large aligncenter\" src=\"https:\/\/shaliteink.com\/wp-content\/uploads\/2025\/04\/Purplish-Red-Screen-Printing-Plastisol-Ink-1024x683.jpg\" alt=\"Tinta de plastisol para serigrafia vermelho-p\u00farpura\" width=\"1024\" height=\"683\" srcset=\"https:\/\/shaliteink.com\/wp-content\/uploads\/2025\/04\/Purplish-Red-Screen-Printing-Plastisol-Ink-1024x683.jpg 1024w, https:\/\/shaliteink.com\/wp-content\/uploads\/2025\/04\/Purplish-Red-Screen-Printing-Plastisol-Ink-300x200.jpg 300w, https:\/\/shaliteink.com\/wp-content\/uploads\/2025\/04\/Purplish-Red-Screen-Printing-Plastisol-Ink-768x512.jpg 768w, https:\/\/shaliteink.com\/wp-content\/uploads\/2025\/04\/Purplish-Red-Screen-Printing-Plastisol-Ink-1536x1024.jpg 1536w, https:\/\/shaliteink.com\/wp-content\/uploads\/2025\/04\/Purplish-Red-Screen-Printing-Plastisol-Ink-2048x1365.jpg 2048w, https:\/\/shaliteink.com\/wp-content\/uploads\/2025\/04\/Purplish-Red-Screen-Printing-Plastisol-Ink-18x12.jpg 18w, https:\/\/shaliteink.com\/wp-content\/uploads\/2025\/04\/Purplish-Red-Screen-Printing-Plastisol-Ink-1200x800.jpg 1200w, https:\/\/shaliteink.com\/wp-content\/uploads\/2025\/04\/Purplish-Red-Screen-Printing-Plastisol-Ink-150x100.jpg 150w\" sizes=\"(max-width: 1024px) 100vw, 1024px\" \/><\/p>\n<p class=\"ng-star-inserted\"><strong class=\"ng-star-inserted\"><span class=\"ng-star-inserted\">Principais benef\u00edcios:<\/span><\/strong><\/p>\n<ul class=\"ng-star-inserted\">\n<li class=\"ng-star-inserted\">Cores vibrantes, ousadas e alta cobertura: Obtenha uma estampa vermelho-p\u00farpura intensa e chamativa com opacidade excepcional, perfeita tanto para pe\u00e7as claras quanto escuras. <strong><a href=\"https:\/\/shaliteink.com\/pt\/categoria-produto\/tinta-plastisol\/\">tinta plastisol<\/a><\/strong> Proporciona cores vibrantes aos seus projetos.<\/li>\n<li class=\"ng-star-inserted\">Impress\u00e3o com toque suave: Apesar da alta opacidade, nossa tinta de serigrafia mant\u00e9m um toque notavelmente macio no tecido, aumentando o conforto e a beleza das suas pe\u00e7as de roupa.<\/li>\n<li class=\"ng-star-inserted\">Compatibilidade universal com tecidos: Projetada para versatilidade, esta tinta plastisol funciona perfeitamente em uma variedade de tecidos, tornando-a a escolha ideal para diversos projetos.<\/li>\n<li class=\"ng-star-inserted\">F\u00e1cil de usar e trabalhar: Formulado para ter uma textura cremosa e fluida, Shalitink <strong>Tinta plastisol vermelho-p\u00farpura<\/strong> Oferece excelente trabalhabilidade, tornando seu processo de serigrafia mais f\u00e1cil e eficiente.<\/li>\n<li class=\"ng-star-inserted\">F\u00f3rmula sem ftalatos: Comprometidos com a seguran\u00e7a e a responsabilidade ambiental, nossa tinta plastisol \u00e9 livre de ftalatos, proporcionando tranquilidade para voc\u00ea e seus clientes.<br \/>\nTemperaturas de cura e evapora\u00e7\u00e3o otimizadas: Projetadas para efici\u00eancia, nossas tintas simplificam sua produ\u00e7\u00e3o sem comprometer a qualidade.<\/li>\n<\/ul>\n<h3 class=\"ng-star-inserted\"><span class=\"ng-star-inserted\">Caracter\u00edsticas que diferenciam a Shaliteink<\/span><\/h3>\n<p>Nossa tinta plastisol vermelho-p\u00farpura \u00e9 a combina\u00e7\u00e3o perfeita de desempenho e praticidade. \u00c9 uma tinta que trabalha t\u00e3o duro quanto voc\u00ea e oferece recursos projetados especificamente para os ambientes modernos de serigrafia.<\/p>\n<ul>\n<li>Opacidade excepcional: Esta tinta plastisol proporciona excelente cobertura, tornando-a uma \u00f3tima op\u00e7\u00e3o como base para tecidos escuros ou para impress\u00f5es de passagem \u00fanica em substratos claros.<\/li>\n<li>Consist\u00eancia pronta para uso: Diretamente do balde, nossa tinta para serigrafia est\u00e1 pronta para uso, eliminando a necessidade de misturas extensas ou aditivos.<\/li>\n<li>Capacidade limitada de impress\u00e3o \u00famido sobre \u00famido: Obtenha designs n\u00edtidos e precisos com impress\u00e3o \u00famida sobre \u00famida controlada para trabalhos multicoloridos.<\/li>\n<li>Desempenho consistente: Cada balde de tinta plastisol Shaliteink oferece resultados confi\u00e1veis, garantindo consist\u00eancia em todas as suas impress\u00f5es.<\/li>\n<\/ul>\n<h3 class=\"ng-star-inserted\"><span class=\"ng-star-inserted\">Instru\u00e7\u00f5es de cura<\/span><\/h3>\n<p class=\"ng-star-inserted\"><span class=\"ng-star-inserted\">Obter a cura perfeita \u00e9 crucial para a durabilidade da impress\u00e3o. Shaliteink Vermelho P\u00farpura <\/span><strong class=\"ng-star-inserted\"><span class=\"ng-star-inserted\">Tinta Plastisol<\/span><\/strong><span class=\"ng-star-inserted\">\u00a0Foi projetado para uma cura eficiente, otimizando sua produ\u00e7\u00e3o.<\/span><\/p>\n<ul class=\"ng-star-inserted\">\n<li class=\"ng-star-inserted\">Temperatura de cura: Nossas tintas plastisol curam completamente a 160 \u00b0C (320 \u00b0F). Certifique-se de que toda a camada de tinta atinja essa temperatura para uma impress\u00e3o permanente. Recomenda-se o uso de uma sonda em formato de rosca para leituras precisas da temperatura interna da camada de tinta, em compara\u00e7\u00e3o com a leitura a laser na superf\u00edcie.<\/li>\n<li class=\"ng-star-inserted\">Temperatura do flash: Utilize uma temperatura entre 120\u00b0C e 140\u00b0C (248\u00b0F e 284\u00b0F) durante 3 a 5 segundos. O tempo de exposi\u00e7\u00e3o ao flash pode variar dependendo do seu equipamento e da configura\u00e7\u00e3o de produ\u00e7\u00e3o.<\/li>\n<li>Recomenda\u00e7\u00e3o geral: Para obter os melhores resultados, especialmente em algod\u00e3o 100%, realize um teste de elasticidade e um teste de lavagem em uma pe\u00e7a de amostra antes de iniciar a produ\u00e7\u00e3o em larga escala. Ao imprimir em tecidos escuros, recomendamos o uso de uma base branca.<\/li>\n<li>\n<p class=\"ng-star-inserted\"><strong class=\"ng-star-inserted\"><span class=\"ng-star-inserted\">Testando para a cura:<\/span><\/strong><\/p>\n<\/li>\n<\/ul>\n<ul>\n<li>Teste de lavagem: Aguarde 24 horas ap\u00f3s a cura antes de lavar. A cura completa geralmente \u00e9 confirmada ap\u00f3s 5 a 10 lavagens; no entanto, uma cura insuficiente se deteriorar\u00e1 em 1 a 3 lavagens.<\/li>\n<li>Teste de elasticidade: Estique a pe\u00e7a estampada at\u00e9 aproximadamente dois ter\u00e7os da sua elasticidade m\u00e1xima. Se a estampa romper e n\u00e3o retrair, isso indica cura insuficiente. Se o teste falhar, aumente o tempo de contato ou a temperatura.<\/li>\n<\/ul>\n<h3 class=\"ng-star-inserted\"><span class=\"ng-star-inserted\">Limpar<\/span><\/h3>\n<p class=\"ng-star-inserted\"><span class=\"ng-star-inserted\">A facilidade de limpeza \u00e9 essencial para qualquer sistema eficiente.\u00a0<\/span><strong class=\"ng-star-inserted\"><span class=\"ng-star-inserted\">serigrafia<\/span><\/strong><span class=\"ng-star-inserted\">\u00a0processo.<\/span><\/p>\n<ul class=\"ng-star-inserted\">\n<li class=\"ng-star-inserted\">Na impressora: Use um produto de limpeza\/degradante de tinta plastisol espec\u00edfico para uma limpeza r\u00e1pida e eficaz das suas telas e ferramentas.<\/li>\n<li class=\"ng-star-inserted\">Na pia: Para uma limpeza completa da tela, use o Limpador de Telas\/Degradante de Tinta Plastisol.<\/li>\n<\/ul>\n<h3><img decoding=\"async\" class=\"aligncenter wp-image-4016 size-large\" src=\"https:\/\/shaliteink.com\/wp-content\/uploads\/2025\/04\/Purplish-Red-Screen-Printing-Plastisol-Ink-1-1024x683.jpg\" alt=\"Tinta de plastisol para serigrafia vermelho-p\u00farpura\" width=\"1024\" height=\"683\" srcset=\"https:\/\/shaliteink.com\/wp-content\/uploads\/2025\/04\/Purplish-Red-Screen-Printing-Plastisol-Ink-1-1024x683.jpg 1024w, https:\/\/shaliteink.com\/wp-content\/uploads\/2025\/04\/Purplish-Red-Screen-Printing-Plastisol-Ink-1-300x200.jpg 300w, https:\/\/shaliteink.com\/wp-content\/uploads\/2025\/04\/Purplish-Red-Screen-Printing-Plastisol-Ink-1-768x512.jpg 768w, https:\/\/shaliteink.com\/wp-content\/uploads\/2025\/04\/Purplish-Red-Screen-Printing-Plastisol-Ink-1-1536x1024.jpg 1536w, https:\/\/shaliteink.com\/wp-content\/uploads\/2025\/04\/Purplish-Red-Screen-Printing-Plastisol-Ink-1-2048x1365.jpg 2048w, https:\/\/shaliteink.com\/wp-content\/uploads\/2025\/04\/Purplish-Red-Screen-Printing-Plastisol-Ink-1-18x12.jpg 18w, https:\/\/shaliteink.com\/wp-content\/uploads\/2025\/04\/Purplish-Red-Screen-Printing-Plastisol-Ink-1-1200x800.jpg 1200w, https:\/\/shaliteink.com\/wp-content\/uploads\/2025\/04\/Purplish-Red-Screen-Printing-Plastisol-Ink-1-150x100.jpg 150w\" sizes=\"(max-width: 1024px) 100vw, 1024px\" \/><\/h3>\n<h3 class=\"ng-star-inserted\"><span class=\"ng-star-inserted\">Dicas profissionais para Shaliteink\u00a0<\/span><strong class=\"ng-star-inserted\"><span class=\"ng-star-inserted\">Tinta Plastisol<\/span><\/strong><\/h3>\n<ul>\n<li>Armazenamento: Armazene suas tintas plastisol Shaliteink em temperatura ambiente (18-32\u00b0C \/ 65-90\u00b0F), longe da luz solar direta. A exposi\u00e7\u00e3o prolongada a temperaturas acima de 32\u00b0C (90\u00b0F) pode fazer com que a tinta solidifique no recipiente.<\/li>\n<li>Aplica\u00e7\u00e3o: Lembre-se, a tinta plastisol forma uma liga\u00e7\u00e3o mec\u00e2nica envolvendo as fibras do tecido em vez de colori-las.<\/li>\n<li>Ficha de Dados de Seguran\u00e7a: Para informa\u00e7\u00f5es detalhadas sobre seguran\u00e7a, consulte nossa Ficha de Dados de Seguran\u00e7a (FDS).<\/li>\n<\/ul>\n<p>Escolha a tinta plastisol vermelho-p\u00farpura Shaliteink para o seu pr\u00f3ximo projeto de serigrafia e experimente a diferen\u00e7a que vinte anos de experi\u00eancia em fabrica\u00e7\u00e3o fazem. Compre agora e expanda suas impress\u00f5es!<\/p>","protected":false},"excerpt":{"rendered":"<p>Bem-vindo \u00e0 Shaliteink, sua l\u00edder global em solu\u00e7\u00f5es de tintas para serigrafia, com duas d\u00e9cadas de excel\u00eancia em fabrica\u00e7\u00e3o. Temos orgulho de oferecer nossa tinta plastisol vermelho-p\u00farpura premium, uma f\u00f3rmula de alta opacidade e f\u00e1cil de usar, projetada para proporcionar resultados impressionantes em todos os seus projetos de serigrafia. Formulada com precis\u00e3o e respaldada por vasta experi\u00eancia no setor, a tinta plastisol vermelho-p\u00farpura da Shaliteink \u00e9 produzida diretamente da f\u00e1brica, garantindo a mais alta qualidade a pre\u00e7os competitivos \u2013 a mesma qualidade que muitas marcas mundialmente renomadas confiam.<\/p>","protected":false},"featured_media":1453,"comment_status":"open","ping_status":"closed","template":"","meta":[],"product_brand":[],"product_cat":[39],"product_tag":[],"class_list":{"0":"post-1207","1":"product","2":"type-product","3":"status-publish","4":"has-post-thumbnail","6":"product_cat-plastisol-ink","8":"first","9":"instock","10":"shipping-taxable","11":"purchasable","12":"product-type-variable"},"tiered_pricing_type":"fixed","tiered_pricing_fixed_rules":[],"tiered_pricing_product_settings":{"layout":"default","base_unit_name":{"singular":null,"plural":null},"default_variation":null},"tiered_pricing_minimum_quantity":null,"tiered_pricing_roles_data":[],"tiered_pricing_percentage_rules":[],"tiered_pricing_maximum_quantity":null,"tiered_pricing_quantity_step":null,"_links":{"self":[{"href":"https:\/\/shaliteink.com\/pt\/wp-json\/wp\/v2\/product\/1207","targetHints":{"allow":["GET"]}}],"collection":[{"href":"https:\/\/shaliteink.com\/pt\/wp-json\/wp\/v2\/product"}],"about":[{"href":"https:\/\/shaliteink.com\/pt\/wp-json\/wp\/v2\/types\/product"}],"replies":[{"embeddable":true,"href":"https:\/\/shaliteink.com\/pt\/wp-json\/wp\/v2\/comments?post=1207"}],"version-history":[{"count":0,"href":"https:\/\/shaliteink.com\/pt\/wp-json\/wp\/v2\/product\/1207\/revisions"}],"wp:featuredmedia":[{"embeddable":true,"href":"https:\/\/shaliteink.com\/pt\/wp-json\/wp\/v2\/media\/1453"}],"wp:attachment":[{"href":"https:\/\/shaliteink.com\/pt\/wp-json\/wp\/v2\/media?parent=1207"}],"wp:term":[{"taxonomy":"product_brand","embeddable":true,"href":"https:\/\/shaliteink.com\/pt\/wp-json\/wp\/v2\/product_brand?post=1207"},{"taxonomy":"product_cat","embeddable":true,"href":"https:\/\/shaliteink.com\/pt\/wp-json\/wp\/v2\/product_cat?post=1207"},{"taxonomy":"product_tag","embeddable":true,"href":"https:\/\/shaliteink.com\/pt\/wp-json\/wp\/v2\/product_tag?post=1207"}],"curies":[{"name":"wp","href":"https:\/\/api.w.org\/{rel}","templated":true}]}}