{"id":1202,"date":"2025-04-11T09:23:05","date_gmt":"2025-04-11T09:23:05","guid":{"rendered":"https:\/\/shaliteink.com\/?post_type=product&#038;p=1202"},"modified":"2025-12-10T11:31:16","modified_gmt":"2025-12-10T11:31:16","slug":"tinta-plastisol-rosa-para-serigrafia","status":"publish","type":"product","link":"https:\/\/shaliteink.com\/pt\/produto\/tinta-plastisol-rosa-para-serigrafia\/","title":{"rendered":"Tinta Plastisol para Serigrafia Rosa"},"content":{"rendered":"<h3 class=\"ng-star-inserted\"><span class=\"ng-star-inserted\">Principais benef\u00edcios que voc\u00ea vai adorar:<\/span><\/h3>\n<ul class=\"ng-star-inserted\">\n<li class=\"ng-star-inserted\">ROSA VIBRANTE E OUSADO: Consiga tons de rosa deslumbrantes e chamativos que ficam \u00f3timos em qualquer roupa.<\/li>\n<li class=\"ng-star-inserted\">Alta opacidade: Excelente cobertura mesmo em tecidos escuros, reduzindo a necessidade de m\u00faltiplas aplica\u00e7\u00f5es.<\/li>\n<li class=\"ng-star-inserted\">Impress\u00e3o com toque macio: Experimente uma sensa\u00e7\u00e3o luxuosamente suave que seus clientes ir\u00e3o apreciar.<\/li>\n<li class=\"ng-star-inserted\">Compatibilidade universal com tecidos: Ideal para uma ampla gama de materiais, desde algod\u00e3o 100% at\u00e9 misturas de poli\u00e9ster mais complexas.<\/li>\n<li class=\"ng-star-inserted\">F\u00f3rmula de baixa transfer\u00eancia de corante: Especialmente desenvolvida para evitar a migra\u00e7\u00e3o da tinta em misturas de poli\u00e9ster, garantindo estampas n\u00edtidas e limpas.<\/li>\n<li class=\"ng-star-inserted\">Cura eficiente em baixa temperatura: Cura a uma temperatura notavelmente baixa de 160\u00b0C (320\u00b0F), economizando energia e reduzindo o tempo de produ\u00e7\u00e3o.<\/li>\n<li class=\"ng-star-inserted\">Consist\u00eancia ideal para o usu\u00e1rio: Textura cremosa e fina para impress\u00e3o sem esfor\u00e7o na impressora.<\/li>\n<li class=\"ng-star-inserted\">Sem ftalatos: ecologicamente correto e seguro tanto para impressoras quanto para usu\u00e1rios.<\/li>\n<li class=\"ng-star-inserted\">Acabamento semibrilhante: Adiciona um brilho profissional \u00e0s suas impress\u00f5es finalizadas.<\/li>\n<\/ul>\n<p>Nossa Shaliteink <strong><a href=\"https:\/\/shaliteink.com\/pt\/produto\/tinta-plastisol-rosa-para-serigrafia\/\">Tinta plastisol rosa<\/a><\/strong> N\u00e3o \u00e9 apenas uma tinta; \u00e9 a prova da inova\u00e7\u00e3o e da qualidade. Sua pigmenta\u00e7\u00e3o vibrante e alta opacidade a tornam a escolha ideal tanto para designs individuais quanto como um componente din\u00e2mico em impress\u00f5es multicoloridas. O dispositivo de f\u00e1cil manuseio garante menos fadiga e resultados mais consistentes, tornando seu processo de serigrafia agrad\u00e1vel e eficiente.<\/p>\n<h3><img decoding=\"async\" class=\"aligncenter wp-image-4012 size-large\" src=\"https:\/\/shaliteink.com\/wp-content\/uploads\/2025\/04\/Pink-Screen-Printing-Plastisol-Ink-1024x683.jpg\" alt=\"Tinta Plastisol para Serigrafia Rosa\" width=\"1024\" height=\"683\" srcset=\"https:\/\/shaliteink.com\/wp-content\/uploads\/2025\/04\/Pink-Screen-Printing-Plastisol-Ink-1024x683.jpg 1024w, https:\/\/shaliteink.com\/wp-content\/uploads\/2025\/04\/Pink-Screen-Printing-Plastisol-Ink-300x200.jpg 300w, https:\/\/shaliteink.com\/wp-content\/uploads\/2025\/04\/Pink-Screen-Printing-Plastisol-Ink-768x512.jpg 768w, https:\/\/shaliteink.com\/wp-content\/uploads\/2025\/04\/Pink-Screen-Printing-Plastisol-Ink-1536x1024.jpg 1536w, https:\/\/shaliteink.com\/wp-content\/uploads\/2025\/04\/Pink-Screen-Printing-Plastisol-Ink-2048x1365.jpg 2048w, https:\/\/shaliteink.com\/wp-content\/uploads\/2025\/04\/Pink-Screen-Printing-Plastisol-Ink-18x12.jpg 18w, https:\/\/shaliteink.com\/wp-content\/uploads\/2025\/04\/Pink-Screen-Printing-Plastisol-Ink-1200x800.jpg 1200w, https:\/\/shaliteink.com\/wp-content\/uploads\/2025\/04\/Pink-Screen-Printing-Plastisol-Ink-150x100.jpg 150w\" sizes=\"(max-width: 1024px) 100vw, 1024px\" \/><\/h3>\n<h3 class=\"ng-star-inserted\"><span class=\"ng-star-inserted\">Projetado para desempenho e efici\u00eancia.<\/span><\/h3>\n<p>A tinta plastisol rosa Shaliteink possui uma propriedade de cura em baixa temperatura de \u00faltima gera\u00e7\u00e3o, o que a diferencia no setor. Com uma temperatura de tratamento de apenas 160 \u00b0C (320 \u00b0F), voc\u00ea pode reduzir significativamente o consumo de energia e acelerar seu fluxo de trabalho de produ\u00e7\u00e3o. Essa baixa temperatura \u00e9 particularmente ben\u00e9fica ao trabalhar com tecidos sens\u00edveis ao calor, pois reduz significativamente o risco de queimaduras ou encolhimento. Diga adeus \u00e0 frustra\u00e7\u00e3o das tintas tradicionais de alta temperatura e abrace a efici\u00eancia da Shaliteink.<\/p>\n<p>A excelente opacidade da tinta garante impress\u00f5es vibrantes e com cores fi\u00e9is com menos passagens, aumentando a produtividade e reduzindo o desperd\u00edcio de material. Seja para criar vestu\u00e1rio personalizado, itens promocionais ou impress\u00f5es art\u00edsticas, nossa tinta plastisol rosa garante que seus designs se destaquem com not\u00e1vel nitidez e durabilidade.<\/p>\n<h3 class=\"ng-star-inserted\"><span class=\"ng-star-inserted\">Diretrizes de cura para resultados ideais:<\/span><\/h3>\n<p>Obter uma cura precisa \u00e9 importante para a durabilidade e resist\u00eancia \u00e0 lavagem das suas estampas. Nosso <strong><a href=\"https:\/\/shaliteink.com\/pt\/\">Shaliteink<\/a> <\/strong>A tinta plastisol rosa \u00e9 formulada para facilitar a cura em temperaturas espec\u00edficas.<\/p>\n<ul>\n<li>Temperatura de cura: 160\u00b0C (320\u00b0F). Certifique-se de que toda a camada de tinta atinja essa temperatura para uma cura completa.<\/li>\n<li>Temperatura de secagem: 120 \u00b0C a 140 \u00b0C (248 \u00b0F a 284 \u00b0F). Deixe secar por 3 a 5 segundos para obter uma superf\u00edcie sem ader\u00eancia para impress\u00e3o multicolorida.<\/li>\n<\/ul>\n<p>Dica profissional para cura: Embora os term\u00f4metros a laser possam fornecer uma leitura superficial, uma sonda em formato de rosca ou fitas termom\u00e9tricas oferecem uma leitura mais precisa da temperatura interna da tinta. Para a cura completa, a tinta plastisol precisa atingir 160 \u00b0C em toda a sua extens\u00e3o. Ao imprimir em tecidos escuros ou misturas de poli\u00e9ster, considere a tecnologia de impress\u00e3o-recarga-impress\u00e3o para obter opacidade ideal e evitar a migra\u00e7\u00e3o da tinta.<\/p>\n<h3 class=\"ng-star-inserted\"><span class=\"ng-star-inserted\">Recomenda\u00e7\u00f5es gerais para testes:<\/span><\/h3>\n<p>Antes de iniciar a produ\u00e7\u00e3o em massa, recomendamos fortemente a realiza\u00e7\u00e3o de testes de elasticidade e lavagem. Essas etapas simples garantem que suas estampas estejam devidamente fixadas e resistam a lavagens repetidas. Se a tinta rasgar excessivamente durante o teste de elasticidade ou desbotar ap\u00f3s 1 a 3 lavagens, aumente o tempo de secagem. Para melhores resultados, os tecidos de algod\u00e3o 100% s\u00e3o ideais, embora nossa f\u00f3rmula de baixa transfer\u00eancia de cor tamb\u00e9m apresente excelentes resultados em misturas de poli\u00e9ster.<\/p>\n<h3 class=\"ng-star-inserted\"><span class=\"ng-star-inserted\">Limpeza sem esfor\u00e7o:<\/span><\/h3>\n<p>Manter um local de trabalho limpo \u00e9 f\u00e1cil com a tinta plastisol rosa da Shelliteink.<\/p>\n<ul>\n<li>Na imprensa: Use um dedicado <strong><a href=\"https:\/\/shaliteink.com\/pt\/categoria-produto\/tinta-plastisol\/\">Tinta plastisol<\/a><\/strong> Utilize um produto de limpeza para prensas ou removedor de tinta para uma limpeza r\u00e1pida de telas e rodos.<\/li>\n<li>Na pia: Para uma limpeza completa da tela, use um produto de limpeza para telas \u00e0 base de plastisol ou um removedor de tinta para eliminar todos os res\u00edduos de tinta.<\/li>\n<\/ul>\n<h3><img decoding=\"async\" class=\"aligncenter wp-image-4013 size-large\" src=\"https:\/\/shaliteink.com\/wp-content\/uploads\/2025\/04\/Pink-Screen-Printing-Plastisol-Ink-1-1024x683.jpg\" alt=\"Tinta Plastisol para Serigrafia Rosa\" width=\"1024\" height=\"683\" srcset=\"https:\/\/shaliteink.com\/wp-content\/uploads\/2025\/04\/Pink-Screen-Printing-Plastisol-Ink-1-1024x683.jpg 1024w, https:\/\/shaliteink.com\/wp-content\/uploads\/2025\/04\/Pink-Screen-Printing-Plastisol-Ink-1-300x200.jpg 300w, https:\/\/shaliteink.com\/wp-content\/uploads\/2025\/04\/Pink-Screen-Printing-Plastisol-Ink-1-768x512.jpg 768w, https:\/\/shaliteink.com\/wp-content\/uploads\/2025\/04\/Pink-Screen-Printing-Plastisol-Ink-1-1536x1024.jpg 1536w, https:\/\/shaliteink.com\/wp-content\/uploads\/2025\/04\/Pink-Screen-Printing-Plastisol-Ink-1-2048x1365.jpg 2048w, https:\/\/shaliteink.com\/wp-content\/uploads\/2025\/04\/Pink-Screen-Printing-Plastisol-Ink-1-18x12.jpg 18w, https:\/\/shaliteink.com\/wp-content\/uploads\/2025\/04\/Pink-Screen-Printing-Plastisol-Ink-1-1200x800.jpg 1200w, https:\/\/shaliteink.com\/wp-content\/uploads\/2025\/04\/Pink-Screen-Printing-Plastisol-Ink-1-150x100.jpg 150w\" sizes=\"(max-width: 1024px) 100vw, 1024px\" \/><\/h3>\n<h3 class=\"ng-star-inserted\"><span class=\"ng-star-inserted\">Informa\u00e7\u00f5es de armazenamento:<\/span><\/h3>\n<p>Armazene sua tinta plastisol rosa Shaliteink em local fresco e seco, entre 18 e 32 \u00b0C (65 e 90 \u00b0F). Evite exposi\u00e7\u00e3o prolongada \u00e0 luz solar direta e a temperaturas acima de 32 \u00b0C (90 \u00b0F), pois isso pode fazer com que a tinta no recipiente comece a solidificar.<\/p>\n<h3 class=\"ng-star-inserted\"><span class=\"ng-star-inserted\">Por que escolher Shaliteink Pink?\u00a0<\/span><strong class=\"ng-star-inserted\"><span class=\"ng-star-inserted\">Tinta Plastisol<\/span><\/strong><span class=\"ng-star-inserted\">?<\/span><\/h3>\n<p>Na Shaliteink, combinamos nossa vasta experi\u00eancia com um profundo conhecimento das suas necessidades de serigrafia. Nossa tinta plastisol rosa \u00e9 a prova do nosso compromisso com a qualidade, o desempenho e o valor. Seja para criar pe\u00e7as de vestu\u00e1rio chamativas, produtos exclusivos ou simplesmente descobrir a arte da serigrafia, nossa vibrante tinta rosa oferece resultados profissionais sempre. Prepare-se para transformar suas ideias em realidades impressionantes com a Shaliteink!<\/p>\n<p>&nbsp;<\/p>","protected":false},"excerpt":{"rendered":"<p>Bem-vindo \u00e0 Shaliteink, sua l\u00edder global em tintas para serigrafia, com mais de duas d\u00e9cadas de excel\u00eancia em fabrica\u00e7\u00e3o. Temos o orgulho de apresentar nossa tinta plastisol rosa para serigrafia, uma solu\u00e7\u00e3o vibrante e de alto desempenho, projetada para aprimorar seus designs. Nossa abordagem de compra direta da f\u00e1brica garante que voc\u00ea receba qualidade premium a pre\u00e7os imbat\u00edveis, um compromisso que fomentou parcerias s\u00f3lidas com marcas mundialmente renomadas. Esta tinta plastisol excepcional foi desenvolvida tanto para impressores profissionais quanto para entusiastas, produzindo resultados impressionantes em cada impress\u00e3o.<\/p>","protected":false},"featured_media":1479,"comment_status":"open","ping_status":"closed","template":"","meta":[],"product_brand":[],"product_cat":[39],"product_tag":[],"class_list":{"0":"post-1202","1":"product","2":"type-product","3":"status-publish","4":"has-post-thumbnail","6":"product_cat-plastisol-ink","8":"first","9":"instock","10":"shipping-taxable","11":"purchasable","12":"product-type-variable"},"tiered_pricing_type":"fixed","tiered_pricing_fixed_rules":[],"tiered_pricing_product_settings":{"layout":"default","base_unit_name":{"singular":null,"plural":null},"default_variation":null},"tiered_pricing_minimum_quantity":null,"tiered_pricing_roles_data":[],"tiered_pricing_percentage_rules":[],"tiered_pricing_maximum_quantity":null,"tiered_pricing_quantity_step":null,"_links":{"self":[{"href":"https:\/\/shaliteink.com\/pt\/wp-json\/wp\/v2\/product\/1202","targetHints":{"allow":["GET"]}}],"collection":[{"href":"https:\/\/shaliteink.com\/pt\/wp-json\/wp\/v2\/product"}],"about":[{"href":"https:\/\/shaliteink.com\/pt\/wp-json\/wp\/v2\/types\/product"}],"replies":[{"embeddable":true,"href":"https:\/\/shaliteink.com\/pt\/wp-json\/wp\/v2\/comments?post=1202"}],"version-history":[{"count":0,"href":"https:\/\/shaliteink.com\/pt\/wp-json\/wp\/v2\/product\/1202\/revisions"}],"wp:featuredmedia":[{"embeddable":true,"href":"https:\/\/shaliteink.com\/pt\/wp-json\/wp\/v2\/media\/1479"}],"wp:attachment":[{"href":"https:\/\/shaliteink.com\/pt\/wp-json\/wp\/v2\/media?parent=1202"}],"wp:term":[{"taxonomy":"product_brand","embeddable":true,"href":"https:\/\/shaliteink.com\/pt\/wp-json\/wp\/v2\/product_brand?post=1202"},{"taxonomy":"product_cat","embeddable":true,"href":"https:\/\/shaliteink.com\/pt\/wp-json\/wp\/v2\/product_cat?post=1202"},{"taxonomy":"product_tag","embeddable":true,"href":"https:\/\/shaliteink.com\/pt\/wp-json\/wp\/v2\/product_tag?post=1202"}],"curies":[{"name":"wp","href":"https:\/\/api.w.org\/{rel}","templated":true}]}}