{"id":1197,"date":"2025-04-11T09:17:03","date_gmt":"2025-04-11T09:17:03","guid":{"rendered":"https:\/\/shaliteink.com\/?post_type=product&#038;p=1197"},"modified":"2025-12-10T11:30:45","modified_gmt":"2025-12-10T11:30:45","slug":"tinta-plastisol-magenta-para-serigrafia","status":"publish","type":"product","link":"https:\/\/shaliteink.com\/pt\/produto\/tinta-plastisol-magenta-para-serigrafia\/","title":{"rendered":"Tinta Plastisol para Serigrafia Magenta"},"content":{"rendered":"<h3 class=\"ng-star-inserted\"><span class=\"ng-star-inserted\">Principais benef\u00edcios que voc\u00ea vai adorar:<\/span><\/h3>\n<ul class=\"ng-star-inserted\">\n<li class=\"ng-star-inserted\">Magenta vibrante e intenso: Obtenha impress\u00f5es em magenta vibrantes e chamativas que realmente se destacam. Nossas tintas proporcionam uma satura\u00e7\u00e3o de cor excepcional.<\/li>\n<li class=\"ng-star-inserted\">Toque macio: Estampas que n\u00e3o s\u00e3o apenas vibrantes, mas tamb\u00e9m macias ao toque, aumentando o conforto e o charme da pe\u00e7a.<\/li>\n<li class=\"ng-star-inserted\">Compatibilidade universal com tecidos: Excelente ades\u00e3o e desempenho em uma ampla gama de tecidos, incluindo algod\u00e3o 100%, misturas de algod\u00e3o\/poli\u00e9ster e at\u00e9 mesmo algumas misturas de poli\u00e9ster com base adequada.<\/li>\n<li class=\"ng-star-inserted\">Opacidade m\u00e1xima: A f\u00f3rmula altamente opaca proporciona uma cobertura excelente, reduzindo a necessidade de m\u00faltiplas aplica\u00e7\u00f5es e tornando-a ideal tanto para tons claros quanto escuros.<\/li>\n<li class=\"ng-star-inserted\">Opera\u00e7\u00e3o f\u00e1cil: Desfrute da textura cremosa e fina que torna a impress\u00e3o intuitiva e simples, reduzindo a fadiga e melhorando o fluxo de produ\u00e7\u00e3o.<\/li>\n<li class=\"ng-star-inserted\">F\u00f3rmula sem ftalatos: Comprometidos com a seguran\u00e7a e a responsabilidade ambiental, nossas tintas s\u00e3o formuladas sem ftalatos.<\/li>\n<li class=\"ng-star-inserted\">Cura eficiente: Projetado para cura r\u00e1pida em temperaturas t\u00e3o baixas quanto 160\u00b0C (320\u00b0F), economizando energia e reduzindo o risco de queimaduras ou encolhimento da pe\u00e7a.<\/li>\n<li class=\"ng-star-inserted\">Baixa temperatura do flash: Obtenha flashes r\u00e1pidos entre 120\u00b0C e 140\u00b0C (248\u00b0F e 284\u00b0F), permitindo opera\u00e7\u00f5es multicoloridas mais r\u00e1pidas.<\/li>\n<li class=\"ng-star-inserted\">Resist\u00eancia superior \u00e0 lavagem: As estampas s\u00e3o projetadas para suportar m\u00faltiplas lavagens sem amassar ou desbotar, garantindo que seus designs durem mais tempo.<\/li>\n<\/ul>\n<h3><img decoding=\"async\" class=\"wp-image-4009 size-large aligncenter\" src=\"https:\/\/shaliteink.com\/wp-content\/uploads\/2025\/04\/Magenta-Screen-Printing-Plastisol-Ink-1024x683.jpg\" alt=\"Tinta Plastisol para Serigrafia Magenta\" width=\"1024\" height=\"683\" srcset=\"https:\/\/shaliteink.com\/wp-content\/uploads\/2025\/04\/Magenta-Screen-Printing-Plastisol-Ink-1024x683.jpg 1024w, https:\/\/shaliteink.com\/wp-content\/uploads\/2025\/04\/Magenta-Screen-Printing-Plastisol-Ink-300x200.jpg 300w, https:\/\/shaliteink.com\/wp-content\/uploads\/2025\/04\/Magenta-Screen-Printing-Plastisol-Ink-768x512.jpg 768w, https:\/\/shaliteink.com\/wp-content\/uploads\/2025\/04\/Magenta-Screen-Printing-Plastisol-Ink-1536x1024.jpg 1536w, https:\/\/shaliteink.com\/wp-content\/uploads\/2025\/04\/Magenta-Screen-Printing-Plastisol-Ink-2048x1365.jpg 2048w, https:\/\/shaliteink.com\/wp-content\/uploads\/2025\/04\/Magenta-Screen-Printing-Plastisol-Ink-18x12.jpg 18w, https:\/\/shaliteink.com\/wp-content\/uploads\/2025\/04\/Magenta-Screen-Printing-Plastisol-Ink-1200x800.jpg 1200w, https:\/\/shaliteink.com\/wp-content\/uploads\/2025\/04\/Magenta-Screen-Printing-Plastisol-Ink-150x100.jpg 150w\" sizes=\"(max-width: 1024px) 100vw, 1024px\" \/><\/h3>\n<h3 class=\"ng-star-inserted\"><span class=\"ng-star-inserted\">Por que escolher Shaliteink Magenta?\u00a0<\/span><strong class=\"ng-star-inserted\"><span class=\"ng-star-inserted\">Tinta Plastisol<\/span><\/strong><span class=\"ng-star-inserted\">?<\/span><\/h3>\n<p>Shalitink <strong>tintas plastisol magenta<\/strong> Nossas tintas foram cuidadosamente formuladas para atender \u00e0s crescentes necessidades da ind\u00fastria de serigrafia. Nossos vinte anos de excel\u00eancia em fabrica\u00e7\u00e3o significam que voc\u00ea est\u00e1 adquirindo um produto fruto de profundo conhecimento e inova\u00e7\u00e3o constante. Entendemos que tempo e qualidade s\u00e3o importantes. \u00c9 por isso que nossas tintas est\u00e3o prontas para uso direto do balde, proporcionando funcionalidade excepcional sem a necessidade de aditivos ou ajustes extensivos.<\/p>\n<p>A baixa temperatura de cura de 160 \u00b0C (320 \u00b0F) \u00e9 uma vantagem significativa, especialmente para gr\u00e1ficas modernas. Essa caracter\u00edstica n\u00e3o s\u00f3 reduz o consumo de energia e os custos operacionais, como tamb\u00e9m ajuda a evitar a migra\u00e7\u00e3o de corantes em misturas de poli\u00e9ster sens\u00edveis. Ao curar a essa baixa temperatura, voc\u00ea reduz o risco de libera\u00e7\u00e3o de gases dos corantes do poli\u00e9ster e consequente transfer\u00eancia para a vibrante tinta magenta, garantindo impress\u00f5es n\u00edtidas e limpas mesmo em substratos desafiadores. Isso torna <strong><a href=\"https:\/\/shaliteink.com\/pt\/\">Shaliteink<\/a> <\/strong>A tinta plastisol magenta \u00e9 uma escolha economicamente sensata para qualquer empresa de serigrafia que busque alta produtividade e baixas contas de energia.<\/p>\n<h3 class=\"ng-star-inserted\"><span class=\"ng-star-inserted\">Instru\u00e7\u00f5es de cura para resultados ideais:<\/span><\/h3>\n<p>Obter uma cura precisa \u00e9 fundamental para a durabilidade e a qualidade da sua impress\u00e3o serigr\u00e1fica. A tinta plastisol magenta da Shaliteink cura eficazmente a 160 \u00b0C (320 \u00b0F).<\/p>\n<ul>\n<li>Cura instant\u00e2nea: Para impress\u00f5es multicoloridas ou quando for necess\u00e1ria uma base, realize a cura instant\u00e2nea a 120-140\u00b0C (248-284\u00b0F) por aproximadamente 3 a 5 segundos. O tempo exato pode variar dependendo do seu equipamento e da espessura da camada de tinta.<\/li>\n<li>Cura completa: Certifique-se de que toda a camada de tinta atinja 160 \u00b0C (320 \u00b0F) e permane\u00e7a intacta. As leituras de temperatura da superf\u00edcie feitas por pistolas de laser podem ser enganosas, pois medem apenas a camada superior. Para uma cura precisa, recomendamos o uso de uma sonda em formato de rosca ou um term\u00f4metro de fita para verificar a temperatura da tinta no interior.<\/li>\n<\/ul>\n<p class=\"ng-star-inserted\"><strong class=\"ng-star-inserted\"><span class=\"ng-star-inserted\">Testando para a cura:<\/span><\/strong><\/p>\n<ul class=\"ng-star-inserted\">\n<li class=\"ng-star-inserted\">Teste de elasticidade: Ap\u00f3s o resfriamento, estique a estampa at\u00e9 aproximadamente dois ter\u00e7os da elasticidade normal da pe\u00e7a. Se a tinta estourar e n\u00e3o retrair, pode ser que n\u00e3o esteja cicatrizando corretamente.<\/li>\n<li class=\"ng-star-inserted\">Teste de lavagem: Para um teste mais confi\u00e1vel, deixe a estampa esfriar e lave a pe\u00e7a de 5 a 10 vezes. Sinais de deteriora\u00e7\u00e3o ap\u00f3s 1 a 3 lavagens indicam tratamento inadequado. Sempre realize o teste antes de iniciar a produ\u00e7\u00e3o em massa.<\/li>\n<\/ul>\n<h3><img decoding=\"async\" class=\"aligncenter wp-image-4010 size-large\" src=\"https:\/\/shaliteink.com\/wp-content\/uploads\/2025\/04\/Magenta-Screen-Printing-Plastisol-Ink-1-1024x683.jpg\" alt=\"Tinta Plastisol para Serigrafia Magenta\" width=\"1024\" height=\"683\" srcset=\"https:\/\/shaliteink.com\/wp-content\/uploads\/2025\/04\/Magenta-Screen-Printing-Plastisol-Ink-1-1024x683.jpg 1024w, https:\/\/shaliteink.com\/wp-content\/uploads\/2025\/04\/Magenta-Screen-Printing-Plastisol-Ink-1-300x200.jpg 300w, https:\/\/shaliteink.com\/wp-content\/uploads\/2025\/04\/Magenta-Screen-Printing-Plastisol-Ink-1-768x512.jpg 768w, https:\/\/shaliteink.com\/wp-content\/uploads\/2025\/04\/Magenta-Screen-Printing-Plastisol-Ink-1-1536x1024.jpg 1536w, https:\/\/shaliteink.com\/wp-content\/uploads\/2025\/04\/Magenta-Screen-Printing-Plastisol-Ink-1-2048x1365.jpg 2048w, https:\/\/shaliteink.com\/wp-content\/uploads\/2025\/04\/Magenta-Screen-Printing-Plastisol-Ink-1-18x12.jpg 18w, https:\/\/shaliteink.com\/wp-content\/uploads\/2025\/04\/Magenta-Screen-Printing-Plastisol-Ink-1-1200x800.jpg 1200w, https:\/\/shaliteink.com\/wp-content\/uploads\/2025\/04\/Magenta-Screen-Printing-Plastisol-Ink-1-150x100.jpg 150w\" sizes=\"(max-width: 1024px) 100vw, 1024px\" \/><\/h3>\n<h3 class=\"ng-star-inserted\"><span class=\"ng-star-inserted\">Limpeza e armazenamento:<\/span><\/h3>\n<ul>\n<li>Na impress\u00e3o: Para altera\u00e7\u00f5es r\u00e1pidas de cor ou limpeza durante a produ\u00e7\u00e3o, use um dispositivo dedicado. <strong><a href=\"https:\/\/shaliteink.com\/pt\/categoria-produto\/tinta-plastisol\/\">tinta plastisol<\/a><\/strong> Detergente de prensa ou removedor de tinta.<\/li>\n<li>Limpeza da tela: Ap\u00f3s a impress\u00e3o, limpe a tela cuidadosamente usando um produto de limpeza ou removedor de tinta plastisol de alta qualidade.<\/li>\n<li>Armazenamento: Armazene a tinta plastisol magenta Shalighteink em local fresco e seco, entre 18 e 32 \u00b0C (65 e 90 \u00b0F), longe da luz solar direta e de temperaturas extremas. A exposi\u00e7\u00e3o prolongada a temperaturas acima de 32 \u00b0C (90 \u00b0F) pode causar a solidifica\u00e7\u00e3o da tinta no recipiente.<\/li>\n<\/ul>\n<h3 class=\"ng-star-inserted\"><span class=\"ng-star-inserted\">Dicas profissionais para o sucesso:<\/span><\/h3>\n<ul>\n<li>Base: Ao imprimir tinta plastisol magenta em tecidos escuros, recomendamos o uso de uma base branca para obter resultados de cores mais vibrantes e fi\u00e9is \u00e0 realidade.<\/li>\n<li>Contagem de malha: Para obter opacidade ideal e toque macio, experimente diferentes contagens de malha. Contagens de malha mais baixas geralmente resultam em dep\u00f3sitos de tinta mais espessos e maior opacidade.<\/li>\n<li>Sele\u00e7\u00e3o do tecido: Embora nossas tintas sejam vers\u00e1teis, os melhores resultados geralmente s\u00e3o obtidos no algod\u00e3o 100%. Ao trabalhar com misturas de poli\u00e9ster, certifique-se de monitorar a temperatura atentamente para evitar a transfer\u00eancia da tinta.<\/li>\n<\/ul>\n<p>Escolha a tinta plastisol para serigrafia Shaliteink Magenta para obter qualidade consistente, cores vibrantes e uma experi\u00eancia de impress\u00e3o que contribui para o seu sucesso.<\/p>","protected":false},"excerpt":{"rendered":"<p>Experimente brilho e efici\u00eancia incompar\u00e1veis com a tinta plastisol magenta para serigrafia da Shaliteink. Como l\u00edder global na fabrica\u00e7\u00e3o de tintas para serigrafia, com mais de duas d\u00e9cadas de experi\u00eancia, a Shaliteink oferece qualidade diretamente da f\u00e1brica, atendendo consistentemente \u00e0s exig\u00eancias de marcas mundialmente renomadas. Nossa tinta plastisol magenta foi desenvolvida para proporcionar resultados impressionantes e duradouros em todos os seus projetos t\u00eaxteis.<br \/>\nEsta tinta plastisol magenta premium foi desenvolvida para simplificar seu processo de impress\u00e3o e, ao mesmo tempo, aprimorar a qualidade dos seus produtos finais. Seja voc\u00ea um profissional experiente ou um iniciante, as tintas plastisol magenta da Shaliteink oferecem o equil\u00edbrio perfeito entre desempenho e facilidade de uso, garantindo impress\u00f5es vibrantes e opacas sempre.<\/p>","protected":false},"featured_media":1457,"comment_status":"open","ping_status":"closed","template":"","meta":[],"product_brand":[],"product_cat":[39],"product_tag":[],"class_list":{"0":"post-1197","1":"product","2":"type-product","3":"status-publish","4":"has-post-thumbnail","6":"product_cat-plastisol-ink","8":"first","9":"instock","10":"shipping-taxable","11":"purchasable","12":"product-type-variable"},"tiered_pricing_type":"fixed","tiered_pricing_fixed_rules":[],"tiered_pricing_product_settings":{"layout":"default","base_unit_name":{"singular":null,"plural":null},"default_variation":null},"tiered_pricing_minimum_quantity":null,"tiered_pricing_roles_data":[],"tiered_pricing_percentage_rules":[],"tiered_pricing_maximum_quantity":null,"tiered_pricing_quantity_step":null,"_links":{"self":[{"href":"https:\/\/shaliteink.com\/pt\/wp-json\/wp\/v2\/product\/1197","targetHints":{"allow":["GET"]}}],"collection":[{"href":"https:\/\/shaliteink.com\/pt\/wp-json\/wp\/v2\/product"}],"about":[{"href":"https:\/\/shaliteink.com\/pt\/wp-json\/wp\/v2\/types\/product"}],"replies":[{"embeddable":true,"href":"https:\/\/shaliteink.com\/pt\/wp-json\/wp\/v2\/comments?post=1197"}],"version-history":[{"count":0,"href":"https:\/\/shaliteink.com\/pt\/wp-json\/wp\/v2\/product\/1197\/revisions"}],"wp:featuredmedia":[{"embeddable":true,"href":"https:\/\/shaliteink.com\/pt\/wp-json\/wp\/v2\/media\/1457"}],"wp:attachment":[{"href":"https:\/\/shaliteink.com\/pt\/wp-json\/wp\/v2\/media?parent=1197"}],"wp:term":[{"taxonomy":"product_brand","embeddable":true,"href":"https:\/\/shaliteink.com\/pt\/wp-json\/wp\/v2\/product_brand?post=1197"},{"taxonomy":"product_cat","embeddable":true,"href":"https:\/\/shaliteink.com\/pt\/wp-json\/wp\/v2\/product_cat?post=1197"},{"taxonomy":"product_tag","embeddable":true,"href":"https:\/\/shaliteink.com\/pt\/wp-json\/wp\/v2\/product_tag?post=1197"}],"curies":[{"name":"wp","href":"https:\/\/api.w.org\/{rel}","templated":true}]}}