{"id":1192,"date":"2025-04-11T09:07:35","date_gmt":"2025-04-11T09:07:35","guid":{"rendered":"https:\/\/shaliteink.com\/?post_type=product&#038;p=1192"},"modified":"2025-12-10T11:32:13","modified_gmt":"2025-12-10T11:32:13","slug":"tinta-plastisol-rosa-vermelha-para-serigrafia","status":"publish","type":"product","link":"https:\/\/shaliteink.com\/pt\/produto\/tinta-plastisol-rosa-vermelha-para-serigrafia\/","title":{"rendered":"Tinta de plastisol para serigrafia rosa vermelha"},"content":{"rendered":"<p class=\"ng-star-inserted\"><strong class=\"ng-star-inserted\"><span class=\"ng-star-inserted\">Principais benef\u00edcios da tinta plastisol rosa vermelha Shaliteink:<\/span><\/strong><\/p>\n<ul class=\"ng-star-inserted\">\n<li class=\"ng-star-inserted\">Temperatura ideal de cura: Cura eficientemente a 160 \u00b0C (320 \u00b0F), reduzindo o consumo de energia e protegendo a pe\u00e7a de vestu\u00e1rio contra queimaduras ou encolhimento.<\/li>\n<li class=\"ng-star-inserted\">Impress\u00e3o com toque macio: Obtenha um toque incrivelmente macio e suave em suas pe\u00e7as estampadas, aumentando o conforto de quem as veste.<\/li>\n<li class=\"ng-star-inserted\">Compatibilidade universal com tecidos: Vers\u00e1til para uma ampla gama de tecidos, oferecendo desempenho consistente em diversos materiais.<\/li>\n<li class=\"ng-star-inserted\">Excelente opacidade: Altamente opaco, garantindo reprodu\u00e7\u00e3o de cores brilhantes e intensas mesmo em tecidos escuros, muitas vezes sem a necessidade de base.<\/li>\n<li class=\"ng-star-inserted\">Consist\u00eancia ideal para o usu\u00e1rio: A textura cremosa e de gr\u00e3os finos torna o processo excepcionalmente f\u00e1cil, tanto em prensas manuais quanto autom\u00e1ticas.<\/li>\n<li class=\"ng-star-inserted\">F\u00f3rmula sem ftalatos: Comprometidos com a seguran\u00e7a e a responsabilidade ambiental, nossas tintas s\u00e3o formuladas sem ftalatos.<\/li>\n<li class=\"ng-star-inserted\">Baixa transfer\u00eancia de cor: Especialmente desenvolvido para reduzir a migra\u00e7\u00e3o de corantes em tecidos de poli\u00e9ster e misturas de poli\u00e9ster, proporcionando estampas n\u00edtidas e vibrantes.<\/li>\n<li class=\"ng-star-inserted\">Acabamento semibrilhante: Proporciona um aspecto semibrilhante profissional e atraente aos seus projetos finalizados.<\/li>\n<\/ul>\n<p><img decoding=\"async\" class=\"wp-image-4006 size-large aligncenter\" src=\"https:\/\/shaliteink.com\/wp-content\/uploads\/2025\/04\/Rose-Red-Screen-Printing-Plastisol-Ink-1024x683.jpg\" alt=\"Tinta de plastisol para serigrafia rosa vermelha\" width=\"1024\" height=\"683\" srcset=\"https:\/\/shaliteink.com\/wp-content\/uploads\/2025\/04\/Rose-Red-Screen-Printing-Plastisol-Ink-1024x683.jpg 1024w, https:\/\/shaliteink.com\/wp-content\/uploads\/2025\/04\/Rose-Red-Screen-Printing-Plastisol-Ink-300x200.jpg 300w, https:\/\/shaliteink.com\/wp-content\/uploads\/2025\/04\/Rose-Red-Screen-Printing-Plastisol-Ink-768x512.jpg 768w, https:\/\/shaliteink.com\/wp-content\/uploads\/2025\/04\/Rose-Red-Screen-Printing-Plastisol-Ink-1536x1024.jpg 1536w, https:\/\/shaliteink.com\/wp-content\/uploads\/2025\/04\/Rose-Red-Screen-Printing-Plastisol-Ink-2048x1365.jpg 2048w, https:\/\/shaliteink.com\/wp-content\/uploads\/2025\/04\/Rose-Red-Screen-Printing-Plastisol-Ink-18x12.jpg 18w, https:\/\/shaliteink.com\/wp-content\/uploads\/2025\/04\/Rose-Red-Screen-Printing-Plastisol-Ink-1200x800.jpg 1200w, https:\/\/shaliteink.com\/wp-content\/uploads\/2025\/04\/Rose-Red-Screen-Printing-Plastisol-Ink-150x100.jpg 150w\" sizes=\"(max-width: 1024px) 100vw, 1024px\" \/><\/p>\n<p>Experimente a diferen\u00e7a com Shaliteink.<strong> Tinta Plastisol Rosa Vermelha<\/strong>. Este excepcional <strong><a href=\"https:\/\/shaliteink.com\/pt\/screen-printing-ink\/\">tinta de serigrafia<\/a><\/strong> Otimiza seu processo de produ\u00e7\u00e3o, proporcionando estampas vibrantes e duradouras que sempre impressionam. Sua baixa temperatura de cura n\u00e3o s\u00f3 economiza tempo e energia, como tamb\u00e9m protege tecidos delicados contra danos causados pelo calor, tornando-a a escolha ideal para diversos projetos. A cor vermelho-rosada brilhante dar\u00e1 destaque ao seu design e adicionar\u00e1 um toque de eleg\u00e2ncia e ousadia a qualquer look.<\/p>\n<p><strong><a href=\"https:\/\/shaliteink.com\/pt\/\">Shaliteink<\/a><\/strong> \u00e9 sin\u00f4nimo de qualidade e confiabilidade. Nossos vinte anos de experi\u00eancia em fabrica\u00e7\u00e3o garantem que cada balde de <strong><a href=\"https:\/\/shaliteink.com\/pt\/categoria-produto\/tinta-plastisol\/\">tinta plastisol<\/a><\/strong> Atende aos mais altos padr\u00f5es da ind\u00fastria. Ao escolher Shaliteink, voc\u00ea investe em um produto que combina tecnologia de ponta com aplica\u00e7\u00e3o pr\u00e1tica, garantindo resultados superiores sempre.<\/p>\n<p class=\"ng-star-inserted\"><strong class=\"ng-star-inserted\"><span class=\"ng-star-inserted\">Instru\u00e7\u00f5es de cura para tinta plastisol rosa vermelha Shaliteink:<\/span><\/strong><\/p>\n<ul class=\"ng-star-inserted\">\n<li class=\"ng-star-inserted\">Cura a 160\u00b0C (320\u00b0F): Certifique-se de que toda a camada de tinta atinja e mantenha essa temperatura para curar completamente.<\/li>\n<li>Cura instant\u00e2nea a 120\u00b0C-140\u00b0C (248\u00b0F-284\u00b0F): Um tempo de cura instant\u00e2nea curto contribui para uma produ\u00e7\u00e3o mais r\u00e1pida sem comprometer a qualidade.<\/li>\n<li>Recomenda\u00e7\u00e3o geral para testes: Sempre fa\u00e7a um teste de elasticidade e um teste de lavagem na pe\u00e7a de amostra antes de iniciar a produ\u00e7\u00e3o em larga escala. Isso garante os par\u00e2metros corretos de cura e impress\u00e3o. Para melhores resultados, recomendamos o uso de fibras naturais, sendo o algod\u00e3o 100% o que proporciona resultados excepcionais.<\/li>\n<li>\n<p class=\"ng-star-inserted\"><strong class=\"ng-star-inserted\"><span class=\"ng-star-inserted\">Testes para uma cura ideal:<\/span><\/strong><\/p>\n<\/li>\n<\/ul>\n<ul>\n<li>Teste de lavagem: Permita de 5 a 10 lavagens para testar completamente o tratamento. Impress\u00f5es com cura inadequada ir\u00e3o deteriorar-se ap\u00f3s 1 a 3 lavagens.<\/li>\n<li>Teste de elasticidade: Estique a pe\u00e7a estampada em aproximadamente dois ter\u00e7os do seu comprimento. Se a estampa romper e n\u00e3o voltar ao normal, significa que a cura foi insuficiente. Aumente o tempo ou a temperatura de cura, se necess\u00e1rio.<\/li>\n<\/ul>\n<p class=\"ng-star-inserted\"><strong class=\"ng-star-inserted\"><span class=\"ng-star-inserted\">Entendendo a Baixa Cura e a Migra\u00e7\u00e3o de Corantes:<\/span><\/strong><\/p>\n<p>Um dos benef\u00edcios importantes da tinta plastisol Shaliteink Rosa Vermelho \u00e9 sua capacidade de curar a 160\u00b0C. Essa baixa temperatura \u00e9 importante para evitar a transfer\u00eancia de corante, especialmente ao trabalhar com tecidos de poli\u00e9ster e misturas de poli\u00e9ster. A maioria dos corantes para poli\u00e9ster fixa em altas temperaturas (normalmente entre 132\u00b0C e 149\u00b0C). Quando o tecido atinge essa temperatura novamente durante o processo de cura, os corantes podem retornar ao estado gasoso e manchar a tinta plastisol, causando o desbotamento da estampa. Ao curar abaixo dessa temperatura cr\u00edtica, a tinta Shaliteink Rosa Vermelho ajuda a evitar esse problema comum, garantindo que suas estampas permane\u00e7am n\u00edtidas e com cores fi\u00e9is.<\/p>\n<p>Nota importante sobre as leituras de temperatura: Ao testar a temperatura de cura, um term\u00f4metro a laser fornecer\u00e1 apenas leituras superficiais, que podem ser enganosas. Para uma medi\u00e7\u00e3o precisa da temperatura interna da camada de tinta, recomenda-se o uso de uma sonda em formato de rosca. Toda a camada de tinta deve atingir 160 \u00b0C para a cura completa. Fatores como a espessura da camada de tinta, o comprimento do t\u00fanel e a temperatura ambiente podem afetar o tempo de cura. Sempre ajuste as configura\u00e7\u00f5es da sua secadora e fa\u00e7a um teste de lavagem completa para confirmar a cura adequada.<\/p>\n<p><img decoding=\"async\" class=\"wp-image-4007 size-large aligncenter\" src=\"https:\/\/shaliteink.com\/wp-content\/uploads\/2025\/04\/Rose-Red-Screen-Printing-Plastisol-Ink-1-1024x683.jpg\" alt=\"Tinta de plastisol para serigrafia rosa vermelha\" width=\"1024\" height=\"683\" srcset=\"https:\/\/shaliteink.com\/wp-content\/uploads\/2025\/04\/Rose-Red-Screen-Printing-Plastisol-Ink-1-1024x683.jpg 1024w, https:\/\/shaliteink.com\/wp-content\/uploads\/2025\/04\/Rose-Red-Screen-Printing-Plastisol-Ink-1-300x200.jpg 300w, https:\/\/shaliteink.com\/wp-content\/uploads\/2025\/04\/Rose-Red-Screen-Printing-Plastisol-Ink-1-768x512.jpg 768w, https:\/\/shaliteink.com\/wp-content\/uploads\/2025\/04\/Rose-Red-Screen-Printing-Plastisol-Ink-1-1536x1024.jpg 1536w, https:\/\/shaliteink.com\/wp-content\/uploads\/2025\/04\/Rose-Red-Screen-Printing-Plastisol-Ink-1-2048x1365.jpg 2048w, https:\/\/shaliteink.com\/wp-content\/uploads\/2025\/04\/Rose-Red-Screen-Printing-Plastisol-Ink-1-18x12.jpg 18w, https:\/\/shaliteink.com\/wp-content\/uploads\/2025\/04\/Rose-Red-Screen-Printing-Plastisol-Ink-1-1200x800.jpg 1200w, https:\/\/shaliteink.com\/wp-content\/uploads\/2025\/04\/Rose-Red-Screen-Printing-Plastisol-Ink-1-150x100.jpg 150w\" sizes=\"(max-width: 1024px) 100vw, 1024px\" \/><\/p>\n<p class=\"ng-star-inserted\"><strong class=\"ng-star-inserted\"><span class=\"ng-star-inserted\">Limpeza e armazenamento:<\/span><\/strong><\/p>\n<ul class=\"ng-star-inserted\">\n<li class=\"ng-star-inserted\">Limpeza na impressora: Utilize o limpador de impressora\/degradante de tinta Ecotex\u00ae Plastisol ou produto similar para limpar telas e rodos de forma r\u00e1pida e eficiente.<\/li>\n<li class=\"ng-star-inserted\">Limpeza da pia: Para uma limpeza completa da tela, use o detergente para telas\/removedor de tinta Ecotex\u00ae Plastisol.<\/li>\n<li class=\"ng-star-inserted\">Armazenamento: Armazene suas tintas plastisol Shaliteink em temperatura ambiente, idealmente entre 18-32\u00b0C (65-90\u00b0F), e longe da luz solar direta. A exposi\u00e7\u00e3o prolongada a temperaturas acima de 32\u00b0C (90\u00b0F) pode fazer com que a tinta solidifique no recipiente, reduzindo sua vida \u00fatil.<\/li>\n<\/ul>\n<p class=\"ng-star-inserted\"><strong class=\"ng-star-inserted\"><span class=\"ng-star-inserted\">Dicas profissionais para obter os melhores resultados:<\/span><\/strong><\/p>\n<ul>\n<li>A tinta plastisol forma uma liga\u00e7\u00e3o mec\u00e2nica com as fibras do tecido, em vez de as colorir.<\/li>\n<li>Para obter melhores resultados em tecidos escuros, considere usar uma base branca, embora nossa alta opacidade muitas vezes torne isso desnecess\u00e1rio.<\/li>\n<li>A manuten\u00e7\u00e3o regular da tela e dos equipamentos garantir\u00e1 uma qualidade de impress\u00e3o consistente.<\/li>\n<\/ul>\n<p>Explore nossa linha completa de tintas plastisol e suprimentos para serigrafia e aprimore seus projetos de impress\u00e3o. A Shaliteink \u00e9 sua parceira de confian\u00e7a para solu\u00e7\u00f5es de tintas serigr\u00e1ficas premium.<\/p>","protected":false},"excerpt":{"rendered":"<p>A Shaliteink orgulhosamente apresenta a nossa tinta plastisol rosa-avermelhada para serigrafia, uma solu\u00e7\u00e3o premium desenvolvida tanto para profissionais experientes quanto para iniciantes entusiastas. Com duas d\u00e9cadas de excel\u00eancia em fabrica\u00e7\u00e3o e pre\u00e7os direto da f\u00e1brica, a Shaliteink \u00e9 l\u00edder global, trabalhando em estreita colabora\u00e7\u00e3o com marcas renomadas do mundo todo para trazer a voc\u00ea tintas plastisol de alta qualidade. Nossa tinta rosa-avermelhada foi desenvolvida para proporcionar resultados excelentes, garantindo que suas impress\u00f5es sejam vibrantes, dur\u00e1veis e tenham um toque luxuosamente macio.<\/p>","protected":false},"featured_media":1451,"comment_status":"open","ping_status":"closed","template":"","meta":[],"product_brand":[],"product_cat":[39],"product_tag":[],"class_list":{"0":"post-1192","1":"product","2":"type-product","3":"status-publish","4":"has-post-thumbnail","6":"product_cat-plastisol-ink","8":"first","9":"instock","10":"shipping-taxable","11":"purchasable","12":"product-type-variable"},"tiered_pricing_type":"fixed","tiered_pricing_fixed_rules":[],"tiered_pricing_product_settings":{"layout":"default","base_unit_name":{"singular":null,"plural":null},"default_variation":null},"tiered_pricing_minimum_quantity":null,"tiered_pricing_roles_data":[],"tiered_pricing_percentage_rules":[],"tiered_pricing_maximum_quantity":null,"tiered_pricing_quantity_step":null,"_links":{"self":[{"href":"https:\/\/shaliteink.com\/pt\/wp-json\/wp\/v2\/product\/1192","targetHints":{"allow":["GET"]}}],"collection":[{"href":"https:\/\/shaliteink.com\/pt\/wp-json\/wp\/v2\/product"}],"about":[{"href":"https:\/\/shaliteink.com\/pt\/wp-json\/wp\/v2\/types\/product"}],"replies":[{"embeddable":true,"href":"https:\/\/shaliteink.com\/pt\/wp-json\/wp\/v2\/comments?post=1192"}],"version-history":[{"count":0,"href":"https:\/\/shaliteink.com\/pt\/wp-json\/wp\/v2\/product\/1192\/revisions"}],"wp:featuredmedia":[{"embeddable":true,"href":"https:\/\/shaliteink.com\/pt\/wp-json\/wp\/v2\/media\/1451"}],"wp:attachment":[{"href":"https:\/\/shaliteink.com\/pt\/wp-json\/wp\/v2\/media?parent=1192"}],"wp:term":[{"taxonomy":"product_brand","embeddable":true,"href":"https:\/\/shaliteink.com\/pt\/wp-json\/wp\/v2\/product_brand?post=1192"},{"taxonomy":"product_cat","embeddable":true,"href":"https:\/\/shaliteink.com\/pt\/wp-json\/wp\/v2\/product_cat?post=1192"},{"taxonomy":"product_tag","embeddable":true,"href":"https:\/\/shaliteink.com\/pt\/wp-json\/wp\/v2\/product_tag?post=1192"}],"curies":[{"name":"wp","href":"https:\/\/api.w.org\/{rel}","templated":true}]}}