{"id":1186,"date":"2025-04-11T09:02:38","date_gmt":"2025-04-11T09:02:38","guid":{"rendered":"https:\/\/shaliteink.com\/?post_type=product&#038;p=1186"},"modified":"2025-12-10T11:30:25","modified_gmt":"2025-12-10T11:30:25","slug":"tinta-plastisol-vermelha-para-serigrafia-2","status":"publish","type":"product","link":"https:\/\/shaliteink.com\/pt\/produto\/tinta-plastisol-vermelha-para-serigrafia-2\/","title":{"rendered":"Tinta Plastisol para Serigrafia Vermelha"},"content":{"rendered":"<h3><img decoding=\"async\" class=\"wp-image-4003 size-large aligncenter\" src=\"https:\/\/shaliteink.com\/wp-content\/uploads\/2025\/04\/Red-Screen-Printing-Plastisol-Ink-1024x683.jpg\" alt=\"Tinta Plastisol para Serigrafia Vermelha\" width=\"1024\" height=\"683\" srcset=\"https:\/\/shaliteink.com\/wp-content\/uploads\/2025\/04\/Red-Screen-Printing-Plastisol-Ink-1024x683.jpg 1024w, https:\/\/shaliteink.com\/wp-content\/uploads\/2025\/04\/Red-Screen-Printing-Plastisol-Ink-300x200.jpg 300w, https:\/\/shaliteink.com\/wp-content\/uploads\/2025\/04\/Red-Screen-Printing-Plastisol-Ink-768x512.jpg 768w, https:\/\/shaliteink.com\/wp-content\/uploads\/2025\/04\/Red-Screen-Printing-Plastisol-Ink-1536x1024.jpg 1536w, https:\/\/shaliteink.com\/wp-content\/uploads\/2025\/04\/Red-Screen-Printing-Plastisol-Ink-2048x1365.jpg 2048w, https:\/\/shaliteink.com\/wp-content\/uploads\/2025\/04\/Red-Screen-Printing-Plastisol-Ink-18x12.jpg 18w, https:\/\/shaliteink.com\/wp-content\/uploads\/2025\/04\/Red-Screen-Printing-Plastisol-Ink-1200x800.jpg 1200w, https:\/\/shaliteink.com\/wp-content\/uploads\/2025\/04\/Red-Screen-Printing-Plastisol-Ink-150x100.jpg 150w\" sizes=\"(max-width: 1024px) 100vw, 1024px\" \/><\/h3>\n<h3 class=\"ng-star-inserted\"><span class=\"ng-star-inserted\">Principais benef\u00edcios e caracter\u00edsticas:<\/span><\/h3>\n<ul class=\"ng-star-inserted\">\n<li class=\"ng-star-inserted\">Vermelho vibrante e ousado: Consiga um vermelho chamativo, com estampa fiel \u00e0 cor original, que se destaque.<\/li>\n<li class=\"ng-star-inserted\">Extremamente opaco: excelente cobertura, mesmo em roupas escuras, reduzindo a necessidade de v\u00e1rias aplica\u00e7\u00f5es.<\/li>\n<li class=\"ng-star-inserted\">Textura macia ao toque: Desfrute de um acabamento suave e flex\u00edvel com \u00f3tima apar\u00eancia e textura.<\/li>\n<li class=\"ng-star-inserted\">Compatibilidade universal com tecidos: Ideal para uma ampla gama de materiais, incluindo algod\u00e3o 100%, misturas de algod\u00e3o\/poli\u00e9ster e muitos tecidos sint\u00e9ticos.<\/li>\n<li class=\"ng-star-inserted\">F\u00f3rmula de baixa transfer\u00eancia de corante: Especialmente desenvolvida para evitar a migra\u00e7\u00e3o da tinta em tecidos de poli\u00e9ster e com fios de poli\u00e9ster, garantindo linhas limpas e n\u00edtidas.<\/li>\n<li class=\"ng-star-inserted\">Sem ftalatos: Ecologicamente correto e seguro tanto para impressoras quanto para usu\u00e1rios.<\/li>\n<li class=\"ng-star-inserted\">\u00c9 f\u00e1cil de trabalhar: nossa tinta plastisol cremosa e de ponta curta flui facilmente pela tela, proporcionando uma impress\u00e3o de alta qualidade tanto para iniciantes quanto para profissionais experientes.<\/li>\n<li class=\"ng-star-inserted\">Tratamento confi\u00e1vel: Um tratamento preciso a 160 \u00b0C (320 \u00b0F) proporciona um tratamento eficiente, com tempo de produ\u00e7\u00e3o r\u00e1pido e baixo consumo de energia.<\/li>\n<li class=\"ng-star-inserted\">Temperatura ideal de flash: Emite flash rapidamente a 120\u2013140 \u00b0C (248\u2013284 \u00b0F) para impress\u00e3o eficiente em m\u00faltiplas chamadas.<\/li>\n<li class=\"ng-star-inserted\">Qualidade constante: Confi\u00e1vel gra\u00e7as a vinte anos de excel\u00eancia em fabrica\u00e7\u00e3o e \u00e0 reputa\u00e7\u00e3o de marcas mundialmente famosas.<\/li>\n<\/ul>\n<h3 class=\"ng-star-inserted\"><span class=\"ng-star-inserted\">Liberte sua criatividade com Shaliteink Red\u00a0<\/span><strong class=\"ng-star-inserted\"><span class=\"ng-star-inserted\">Tinta Plastisol<\/span><\/strong><\/h3>\n<p>A tinta plastisol vermelha Shaliteink foi desenvolvida para a sua solu\u00e7\u00e3o Go-Two, proporcionando serigrafia de alta qualidade. Seja para confec\u00e7\u00e3o de roupas personalizadas, itens para campanhas ou designs art\u00edsticos, nossa tinta oferece desempenho confi\u00e1vel e resultados incr\u00edveis. Sua alta variabilidade de temperatura de cor garante uma impress\u00e3o vermelha vibrante com poucas camadas, economizando tempo e tinta. O toque macio proporciona o m\u00e1ximo conforto ao usu\u00e1rio, tornando suas pe\u00e7as estampadas ainda mais desej\u00e1veis.<\/p>\n<p>Entendemos os desafios da serigrafia, especialmente ao trabalhar com diferentes tipos de tecido. \u00c9 por isso que nossa f\u00f3rmula de baixa transfer\u00eancia de cor \u00e9 revolucion\u00e1ria para misturas de poli\u00e9ster, pois evita a temida migra\u00e7\u00e3o da tinta e preserva a integridade de seus designs. <strong><a href=\"https:\/\/shaliteink.com\/pt\/\">Shalitink<\/a><\/strong> O compromisso com a inova\u00e7\u00e3o e a qualidade garante que cada balde de tinta plastisol vermelha atenda aos mais altos padr\u00f5es da ind\u00fastria, permitindo que voc\u00ea produza impress\u00f5es de n\u00edvel profissional sempre.<\/p>\n<h3 class=\"ng-star-inserted\"><span class=\"ng-star-inserted\">Instru\u00e7\u00f5es e orienta\u00e7\u00f5es de cura:<\/span><\/h3>\n<p>Para uma ades\u00e3o ideal e para facilitar a lavagem, fixe a tinta plastisol vermelha Shaliteink a 160 \u00b0C (320 \u00b0F). Quando toda a camada de tinta atingir 160 \u00b0C (320 \u00b0F), a tinta estar\u00e1 completamente curada.<\/p>\n<ul class=\"ng-star-inserted\">\n<li class=\"ng-star-inserted\">\n<p class=\"ng-star-inserted\"><strong class=\"ng-star-inserted\"><span class=\"ng-star-inserted\">Temperatura de cura:<\/span><\/strong><span class=\"ng-star-inserted\">\u00a0160\u00b0C (320\u00b0F)<\/span><\/p>\n<\/li>\n<\/ul>\n<ul>\n<li class=\"ng-star-inserted\"><strong class=\"ng-star-inserted\"><span class=\"ng-star-inserted\">Temperatura de flash:<\/span><\/strong><span class=\"ng-star-inserted\">\u00a0120-140\u00b0C (248-284\u00b0F) por 3-5 segundos.<br \/>\n<\/span><\/li>\n<\/ul>\n<p class=\"ng-star-inserted\"><strong class=\"ng-star-inserted\"><span class=\"ng-star-inserted\">Dicas importantes para a cura:<\/span><\/strong><\/p>\n<ul>\n<li>Para um tratamento completo: recomenda-se o uso de uma sonda em formato de rosca ou fitas termom\u00e9tricas para garantir que o n\u00facleo da camada de tinta atinja a temperatura desejada. Pistolas de laser podem apresentar leituras enganosas da temperatura da superf\u00edcie.<\/li>\n<li>Teste de lavagem: Ap\u00f3s o tratamento, deixe a impress\u00e3o esfriar e, em seguida, fa\u00e7a um teste de lavagem (ap\u00f3s 24 horas) para verificar se o tratamento foi eficaz. A impress\u00e3o deve suportar de 5 a 10 lavagens sem deteriorar.<\/li>\n<li>Teste de elasticidade: Estique o tecido estampado lentamente at\u00e9 cerca de dois ter\u00e7os da sua elasticidade m\u00e1xima. Se as rachaduras da tinta n\u00e3o recuarem, pode ser um problema de baixa qualidade.<\/li>\n<li>Dicas de vestu\u00e1rio: Roupas de algod\u00e3o podem precisar de um pouco mais de tempo na secadora do que as de poli\u00e9ster devido ao teor de umidade. Ajuste as configura\u00e7\u00f5es da secadora de acordo.<\/li>\n<li>Espessura da camada de tinta: Camadas espessas de tinta naturalmente exigem mais tempo para que o tratamento seja completo em toda a camada.<\/li>\n<\/ul>\n<h3 class=\"ng-star-inserted\"><span class=\"ng-star-inserted\">Limpeza e armazenamento:<\/span><\/h3>\n<ul>\n<li>Na imprensa: Use um produto ecol\u00f3gico dedicado <strong><a href=\"https:\/\/shaliteink.com\/pt\/categoria-produto\/tinta-plastisol\/\">tinta plastisol<\/a><\/strong> A lavagem da prensa ou a tinta se degradam, permitindo uma limpeza r\u00e1pida entre trabalhos.<\/li>\n<li>Na pia: Para a reclavagem de telas, use um detergente forte para telas de tinta plastisol ou um removedor de tinta para eliminar bem os res\u00edduos de tinta.<\/li>\n<li>Armazenamento: Armazene a tinta plastisol vermelha em local fresco e seco, entre 18 e 32 \u00b0C (65 e 90 \u00b0F), longe da luz solar direta e de temperaturas extremas. A tinta pode iniciar o processo de cura no recipiente em caso de contato prolongado com temperaturas acima de 32 \u00b0C (90 \u00b0F).<\/li>\n<\/ul>\n<h3><img decoding=\"async\" class=\"wp-image-4004 size-large aligncenter\" src=\"https:\/\/shaliteink.com\/wp-content\/uploads\/2025\/04\/Red-Screen-Printing-Plastisol-Ink-1-1024x683.jpg\" alt=\"Tinta Plastisol para Serigrafia Vermelha\" width=\"1024\" height=\"683\" srcset=\"https:\/\/shaliteink.com\/wp-content\/uploads\/2025\/04\/Red-Screen-Printing-Plastisol-Ink-1-1024x683.jpg 1024w, https:\/\/shaliteink.com\/wp-content\/uploads\/2025\/04\/Red-Screen-Printing-Plastisol-Ink-1-300x200.jpg 300w, https:\/\/shaliteink.com\/wp-content\/uploads\/2025\/04\/Red-Screen-Printing-Plastisol-Ink-1-768x512.jpg 768w, https:\/\/shaliteink.com\/wp-content\/uploads\/2025\/04\/Red-Screen-Printing-Plastisol-Ink-1-1536x1024.jpg 1536w, https:\/\/shaliteink.com\/wp-content\/uploads\/2025\/04\/Red-Screen-Printing-Plastisol-Ink-1-2048x1365.jpg 2048w, https:\/\/shaliteink.com\/wp-content\/uploads\/2025\/04\/Red-Screen-Printing-Plastisol-Ink-1-18x12.jpg 18w, https:\/\/shaliteink.com\/wp-content\/uploads\/2025\/04\/Red-Screen-Printing-Plastisol-Ink-1-1200x800.jpg 1200w, https:\/\/shaliteink.com\/wp-content\/uploads\/2025\/04\/Red-Screen-Printing-Plastisol-Ink-1-150x100.jpg 150w\" sizes=\"(max-width: 1024px) 100vw, 1024px\" \/><\/h3>\n<h3 class=\"ng-star-inserted\"><span class=\"ng-star-inserted\">Por que escolher Shaliteink para o seu neg\u00f3cio?\u00a0<\/span><a href=\"https:\/\/shaliteink.com\/pt\/screen-printing-ink\/\"><strong class=\"ng-star-inserted\"><span class=\"ng-star-inserted\">Tinta de serigrafia<\/span><\/strong><\/a><span class=\"ng-star-inserted\">\u00a0Precisa?<\/span><\/h3>\n<p>Na Shaliteink, n\u00e3o vendemos apenas tinta plastisol; oferecemos solu\u00e7\u00f5es que potencializam sua criatividade e aumentam sua produ\u00e7\u00e3o. Nosso modelo de venda direta da f\u00e1brica garante qualidade premium a pre\u00e7os competitivos. Com a tinta plastisol vermelha da Shaliteink, voc\u00ea escolhe um produto desenvolvido com vinte anos de experi\u00eancia no setor, projetado para desempenho extraordin\u00e1rio e para tornar sua experi\u00eancia com serigrafia confort\u00e1vel e bem-sucedida.<\/p>\n<p>Compre agora e descubra a diferen\u00e7a da Shaliteink para o seu pr\u00f3ximo projeto de serigrafia! Obtenha a melhor tinta para serigrafia, com resultados vibrantes e aplica\u00e7\u00e3o f\u00e1cil.<\/p>","protected":false},"excerpt":{"rendered":"<p>D\u00ea vida aos seus projetos de serigrafia com a tinta plastisol vermelha premium da Shaliteink. Como l\u00edder global com duas d\u00e9cadas de experi\u00eancia em fabrica\u00e7\u00e3o, a Shaliteink se compromete a fornecer suprimentos de serigrafia de alta qualidade diretamente da nossa f\u00e1brica. Nossa tinta plastisol vermelha oferece excelente vivacidade, qualidade e facilidade de uso, garantindo que suas impress\u00f5es sejam sempre vibrantes e belas.<\/p>","protected":false},"featured_media":1459,"comment_status":"open","ping_status":"closed","template":"","meta":[],"product_brand":[],"product_cat":[39],"product_tag":[],"class_list":{"0":"post-1186","1":"product","2":"type-product","3":"status-publish","4":"has-post-thumbnail","6":"product_cat-plastisol-ink","8":"first","9":"instock","10":"shipping-taxable","11":"purchasable","12":"product-type-variable"},"tiered_pricing_type":"fixed","tiered_pricing_fixed_rules":[],"tiered_pricing_product_settings":{"layout":"default","base_unit_name":{"singular":null,"plural":null},"default_variation":null},"tiered_pricing_minimum_quantity":null,"tiered_pricing_roles_data":[],"tiered_pricing_percentage_rules":[],"tiered_pricing_maximum_quantity":null,"tiered_pricing_quantity_step":null,"_links":{"self":[{"href":"https:\/\/shaliteink.com\/pt\/wp-json\/wp\/v2\/product\/1186","targetHints":{"allow":["GET"]}}],"collection":[{"href":"https:\/\/shaliteink.com\/pt\/wp-json\/wp\/v2\/product"}],"about":[{"href":"https:\/\/shaliteink.com\/pt\/wp-json\/wp\/v2\/types\/product"}],"replies":[{"embeddable":true,"href":"https:\/\/shaliteink.com\/pt\/wp-json\/wp\/v2\/comments?post=1186"}],"version-history":[{"count":0,"href":"https:\/\/shaliteink.com\/pt\/wp-json\/wp\/v2\/product\/1186\/revisions"}],"wp:featuredmedia":[{"embeddable":true,"href":"https:\/\/shaliteink.com\/pt\/wp-json\/wp\/v2\/media\/1459"}],"wp:attachment":[{"href":"https:\/\/shaliteink.com\/pt\/wp-json\/wp\/v2\/media?parent=1186"}],"wp:term":[{"taxonomy":"product_brand","embeddable":true,"href":"https:\/\/shaliteink.com\/pt\/wp-json\/wp\/v2\/product_brand?post=1186"},{"taxonomy":"product_cat","embeddable":true,"href":"https:\/\/shaliteink.com\/pt\/wp-json\/wp\/v2\/product_cat?post=1186"},{"taxonomy":"product_tag","embeddable":true,"href":"https:\/\/shaliteink.com\/pt\/wp-json\/wp\/v2\/product_tag?post=1186"}],"curies":[{"name":"wp","href":"https:\/\/api.w.org\/{rel}","templated":true}]}}