{"id":1178,"date":"2025-04-11T08:49:33","date_gmt":"2025-04-11T08:49:33","guid":{"rendered":"https:\/\/shaliteink.com\/?post_type=product&#038;p=1178"},"modified":"2025-12-10T11:28:18","modified_gmt":"2025-12-10T11:28:18","slug":"tinta-plastisol-vermelha-para-serigrafia","status":"publish","type":"product","link":"https:\/\/shaliteink.com\/pt\/produto\/tinta-plastisol-vermelha-para-serigrafia\/","title":{"rendered":"Tinta Plastisol para Serigrafia Vermelho Escuro"},"content":{"rendered":"<p class=\"ng-star-inserted\"><strong class=\"ng-star-inserted\"><span class=\"ng-star-inserted\">T\u00edtulo: Tinta plastisol vermelha intensa para serigrafia \u2013 Obtenha impress\u00f5es vibrantes com Shaliteink<\/span><\/strong><\/p>\n<p>Pensando no usu\u00e1rio, isto <a href=\"https:\/\/shaliteink.com\/pt\/categoria-produto\/tinta-plastisol\/\"><strong>tinta plastisol<\/strong><\/a> A tinta Shaliteink Deep Red possui uma textura cremosa e \u00e9 f\u00e1cil de trabalhar, garantindo uma experi\u00eancia de impress\u00e3o suave tanto para profissionais experientes quanto para iniciantes. Seu tamanho compacto a torna ideal para aplica\u00e7\u00f5es frequentes, permitindo detalhes n\u00edtidos e cobertura completa em diversos tipos de tecido. A extraordin\u00e1ria versatilidade da Shaliteink Deep Red permite que cores vibrantes em roupas escuras sejam reproduzidas com mais precis\u00e3o em v\u00e1rias passagens, otimizando seu processo de produ\u00e7\u00e3o.<\/p>\n<p><img decoding=\"async\" class=\"wp-image-4001 size-large aligncenter\" src=\"https:\/\/shaliteink.com\/wp-content\/uploads\/2025\/04\/Deep-Red-Screen-Printing-Plastisol-Ink-1-1024x683.jpg\" alt=\"Tinta Plastisol para Serigrafia Vermelho Escuro\" width=\"1024\" height=\"683\" srcset=\"https:\/\/shaliteink.com\/wp-content\/uploads\/2025\/04\/Deep-Red-Screen-Printing-Plastisol-Ink-1-1024x683.jpg 1024w, https:\/\/shaliteink.com\/wp-content\/uploads\/2025\/04\/Deep-Red-Screen-Printing-Plastisol-Ink-1-300x200.jpg 300w, https:\/\/shaliteink.com\/wp-content\/uploads\/2025\/04\/Deep-Red-Screen-Printing-Plastisol-Ink-1-768x512.jpg 768w, https:\/\/shaliteink.com\/wp-content\/uploads\/2025\/04\/Deep-Red-Screen-Printing-Plastisol-Ink-1-1536x1024.jpg 1536w, https:\/\/shaliteink.com\/wp-content\/uploads\/2025\/04\/Deep-Red-Screen-Printing-Plastisol-Ink-1-2048x1365.jpg 2048w, https:\/\/shaliteink.com\/wp-content\/uploads\/2025\/04\/Deep-Red-Screen-Printing-Plastisol-Ink-1-18x12.jpg 18w, https:\/\/shaliteink.com\/wp-content\/uploads\/2025\/04\/Deep-Red-Screen-Printing-Plastisol-Ink-1-1200x800.jpg 1200w, https:\/\/shaliteink.com\/wp-content\/uploads\/2025\/04\/Deep-Red-Screen-Printing-Plastisol-Ink-1-150x100.jpg 150w\" sizes=\"(max-width: 1024px) 100vw, 1024px\" \/><\/p>\n<p>Uma das caracter\u00edsticas mais marcantes do Shaliteink <strong>Tinta plastisol vermelho escuro<\/strong> Seu perfil de tratamento eficiente \u00e9 um dos seus principais diferenciais. O tratamento a 160 \u00b0C (320 \u00b0F) proporciona um equil\u00edbrio ideal entre velocidade e integridade da pe\u00e7a. Esse tratamento personalizado ajuda a evitar o ressecamento e o encolhimento das roupas devido \u00e0 temperatura, sendo especialmente ben\u00e9fico em misturas de poli\u00e9ster, como em roupas sens\u00edveis ao calor do ver\u00e3o. A temperatura de secagem r\u00e1pida, entre 120 \u00b0C e 140 \u00b0C (248 \u00b0F e 284 \u00b0F), permite uma secagem r\u00e1pida entre as camadas, aumentando a produtividade e facilitando a impress\u00e3o de designs multicoloridos n\u00edtidos. Essa secagem r\u00e1pida em baixa temperatura \u00e9 particularmente eficaz na preven\u00e7\u00e3o da migra\u00e7\u00e3o de corantes na impress\u00e3o em poli\u00e9ster.<\/p>\n<p>Entendemos a import\u00e2ncia de um toque suave em roupas preparadas com cuidado. <strong><a href=\"https:\/\/shaliteink.com\/pt\/\">Shaliteink<\/a><\/strong> A tinta plastisol vermelho escuro foi desenvolvida para criar uma impress\u00e3o macia e flex\u00edvel que acompanha os movimentos do tecido, garantindo o m\u00e1ximo conforto para quem veste a pe\u00e7a. Essa tinta n\u00e3o gordurosa tamb\u00e9m prioriza a seguran\u00e7a, estando em conformidade com os padr\u00f5es modernos de meio ambiente e sa\u00fade. Sua versatilidade a torna uma op\u00e7\u00e3o universal para uma ampla variedade de roupas, proporcionando resultados consistentes e profissionais sempre, desde algod\u00e3o 100% at\u00e9 diversos tipos de poli\u00e9ster.<\/p>\n<p class=\"ng-star-inserted\"><strong class=\"ng-star-inserted\"><span class=\"ng-star-inserted\">Principais caracter\u00edsticas e benef\u00edcios:<\/span><\/strong><\/p>\n<ul class=\"ng-star-inserted\">\n<li class=\"ng-star-inserted\">Vermelho escuro vibrante: Aposte em estampas vermelhas ousadas, luxuosas e que chamam a aten\u00e7\u00e3o.<\/li>\n<li class=\"ng-star-inserted\">Maior cobertura: excelente cobertura em roupas claras e escuras, reduzindo a transpar\u00eancia das impress\u00f5es digitais.<\/li>\n<li class=\"ng-star-inserted\">Tratamento ideal: 160 \u00b0C (320 \u00b0F) trata firmemente e reduz os danos \u00e0s roupas.<\/li>\n<li class=\"ng-star-inserted\">Secagem r\u00e1pida: Para impress\u00e3o eficiente em m\u00faltiplas chamadas, aquece rapidamente a uma temperatura entre 120 \u00b0C e 140 \u00b0C (248 \u00b0F e 284 \u00b0F).<\/li>\n<li class=\"ng-star-inserted\">Toque macio: as estampas permanecem macias e flex\u00edveis, aumentando o conforto das pe\u00e7as de roupa.<\/li>\n<li class=\"ng-star-inserted\">\u00c9 f\u00e1cil de usar: garante uma consist\u00eancia cremosa e est\u00e1vel, al\u00e9m de uma aplica\u00e7\u00e3o suave e r\u00e1pida.<\/li>\n<li class=\"ng-star-inserted\">Compatibilidade universal com tecidos: ideal para algod\u00e3o, poli\u00e9ster e outros substratos populares.<\/li>\n<li class=\"ng-star-inserted\">Baixa migra\u00e7\u00e3o de corante: Especialmente desenvolvido para reduzir a migra\u00e7\u00e3o de corantes em misturas de poli\u00e9ster.<\/li>\n<li class=\"ng-star-inserted\">Sem ftalatos: Ecologicamente correto e seguro para os usu\u00e1rios.<\/li>\n<\/ul>\n<p class=\"ng-star-inserted\"><strong class=\"ng-star-inserted\"><span class=\"ng-star-inserted\">Orienta\u00e7\u00f5es de cura:<\/span><\/strong><\/p>\n<p>Para obter durabilidade e resist\u00eancia ideais \u00e0 lavagem, fixe a tinta plastisol vermelho escuro Shaliteink a 160 \u00b0C (320 \u00b0F) em toda a camada de tinta. Dependendo do equipamento da sua oficina e dos dep\u00f3sitos de tinta, fa\u00e7a uma secagem r\u00e1pida entre 120 \u00b0C e 140 \u00b0C (248 \u00b0F e 284 \u00b0F) durante 3 a 5 segundos. Sempre fa\u00e7a um teste de elasticidade e um teste de lavagem em uma pe\u00e7a de roupa de amostra antes de iniciar uma produ\u00e7\u00e3o em larga escala para confirmar o tratamento adequado. Uma estampa bem tratada resistir\u00e1 ao desgaste do tecido e a v\u00e1rias lavagens. Lembre-se de que a pistola de laser pode apresentar leituras enganosas da temperatura da superf\u00edcie; para resultados precisos, use uma sonda de temperatura ou fitas termom\u00e9tricas para medir a temperatura interna da tinta durante o tratamento.<\/p>\n<p><img decoding=\"async\" class=\"wp-image-4000 size-large aligncenter\" src=\"https:\/\/shaliteink.com\/wp-content\/uploads\/2025\/04\/Deep-Red-Screen-Printing-Plastisol-Ink-1024x683.jpg\" alt=\"Tinta Plastisol para Serigrafia Vermelho Escuro\" width=\"1024\" height=\"683\" srcset=\"https:\/\/shaliteink.com\/wp-content\/uploads\/2025\/04\/Deep-Red-Screen-Printing-Plastisol-Ink-1024x683.jpg 1024w, https:\/\/shaliteink.com\/wp-content\/uploads\/2025\/04\/Deep-Red-Screen-Printing-Plastisol-Ink-300x200.jpg 300w, https:\/\/shaliteink.com\/wp-content\/uploads\/2025\/04\/Deep-Red-Screen-Printing-Plastisol-Ink-768x512.jpg 768w, https:\/\/shaliteink.com\/wp-content\/uploads\/2025\/04\/Deep-Red-Screen-Printing-Plastisol-Ink-1536x1024.jpg 1536w, https:\/\/shaliteink.com\/wp-content\/uploads\/2025\/04\/Deep-Red-Screen-Printing-Plastisol-Ink-2048x1365.jpg 2048w, https:\/\/shaliteink.com\/wp-content\/uploads\/2025\/04\/Deep-Red-Screen-Printing-Plastisol-Ink-18x12.jpg 18w, https:\/\/shaliteink.com\/wp-content\/uploads\/2025\/04\/Deep-Red-Screen-Printing-Plastisol-Ink-1200x800.jpg 1200w, https:\/\/shaliteink.com\/wp-content\/uploads\/2025\/04\/Deep-Red-Screen-Printing-Plastisol-Ink-150x100.jpg 150w\" sizes=\"(max-width: 1024px) 100vw, 1024px\" \/><\/p>\n<p class=\"ng-star-inserted\"><strong class=\"ng-star-inserted\"><span class=\"ng-star-inserted\">Limpar:<\/span><\/strong><\/p>\n<p>A limpeza deve ser feita imediatamente ap\u00f3s a impress\u00e3o com tinta plastisol Shaliteink. Para limpezas em tela, utilize um produto de limpeza espec\u00edfico para plastisol ou um removedor de tinta. Para a reclavagem de telas, um produto de limpeza forte para plastisol ou um removedor de tinta eficaz remover\u00e1 qualquer res\u00edduo de tinta.<\/p>\n<p class=\"ng-star-inserted\"><strong class=\"ng-star-inserted\"><span class=\"ng-star-inserted\">Informa\u00e7\u00f5es de armazenamento:<\/span><\/strong><\/p>\n<p>Armazene a tinta plastisol vermelha escura Shaliteink em local fresco e seco, entre 18 e 32 \u00b0C (65 e 90 \u00b0F), longe da luz solar direta. Para contato prolongado em temperaturas acima desse limite, o tratamento pode come\u00e7ar dentro do recipiente da tinta.<\/p>","protected":false},"excerpt":{"rendered":"<p>A tinta plastisol vermelho escuro da Shaliteink eleva seus projetos de impress\u00e3o t\u00eaxtil, sendo uma op\u00e7\u00e3o premium para serigrafistas que buscam excelente vivacidade de cores e desempenho confi\u00e1vel. H\u00e1 duas d\u00e9cadas, a Shaliteink \u00e9 l\u00edder global na fabrica\u00e7\u00e3o de tintas plastisol de alta qualidade para serigrafia, trabalhando com marcas mundialmente famosas para oferecer excel\u00eancia superior \u00e0 de f\u00e1brica. Nossa tinta plastisol vermelho escuro \u00e9 um s\u00edmbolo desse compromisso, oferecendo uma cor rica e opaca que transforma o design em estampas incr\u00edveis e duradouras.<\/p>","protected":false},"featured_media":1455,"comment_status":"open","ping_status":"closed","template":"","meta":[],"product_brand":[],"product_cat":[39],"product_tag":[],"class_list":{"0":"post-1178","1":"product","2":"type-product","3":"status-publish","4":"has-post-thumbnail","6":"product_cat-plastisol-ink","8":"first","9":"instock","10":"shipping-taxable","11":"purchasable","12":"product-type-variable"},"tiered_pricing_type":"fixed","tiered_pricing_fixed_rules":[],"tiered_pricing_product_settings":{"layout":"default","base_unit_name":{"singular":null,"plural":null},"default_variation":null},"tiered_pricing_minimum_quantity":null,"tiered_pricing_roles_data":[],"tiered_pricing_percentage_rules":[],"tiered_pricing_maximum_quantity":null,"tiered_pricing_quantity_step":null,"_links":{"self":[{"href":"https:\/\/shaliteink.com\/pt\/wp-json\/wp\/v2\/product\/1178","targetHints":{"allow":["GET"]}}],"collection":[{"href":"https:\/\/shaliteink.com\/pt\/wp-json\/wp\/v2\/product"}],"about":[{"href":"https:\/\/shaliteink.com\/pt\/wp-json\/wp\/v2\/types\/product"}],"replies":[{"embeddable":true,"href":"https:\/\/shaliteink.com\/pt\/wp-json\/wp\/v2\/comments?post=1178"}],"version-history":[{"count":0,"href":"https:\/\/shaliteink.com\/pt\/wp-json\/wp\/v2\/product\/1178\/revisions"}],"wp:featuredmedia":[{"embeddable":true,"href":"https:\/\/shaliteink.com\/pt\/wp-json\/wp\/v2\/media\/1455"}],"wp:attachment":[{"href":"https:\/\/shaliteink.com\/pt\/wp-json\/wp\/v2\/media?parent=1178"}],"wp:term":[{"taxonomy":"product_brand","embeddable":true,"href":"https:\/\/shaliteink.com\/pt\/wp-json\/wp\/v2\/product_brand?post=1178"},{"taxonomy":"product_cat","embeddable":true,"href":"https:\/\/shaliteink.com\/pt\/wp-json\/wp\/v2\/product_cat?post=1178"},{"taxonomy":"product_tag","embeddable":true,"href":"https:\/\/shaliteink.com\/pt\/wp-json\/wp\/v2\/product_tag?post=1178"}],"curies":[{"name":"wp","href":"https:\/\/api.w.org\/{rel}","templated":true}]}}