{"id":1173,"date":"2025-04-11T08:43:33","date_gmt":"2025-04-11T08:43:33","guid":{"rendered":"https:\/\/shaliteink.com\/?post_type=product&#038;p=1173"},"modified":"2025-12-10T11:29:08","modified_gmt":"2025-12-10T11:29:08","slug":"tinta-plastisol-laranja-avermelhada-para-serigrafia","status":"publish","type":"product","link":"https:\/\/shaliteink.com\/pt\/produto\/tinta-plastisol-laranja-avermelhada-para-serigrafia\/","title":{"rendered":"Tinta de plastisol para serigrafia laranja vermelha"},"content":{"rendered":"<p class=\"ng-star-inserted\"><strong class=\"ng-star-inserted\"><span class=\"ng-star-inserted\">Tinta plastisol para serigrafia Shaliteink, laranja e vermelha \u2013 Liberte a criatividade vibrante!<\/span><\/strong><\/p>\n<p>Em <strong><a href=\"https:\/\/shaliteink.com\/pt\/\">Shaliteink<\/a><\/strong>, Com duas d\u00e9cadas de excel\u00eancia em fabrica\u00e7\u00e3o e vendas diretas da f\u00e1brica, orgulhamo-nos de ser l\u00edderes globais em tinta plastisol para serigrafia. Firmamos parcerias com marcas mundialmente famosas para oferecer a voc\u00ea a melhor qualidade. <strong>tinta plastisol vermelho-alaranjada<\/strong> n\u00e3o \u00e9 exce\u00e7\u00e3o. Projetada tanto para gr\u00e1ficas profissionais quanto para hobbies que envolvem paix\u00e3o, ela garante estampas impressionantes e dur\u00e1veis em uma ampla variedade de tecidos com tinta de alto desempenho.<\/p>\n<p><img decoding=\"async\" class=\"wp-image-3997 size-large aligncenter\" src=\"https:\/\/shaliteink.com\/wp-content\/uploads\/2025\/04\/Orange-Red-Screen-Printing-Plastisol-Ink-1024x683.jpg\" alt=\"Tinta de plastisol para serigrafia laranja vermelha\" width=\"1024\" height=\"683\" srcset=\"https:\/\/shaliteink.com\/wp-content\/uploads\/2025\/04\/Orange-Red-Screen-Printing-Plastisol-Ink-1024x683.jpg 1024w, https:\/\/shaliteink.com\/wp-content\/uploads\/2025\/04\/Orange-Red-Screen-Printing-Plastisol-Ink-300x200.jpg 300w, https:\/\/shaliteink.com\/wp-content\/uploads\/2025\/04\/Orange-Red-Screen-Printing-Plastisol-Ink-768x512.jpg 768w, https:\/\/shaliteink.com\/wp-content\/uploads\/2025\/04\/Orange-Red-Screen-Printing-Plastisol-Ink-1536x1024.jpg 1536w, https:\/\/shaliteink.com\/wp-content\/uploads\/2025\/04\/Orange-Red-Screen-Printing-Plastisol-Ink-2048x1365.jpg 2048w, https:\/\/shaliteink.com\/wp-content\/uploads\/2025\/04\/Orange-Red-Screen-Printing-Plastisol-Ink-18x12.jpg 18w, https:\/\/shaliteink.com\/wp-content\/uploads\/2025\/04\/Orange-Red-Screen-Printing-Plastisol-Ink-1200x800.jpg 1200w, https:\/\/shaliteink.com\/wp-content\/uploads\/2025\/04\/Orange-Red-Screen-Printing-Plastisol-Ink-150x100.jpg 150w\" sizes=\"(max-width: 1024px) 100vw, 1024px\" \/><\/p>\n<p class=\"ng-star-inserted\"><strong class=\"ng-star-inserted\"><span class=\"ng-star-inserted\">Principais benef\u00edcios que nos diferenciam:<\/span><\/strong><\/p>\n<ul class=\"ng-star-inserted\">\n<li class=\"ng-star-inserted\">Vermelho-alaranjado vibrante e ousado: Consiga estampas chamativas e com cores fi\u00e9is \u00e0 realidade que se destacam em diversos figurinos.<\/li>\n<li class=\"ng-star-inserted\">Opkar superior: Excelente cobertura, mesmo em roupas grossas, muitas vezes eliminando a necessidade de uma base de prote\u00e7\u00e3o.<\/li>\n<li class=\"ng-star-inserted\">Toque macio: Sua estampa ter\u00e1 um toque incrivelmente macio, aumentando o conforto da pe\u00e7a.<\/li>\n<li class=\"ng-star-inserted\">\u00c9 f\u00e1cil de trabalhar: uma consist\u00eancia cremosa e uma estabilidade com bordas curtas tornam a impress\u00e3o suave e simples, reduzindo a fadiga.<\/li>\n<li class=\"ng-star-inserted\">Compatibilidade com tecidos universais: algod\u00e3o 100%, misturas de algod\u00e3o\/poli\u00e9ster e at\u00e9 mesmo uma ampla gama de materiais, incluindo algumas misturas de poli\u00e9ster.<\/li>\n<li class=\"ng-star-inserted\">F\u00f3rmula sem ftalatos: uma op\u00e7\u00e3o segura tanto para a impressora quanto para o meio ambiente.<\/li>\n<li class=\"ng-star-inserted\">Baixa transfer\u00eancia de cor: cores limpas e n\u00edtidas, garantindo resultados precisos e reduzindo a migra\u00e7\u00e3o de corantes em misturas de poli\u00e9ster.<\/li>\n<li class=\"ng-star-inserted\">Acabamento semibrilhante: Um brilho profissional que real\u00e7a a sua impress\u00e3o.<\/li>\n<li class=\"ng-star-inserted\">Qualidade direto da f\u00e1brica: Beneficie-se de nossos vinte anos de experi\u00eancia em fabrica\u00e7\u00e3o e pre\u00e7os diretos.<\/li>\n<\/ul>\n<p class=\"ng-star-inserted\"><strong class=\"ng-star-inserted\"><span class=\"ng-star-inserted\">Cura otimizada para desempenho m\u00e1ximo:<\/span><\/strong><\/p>\n<p>A tinta plastisol Shaliteink laranja-avermelhada foi desenvolvida para um tratamento eficiente e confi\u00e1vel.<\/p>\n<ul>\n<li>Temperatura de tratamento: Obtenha um tratamento completo a 160 \u00b0C (320 \u00b0F). Esta temperatura precisa garante m\u00e1xima durabilidade e resist\u00eancia \u00e0 lavagem.<\/li>\n<li>Temperatura do flash: Utilize uma temperatura de 120 \u00b0C a 140 \u00b0C (248 \u00b0F a 284 \u00b0F) por 3 a 5 segundos. Esse curto tempo de exposi\u00e7\u00e3o do flash ajuda a acelerar trabalhos com v\u00e1rias cores.<\/li>\n<\/ul>\n<p class=\"ng-star-inserted\"><strong class=\"ng-star-inserted\"><span class=\"ng-star-inserted\">Orienta\u00e7\u00f5es importantes sobre o tratamento:<\/span><\/strong><\/p>\n<p>O tratamento adequado \u00e9 importante para a durabilidade da sua estampa. Recomendamos um teste de elasticidade e um teste de lavagem antes da produ\u00e7\u00e3o em larga escala. Para o teste de elasticidade, estique a pe\u00e7a estampada em cerca de dois ter\u00e7os do seu tamanho original. Se as rachaduras na estampa n\u00e3o diminu\u00edrem, ela poder\u00e1 se deteriorar. Para o teste de lavagem, aguarde de 5 a 10 lavagens para avaliar a durabilidade. Se a estampa apresentar deteriora\u00e7\u00e3o ap\u00f3s 1 a 3 lavagens, aumente o tempo de tratamento ou ajuste as configura\u00e7\u00f5es da secadora. Lembre-se: toda a camada de tinta deve atingir a temperatura de tratamento de 160 \u00b0C. Pistolas de laser podem apresentar leituras imprecisas da temperatura da superf\u00edcie; considere usar uma sonda circular para obter uma temperatura interna da camada de tinta mais precisa. A espessura da camada de tinta, a temperatura da tinta e o comprimento do t\u00fanel de secagem afetam o tempo de tratamento.<\/p>\n<p class=\"ng-star-inserted\"><strong class=\"ng-star-inserted\"><span class=\"ng-star-inserted\">Limpeza sem esfor\u00e7o:<\/span><\/strong><\/p>\n<p>A limpeza ap\u00f3s a impress\u00e3o \u00e9 simples com a Shaliteink.<\/p>\n<ul>\n<li>Limpeza na impressora: Utilize um produto de limpeza espec\u00edfico para impressoras plastisol ou um removedor de tinta para limpar rapidamente a tela limpa.<\/li>\n<li>Limpeza profunda da tela: Para uma limpeza completa da tela, use um produto de limpeza \u00e0 base de plastisol ou um removedor de tinta na pia.<\/li>\n<\/ul>\n<p class=\"ng-star-inserted\"><strong class=\"ng-star-inserted\"><span class=\"ng-star-inserted\">Dicas profissionais para dominar suas impress\u00f5es:<\/span><\/strong><\/p>\n<ul>\n<li>Armazenamento: Armazene a shaliteink <strong><a href=\"https:\/\/shaliteink.com\/pt\/categoria-produto\/tinta-plastisol\/\">tinta plastisol<\/a><\/strong> \u00c0 temperatura ambiente, idealmente entre 18 e 32 \u00b0C (65 e 90 \u00b0F). Evite o contato prolongado com temperaturas acima de 32 \u00b0C (90 \u00b0F), pois isso pode iniciar o tratamento nos recipientes de tinta.<\/li>\n<li>Recomenda\u00e7\u00e3o para a base: Embora nossa tinta plastisol vermelho-alaranjada ofere\u00e7a alta ambiguidade, recomendamos o uso de uma base branca ao imprimir em roupas muito escuras para obter cores mais vibrantes e precisas.<\/li>\n<li>Entendendo o Plastisol: Lembre-se, a tinta Plastisol n\u00e3o \u00e9 um corante; ela adere \u00e0 fibra e forma uma forte liga\u00e7\u00e3o mec\u00e2nica. \u00c9 por isso que o tratamento adequado \u00e9 t\u00e3o importante.<\/li>\n<li>Dados de seguran\u00e7a: Consulte a ficha de dados de seguran\u00e7a da nossa tinta plastisol vermelho-alaranjada para obter informa\u00e7\u00f5es detalhadas sobre seguran\u00e7a.<\/li>\n<\/ul>\n<p><img decoding=\"async\" class=\"aligncenter wp-image-3998 size-large\" src=\"https:\/\/shaliteink.com\/wp-content\/uploads\/2025\/04\/Orange-Red-Screen-Printing-Plastisol-Ink-1-1024x683.jpg\" alt=\"Tinta de plastisol para serigrafia laranja vermelha\" width=\"1024\" height=\"683\" srcset=\"https:\/\/shaliteink.com\/wp-content\/uploads\/2025\/04\/Orange-Red-Screen-Printing-Plastisol-Ink-1-1024x683.jpg 1024w, https:\/\/shaliteink.com\/wp-content\/uploads\/2025\/04\/Orange-Red-Screen-Printing-Plastisol-Ink-1-300x200.jpg 300w, https:\/\/shaliteink.com\/wp-content\/uploads\/2025\/04\/Orange-Red-Screen-Printing-Plastisol-Ink-1-768x512.jpg 768w, https:\/\/shaliteink.com\/wp-content\/uploads\/2025\/04\/Orange-Red-Screen-Printing-Plastisol-Ink-1-1536x1024.jpg 1536w, https:\/\/shaliteink.com\/wp-content\/uploads\/2025\/04\/Orange-Red-Screen-Printing-Plastisol-Ink-1-2048x1365.jpg 2048w, https:\/\/shaliteink.com\/wp-content\/uploads\/2025\/04\/Orange-Red-Screen-Printing-Plastisol-Ink-1-18x12.jpg 18w, https:\/\/shaliteink.com\/wp-content\/uploads\/2025\/04\/Orange-Red-Screen-Printing-Plastisol-Ink-1-1200x800.jpg 1200w, https:\/\/shaliteink.com\/wp-content\/uploads\/2025\/04\/Orange-Red-Screen-Printing-Plastisol-Ink-1-150x100.jpg 150w\" sizes=\"(max-width: 1024px) 100vw, 1024px\" \/><\/p>\n<p class=\"ng-star-inserted\"><strong class=\"ng-star-inserted\"><span class=\"ng-star-inserted\">Por que escolher Shaliteink?<\/span><\/strong><\/p>\n<p>Com a Shaliteink, voc\u00ea n\u00e3o est\u00e1 apenas comprando tinta para serigrafia; voc\u00ea est\u00e1 investindo em vinte anos de qualidade, confiabilidade e experi\u00eancia no setor. Nosso modelo de venda direta da f\u00e1brica garante que voc\u00ea obtenha tinta plastisol premium a pre\u00e7os competitivos, tornando-nos a op\u00e7\u00e3o ideal para o seu pr\u00f3ximo projeto de impress\u00e3o. Experimente uma diferen\u00e7a vibrante hoje mesmo! Seja voc\u00ea um profissional experiente ou iniciante, nossa tinta plastisol vermelho-alaranjada aumentar\u00e1 os resultados da sua serigrafia. Compre nossa tinta para serigrafia de alta qualidade e tinta plastisol vibrante a pre\u00e7os imbat\u00edveis.<\/p>","protected":false},"excerpt":{"rendered":"<p>Nossa tinta plastisol vermelho-alaranjada para serigrafia foi desenvolvida para oferecer efici\u00eancia e resultados extraordin\u00e1rios. Experimente a facilidade de uma tinta premium que proporciona cores vibrantes e opacas em cada impress\u00e3o. Diga adeus \u00e0 configura\u00e7\u00e3o complexa e ol\u00e1 para uma produ\u00e7\u00e3o simplificada com uma tinta que acompanha o seu ritmo de trabalho.<\/p>","protected":false},"featured_media":1465,"comment_status":"open","ping_status":"closed","template":"","meta":[],"product_brand":[],"product_cat":[39],"product_tag":[],"class_list":{"0":"post-1173","1":"product","2":"type-product","3":"status-publish","4":"has-post-thumbnail","6":"product_cat-plastisol-ink","8":"first","9":"instock","10":"shipping-taxable","11":"purchasable","12":"product-type-variable"},"tiered_pricing_type":"fixed","tiered_pricing_fixed_rules":[],"tiered_pricing_product_settings":{"layout":"default","base_unit_name":{"singular":null,"plural":null},"default_variation":null},"tiered_pricing_minimum_quantity":null,"tiered_pricing_roles_data":[],"tiered_pricing_percentage_rules":[],"tiered_pricing_maximum_quantity":null,"tiered_pricing_quantity_step":null,"_links":{"self":[{"href":"https:\/\/shaliteink.com\/pt\/wp-json\/wp\/v2\/product\/1173","targetHints":{"allow":["GET"]}}],"collection":[{"href":"https:\/\/shaliteink.com\/pt\/wp-json\/wp\/v2\/product"}],"about":[{"href":"https:\/\/shaliteink.com\/pt\/wp-json\/wp\/v2\/types\/product"}],"replies":[{"embeddable":true,"href":"https:\/\/shaliteink.com\/pt\/wp-json\/wp\/v2\/comments?post=1173"}],"version-history":[{"count":0,"href":"https:\/\/shaliteink.com\/pt\/wp-json\/wp\/v2\/product\/1173\/revisions"}],"wp:featuredmedia":[{"embeddable":true,"href":"https:\/\/shaliteink.com\/pt\/wp-json\/wp\/v2\/media\/1465"}],"wp:attachment":[{"href":"https:\/\/shaliteink.com\/pt\/wp-json\/wp\/v2\/media?parent=1173"}],"wp:term":[{"taxonomy":"product_brand","embeddable":true,"href":"https:\/\/shaliteink.com\/pt\/wp-json\/wp\/v2\/product_brand?post=1173"},{"taxonomy":"product_cat","embeddable":true,"href":"https:\/\/shaliteink.com\/pt\/wp-json\/wp\/v2\/product_cat?post=1173"},{"taxonomy":"product_tag","embeddable":true,"href":"https:\/\/shaliteink.com\/pt\/wp-json\/wp\/v2\/product_tag?post=1173"}],"curies":[{"name":"wp","href":"https:\/\/api.w.org\/{rel}","templated":true}]}}