{"id":1168,"date":"2025-04-11T08:37:54","date_gmt":"2025-04-11T08:37:54","guid":{"rendered":"https:\/\/shaliteink.com\/?post_type=product&#038;p=1168"},"modified":"2025-12-10T11:23:48","modified_gmt":"2025-12-10T11:23:48","slug":"tinta-plastisol-laranja-amarelada-para-serigrafia","status":"publish","type":"product","link":"https:\/\/shaliteink.com\/pt\/produto\/tinta-plastisol-laranja-amarelada-para-serigrafia\/","title":{"rendered":"Tinta de plastisol para serigrafia laranja-amarela"},"content":{"rendered":"<p class=\"ng-star-inserted\"><strong class=\"ng-star-inserted\"><span class=\"ng-star-inserted\">Tinta plastisol para serigrafia Shaliteink, laranja e amarela \u2013 Crie estampas vibrantes com efici\u00eancia incompar\u00e1vel.<\/span><\/strong><\/p>\n<p>Experimente o m\u00e1ximo desempenho em serigrafia com a tinta plastisol laranja-amarelada da Shaliteink. Como l\u00edder global no fornecimento de materiais para serigrafia, com duas d\u00e9cadas de excel\u00eancia em fabrica\u00e7\u00e3o, a Shaliteink oferece um produto premium. <strong><a href=\"https:\/\/shaliteink.com\/pt\/categoria-produto\/tinta-plastisol\/\">tinta plastisol<\/a><\/strong> Projetado para resultados extraordin\u00e1rios e para uma facilidade de uso incompar\u00e1vel. Nossa abordagem de entrega direta \u00e0 f\u00e1brica, aliada a uma s\u00f3lida parceria com marcas mundialmente famosas, garante que voc\u00ea receba produtos de alt\u00edssima qualidade que elevam suas impress\u00f5es.<\/p>\n<p><img decoding=\"async\" class=\"aligncenter wp-image-3994 size-large\" src=\"https:\/\/shaliteink.com\/wp-content\/uploads\/2025\/04\/Orange-Yellow-Screen-Printing-Plastisol-Ink-1024x683.jpg\" alt=\"Tinta de plastisol para serigrafia laranja-amarela\" width=\"1024\" height=\"683\" srcset=\"https:\/\/shaliteink.com\/wp-content\/uploads\/2025\/04\/Orange-Yellow-Screen-Printing-Plastisol-Ink-1024x683.jpg 1024w, https:\/\/shaliteink.com\/wp-content\/uploads\/2025\/04\/Orange-Yellow-Screen-Printing-Plastisol-Ink-300x200.jpg 300w, https:\/\/shaliteink.com\/wp-content\/uploads\/2025\/04\/Orange-Yellow-Screen-Printing-Plastisol-Ink-768x512.jpg 768w, https:\/\/shaliteink.com\/wp-content\/uploads\/2025\/04\/Orange-Yellow-Screen-Printing-Plastisol-Ink-1536x1024.jpg 1536w, https:\/\/shaliteink.com\/wp-content\/uploads\/2025\/04\/Orange-Yellow-Screen-Printing-Plastisol-Ink-2048x1365.jpg 2048w, https:\/\/shaliteink.com\/wp-content\/uploads\/2025\/04\/Orange-Yellow-Screen-Printing-Plastisol-Ink-18x12.jpg 18w, https:\/\/shaliteink.com\/wp-content\/uploads\/2025\/04\/Orange-Yellow-Screen-Printing-Plastisol-Ink-1200x800.jpg 1200w, https:\/\/shaliteink.com\/wp-content\/uploads\/2025\/04\/Orange-Yellow-Screen-Printing-Plastisol-Ink-150x100.jpg 150w\" sizes=\"(max-width: 1024px) 100vw, 1024px\" \/><\/p>\n<p class=\"ng-star-inserted\"><strong class=\"ng-star-inserted\"><span class=\"ng-star-inserted\">Principais benef\u00edcios e caracter\u00edsticas:<\/span><\/strong><\/p>\n<ul class=\"ng-star-inserted\">\n<li class=\"ng-star-inserted\">Cobertura vibrante e opaca: Obtenha estampas em amarelo-alaranjado luxuosas e ousadas que realmente se destacam, mesmo em roupas escuras. Nossa tinta plastisol proporciona excelente cobertura, muitas vezes reduzindo a necessidade de v\u00e1rias dem\u00e3os.<\/li>\n<li class=\"ng-star-inserted\">Estampas suaves ao toque: Uma sensa\u00e7\u00e3o luxuosa e quase impercept\u00edvel nas suas roupas. Esta tinta plastisol para serigrafia cura em uma camada fina e flex\u00edvel que preserva o caimento natural do tecido.<\/li>\n<li class=\"ng-star-inserted\">Compatibilidade universal com tecidos: Perfeita para diferentes tipos de materiais, desde algod\u00e3o 100% at\u00e9 misturas de algod\u00e3o\/pol\u00edmero e at\u00e9 mesmo alguns poli\u00e9steres (com as t\u00e9cnicas apropriadas). Cria uma tinta plastisol ideal para diversos projetos.<\/li>\n<li class=\"ng-star-inserted\">Propriedades ideais de baixa transfer\u00eancia de cor: especialmente projetadas para reduzir a migra\u00e7\u00e3o de corantes, principalmente ao trabalhar com misturas de poli\u00e9ster complexas, garantindo que seu laranja seja a cor perfeita para impress\u00e3o em amarelo.<\/li>\n<li class=\"ng-star-inserted\">Formula\u00e7\u00e3o sem ftalatos: Alinhada com os padr\u00f5es modernos da ind\u00fastria, uma op\u00e7\u00e3o segura tanto para as impressoras quanto para o meio ambiente.<\/li>\n<li class=\"ng-star-inserted\">\u00c9 f\u00e1cil de usar: Nossa tinta plastisol oferece uma consist\u00eancia cremosa e estabilidade de bordas curtas, pronta para uso direto do balde. Proporciona excelente estabilidade \u00e0 tela e impress\u00e3o suave, tornando-a ideal para qualquer projeto de serigrafia.<\/li>\n<li class=\"ng-star-inserted\">Tratamento r\u00e1pido para maior efici\u00eancia: Com baixa temperatura de tratamento, este <strong><a href=\"https:\/\/shaliteink.com\/pt\/screen-printing-ink\/\">tinta de serigrafia<\/a><\/strong> Produz ciclos de produ\u00e7\u00e3o de tinta, reduzindo o custo de energia e ajudando a diminuir o risco de queimaduras ou encolhimento.<\/li>\n<li class=\"ng-star-inserted\">Acabamento semibrilhante: Suas impress\u00f5es preparadas proporcionam uma apar\u00eancia profissional e atraente.<\/li>\n<\/ul>\n<p class=\"ng-star-inserted\"><strong class=\"ng-star-inserted\"><span class=\"ng-star-inserted\">Instru\u00e7\u00f5es de cura para tinta plastisol Shaliteink:<\/span><\/strong><\/p>\n<p>Obter o tratamento ideal \u00e9 importante para a durabilidade e longevidade da sua impress\u00e3o. A tinta plastisol amarelo-alaranjada da Shaliteink oferece um perfil de tratamento eficiente:<\/p>\n<ul>\n<li>Temperatura de tratamento: 160 \u00b0C (320 \u00b0F). Certifique-se de que toda a camada de tinta atinja e mantenha essa temperatura durante o tempo de perman\u00eancia especificado. \u00c9 altamente recomend\u00e1vel o uso de uma sonda em formato de rosca para a medi\u00e7\u00e3o precisa da temperatura interna da camada de tinta, pois term\u00f4metros a laser podem fornecer leituras superficiais enganosas.<\/li>\n<li>Temperatura de secagem r\u00e1pida: 120 \u00b0C \u2013 140 \u00b0C (248 \u00b0F \u2013 284 \u00b0F) por 3 a 5 segundos. Esse curto tempo de secagem contribui para uma produ\u00e7\u00e3o r\u00e1pida na impress\u00e3o de muitas cores ou no uso de base.<\/li>\n<li class=\"ng-star-inserted\"><strong class=\"ng-star-inserted\"><span class=\"ng-star-inserted\">Testando sua cura:<\/span><\/strong><\/li>\n<li>Teste de lavagem: Aguarde 24 horas ap\u00f3s a lavagem. O tratamento completo geralmente \u00e9 confirmado ap\u00f3s 5 a 10 lavagens sem deteriora\u00e7\u00e3o. Pe\u00e7as \u00edntimas importantes podem apresentar rachaduras ou desaparecimento ap\u00f3s apenas 1 a 3 lavagens.<\/li>\n<li>Teste de elasticidade: Estique uma parte da pe\u00e7a de roupa estampada at\u00e9 cerca de dois ter\u00e7os do seu comprimento original. Se a estampa rachar e n\u00e3o voltar ao normal suavemente, isso indica desgaste.<\/li>\n<li>Ideias importantes: A quantidade de tinta depositada, a temperatura do ambiente de impress\u00e3o, o comprimento e a temperatura do t\u00fanel de secagem e o tipo de tecido (algod\u00e3o ou misto) afetam todos os tempos de impress\u00e3o. Sempre fa\u00e7a testes de impress\u00e3o e lavagem antes da produ\u00e7\u00e3o em larga escala para ajustar as configura\u00e7\u00f5es.<\/li>\n<\/ul>\n<p class=\"ng-star-inserted\"><strong class=\"ng-star-inserted\"><span class=\"ng-star-inserted\">Limpar:<\/span><\/strong><\/p>\n<p>A manuten\u00e7\u00e3o do seu equipamento \u00e9 f\u00e1cil com a tinta plastisol Shaliteink. A limpeza \u00e9 feita na pia, utilizando os produtos de limpeza padr\u00e3o para tinta plastisol, tanto na pr\u00f3pria impressora quanto na pia.<\/p>\n<p class=\"ng-star-inserted\"><strong class=\"ng-star-inserted\"><span class=\"ng-star-inserted\">Informa\u00e7\u00f5es de armazenamento:<\/span><\/strong><\/p>\n<p>Armazene a tinta plastisol Shaliteink em temperatura ambiente, idealmente entre 18 e 32 \u00b0C (65 e 90 \u00b0F), longe da luz solar direta. A tinta pode iniciar o processo de cura no recipiente em caso de contato prolongado com temperaturas acima de 32 \u00b0C (90 \u00b0F).<\/p>\n<p class=\"ng-star-inserted\"><strong class=\"ng-star-inserted\"><span class=\"ng-star-inserted\">Dicas profissionais para obter os melhores resultados:<\/span><\/strong><\/p>\n<ul class=\"ng-star-inserted\">\n<li class=\"ng-star-inserted\">Base para roupas escuras: Para obter os resultados mais vibrantes em tons de amarelo-alaranjado em roupas escuras, recomendamos fortemente a impress\u00e3o de uma base branca utilizando tinta branca de alta opacidade, como a tinta plastisol.<\/li>\n<li>Liga\u00e7\u00f5es mec\u00e2nicas: Lembre-se, a tinta plastisol cria uma liga\u00e7\u00e3o mec\u00e2nica ao envolver as fibras do tecido em vez de tingi-las. O tratamento adequado garante que essa liga\u00e7\u00e3o seja forte e dur\u00e1vel.<\/li>\n<\/ul>\n<p>Invista hoje no plastisol para serigrafia laranja e amarelo da Shaliteink Inc. e descubra por que in\u00fameros profissionais confiam em n\u00f3s para suas necessidades de serigrafia. Obtenha impress\u00f5es frequentes, de alta qualidade e visualmente impressionantes em todos os seus projetos. Compre agora e experimente a diferen\u00e7a Shaliteink!<\/p>\n<p><img decoding=\"async\" class=\"wp-image-3995 size-large aligncenter\" src=\"https:\/\/shaliteink.com\/wp-content\/uploads\/2025\/04\/Orange-Yellow-Screen-Printing-Plastisol-Ink-1-1024x683.jpg\" alt=\"Tinta de plastisol para serigrafia laranja-amarela\" width=\"1024\" height=\"683\" srcset=\"https:\/\/shaliteink.com\/wp-content\/uploads\/2025\/04\/Orange-Yellow-Screen-Printing-Plastisol-Ink-1-1024x683.jpg 1024w, https:\/\/shaliteink.com\/wp-content\/uploads\/2025\/04\/Orange-Yellow-Screen-Printing-Plastisol-Ink-1-300x200.jpg 300w, https:\/\/shaliteink.com\/wp-content\/uploads\/2025\/04\/Orange-Yellow-Screen-Printing-Plastisol-Ink-1-768x512.jpg 768w, https:\/\/shaliteink.com\/wp-content\/uploads\/2025\/04\/Orange-Yellow-Screen-Printing-Plastisol-Ink-1-1536x1024.jpg 1536w, https:\/\/shaliteink.com\/wp-content\/uploads\/2025\/04\/Orange-Yellow-Screen-Printing-Plastisol-Ink-1-2048x1365.jpg 2048w, https:\/\/shaliteink.com\/wp-content\/uploads\/2025\/04\/Orange-Yellow-Screen-Printing-Plastisol-Ink-1-18x12.jpg 18w, https:\/\/shaliteink.com\/wp-content\/uploads\/2025\/04\/Orange-Yellow-Screen-Printing-Plastisol-Ink-1-1200x800.jpg 1200w, https:\/\/shaliteink.com\/wp-content\/uploads\/2025\/04\/Orange-Yellow-Screen-Printing-Plastisol-Ink-1-150x100.jpg 150w\" sizes=\"(max-width: 1024px) 100vw, 1024px\" \/><\/p>","protected":false},"excerpt":{"rendered":"<p>A tinta plastisol laranja-amarelada Shaliteink foi cuidadosamente desenvolvida para atender \u00e0s demandas dos serigrafistas modernos, resultando em cores vibrantes, opacas e com um toque incrivelmente macio. Projetada para alta versatilidade em serigrafia, \u00e9 ideal para uma ampla gama de aplica\u00e7\u00f5es em vestu\u00e1rio e impress\u00e3o. Sua facilidade de uso significa menos complica\u00e7\u00f5es na produ\u00e7\u00e3o e um produto final ainda mais impressionante. Diga adeus \u00e0 configura\u00e7\u00e3o complexa e d\u00ea as boas-vindas a uma nova era de impress\u00e3o espont\u00e2nea e de alta qualidade. Seja voc\u00ea um profissional experiente ou iniciante, nossa tinta plastisol otimizar\u00e1 seu fluxo de trabalho e aumentar\u00e1 sua produtividade.<\/p>","protected":false},"featured_media":2030,"comment_status":"open","ping_status":"closed","template":"","meta":[],"product_brand":[],"product_cat":[39],"product_tag":[],"class_list":{"0":"post-1168","1":"product","2":"type-product","3":"status-publish","4":"has-post-thumbnail","6":"product_cat-plastisol-ink","8":"first","9":"instock","10":"shipping-taxable","11":"purchasable","12":"product-type-variable"},"tiered_pricing_type":"fixed","tiered_pricing_fixed_rules":[],"tiered_pricing_product_settings":{"layout":"default","base_unit_name":{"singular":null,"plural":null},"default_variation":null},"tiered_pricing_minimum_quantity":null,"tiered_pricing_roles_data":[],"tiered_pricing_percentage_rules":[],"tiered_pricing_maximum_quantity":null,"tiered_pricing_quantity_step":null,"_links":{"self":[{"href":"https:\/\/shaliteink.com\/pt\/wp-json\/wp\/v2\/product\/1168","targetHints":{"allow":["GET"]}}],"collection":[{"href":"https:\/\/shaliteink.com\/pt\/wp-json\/wp\/v2\/product"}],"about":[{"href":"https:\/\/shaliteink.com\/pt\/wp-json\/wp\/v2\/types\/product"}],"replies":[{"embeddable":true,"href":"https:\/\/shaliteink.com\/pt\/wp-json\/wp\/v2\/comments?post=1168"}],"version-history":[{"count":0,"href":"https:\/\/shaliteink.com\/pt\/wp-json\/wp\/v2\/product\/1168\/revisions"}],"wp:featuredmedia":[{"embeddable":true,"href":"https:\/\/shaliteink.com\/pt\/wp-json\/wp\/v2\/media\/2030"}],"wp:attachment":[{"href":"https:\/\/shaliteink.com\/pt\/wp-json\/wp\/v2\/media?parent=1168"}],"wp:term":[{"taxonomy":"product_brand","embeddable":true,"href":"https:\/\/shaliteink.com\/pt\/wp-json\/wp\/v2\/product_brand?post=1168"},{"taxonomy":"product_cat","embeddable":true,"href":"https:\/\/shaliteink.com\/pt\/wp-json\/wp\/v2\/product_cat?post=1168"},{"taxonomy":"product_tag","embeddable":true,"href":"https:\/\/shaliteink.com\/pt\/wp-json\/wp\/v2\/product_tag?post=1168"}],"curies":[{"name":"wp","href":"https:\/\/api.w.org\/{rel}","templated":true}]}}