{"id":1158,"date":"2025-04-11T08:22:05","date_gmt":"2025-04-11T08:22:05","guid":{"rendered":"https:\/\/shaliteink.com\/?post_type=product&#038;p=1158"},"modified":"2025-12-10T11:31:39","modified_gmt":"2025-12-10T11:31:39","slug":"tinta-plastisol-amarelo-dourado-escuro-para-serigrafia","status":"publish","type":"product","link":"https:\/\/shaliteink.com\/pt\/produto\/tinta-plastisol-amarelo-dourado-escuro-para-serigrafia\/","title":{"rendered":"Tinta de plastisol para serigrafia amarelo dourado profundo"},"content":{"rendered":"<p class=\"ng-star-inserted\"><strong class=\"ng-star-inserted\"><span class=\"ng-star-inserted\">Principais benef\u00edcios da tinta plastisol amarelo dourado intenso da Shaliteink:<\/span><\/strong><\/p>\n<ul class=\"ng-star-inserted\">\n<li class=\"ng-star-inserted\">Amarelo dourado escuro vibrante: estampas em amarelo dourado incr\u00edveis, ricas e coerentes que fascinam.<\/li>\n<li class=\"ng-star-inserted\">Temperatura ideal de tratamento: 160 \u00b0C (320 \u00b0F) trata de forma eficiente, garantindo ades\u00e3o adequada e durabilidade.<\/li>\n<li class=\"ng-star-inserted\">Textura macia ao toque: Experimente uma sensa\u00e7\u00e3o incrivelmente suave em suas roupas, aumentando o conforto e a qualidade.<\/li>\n<li class=\"ng-star-inserted\">Opkar extraordin\u00e1rio: Oferece cobertura impressionante tanto em roupas leves quanto escuras, muitas vezes eliminando a necessidade de uma base de prote\u00e7\u00e3o.<\/li>\n<li class=\"ng-star-inserted\">F\u00f3rmula de baixa transfer\u00eancia de corante: especialmente desenvolvida para reduzir a migra\u00e7\u00e3o de corantes em tecidos de poli\u00e9ster e com textura de poli\u00e9ster, garantindo uma impress\u00e3o n\u00edtida e precisa.<\/li>\n<li class=\"ng-star-inserted\">\u00c9 f\u00e1cil de usar: Nossa tinta plastisol cremosa e de corpo curto oferece excelente desempenho, tornando-a a favorita de impressores de todos os n\u00edveis de habilidade.<\/li>\n<li class=\"ng-star-inserted\">Non-Fothlets: Nossa tinta n\u00e3o retrata pessoas, pois temos um compromisso com a seguran\u00e7a e a responsabilidade ambiental.<\/li>\n<li class=\"ng-star-inserted\">Compatibilidade de tecido universal: vers\u00e1til o suficiente para diferentes tipos de roupas, desde algod\u00e3o 100% at\u00e9 tecidos de poli\u00e9ster mais resistentes.<\/li>\n<li class=\"ng-star-inserted\">Acabamento semibrilhante: Profissional, proporciona um brilho sutil que real\u00e7a a vivacidade do amarelo dourado escuro.<\/li>\n<\/ul>\n<p><img decoding=\"async\" class=\"aligncenter wp-image-3988 size-large\" src=\"https:\/\/shaliteink.com\/wp-content\/uploads\/2025\/04\/Deep-Golden-Yellow-Screen-Printing-Plastisol-Ink-1024x683.jpg\" alt=\"Tinta de plastisol para serigrafia amarelo dourado profundo\" width=\"1024\" height=\"683\" srcset=\"https:\/\/shaliteink.com\/wp-content\/uploads\/2025\/04\/Deep-Golden-Yellow-Screen-Printing-Plastisol-Ink-1024x683.jpg 1024w, https:\/\/shaliteink.com\/wp-content\/uploads\/2025\/04\/Deep-Golden-Yellow-Screen-Printing-Plastisol-Ink-300x200.jpg 300w, https:\/\/shaliteink.com\/wp-content\/uploads\/2025\/04\/Deep-Golden-Yellow-Screen-Printing-Plastisol-Ink-768x512.jpg 768w, https:\/\/shaliteink.com\/wp-content\/uploads\/2025\/04\/Deep-Golden-Yellow-Screen-Printing-Plastisol-Ink-1536x1024.jpg 1536w, https:\/\/shaliteink.com\/wp-content\/uploads\/2025\/04\/Deep-Golden-Yellow-Screen-Printing-Plastisol-Ink-2048x1365.jpg 2048w, https:\/\/shaliteink.com\/wp-content\/uploads\/2025\/04\/Deep-Golden-Yellow-Screen-Printing-Plastisol-Ink-18x12.jpg 18w, https:\/\/shaliteink.com\/wp-content\/uploads\/2025\/04\/Deep-Golden-Yellow-Screen-Printing-Plastisol-Ink-1200x800.jpg 1200w, https:\/\/shaliteink.com\/wp-content\/uploads\/2025\/04\/Deep-Golden-Yellow-Screen-Printing-Plastisol-Ink-150x100.jpg 150w\" sizes=\"(max-width: 1024px) 100vw, 1024px\" \/><\/p>\n<p>Shaliteink<strong> tinta plastisol amarelo dourado profundo<\/strong> \u00e9 mais do que apenas uma tinta; \u00e9 uma solu\u00e7\u00e3o projetada para aumentar sua produ\u00e7\u00e3o de serigrafia. Seu baixo brilho e tratamento ajudam a evitar que as pe\u00e7as de vestu\u00e1rio queimem ou encolham devido \u00e0 temperatura, permitindo maior rapidez na produ\u00e7\u00e3o e menor consumo de energia. <strong><a href=\"https:\/\/shaliteink.com\/pt\/categoria-produto\/tinta-plastisol\/\">tinta plastisol<\/a><\/strong> \u00c9 um produto de engenharia projetado para desempenho cont\u00ednuo, que lhe proporciona tranquilidade e excelentes resultados em cada impress\u00e3o. Seja voc\u00ea um profissional experiente ou um iniciante, nossa tinta amarelo-dourada profunda facilitar\u00e1 o seu trabalho e proporcionar\u00e1 uma melhor qualidade de impress\u00e3o.<\/p>\n<p class=\"ng-star-inserted\"><strong class=\"ng-star-inserted\"><span class=\"ng-star-inserted\">Instru\u00e7\u00f5es de cura para tinta plastisol Shaliteink:<\/span><\/strong><\/p>\n<p>Obter um tratamento ideal \u00e9 importante para a durabilidade e resist\u00eancia \u00e0 lavagem das suas impress\u00f5es. Nossa tinta plastisol amarelo-dourado intenso \u00e9 preparada para um tratamento confi\u00e1vel a 160 \u00b0C (320 \u00b0F) em toda a sua extens\u00e3o.<\/p>\n<ul>\n<li>Tratamento de secagem r\u00e1pida: Aplique o flash a uma temperatura entre 120 \u00b0C e 140 \u00b0C (250 \u00b0F e 285 \u00b0F) durante 3 a 5 segundos. O tempo de secagem e a velocidade de produ\u00e7\u00e3o da sua impressora podem exigir um ligeiro ajuste. O resultado \u00e9 uma tinta seca ao toque, permitindo a aplica\u00e7\u00e3o de camadas posteriores ou o manuseio da impressora sem borr\u00f5es.<\/li>\n<li>Tratamento final: A tinta estar\u00e1 completamente curada quando toda a camada de tinta atingir 160 \u00b0C (320 \u00b0F). Pistolas de laser podem fornecer leituras de temperatura superficial enganosas, pois n\u00e3o medem a temperatura interna da tinta. Para uma leitura precisa, recomendamos o uso de sondas em formato de rosca ou fitas termom\u00e9tricas colocadas dentro da camada de tinta. O tempo de secagem da tinta na secadora varia dependendo da quantidade de tinta depositada, do tipo de tecido (o algod\u00e3o absorve mais calor do que o poli\u00e9ster), do comprimento da secadora e da efici\u00eancia do painel.<\/li>\n<li>Teste de lavagem: Aguarde 24 horas ap\u00f3s o tratamento antes de realizar o teste de lavagem. Uma impress\u00e3o totalmente corrigida suportar\u00e1 de 5 a 10 lavagens sem rachar ou descascar.<\/li>\n<li>Teste de elasticidade: Estique a \u00e1rea estampada at\u00e9 atingir cerca de dois ter\u00e7os do tamanho normal da pe\u00e7a. Se a tinta rachar e n\u00e3o voltar ao normal, isso indica que a estampa n\u00e3o foi bem aplicada. Ajuste as configura\u00e7\u00f5es da sua secadora (temperatura ou velocidade da esteira) de acordo.<\/li>\n<\/ul>\n<p><img decoding=\"async\" class=\"aligncenter wp-image-3989 size-large\" src=\"https:\/\/shaliteink.com\/wp-content\/uploads\/2025\/04\/Deep-Golden-Yellow-Screen-Printing-Plastisol-Ink-1-1024x683.jpg\" alt=\"Tinta de plastisol para serigrafia amarelo dourado profundo\" width=\"1024\" height=\"683\" srcset=\"https:\/\/shaliteink.com\/wp-content\/uploads\/2025\/04\/Deep-Golden-Yellow-Screen-Printing-Plastisol-Ink-1-1024x683.jpg 1024w, https:\/\/shaliteink.com\/wp-content\/uploads\/2025\/04\/Deep-Golden-Yellow-Screen-Printing-Plastisol-Ink-1-300x200.jpg 300w, https:\/\/shaliteink.com\/wp-content\/uploads\/2025\/04\/Deep-Golden-Yellow-Screen-Printing-Plastisol-Ink-1-768x512.jpg 768w, https:\/\/shaliteink.com\/wp-content\/uploads\/2025\/04\/Deep-Golden-Yellow-Screen-Printing-Plastisol-Ink-1-1536x1024.jpg 1536w, https:\/\/shaliteink.com\/wp-content\/uploads\/2025\/04\/Deep-Golden-Yellow-Screen-Printing-Plastisol-Ink-1-2048x1365.jpg 2048w, https:\/\/shaliteink.com\/wp-content\/uploads\/2025\/04\/Deep-Golden-Yellow-Screen-Printing-Plastisol-Ink-1-18x12.jpg 18w, https:\/\/shaliteink.com\/wp-content\/uploads\/2025\/04\/Deep-Golden-Yellow-Screen-Printing-Plastisol-Ink-1-1200x800.jpg 1200w, https:\/\/shaliteink.com\/wp-content\/uploads\/2025\/04\/Deep-Golden-Yellow-Screen-Printing-Plastisol-Ink-1-150x100.jpg 150w\" sizes=\"(max-width: 1024px) 100vw, 1024px\" \/><\/p>\n<p class=\"ng-star-inserted\"><strong class=\"ng-star-inserted\"><span class=\"ng-star-inserted\">Dicas profissionais para obter os melhores resultados:<\/span><\/strong><\/p>\n<ul>\n<li>Armazenamento: Armazene o <strong><a href=\"https:\/\/shaliteink.com\/pt\/\">shaliteink<\/a><\/strong> A tinta plastisol deve ser armazenada \u00e0 temperatura ambiente, idealmente entre 18 \u00b0C e 32 \u00b0C (65 \u00b0F e 90 \u00b0F). Evite a exposi\u00e7\u00e3o direta \u00e0 luz solar ou o contato prolongado em temperaturas acima de 32 \u00b0C (90 \u00b0F), pois isso pode iniciar o processo de rea\u00e7\u00e3o nos recipientes de tinta.<\/li>\n<li>Base: Embora nosso amarelo dourado escuro proporcione alta variabilidade de opera\u00e7\u00e3o, recomenda-se uma base branca para roupas extremamente escuras ou para obter m\u00e1xima vivacidade.<\/li>\n<li>Mistura de poli\u00e9ster: Ao trabalhar com poli\u00e9ster ou misturas de poli\u00e9ster, o tratamento t\u00e9rmico com shaliteink ajuda a reduzir o risco de migra\u00e7\u00e3o de corantes devido \u00e0 temperatura. \u00c9 importante evitar que as cores migrem para a sua impress\u00e3o abaixo do ponto de sangramento da maioria dos corantes para poli\u00e9ster (geralmente entre 270 \u00b0 e 300 \u00b0F).<\/li>\n<\/ul>\n<p class=\"ng-star-inserted\"><strong class=\"ng-star-inserted\"><span class=\"ng-star-inserted\">Limpar:<\/span><\/strong><\/p>\n<p>A limpeza ap\u00f3s a impress\u00e3o com tinta plastisol \u00e9 simples:<\/p>\n<ul>\n<li>Na tela de impress\u00e3o: Use um produto de limpeza para impressoras plastisol ou um removedor de tinta aprovado para limpar rapidamente a tela e a prensa.<\/li>\n<li>Na pia: Para uma limpeza completa, utilize um produto de limpeza espec\u00edfico para telas de plastisol ou um removedor de tinta para remover todos os res\u00edduos de tinta da sua tela.<\/li>\n<\/ul>\n<p>A Shaliteink \u00e9 sua parceira confi\u00e1vel para suprimentos premium de serigrafia. Nossa tinta plastisol amarelo dourado intenso foi desenvolvida para atender \u00e0s demandas dos serigrafistas modernos, oferecendo a combina\u00e7\u00e3o ideal de desempenho, cores vibrantes e facilidade de uso. Experimente a diferen\u00e7a Shaliteink hoje mesmo \u2013 onde a qualidade nasce da inova\u00e7\u00e3o.<\/p>","protected":false},"excerpt":{"rendered":"<p>H\u00e1 vinte anos, a Shaliteink est\u00e1 na vanguarda da ind\u00fastria de tintas para serigrafia, sendo l\u00edder global no fornecimento de solu\u00e7\u00f5es de tinta plastisol de alta qualidade. Temos orgulho de apresentar nossa tinta plastisol amarelo dourado intenso, um teste que comprova nossa expertise em fabrica\u00e7\u00e3o e nosso compromisso com a excel\u00eancia, desde a origem at\u00e9 a produ\u00e7\u00e3o. Em parceria com marcas mundialmente renomadas, oferecemos uma tinta que simboliza cores vibrantes, melhor desempenho e credibilidade inigual\u00e1vel para todos os seus projetos de serigrafia.<\/p>","protected":false},"featured_media":1449,"comment_status":"open","ping_status":"closed","template":"","meta":[],"product_brand":[],"product_cat":[39],"product_tag":[],"class_list":{"0":"post-1158","1":"product","2":"type-product","3":"status-publish","4":"has-post-thumbnail","6":"product_cat-plastisol-ink","8":"first","9":"instock","10":"shipping-taxable","11":"purchasable","12":"product-type-variable"},"tiered_pricing_type":"fixed","tiered_pricing_fixed_rules":[],"tiered_pricing_product_settings":{"layout":"default","base_unit_name":{"singular":null,"plural":null},"default_variation":null},"tiered_pricing_minimum_quantity":null,"tiered_pricing_roles_data":[],"tiered_pricing_percentage_rules":[],"tiered_pricing_maximum_quantity":null,"tiered_pricing_quantity_step":null,"_links":{"self":[{"href":"https:\/\/shaliteink.com\/pt\/wp-json\/wp\/v2\/product\/1158","targetHints":{"allow":["GET"]}}],"collection":[{"href":"https:\/\/shaliteink.com\/pt\/wp-json\/wp\/v2\/product"}],"about":[{"href":"https:\/\/shaliteink.com\/pt\/wp-json\/wp\/v2\/types\/product"}],"replies":[{"embeddable":true,"href":"https:\/\/shaliteink.com\/pt\/wp-json\/wp\/v2\/comments?post=1158"}],"version-history":[{"count":0,"href":"https:\/\/shaliteink.com\/pt\/wp-json\/wp\/v2\/product\/1158\/revisions"}],"wp:featuredmedia":[{"embeddable":true,"href":"https:\/\/shaliteink.com\/pt\/wp-json\/wp\/v2\/media\/1449"}],"wp:attachment":[{"href":"https:\/\/shaliteink.com\/pt\/wp-json\/wp\/v2\/media?parent=1158"}],"wp:term":[{"taxonomy":"product_brand","embeddable":true,"href":"https:\/\/shaliteink.com\/pt\/wp-json\/wp\/v2\/product_brand?post=1158"},{"taxonomy":"product_cat","embeddable":true,"href":"https:\/\/shaliteink.com\/pt\/wp-json\/wp\/v2\/product_cat?post=1158"},{"taxonomy":"product_tag","embeddable":true,"href":"https:\/\/shaliteink.com\/pt\/wp-json\/wp\/v2\/product_tag?post=1158"}],"curies":[{"name":"wp","href":"https:\/\/api.w.org\/{rel}","templated":true}]}}