{"id":1153,"date":"2025-04-11T08:16:33","date_gmt":"2025-04-11T08:16:33","guid":{"rendered":"https:\/\/shaliteink.com\/?post_type=product&#038;p=1153"},"modified":"2025-12-10T11:32:05","modified_gmt":"2025-12-10T11:32:05","slug":"tinta-plastisol-amarela-dourada-para-serigrafia","status":"publish","type":"product","link":"https:\/\/shaliteink.com\/pt\/produto\/tinta-plastisol-amarela-dourada-para-serigrafia\/","title":{"rendered":"Tinta de plastisol para serigrafia amarelo dourado"},"content":{"rendered":"<p>D\u00ea vida aos seus projetos de serigrafia com Shaliteink. <strong>tinta plastisol amarelo dourado<\/strong>. Como l\u00edder global com duas d\u00e9cadas de experi\u00eancia em fabrica\u00e7\u00e3o e vendas diretas da f\u00e1brica, a Shaliteink oferece uma solu\u00e7\u00e3o de tinta premium, confi\u00e1vel e utilizada por marcas mundialmente famosas. Nossa tinta plastisol amarelo-dourada foi cuidadosamente desenvolvida para proporcionar impress\u00f5es surpreendentemente vibrantes e opacas, com excelente fixa\u00e7\u00e3o em diversos tipos de tecido. Mais do que uma simples tinta, esta \u00e9 uma garantia de qualidade, efici\u00eancia e resultados excelentes para todos os tipos de impress\u00e3o, desde amadores at\u00e9 grandes empresas.<\/p>\n<p><img decoding=\"async\" class=\"wp-image-3985 size-large aligncenter\" src=\"https:\/\/shaliteink.com\/wp-content\/uploads\/2025\/04\/Golden-Yellow-Screen-Printing-Plastisol-Ink-1024x683.jpg\" alt=\"\" width=\"1024\" height=\"683\" srcset=\"https:\/\/shaliteink.com\/wp-content\/uploads\/2025\/04\/Golden-Yellow-Screen-Printing-Plastisol-Ink-1024x683.jpg 1024w, https:\/\/shaliteink.com\/wp-content\/uploads\/2025\/04\/Golden-Yellow-Screen-Printing-Plastisol-Ink-300x200.jpg 300w, https:\/\/shaliteink.com\/wp-content\/uploads\/2025\/04\/Golden-Yellow-Screen-Printing-Plastisol-Ink-768x512.jpg 768w, https:\/\/shaliteink.com\/wp-content\/uploads\/2025\/04\/Golden-Yellow-Screen-Printing-Plastisol-Ink-1536x1024.jpg 1536w, https:\/\/shaliteink.com\/wp-content\/uploads\/2025\/04\/Golden-Yellow-Screen-Printing-Plastisol-Ink-2048x1365.jpg 2048w, https:\/\/shaliteink.com\/wp-content\/uploads\/2025\/04\/Golden-Yellow-Screen-Printing-Plastisol-Ink-18x12.jpg 18w, https:\/\/shaliteink.com\/wp-content\/uploads\/2025\/04\/Golden-Yellow-Screen-Printing-Plastisol-Ink-1200x800.jpg 1200w, https:\/\/shaliteink.com\/wp-content\/uploads\/2025\/04\/Golden-Yellow-Screen-Printing-Plastisol-Ink-150x100.jpg 150w\" sizes=\"(max-width: 1024px) 100vw, 1024px\" \/><\/p>\n<p class=\"ng-star-inserted\"><strong class=\"ng-star-inserted\"><span class=\"ng-star-inserted\">Principais caracter\u00edsticas e benef\u00edcios:<\/span><\/strong><\/p>\n<ul class=\"ng-star-inserted\">\n<li class=\"ng-star-inserted\">Amarelo Dourado Vibrante: Obtenha uma cor amarelo dourado rica e fiel \u00e0 realidade que se destaca em qualquer vestido.<\/li>\n<li class=\"ng-star-inserted\">Leitelho com alto teor de \u00f3xido de alum\u00ednio: excelente cobertura, reduzindo a necessidade de muitas passagens e garantindo impress\u00f5es brilhantes e vibrantes. Ideal para produzir uma cor \u00fanica ou para criar um efeito impactante.<\/li>\n<li class=\"ng-star-inserted\">Toque macio: estampas incrivelmente suaves ao toque, proporcionando conforto \u00e0 pe\u00e7a e real\u00e7ando seu charme.<\/li>\n<li class=\"ng-star-inserted\">\u00c9 f\u00e1cil de trabalhar: estabilidade de corpo curto para impress\u00e3o cremosa e suave e retirada espont\u00e2nea da tela.<\/li>\n<li class=\"ng-star-inserted\">Compatibilidade universal com tecidos: Excepcionalmente adequado para uma ampla gama de roupas, incluindo algod\u00e3o 100%, misturas de algod\u00e3o\/poli\u00e9ster e muitos tecidos sint\u00e9ticos.<\/li>\n<li class=\"ng-star-inserted\">F\u00f3rmula sem ftalatos: uma op\u00e7\u00e3o segura tanto para a impressora quanto para o usu\u00e1rio.<\/li>\n<li class=\"ng-star-inserted\">Qualidade Direto da F\u00e1brica: Benef\u00edcios da excel\u00eancia em fabrica\u00e7\u00e3o e participa\u00e7\u00e3o global h\u00e1 duas d\u00e9cadas.<\/li>\n<\/ul>\n<p class=\"ng-star-inserted\"><strong class=\"ng-star-inserted\"><span class=\"ng-star-inserted\">Orienta\u00e7\u00f5es de cura:<\/span><\/strong><\/p>\n<p>A tinta plastisol amarelo dourado Shaliteink foi desenvolvida para oferecer desempenho e efici\u00eancia ideais, com baixa temperatura de tratamento para proteger suas roupas e economizar energia.<\/p>\n<ul>\n<li>Temperatura de tratamento: Nossa tinta trata toda a camada de tinta a 160 \u00b0C (320 \u00b0F). A medi\u00e7\u00e3o precisa da temperatura dentro da pel\u00edcula de tinta \u00e9 importante para um tratamento duradouro. Embora os term\u00f4metros de superf\u00edcie sejam \u00fateis, recomendamos o uso de sondas circulares ou fitas termom\u00e9tricas para garantir que a tinta atinja 160 \u00b0C.<\/li>\n<li>Temperatura de secagem r\u00e1pida: Para trabalhos multicoloridos ou para vendas com pre\u00e7os abaixo do valor de mercado, nossa tinta brilha de forma eficiente entre 120 \u00b0C e 140 \u00b0C (248 \u00b0F e 284 \u00b0F) por 3 a 5 segundos.<\/li>\n<li>Teste de Lavagem e Teste de Estiramento: Recomendamos fortemente realizar um teste de lavagem ap\u00f3s 24 horas e um teste de estiramento para confirmar o tratamento completo antes de iniciar uma produ\u00e7\u00e3o em larga escala. Uma impress\u00e3o devidamente corrigida n\u00e3o apresentar\u00e1 rachaduras ap\u00f3s o estiramento ou v\u00e1rias lavagens, nem mostrar\u00e1 deteriora\u00e7\u00e3o. Aumente o tempo de exposi\u00e7\u00e3o ou a temperatura se os testes falharem.<\/li>\n<\/ul>\n<p class=\"ng-star-inserted\"><strong class=\"ng-star-inserted\"><span class=\"ng-star-inserted\">Limpar:<\/span><\/strong><\/p>\n<p class=\"ng-star-inserted\"><span class=\"ng-star-inserted\">A manuten\u00e7\u00e3o dos seus equipamentos \u00e9 simples com as tintas Shaliteink.<\/span><\/p>\n<ul class=\"ng-star-inserted\">\n<li class=\"ng-star-inserted\">Na impressora: Utilize um produto de limpeza padr\u00e3o para impressoras plastisol ou um removedor de tinta para que a tela e a prensa possam ser limpas rapidamente.<\/li>\n<li class=\"ng-star-inserted\">Na pia: Para recupera\u00e7\u00e3o completa da serigrafia, use um produto de limpeza para serigrafia plastisol de alta qualidade ou um removedor de tinta.<\/li>\n<\/ul>\n<p class=\"ng-star-inserted\"><strong class=\"ng-star-inserted\"><span class=\"ng-star-inserted\">Dicas profissionais para obter os melhores resultados:<\/span><\/strong><\/p>\n<ul>\n<li>Subestima\u00e7\u00e3o: Para impress\u00e3o em roupas escuras, especialmente com cores claras, uma base de tinta plastisol branca pode aumentar significativamente a vivacidade e a opacidade do amarelo dourado.<\/li>\n<li>Armazenamento: Guarde sua shaliteink <strong><a href=\"https:\/\/shaliteink.com\/pt\/categoria-produto\/tinta-plastisol\/\">tinta plastisol<\/a><\/strong> \u00c0 temperatura ambiente, idealmente entre 18 e 32 \u00b0C (65 e 90 \u00b0F). Evite a exposi\u00e7\u00e3o a temperaturas acima da luz solar direta e acima de 32 graus Celsius por mais tempo, permitindo que a tinta inicie o processo de cura no recipiente.<\/li>\n<li>Sangramento do poli\u00e9ster: Nossa tinta foi desenvolvida para reduzir a migra\u00e7\u00e3o do corante. Ao realizar o tratamento a 160 \u00b0C, voc\u00ea efetivamente permanece abaixo da temperatura na qual muitos corantes de poli\u00e9ster sofrem subtransforma\u00e7\u00e3o, evitando que a tinta sangre.<\/li>\n<\/ul>\n<p>Shaliteink est\u00e1 pronto para experimentar a diferen\u00e7a? Compre agora o melhor! <strong><a href=\"https:\/\/shaliteink.com\/pt\/screen-printing-ink\/\">tinta de serigrafia<\/a><\/strong> e obtenha resultados profissionais e excelentes em todos os projetos.<\/p>\n<p><img decoding=\"async\" class=\"aligncenter wp-image-3986 size-large\" src=\"https:\/\/shaliteink.com\/wp-content\/uploads\/2025\/04\/Golden-Yellow-Screen-Printing-Plastisol-Ink-1-1024x683.jpg\" alt=\"Tinta de plastisol para serigrafia amarelo dourado\" width=\"1024\" height=\"683\" srcset=\"https:\/\/shaliteink.com\/wp-content\/uploads\/2025\/04\/Golden-Yellow-Screen-Printing-Plastisol-Ink-1-1024x683.jpg 1024w, https:\/\/shaliteink.com\/wp-content\/uploads\/2025\/04\/Golden-Yellow-Screen-Printing-Plastisol-Ink-1-300x200.jpg 300w, https:\/\/shaliteink.com\/wp-content\/uploads\/2025\/04\/Golden-Yellow-Screen-Printing-Plastisol-Ink-1-768x512.jpg 768w, https:\/\/shaliteink.com\/wp-content\/uploads\/2025\/04\/Golden-Yellow-Screen-Printing-Plastisol-Ink-1-1536x1024.jpg 1536w, https:\/\/shaliteink.com\/wp-content\/uploads\/2025\/04\/Golden-Yellow-Screen-Printing-Plastisol-Ink-1-2048x1365.jpg 2048w, https:\/\/shaliteink.com\/wp-content\/uploads\/2025\/04\/Golden-Yellow-Screen-Printing-Plastisol-Ink-1-18x12.jpg 18w, https:\/\/shaliteink.com\/wp-content\/uploads\/2025\/04\/Golden-Yellow-Screen-Printing-Plastisol-Ink-1-1200x800.jpg 1200w, https:\/\/shaliteink.com\/wp-content\/uploads\/2025\/04\/Golden-Yellow-Screen-Printing-Plastisol-Ink-1-150x100.jpg 150w\" sizes=\"(max-width: 1024px) 100vw, 1024px\" \/><\/p>","protected":false},"excerpt":{"rendered":"<p>A tinta plastisol amarelo-dourada da Shaliteink foi desenvolvida para uso imediato, garantindo uma textura suave e cremosa que imprime com perfei\u00e7\u00e3o diretamente do balde. Experimente um processo de impress\u00e3o agrad\u00e1vel que minimiza problemas e maximiza sua criatividade. Entendemos que tempo e custo s\u00e3o importantes para empresas de serigrafia, por isso nossa tinta foi projetada para ser altamente eficiente e econ\u00f4mica. Seu melhor desempenho significa que voc\u00ea frequentemente obt\u00e9m cores vibrantes com poucas passagens, economizando tinta e tempo de produ\u00e7\u00e3o.<br \/>\nSeja para algod\u00e3o 100%, misturas de poli\u00e9ster ou outros tecidos populares, nossa tinta plastisol amarelo-dourada oferece excelente ader\u00eancia e durabilidade. Com um toque macio, mant\u00e9m suas roupas confort\u00e1veis e com um aspecto impec\u00e1vel, sendo a escolha ideal para figurinos, pe\u00e7as religiosas e designs personalizados. A tradi\u00e7\u00e3o de inova\u00e7\u00e3o da Shalliteink garante um produto confi\u00e1vel e consistente sempre que voc\u00ea precisar se concentrar em criar uma obra-prima.<\/p>","protected":false},"featured_media":1447,"comment_status":"open","ping_status":"closed","template":"","meta":[],"product_brand":[],"product_cat":[39],"product_tag":[],"class_list":{"0":"post-1153","1":"product","2":"type-product","3":"status-publish","4":"has-post-thumbnail","6":"product_cat-plastisol-ink","8":"first","9":"instock","10":"shipping-taxable","11":"purchasable","12":"product-type-variable"},"tiered_pricing_type":"fixed","tiered_pricing_fixed_rules":[],"tiered_pricing_product_settings":{"layout":"default","base_unit_name":{"singular":null,"plural":null},"default_variation":null},"tiered_pricing_minimum_quantity":null,"tiered_pricing_roles_data":[],"tiered_pricing_percentage_rules":[],"tiered_pricing_maximum_quantity":null,"tiered_pricing_quantity_step":null,"_links":{"self":[{"href":"https:\/\/shaliteink.com\/pt\/wp-json\/wp\/v2\/product\/1153","targetHints":{"allow":["GET"]}}],"collection":[{"href":"https:\/\/shaliteink.com\/pt\/wp-json\/wp\/v2\/product"}],"about":[{"href":"https:\/\/shaliteink.com\/pt\/wp-json\/wp\/v2\/types\/product"}],"replies":[{"embeddable":true,"href":"https:\/\/shaliteink.com\/pt\/wp-json\/wp\/v2\/comments?post=1153"}],"version-history":[{"count":0,"href":"https:\/\/shaliteink.com\/pt\/wp-json\/wp\/v2\/product\/1153\/revisions"}],"wp:featuredmedia":[{"embeddable":true,"href":"https:\/\/shaliteink.com\/pt\/wp-json\/wp\/v2\/media\/1447"}],"wp:attachment":[{"href":"https:\/\/shaliteink.com\/pt\/wp-json\/wp\/v2\/media?parent=1153"}],"wp:term":[{"taxonomy":"product_brand","embeddable":true,"href":"https:\/\/shaliteink.com\/pt\/wp-json\/wp\/v2\/product_brand?post=1153"},{"taxonomy":"product_cat","embeddable":true,"href":"https:\/\/shaliteink.com\/pt\/wp-json\/wp\/v2\/product_cat?post=1153"},{"taxonomy":"product_tag","embeddable":true,"href":"https:\/\/shaliteink.com\/pt\/wp-json\/wp\/v2\/product_tag?post=1153"}],"curies":[{"name":"wp","href":"https:\/\/api.w.org\/{rel}","templated":true}]}}