{"id":1148,"date":"2025-04-11T08:08:26","date_gmt":"2025-04-11T08:08:26","guid":{"rendered":"https:\/\/shaliteink.com\/?post_type=product&#038;p=1148"},"modified":"2025-12-10T11:31:37","modified_gmt":"2025-12-10T11:31:37","slug":"tinta-plastisol-amarela-para-serigrafia","status":"publish","type":"product","link":"https:\/\/shaliteink.com\/pt\/produto\/tinta-plastisol-amarela-para-serigrafia\/","title":{"rendered":"Tinta de plastisol para serigrafia amarela"},"content":{"rendered":"<p>D\u00ea vida aos seus projetos de serigrafia com a tinta plastisol amarela premium da Shaliteink. H\u00e1 duas d\u00e9cadas, a Shaliteink \u00e9 l\u00edder mundial na fabrica\u00e7\u00e3o de tintas plastisol de alta qualidade para serigrafia, trabalhando em estreita colabora\u00e7\u00e3o com marcas mundialmente famosas. Nossa abordagem personalizada garante que voc\u00ea obtenha produtos superiores, respaldados por uma vasta experi\u00eancia. Esta vibrante tinta plastisol amarela foi desenvolvida para proporcionar resultados excepcionais, sendo a escolha ideal tanto para serigrafistas profissionais quanto para entusiastas que exigem qualidade extraordin\u00e1ria e facilidade de uso.<\/p>\n<p><img decoding=\"async\" class=\"aligncenter wp-image-3983 size-large\" src=\"https:\/\/shaliteink.com\/wp-content\/uploads\/2025\/04\/Yellow-Screen-Printing-Plastisol-Ink-1-1024x683.jpg\" alt=\"Tinta de plastisol para serigrafia amarela\" width=\"1024\" height=\"683\" srcset=\"https:\/\/shaliteink.com\/wp-content\/uploads\/2025\/04\/Yellow-Screen-Printing-Plastisol-Ink-1-1024x683.jpg 1024w, https:\/\/shaliteink.com\/wp-content\/uploads\/2025\/04\/Yellow-Screen-Printing-Plastisol-Ink-1-300x200.jpg 300w, https:\/\/shaliteink.com\/wp-content\/uploads\/2025\/04\/Yellow-Screen-Printing-Plastisol-Ink-1-768x512.jpg 768w, https:\/\/shaliteink.com\/wp-content\/uploads\/2025\/04\/Yellow-Screen-Printing-Plastisol-Ink-1-1536x1024.jpg 1536w, https:\/\/shaliteink.com\/wp-content\/uploads\/2025\/04\/Yellow-Screen-Printing-Plastisol-Ink-1-2048x1365.jpg 2048w, https:\/\/shaliteink.com\/wp-content\/uploads\/2025\/04\/Yellow-Screen-Printing-Plastisol-Ink-1-18x12.jpg 18w, https:\/\/shaliteink.com\/wp-content\/uploads\/2025\/04\/Yellow-Screen-Printing-Plastisol-Ink-1-1200x800.jpg 1200w, https:\/\/shaliteink.com\/wp-content\/uploads\/2025\/04\/Yellow-Screen-Printing-Plastisol-Ink-1-150x100.jpg 150w\" sizes=\"(max-width: 1024px) 100vw, 1024px\" \/><\/p>\n<p class=\"ng-star-inserted\"><strong class=\"ng-star-inserted\"><span class=\"ng-star-inserted\">Principais benef\u00edcios:<\/span><\/strong><\/p>\n<ul class=\"ng-star-inserted\">\n<li class=\"ng-star-inserted\">Tratamento f\u00e1cil a 160 \u00b0C: Nosso <strong><a href=\"https:\/\/shaliteink.com\/pt\/categoria-produto\/tinta-plastisol\/\">tinta plastisol<\/a><\/strong> A cura ocorre de forma eficiente em baixas temperaturas, reduzindo especialmente o risco de queimaduras e encolhimento em roupas sens\u00edveis ao calor. Isso tamb\u00e9m se traduz em economia de energia e redu\u00e7\u00e3o do tempo de produ\u00e7\u00e3o.<\/li>\n<li class=\"ng-star-inserted\">Estampa com toque macio: Desfrute de uma experi\u00eancia luxuosa e suave em suas roupas estampadas, proporcionando conforto ao vestir e aumentando a qualidade geral da sua pe\u00e7a.<\/li>\n<li class=\"ng-star-inserted\">Compatibilidade universal com tecidos: Vers\u00e1til o suficiente para uma ampla gama de roupas, desde algod\u00e3o 100% at\u00e9 diversos tecidos de poli\u00e9ster, garantindo resultados frequentes em seus projetos.<\/li>\n<li class=\"ng-star-inserted\">Baixa transfer\u00eancia de cor para misturas de poli\u00e9ster: Especialmente desenvolvido para evitar a migra\u00e7\u00e3o da tinta em roupas de poli\u00e9ster e mistas, mantendo a integridade e a vivacidade da sua estampa amarela.<\/li>\n<li class=\"ng-star-inserted\">F\u00f3rmula sem ftalatos: comprometidos com a seguran\u00e7a e a responsabilidade ambiental, nossos <strong><a href=\"https:\/\/shaliteink.com\/pt\/screen-printing-ink\/\">tinta de serigrafia<\/a><\/strong> \u00c9 preparado sem ftalatos.<\/li>\n<li class=\"ng-star-inserted\">Extremamente opaco: Mesmo uma cobertura amarela forte e v\u00edvida em roupas escuras, muitas vezes reduz a necessidade de v\u00e1rias dem\u00e3os.<\/li>\n<li class=\"ng-star-inserted\">\u00c9 f\u00e1cil de usar: a estabilidade, a suavidade e o corpo curto garantem uma impress\u00e3o espont\u00e2nea, reduzem a fadiga e aumentam a efici\u00eancia.<\/li>\n<li class=\"ng-star-inserted\">Acabamento semibrilhante: Proporciona um brilho profissional e atraente \u00e0s suas impress\u00f5es.<\/li>\n<\/ul>\n<p>Shaliteink <strong>Tinta plastisol amarela<\/strong> N\u00e3o se trata apenas de uma tinta; \u00e9 uma solu\u00e7\u00e3o projetada para aumentar sua produtividade e a qualidade de seus trabalhos. Sua baixa temperatura de tratamento a torna uma op\u00e7\u00e3o economicamente vi\u00e1vel, ajudando voc\u00ea a economizar energia e reduzir poss\u00edveis falhas. Esta tinta foi desenvolvida por serigrafistas para serigrafistas, garantindo que atenda \u00e0s rigorosas exig\u00eancias do setor.<\/p>\n<p class=\"ng-star-inserted\"><strong class=\"ng-star-inserted\"><span class=\"ng-star-inserted\">Caracter\u00edsticas:<\/span><\/strong><\/p>\n<ul class=\"ng-star-inserted\">\n<li class=\"ng-star-inserted\">\n<p class=\"ng-star-inserted\"><span class=\"ng-star-inserted\">Cor amarela vibrante e intensa<\/span><\/p>\n<\/li>\n<li class=\"ng-star-inserted\">\n<p class=\"ng-star-inserted\"><span class=\"ng-star-inserted\">Alta opacidade para uma cobertura excelente.<\/span><\/p>\n<\/li>\n<li class=\"ng-star-inserted\">\n<p class=\"ng-star-inserted\"><span class=\"ng-star-inserted\">Consist\u00eancia cremosa e f\u00e1cil de imprimir<\/span><\/p>\n<\/li>\n<li class=\"ng-star-inserted\">\n<p class=\"ng-star-inserted\"><span class=\"ng-star-inserted\">Estampas suaves ao toque para pe\u00e7as de roupa confort\u00e1veis.<\/span><\/p>\n<\/li>\n<li class=\"ng-star-inserted\">\n<p class=\"ng-star-inserted\"><span class=\"ng-star-inserted\">Tempos de evapora\u00e7\u00e3o curtos e temperatura de cura mais baixa<\/span><\/p>\n<\/li>\n<li class=\"ng-star-inserted\">\n<p class=\"ng-star-inserted\"><span class=\"ng-star-inserted\">Excelente tanto para impress\u00e3o direta quanto como base de impress\u00e3o.<\/span><\/p>\n<\/li>\n<\/ul>\n<p class=\"ng-star-inserted\"><strong class=\"ng-star-inserted\"><span class=\"ng-star-inserted\">Instru\u00e7\u00f5es de cura:<\/span><\/strong><\/p>\n<p>A tinta plastisol amarela Shaliteink cura a uma temperatura est\u00e1vel de 160 \u00b0C. Para obter resultados \u00f3timos, certifique-se de que toda a camada de tinta atinja e mantenha essa temperatura. Dependendo do equipamento espec\u00edfico e das vari\u00e1veis de produ\u00e7\u00e3o da sua empresa, pode-se obter um tratamento de cura r\u00e1pida entre 120 \u00b0C e 140 \u00b0C durante 3 a 5 segundos.<\/p>\n<p class=\"ng-star-inserted\"><strong class=\"ng-star-inserted\"><span class=\"ng-star-inserted\">Orienta\u00e7\u00f5es importantes sobre o tratamento:<\/span><\/strong><\/p>\n<p>Para confirmar a efic\u00e1cia do tratamento, recomendamos um teste de elasticidade e um teste de lavagem. Imprima cerca de dois ter\u00e7os da elasticidade normal da pe\u00e7a; se a tinta rachar e n\u00e3o voltar ao normal, o tratamento pode ser insuficiente. Para um teste de lavagem completo, geralmente s\u00e3o necess\u00e1rias de 5 a 10 lavagens para confirmar totalmente o tratamento, embora estampas com tratamento muito insuficiente possam apresentar deteriora\u00e7\u00e3o ap\u00f3s apenas 1 a 3 lavagens. Ajuste o tempo de tratamento se o teste falhar.<br \/>\nAo trabalhar com poli\u00e9ster ou roupas de tecido misto, a baixa temperatura de tratamento da tinta plastisol Shaliteink \u00e9 particularmente vantajosa. A maioria dos corantes para tecidos de poli\u00e9ster \u00e9 fixada entre 132 \u00b0C e 149 \u00b0C (270 \u00b0F e 300 \u00b0F). Ao fixar nossa tinta a 160 \u00b0C (320 \u00b0F), temperatura acima do limite espec\u00edfico de migra\u00e7\u00e3o de corante, garantimos estampas vibrantes sem manchas. Essa formula\u00e7\u00e3o foi desenvolvida para reduzir a migra\u00e7\u00e3o de corante, proporcionando tranquilidade mesmo em substratos desafiadores.<\/p>\n<p class=\"ng-star-inserted\"><strong class=\"ng-star-inserted\"><span class=\"ng-star-inserted\">Limpar:<\/span><\/strong><\/p>\n<p>A limpeza de serigrafias pode ser feita eficazmente com detergente para prensas plastisol ou removedor de tinta. Para limpeza de serigrafias na pia, utilize um detergente espec\u00edfico para serigrafia plastisol ou removedor de tinta.<\/p>\n<p class=\"ng-star-inserted\"><strong class=\"ng-star-inserted\"><span class=\"ng-star-inserted\">Informa\u00e7\u00f5es de armazenamento:<\/span><\/strong><\/p>\n<p>Armazene a tinta plastisol Shaliteink em temperatura ambiente, idealmente entre 18 e 32 \u00b0C (65 e 90 \u00b0F), evitando a exposi\u00e7\u00e3o direta \u00e0 luz solar. A tinta pode iniciar o processo de cura no recipiente em caso de contato prolongado com temperaturas acima de 32 \u00b0C (90 \u00b0F).<\/p>\n<p class=\"ng-star-inserted\"><strong class=\"ng-star-inserted\"><span class=\"ng-star-inserted\">Dicas profissionais:<\/span><\/strong><\/p>\n<ul class=\"ng-star-inserted\">\n<li class=\"ng-star-inserted\">A tinta plastisol n\u00e3o tinge o tecido; em vez disso, cria uma liga\u00e7\u00e3o mec\u00e2nica envolvendo a fibra.<\/li>\n<li class=\"ng-star-inserted\">Recomendamos imprimir com uma base branca ao usar tinta plastisol amarela Shaliteink em roupas escuras para obter cores extremamente vibrantes.<\/li>\n<li class=\"ng-star-inserted\">Sempre fa\u00e7a um teste de impress\u00e3o, um teste de elasticidade e um teste de lavagem antes da produ\u00e7\u00e3o em larga escala para garantir o tratamento correto e a qualidade da impress\u00e3o.<\/li>\n<\/ul>\n<p>Para obter informa\u00e7\u00f5es mais detalhadas, ficha de dados de seguran\u00e7a e guia de cores, consulte nosso site ou entre em contato com nossa equipe de suporte.<\/p>\n<p><img decoding=\"async\" class=\"aligncenter wp-image-3982 size-large\" src=\"https:\/\/shaliteink.com\/wp-content\/uploads\/2025\/04\/Yellow-Screen-Printing-Plastisol-Ink-1024x683.jpg\" alt=\"Tinta de plastisol para serigrafia amarela\" width=\"1024\" height=\"683\" srcset=\"https:\/\/shaliteink.com\/wp-content\/uploads\/2025\/04\/Yellow-Screen-Printing-Plastisol-Ink-1024x683.jpg 1024w, https:\/\/shaliteink.com\/wp-content\/uploads\/2025\/04\/Yellow-Screen-Printing-Plastisol-Ink-300x200.jpg 300w, https:\/\/shaliteink.com\/wp-content\/uploads\/2025\/04\/Yellow-Screen-Printing-Plastisol-Ink-768x512.jpg 768w, https:\/\/shaliteink.com\/wp-content\/uploads\/2025\/04\/Yellow-Screen-Printing-Plastisol-Ink-1536x1024.jpg 1536w, https:\/\/shaliteink.com\/wp-content\/uploads\/2025\/04\/Yellow-Screen-Printing-Plastisol-Ink-2048x1365.jpg 2048w, https:\/\/shaliteink.com\/wp-content\/uploads\/2025\/04\/Yellow-Screen-Printing-Plastisol-Ink-18x12.jpg 18w, https:\/\/shaliteink.com\/wp-content\/uploads\/2025\/04\/Yellow-Screen-Printing-Plastisol-Ink-1200x800.jpg 1200w, https:\/\/shaliteink.com\/wp-content\/uploads\/2025\/04\/Yellow-Screen-Printing-Plastisol-Ink-150x100.jpg 150w\" sizes=\"(max-width: 1024px) 100vw, 1024px\" \/><\/p>","protected":false},"excerpt":{"rendered":"<p>Nossa tinta plastisol amarela para serigrafia possui uma textura cremosa e de bordas curtas, que permite uma impress\u00e3o suave e uniforme em todas as ocasi\u00f5es. Experimente uma cobertura intensa e opaca que realmente se destaca em diferentes tipos de tecido, dando aos seus designs o acabamento profissional que eles merecem. Esta tinta plastisol \u00e9 perfeita para obter estampas amarelas vibrantes, seja em algod\u00e3o, misturas de poli\u00e9ster ou outros tecidos populares. A Shaliteink prioriza o sucesso da sua impress\u00e3o, fornecendo uma tinta que n\u00e3o s\u00f3 tem um desempenho excepcional, como tamb\u00e9m oferece benef\u00edcios significativos de produ\u00e7\u00e3o.<\/p>","protected":false},"featured_media":1443,"comment_status":"open","ping_status":"closed","template":"","meta":[],"product_brand":[],"product_cat":[39],"product_tag":[],"class_list":{"0":"post-1148","1":"product","2":"type-product","3":"status-publish","4":"has-post-thumbnail","6":"product_cat-plastisol-ink","8":"first","9":"instock","10":"shipping-taxable","11":"purchasable","12":"product-type-variable"},"tiered_pricing_type":"fixed","tiered_pricing_fixed_rules":[],"tiered_pricing_product_settings":{"layout":"default","base_unit_name":{"singular":null,"plural":null},"default_variation":null},"tiered_pricing_minimum_quantity":null,"tiered_pricing_roles_data":[],"tiered_pricing_percentage_rules":[],"tiered_pricing_maximum_quantity":null,"tiered_pricing_quantity_step":null,"_links":{"self":[{"href":"https:\/\/shaliteink.com\/pt\/wp-json\/wp\/v2\/product\/1148","targetHints":{"allow":["GET"]}}],"collection":[{"href":"https:\/\/shaliteink.com\/pt\/wp-json\/wp\/v2\/product"}],"about":[{"href":"https:\/\/shaliteink.com\/pt\/wp-json\/wp\/v2\/types\/product"}],"replies":[{"embeddable":true,"href":"https:\/\/shaliteink.com\/pt\/wp-json\/wp\/v2\/comments?post=1148"}],"version-history":[{"count":0,"href":"https:\/\/shaliteink.com\/pt\/wp-json\/wp\/v2\/product\/1148\/revisions"}],"wp:featuredmedia":[{"embeddable":true,"href":"https:\/\/shaliteink.com\/pt\/wp-json\/wp\/v2\/media\/1443"}],"wp:attachment":[{"href":"https:\/\/shaliteink.com\/pt\/wp-json\/wp\/v2\/media?parent=1148"}],"wp:term":[{"taxonomy":"product_brand","embeddable":true,"href":"https:\/\/shaliteink.com\/pt\/wp-json\/wp\/v2\/product_brand?post=1148"},{"taxonomy":"product_cat","embeddable":true,"href":"https:\/\/shaliteink.com\/pt\/wp-json\/wp\/v2\/product_cat?post=1148"},{"taxonomy":"product_tag","embeddable":true,"href":"https:\/\/shaliteink.com\/pt\/wp-json\/wp\/v2\/product_tag?post=1148"}],"curies":[{"name":"wp","href":"https:\/\/api.w.org\/{rel}","templated":true}]}}