{"id":1143,"date":"2025-04-11T07:47:43","date_gmt":"2025-04-11T07:47:43","guid":{"rendered":"https:\/\/shaliteink.com\/?post_type=product&#038;p=1143"},"modified":"2025-12-10T11:31:02","modified_gmt":"2025-12-10T11:31:02","slug":"tinta-plastisol-amarelo-limao-escuro-para-serigrafia","status":"publish","type":"product","link":"https:\/\/shaliteink.com\/pt\/produto\/tinta-plastisol-amarelo-limao-escuro-para-serigrafia\/","title":{"rendered":"Tinta de plastisol para serigrafia amarelo lim\u00e3o profundo"},"content":{"rendered":"<h3><img decoding=\"async\" class=\"aligncenter wp-image-3980 size-large\" src=\"https:\/\/shaliteink.com\/wp-content\/uploads\/2025\/04\/Deep-Lemon-Yellow-Screen-Printing-Plastisol-Ink-1-1024x683.jpg\" alt=\"Tinta de plastisol para serigrafia amarelo lim\u00e3o profundo\" width=\"1024\" height=\"683\" srcset=\"https:\/\/shaliteink.com\/wp-content\/uploads\/2025\/04\/Deep-Lemon-Yellow-Screen-Printing-Plastisol-Ink-1-1024x683.jpg 1024w, https:\/\/shaliteink.com\/wp-content\/uploads\/2025\/04\/Deep-Lemon-Yellow-Screen-Printing-Plastisol-Ink-1-300x200.jpg 300w, https:\/\/shaliteink.com\/wp-content\/uploads\/2025\/04\/Deep-Lemon-Yellow-Screen-Printing-Plastisol-Ink-1-768x512.jpg 768w, https:\/\/shaliteink.com\/wp-content\/uploads\/2025\/04\/Deep-Lemon-Yellow-Screen-Printing-Plastisol-Ink-1-1536x1024.jpg 1536w, https:\/\/shaliteink.com\/wp-content\/uploads\/2025\/04\/Deep-Lemon-Yellow-Screen-Printing-Plastisol-Ink-1-2048x1365.jpg 2048w, https:\/\/shaliteink.com\/wp-content\/uploads\/2025\/04\/Deep-Lemon-Yellow-Screen-Printing-Plastisol-Ink-1-18x12.jpg 18w, https:\/\/shaliteink.com\/wp-content\/uploads\/2025\/04\/Deep-Lemon-Yellow-Screen-Printing-Plastisol-Ink-1-1200x800.jpg 1200w, https:\/\/shaliteink.com\/wp-content\/uploads\/2025\/04\/Deep-Lemon-Yellow-Screen-Printing-Plastisol-Ink-1-150x100.jpg 150w\" sizes=\"(max-width: 1024px) 100vw, 1024px\" \/><\/h3>\n<h3 class=\"ng-star-inserted\"><span class=\"ng-star-inserted\">Principais benef\u00edcios que voc\u00ea vai adorar:<\/span><\/h3>\n<ul class=\"ng-star-inserted\">\n<li class=\"ng-star-inserted\">Amarelo Lim\u00e3o Intenso e Vibrante: Impressionante com uma satura\u00e7\u00e3o de cor excepcional, adquira a estampa amarela que chama a aten\u00e7\u00e3o.<\/li>\n<li class=\"ng-star-inserted\">Tratamento ideal em baixa temperatura: Trata eficientemente a 160 \u00b0C (320 \u00b0F), reduzindo o consumo de energia e evitando que o tecido queime ou encolha.<\/li>\n<li class=\"ng-star-inserted\">Tempo de secagem r\u00e1pido: o tratamento ocorre entre 120 \u00b0C (248 \u00b0F) e 140 \u00b0C (284 \u00b0F), o que aumenta a efici\u00eancia da sua produ\u00e7\u00e3o.<\/li>\n<li class=\"ng-star-inserted\">Opkar superior: proporciona excelente cobertura, mesmo em roupas grossas, muitas vezes eliminando a necessidade de uma base isolante.<\/li>\n<li class=\"ng-star-inserted\">Toque macio: cria uma estampa suave e confort\u00e1vel que mant\u00e9m o caimento natural do tecido.<\/li>\n<li class=\"ng-star-inserted\">\u00c9 f\u00e1cil de usar: nossa f\u00f3rmula cremosa e de curta dura\u00e7\u00e3o garante uma aplica\u00e7\u00e3o suave e excelente reten\u00e7\u00e3o da expans\u00e3o.<\/li>\n<li class=\"ng-star-inserted\">Compatibilidade vers\u00e1til com tecidos: Ideal para diferentes tipos de materiais, incluindo algod\u00e3o 100%, misturas de algod\u00e3o\/poli\u00e9ster e poli\u00e9ster (com as devidas precau\u00e7\u00f5es).<\/li>\n<li class=\"ng-star-inserted\">Baixa transfer\u00eancia de cor: Garante uma impress\u00e3o limpa e n\u00edtida, reduzindo a migra\u00e7\u00e3o de corantes em misturas de poli\u00e9ster.<\/li>\n<\/ul>\n<p>F\u00f3rmula sem ftalatos: uma op\u00e7\u00e3o segura tanto para a impressora quanto para o meio ambiente.<\/p>\n<h3 class=\"ng-star-inserted\"><span class=\"ng-star-inserted\">Por que escolher a tinta plastisol amarelo lim\u00e3o intenso da Shaliteink?<\/span><\/h3>\n<p>Em <strong><a href=\"https:\/\/shaliteink.com\/pt\/\">Shaliteink<\/a><\/strong>, Entendemos as exig\u00eancias da ind\u00fastria de serigrafia. Nossa tinta plastisol amarelo-lim\u00e3o intenso \u00e9 um produto de engenharia, oferecendo o equil\u00edbrio ideal entre desempenho, resist\u00eancia e facilidade de uso. Seja voc\u00ea um impressor comercial de grande porte ou um amador, voc\u00ea apreciar\u00e1 a facilidade de uso e os resultados profissionais que nossa tinta proporciona. Sua baixa temperatura de tratamento \u00e9 um diferencial, permitindo tempos de produ\u00e7\u00e3o r\u00e1pidos, economia significativa de energia e m\u00ednimo dano \u00e0s pe\u00e7as de vestu\u00e1rio. Diga adeus \u00e0s impress\u00f5es consistentes e espetaculares com a Shaliteink e diga adeus ao Namast\u00ea.<\/p>\n<h3 class=\"ng-star-inserted\"><span class=\"ng-star-inserted\">Orienta\u00e7\u00f5es sobre cura e secagem r\u00e1pida:<\/span><\/h3>\n<p class=\"ng-star-inserted\"><span class=\"ng-star-inserted\">Obter uma cura perfeita \u00e9 crucial para a durabilidade. Shaliteink\u00a0<\/span><strong class=\"ng-star-inserted\"><span class=\"ng-star-inserted\">Tinta plastisol amarelo lim\u00e3o escuro<\/span><\/strong><span class=\"ng-star-inserted\">\u00a0Sua f\u00f3rmula foi desenvolvida para uma cura eficiente em baixa temperatura, garantindo que suas impress\u00f5es resistam ao teste do tempo.<\/span><\/p>\n<ul class=\"ng-star-inserted\">\n<li class=\"ng-star-inserted\">Temperatura de tratamento: 160 \u00b0C (320 \u00b0F). Certifique-se de que toda a camada de tinta atinja essa temperatura para um tratamento completo. As pistolas de laser podem apresentar leituras imprecisas da temperatura da superf\u00edcie; para melhores resultados, utilize uma sonda circular ou fitas termom\u00e9tricas para medir a temperatura principal da tinta.<\/li>\n<li class=\"ng-star-inserted\">Temperatura de secagem r\u00e1pida: 120 \u00b0C (248 \u00b0F) a 140 \u00b0C (284 \u00b0F) por 3 a 5 segundos. O tempo de secagem pode variar dependendo do seu equipamento e da quantidade de tinta depositada.<\/li>\n<li class=\"ng-star-inserted\">Teste de lavagem: Recomendamos realizar o teste de lavagem ap\u00f3s as primeiras 24 horas. Uma impress\u00e3o devidamente corrigida resistir\u00e1 a 5-10 lavagens sem rachar ou deteriorar.<\/li>\n<li class=\"ng-star-inserted\">Teste de elasticidade: Estique o tecido estampado por cerca de dois ter\u00e7os do seu comprimento. Se as rachaduras da tinta n\u00e3o recuarem, pode ser um problema de baixa elasticidade. Aumente ligeiramente a elasticidade de acordo com o tempo ou a temperatura de exposi\u00e7\u00e3o.<\/li>\n<li class=\"ng-star-inserted\">Mistura de poli\u00e9ster: Quando impressa em poli\u00e9ster ou tecidos mistos de poli\u00e9ster, a baixa temperatura de tratamento com tinta plastisol Shaliteink ajuda a prevenir a migra\u00e7\u00e3o do corante. A maioria dos corantes para poli\u00e9ster \u00e9 ativa a 132 \u00b0C (270 \u00b0F) ou mais. O tratamento abaixo desse limite reduz significativamente o risco de migra\u00e7\u00e3o do corante.<\/li>\n<\/ul>\n<h3 class=\"ng-star-inserted\"><span class=\"ng-star-inserted\">Dicas profissionais para obter os melhores resultados:<\/span><\/h3>\n<ul class=\"ng-star-inserted\">\n<li class=\"ng-star-inserted\">Armazenamento: Armazene a tinta plastisol Shaliteink em temperatura ambiente, idealmente entre 18 e 32 \u00b0C (65 e 90 \u00b0F), longe da luz solar direta. A tinta pode iniciar o processo de cura no recipiente em contato prolongado com temperaturas acima de 32 \u00b0C (90 \u00b0F).<\/li>\n<li class=\"ng-star-inserted\">Adjirawar: Agite sempre bem a tinta antes de usar para garantir viscosidade e cor constantes.<\/li>\n<li class=\"ng-star-inserted\">Base: Embora nosso amarelo lim\u00e3o escuro proporcione um fundo amarelo de alta opacidade, recomenda-se imprimir uma base branca (por exemplo, branco de alta opacidade) para obter a m\u00e1xima vivacidade em tecidos muito escuros, especialmente se uma impress\u00e3o em uma \u00fanica passada n\u00e3o for suficiente.<\/li>\n<li class=\"ng-star-inserted\">Contagem de \u00c1ries: Para obter os melhores resultados, consulte nossa ficha t\u00e9cnica para os c\u00e1lculos de \u00c1ries recomendados para diversas aplica\u00e7\u00f5es. Geralmente, as telas com menor n\u00famero de \u00c1ries s\u00e3o adequadas para impress\u00f5es opacas em substratos escuros.<\/li>\n<\/ul>\n<h3><img decoding=\"async\" class=\"wp-image-3979 size-large aligncenter\" src=\"https:\/\/shaliteink.com\/wp-content\/uploads\/2025\/04\/Deep-Lemon-Yellow-Screen-Printing-Plastisol-Ink-1024x683.jpg\" alt=\"Tinta de plastisol para serigrafia amarelo lim\u00e3o profundo\" width=\"1024\" height=\"683\" srcset=\"https:\/\/shaliteink.com\/wp-content\/uploads\/2025\/04\/Deep-Lemon-Yellow-Screen-Printing-Plastisol-Ink-1024x683.jpg 1024w, https:\/\/shaliteink.com\/wp-content\/uploads\/2025\/04\/Deep-Lemon-Yellow-Screen-Printing-Plastisol-Ink-300x200.jpg 300w, https:\/\/shaliteink.com\/wp-content\/uploads\/2025\/04\/Deep-Lemon-Yellow-Screen-Printing-Plastisol-Ink-768x512.jpg 768w, https:\/\/shaliteink.com\/wp-content\/uploads\/2025\/04\/Deep-Lemon-Yellow-Screen-Printing-Plastisol-Ink-1536x1024.jpg 1536w, https:\/\/shaliteink.com\/wp-content\/uploads\/2025\/04\/Deep-Lemon-Yellow-Screen-Printing-Plastisol-Ink-2048x1365.jpg 2048w, https:\/\/shaliteink.com\/wp-content\/uploads\/2025\/04\/Deep-Lemon-Yellow-Screen-Printing-Plastisol-Ink-18x12.jpg 18w, https:\/\/shaliteink.com\/wp-content\/uploads\/2025\/04\/Deep-Lemon-Yellow-Screen-Printing-Plastisol-Ink-1200x800.jpg 1200w, https:\/\/shaliteink.com\/wp-content\/uploads\/2025\/04\/Deep-Lemon-Yellow-Screen-Printing-Plastisol-Ink-150x100.jpg 150w\" sizes=\"(max-width: 1024px) 100vw, 1024px\" \/><\/h3>\n<h3 class=\"ng-star-inserted\"><span class=\"ng-star-inserted\">Limpeza f\u00e1cil:<\/span><\/h3>\n<p class=\"ng-star-inserted\"><span class=\"ng-star-inserted\">Com a Shaliteink, a limpeza ap\u00f3s uma impress\u00e3o bem-sucedida \u00e9 simples.\u00a0<\/span><a href=\"https:\/\/shaliteink.com\/pt\/categoria-produto\/tinta-plastisol\/\"><strong class=\"ng-star-inserted\"><span class=\"ng-star-inserted\">Tinta Plastisol<\/span><\/strong><\/a><span class=\"ng-star-inserted\">\u00a0S\u00e3o projetadas para f\u00e1cil remo\u00e7\u00e3o de telas e ferramentas.<\/span><\/p>\n<ul class=\"ng-star-inserted\">\n<li class=\"ng-star-inserted\">Na impressora: Utilize um produto de limpeza espec\u00edfico para plastisol ou um removedor de tinta.<\/li>\n<li class=\"ng-star-inserted\">Na pia: Para uma limpeza completa da tela, use um produto de limpeza\/removedor de tinta plastisol para remover todos os res\u00edduos de tinta.<\/li>\n<\/ul>\n<h3 class=\"ng-star-inserted\"><span class=\"ng-star-inserted\">Ficha de Dados de Seguran\u00e7a e Guia de Cores:<\/span><\/h3>\n<p>Para informa\u00e7\u00f5es detalhadas sobre seguran\u00e7a, consulte nossa ficha de dados de seguran\u00e7a (SDS). Um guia de cores digital para toda a nossa linha de tintas plastisol tamb\u00e9m est\u00e1 dispon\u00edvel para ajud\u00e1-lo a escolher os tons certos para o seu pr\u00f3ximo projeto de serigrafia.<\/p>\n<p>Experimente a diferen\u00e7a Shaliteink hoje mesmo. Obtenha o melhor pelo menor pre\u00e7o!<\/p>","protected":false},"excerpt":{"rendered":"<p>A tinta plastisol amarelo-lim\u00e3o escuro da Shaliteink eleva seus projetos de serigrafia com uma tinta premium, livre de ftalatos, desenvolvida tanto para profissionais quanto para iniciantes. Com duas d\u00e9cadas de experi\u00eancia em fabrica\u00e7\u00e3o, a Shaliteink oferece uma solu\u00e7\u00e3o de qualidade superior, fruto da parceria com marcas mundialmente famosas, garantindo desempenho e qualidade incompar\u00e1veis. Nossa tinta plastisol amarelo-lim\u00e3o escuro foi criada para proporcionar resultados vibrantes e consistentes em uma ampla variedade de tecidos, fazendo com que sua estampa realmente se destaque.<\/p>","protected":false},"featured_media":1445,"comment_status":"open","ping_status":"closed","template":"","meta":[],"product_brand":[],"product_cat":[39],"product_tag":[],"class_list":{"0":"post-1143","1":"product","2":"type-product","3":"status-publish","4":"has-post-thumbnail","6":"product_cat-plastisol-ink","8":"first","9":"instock","10":"shipping-taxable","11":"purchasable","12":"product-type-variable"},"tiered_pricing_type":"fixed","tiered_pricing_fixed_rules":[],"tiered_pricing_product_settings":{"layout":"default","base_unit_name":{"singular":null,"plural":null},"default_variation":null},"tiered_pricing_minimum_quantity":null,"tiered_pricing_roles_data":[],"tiered_pricing_percentage_rules":[],"tiered_pricing_maximum_quantity":null,"tiered_pricing_quantity_step":null,"_links":{"self":[{"href":"https:\/\/shaliteink.com\/pt\/wp-json\/wp\/v2\/product\/1143","targetHints":{"allow":["GET"]}}],"collection":[{"href":"https:\/\/shaliteink.com\/pt\/wp-json\/wp\/v2\/product"}],"about":[{"href":"https:\/\/shaliteink.com\/pt\/wp-json\/wp\/v2\/types\/product"}],"replies":[{"embeddable":true,"href":"https:\/\/shaliteink.com\/pt\/wp-json\/wp\/v2\/comments?post=1143"}],"version-history":[{"count":0,"href":"https:\/\/shaliteink.com\/pt\/wp-json\/wp\/v2\/product\/1143\/revisions"}],"wp:featuredmedia":[{"embeddable":true,"href":"https:\/\/shaliteink.com\/pt\/wp-json\/wp\/v2\/media\/1445"}],"wp:attachment":[{"href":"https:\/\/shaliteink.com\/pt\/wp-json\/wp\/v2\/media?parent=1143"}],"wp:term":[{"taxonomy":"product_brand","embeddable":true,"href":"https:\/\/shaliteink.com\/pt\/wp-json\/wp\/v2\/product_brand?post=1143"},{"taxonomy":"product_cat","embeddable":true,"href":"https:\/\/shaliteink.com\/pt\/wp-json\/wp\/v2\/product_cat?post=1143"},{"taxonomy":"product_tag","embeddable":true,"href":"https:\/\/shaliteink.com\/pt\/wp-json\/wp\/v2\/product_tag?post=1143"}],"curies":[{"name":"wp","href":"https:\/\/api.w.org\/{rel}","templated":true}]}}