{"id":1138,"date":"2025-04-11T07:21:11","date_gmt":"2025-04-11T07:21:11","guid":{"rendered":"https:\/\/shaliteink.com\/?post_type=product&#038;p=1138"},"modified":"2025-12-10T11:32:15","modified_gmt":"2025-12-10T11:32:15","slug":"tinta-plastisol-amarelo-limao-para-serigrafia","status":"publish","type":"product","link":"https:\/\/shaliteink.com\/pt\/produto\/tinta-plastisol-amarelo-limao-para-serigrafia\/","title":{"rendered":"Tinta de plastisol para serigrafia amarelo lim\u00e3o"},"content":{"rendered":"<p>Shaliteink lemon \u00e9 engenheiro para ambos <strong>Tinta plastisol amarelo lim\u00e3o <\/strong>Efici\u00eancia e efeitos visuais surpreendentes. Esta serigrafia premium est\u00e1 pronta para uso direto do balde de tinta, oferecendo uma consist\u00eancia suave e cremosa que simplifica a impress\u00e3o. Seja voc\u00ea um profissional experiente ou um iniciante, voc\u00ea apreciar\u00e1 sua facilidade de uso e impress\u00f5es consistentes e de alta qualidade. Diga adeus \u00e0 configura\u00e7\u00e3o complexa e d\u00ea as boas-vindas a designs vibrantes e duradouros.<\/p>\n<p><img decoding=\"async\" class=\"wp-image-3976 size-large aligncenter\" src=\"https:\/\/shaliteink.com\/wp-content\/uploads\/2025\/04\/Lemon-Yellow-Screen-Printing-Plastisol-Ink-1024x683.jpg\" alt=\"Tinta de plastisol para serigrafia amarelo lim\u00e3o\" width=\"1024\" height=\"683\" srcset=\"https:\/\/shaliteink.com\/wp-content\/uploads\/2025\/04\/Lemon-Yellow-Screen-Printing-Plastisol-Ink-1024x683.jpg 1024w, https:\/\/shaliteink.com\/wp-content\/uploads\/2025\/04\/Lemon-Yellow-Screen-Printing-Plastisol-Ink-300x200.jpg 300w, https:\/\/shaliteink.com\/wp-content\/uploads\/2025\/04\/Lemon-Yellow-Screen-Printing-Plastisol-Ink-768x512.jpg 768w, https:\/\/shaliteink.com\/wp-content\/uploads\/2025\/04\/Lemon-Yellow-Screen-Printing-Plastisol-Ink-1536x1024.jpg 1536w, https:\/\/shaliteink.com\/wp-content\/uploads\/2025\/04\/Lemon-Yellow-Screen-Printing-Plastisol-Ink-2048x1365.jpg 2048w, https:\/\/shaliteink.com\/wp-content\/uploads\/2025\/04\/Lemon-Yellow-Screen-Printing-Plastisol-Ink-18x12.jpg 18w, https:\/\/shaliteink.com\/wp-content\/uploads\/2025\/04\/Lemon-Yellow-Screen-Printing-Plastisol-Ink-1200x800.jpg 1200w, https:\/\/shaliteink.com\/wp-content\/uploads\/2025\/04\/Lemon-Yellow-Screen-Printing-Plastisol-Ink-150x100.jpg 150w\" sizes=\"(max-width: 1024px) 100vw, 1024px\" \/><\/p>\n<h3 class=\"ng-star-inserted\"><span class=\"ng-star-inserted\">Principais benef\u00edcios e caracter\u00edsticas:<\/span><\/h3>\n<ul class=\"ng-star-inserted\">\n<li class=\"ng-star-inserted\">Amarelo lim\u00e3o vibrante e opaco: estampas brilhantes, ousadas e altamente opacas que realmente se destacam, mesmo em roupas escuras (com a aplica\u00e7\u00e3o correta de base). <strong><a href=\"https:\/\/shaliteink.com\/pt\/categoria-produto\/tinta-plastisol\/\">tinta plastisol<\/a><\/strong> Proporciona satura\u00e7\u00e3o de cor frequente para resultados visualmente impactantes.<\/li>\n<li class=\"ng-star-inserted\">Estampas com toque macio: Desfrute de um toque extremamente macio em suas roupas. Nossa serigrafia cria uma liga\u00e7\u00e3o mec\u00e2nica com a tinta plastisol no tecido, envolvendo a fibra para uma estampa confort\u00e1vel e flex\u00edvel que n\u00e3o racha nem fica pesada.<\/li>\n<li class=\"ng-star-inserted\">Temperatura ideal de tratamento (160 \u00b0C \/ 320 \u00b0F): Obtenha produ\u00e7\u00e3o r\u00e1pida e economia significativa de energia. Nossa tinta plastisol, especialmente desenvolvida, cura de forma eficiente em baixas temperaturas, reduzindo o risco de queimaduras ou encolhimento, principalmente em tecidos sens\u00edveis ao calor.<\/li>\n<li class=\"ng-star-inserted\">Excelente temperatura de secagem (120\u2013140 \u00b0C \/ 248-284 \u00b0F): Obtenha tempos de secagem r\u00e1pidos para trabalhos multicoloridos e aumente sua produtividade sem comprometer a qualidade de impress\u00e3o.<\/li>\n<li class=\"ng-star-inserted\">Compatibilidade universal com tecidos: Este tecido vers\u00e1til <strong><a href=\"https:\/\/shaliteink.com\/pt\/screen-printing-ink\/\">tinta de serigrafia<\/a><\/strong> Funciona maravilhosamente bem em uma ampla gama de materiais, incluindo algod\u00e3o 100%, misturas de algod\u00e3o\/poli\u00e9ster e at\u00e9 mesmo algumas misturas de poli\u00e9ster, tornando-se uma escolha ideal para diversos projetos.<\/li>\n<li class=\"ng-star-inserted\">F\u00f3rmula sem Fotht: Comprometida com a seguran\u00e7a e a responsabilidade ambiental, a tinta plastisol da Shaliteink foi desenvolvida para n\u00e3o conter part\u00edculas em suspens\u00e3o, proporcionando tranquilidade tanto para quem imprime quanto para quem usa a tinta.<\/li>\n<li class=\"ng-star-inserted\">E \u00e9 f\u00e1cil trabalhar com uma tinta de corpo curto: a textura cremosa e de corpo curto da tinta torna incrivelmente f\u00e1cil trabalhar na prensa de textura, o que garante uma aplica\u00e7\u00e3o suave e detalhes n\u00edtidos em seus desenhos.<br \/>\nAcabamento semibrilhante: Obtenha um acabamento semibrilhante profissional que real\u00e7a o apelo visual de seus materiais gr\u00e1ficos impressos.<\/li>\n<\/ul>\n<h3 class=\"ng-star-inserted\"><span class=\"ng-star-inserted\">Por que escolher a tinta plastisol amarelo lim\u00e3o da Shaliteink?<\/span><\/h3>\n<p>Em <strong><a href=\"https:\/\/shaliteink.com\/pt\/\">Shaliteink<\/a><\/strong>, Entendemos as exig\u00eancias da serigrafia moderna. Nossa tinta plastisol amarelo-lim\u00e3o n\u00e3o se resume apenas \u00e0 cor; ela oferece desempenho, confiabilidade e ajuda voc\u00ea a alcan\u00e7ar excelentes resultados com efici\u00eancia. A baixa temperatura de tratamento \u00e9 um diferencial importante, que reduz o consumo de energia e otimiza o fluxo de trabalho. Essa caracter\u00edstica \u00e9 particularmente ben\u00e9fica ao trabalhar com misturas de poli\u00e9ster, pois ajuda a evitar a migra\u00e7\u00e3o da tinta, fixando-a abaixo do ponto de sangramento do poli\u00e9ster. Nosso foco em uma tinta serigr\u00e1fica premium, por\u00e9m acess\u00edvel, garante o melhor retorno sobre o seu investimento, projeto ap\u00f3s projeto.<\/p>\n<h3 class=\"ng-star-inserted\"><span class=\"ng-star-inserted\">Instru\u00e7\u00f5es de cura:<\/span><\/h3>\n<p>A aplica\u00e7\u00e3o completa do produto \u00e9 importante para a durabilidade da impress\u00e3o. Para obter os melhores resultados com a tinta plastisol amarelo lim\u00e3o da Shaliteink:<\/p>\n<ul>\n<li>Temperatura de tratamento: tratada a 160 \u00b0C (320 \u00b0F). Quando toda a camada de tinta atinge essa temperatura, a tinta est\u00e1 completamente curada.<\/li>\n<li>Temperatura do flash: Flash a 120\u2013140 \u00b0C (248\u2013284 \u00b0F) durante 3\u20135 segundos. O tempo de flash pode variar dependendo do seu equipamento e das vari\u00e1veis de produ\u00e7\u00e3o.<\/li>\n<li>Testes: Recomendamos fortemente a realiza\u00e7\u00e3o de um &quot;teste de elasticidade&quot; e um teste de lavagem antes da produ\u00e7\u00e3o em larga escala. Imprima em cerca de dois ter\u00e7os da largura da pe\u00e7a; se a estampa rachar e n\u00e3o voltar ao normal, aumente o tempo de tratamento. Lavagens de 5 a 10 confirmar\u00e3o a conclus\u00e3o dos testes de tratamento.<\/li>\n<li>Dica profissional: Para um tratamento preciso, considere usar uma sonda em formato de rosca para medir a temperatura interna da tinta. As pistolas de laser podem ser enganosas devido \u00e0 reflex\u00e3o da temperatura da superf\u00edcie causada pelo laser, frequentemente apresentando leituras de 60 a 100 \u00b0F (31 a 58 \u00b0C) superiores \u00e0 temperatura interna real da tinta durante o ciclo de tratamento. Ajuste a leitura da temperatura da superf\u00edcie de acordo, para garantir que o n\u00facleo da tinta seja alvo de um tratamento tempor\u00e1rio de alta temperatura, atingindo 160 \u00b0C.<\/li>\n<\/ul>\n<h3><img decoding=\"async\" class=\"aligncenter wp-image-3977 size-large\" src=\"https:\/\/shaliteink.com\/wp-content\/uploads\/2025\/04\/Lemon-Yellow-Screen-Printing-Plastisol-Ink-1-1024x683.jpg\" alt=\"Tinta de plastisol para serigrafia amarelo lim\u00e3o\" width=\"1024\" height=\"683\" srcset=\"https:\/\/shaliteink.com\/wp-content\/uploads\/2025\/04\/Lemon-Yellow-Screen-Printing-Plastisol-Ink-1-1024x683.jpg 1024w, https:\/\/shaliteink.com\/wp-content\/uploads\/2025\/04\/Lemon-Yellow-Screen-Printing-Plastisol-Ink-1-300x200.jpg 300w, https:\/\/shaliteink.com\/wp-content\/uploads\/2025\/04\/Lemon-Yellow-Screen-Printing-Plastisol-Ink-1-768x512.jpg 768w, https:\/\/shaliteink.com\/wp-content\/uploads\/2025\/04\/Lemon-Yellow-Screen-Printing-Plastisol-Ink-1-1536x1024.jpg 1536w, https:\/\/shaliteink.com\/wp-content\/uploads\/2025\/04\/Lemon-Yellow-Screen-Printing-Plastisol-Ink-1-2048x1365.jpg 2048w, https:\/\/shaliteink.com\/wp-content\/uploads\/2025\/04\/Lemon-Yellow-Screen-Printing-Plastisol-Ink-1-18x12.jpg 18w, https:\/\/shaliteink.com\/wp-content\/uploads\/2025\/04\/Lemon-Yellow-Screen-Printing-Plastisol-Ink-1-1200x800.jpg 1200w, https:\/\/shaliteink.com\/wp-content\/uploads\/2025\/04\/Lemon-Yellow-Screen-Printing-Plastisol-Ink-1-150x100.jpg 150w\" sizes=\"(max-width: 1024px) 100vw, 1024px\" \/><\/h3>\n<h3 class=\"ng-star-inserted\"><span class=\"ng-star-inserted\">Limpar:<\/span><\/h3>\n<p class=\"ng-star-inserted\"><span class=\"ng-star-inserted\">A facilidade de limpeza \u00e9 outra vantagem de\u00a0<\/span><strong class=\"ng-star-inserted\"><span class=\"ng-star-inserted\">Tinta plastisol da Shaliteink<\/span><\/strong><span class=\"ng-star-inserted\">.<\/span><\/p>\n<ul class=\"ng-star-inserted\">\n<li class=\"ng-star-inserted\">Na impressora: Utilize um produto de limpeza espec\u00edfico para plastisol ou um removedor de tinta.<\/li>\n<li>Na pia: Use um produto de limpeza para telas \u00e0 base de plastisol ou um removedor de tinta para limpar completamente a tela.<\/li>\n<\/ul>\n<h3 class=\"ng-star-inserted\"><span class=\"ng-star-inserted\">Informa\u00e7\u00f5es de armazenamento:<\/span><\/h3>\n<p>Armazene a tinta plastisol Shaliteink em temperatura ambiente, idealmente entre 18 e 32 \u00b0C (65 e 90 \u00b0F), e evite a exposi\u00e7\u00e3o direta \u00e0 luz solar. A tinta pode iniciar o processo de cura no recipiente em caso de contato prolongado com temperaturas acima de 32 \u00b0C (90 \u00b0F).<\/p>\n<h3 class=\"ng-star-inserted\"><span class=\"ng-star-inserted\">Pronto para imprimir com precis\u00e3o e vivacidade?<\/span><\/h3>\n<p>Para o seu pr\u00f3ximo projeto de serigrafia, escolha a tinta plastisol amarelo lim\u00e3o da Shaliteink e experimente a diferen\u00e7a que a qualidade e a inova\u00e7\u00e3o fazem a diferen\u00e7a. Nosso compromisso com a excel\u00eancia, aliado aos nossos pre\u00e7os de f\u00e1brica, garante que voc\u00ea obtenha o melhor suprimento para serigrafia sem abrir m\u00e3o da qualidade. Explore toda a nossa linha de cores de tinta plastisol e aprimore seu trabalho hoje mesmo!<\/p>","protected":false},"excerpt":{"rendered":"<p>D\u00ea vida aos seus projetos de serigrafia com a tinta plastisol amarelo lim\u00e3o da Shaliteink. Como l\u00edder global na venda de tintas plastisol para serigrafia, com duas d\u00e9cadas de experi\u00eancia em fabrica\u00e7\u00e3o, trazemos a voc\u00ea a qualidade direta da f\u00e1brica, fruto da expertise de profissionais. Nossa estreita colabora\u00e7\u00e3o com marcas mundialmente famosas garante que voc\u00ea obtenha a melhor tinta plastisol, projetada para resultados extraordin\u00e1rios. Este vibrante tom de amarelo lim\u00e3o \u00e9 perfeito para adicionar cor e personalidade \u00e0s suas roupas, garantindo que seu design se destaque com nitidez impressionante e uma \u00f3tima experi\u00eancia.<\/p>","protected":false},"featured_media":1441,"comment_status":"open","ping_status":"closed","template":"","meta":[],"product_brand":[],"product_cat":[39],"product_tag":[],"class_list":{"0":"post-1138","1":"product","2":"type-product","3":"status-publish","4":"has-post-thumbnail","6":"product_cat-plastisol-ink","8":"first","9":"instock","10":"shipping-taxable","11":"purchasable","12":"product-type-variable"},"tiered_pricing_type":"fixed","tiered_pricing_fixed_rules":[],"tiered_pricing_product_settings":{"layout":"default","base_unit_name":{"singular":null,"plural":null},"default_variation":null},"tiered_pricing_minimum_quantity":null,"tiered_pricing_roles_data":[],"tiered_pricing_percentage_rules":[],"tiered_pricing_maximum_quantity":null,"tiered_pricing_quantity_step":null,"_links":{"self":[{"href":"https:\/\/shaliteink.com\/pt\/wp-json\/wp\/v2\/product\/1138","targetHints":{"allow":["GET"]}}],"collection":[{"href":"https:\/\/shaliteink.com\/pt\/wp-json\/wp\/v2\/product"}],"about":[{"href":"https:\/\/shaliteink.com\/pt\/wp-json\/wp\/v2\/types\/product"}],"replies":[{"embeddable":true,"href":"https:\/\/shaliteink.com\/pt\/wp-json\/wp\/v2\/comments?post=1138"}],"version-history":[{"count":0,"href":"https:\/\/shaliteink.com\/pt\/wp-json\/wp\/v2\/product\/1138\/revisions"}],"wp:featuredmedia":[{"embeddable":true,"href":"https:\/\/shaliteink.com\/pt\/wp-json\/wp\/v2\/media\/1441"}],"wp:attachment":[{"href":"https:\/\/shaliteink.com\/pt\/wp-json\/wp\/v2\/media?parent=1138"}],"wp:term":[{"taxonomy":"product_brand","embeddable":true,"href":"https:\/\/shaliteink.com\/pt\/wp-json\/wp\/v2\/product_brand?post=1138"},{"taxonomy":"product_cat","embeddable":true,"href":"https:\/\/shaliteink.com\/pt\/wp-json\/wp\/v2\/product_cat?post=1138"},{"taxonomy":"product_tag","embeddable":true,"href":"https:\/\/shaliteink.com\/pt\/wp-json\/wp\/v2\/product_tag?post=1138"}],"curies":[{"name":"wp","href":"https:\/\/api.w.org\/{rel}","templated":true}]}}