{"id":1133,"date":"2025-04-11T07:11:51","date_gmt":"2025-04-11T07:11:51","guid":{"rendered":"https:\/\/shaliteink.com\/?post_type=product&#038;p=1133"},"modified":"2025-12-10T11:29:56","modified_gmt":"2025-12-10T11:29:56","slug":"tinta-plastisol-azul-acido-para-serigrafia","status":"publish","type":"product","link":"https:\/\/shaliteink.com\/pt\/produto\/tinta-plastisol-azul-acido-para-serigrafia\/","title":{"rendered":"Tinta plastisol para serigrafia em azul \u00e1cido"},"content":{"rendered":"<h2 class=\"ng-star-inserted\"><span class=\"ng-star-inserted\">Por que escolher o Azul \u00c1cido da Shaliteink?\u00a0<\/span><strong class=\"ng-star-inserted\"><span class=\"ng-star-inserted\">Tinta Plastisol<\/span><\/strong><span class=\"ng-star-inserted\">?<\/span><\/h2>\n<p>Em <a href=\"https:\/\/shaliteink.com\/pt\/\"><strong>Shaliteink<\/strong><\/a>, Entendemos as necessidades tanto de gr\u00e1ficas comerciais quanto de entusiastas de trabalhos manuais. \u00c9 por isso que...<strong> tinta plastisol azul \u00e1cido<\/strong> Projetada para facilitar o uso, proporcionar melhor acabamento e maior durabilidade, a tinta azul \u00e1cida Shalietink garante um ambiente de impress\u00e3o seguro sem comprometer a qualidade da f\u00f3rmula livre de ftalatos. De designs complexos a gr\u00e1ficos arrojados, a Shalietink proporciona resultados consistentes e impactantes.<\/p>\n<p><img decoding=\"async\" class=\"wp-image-3974 size-large aligncenter\" src=\"https:\/\/shaliteink.com\/wp-content\/uploads\/2025\/04\/Acid-Blue-Screen-Printing-Plastisol-Ink-1-1024x683.jpg\" alt=\"Tinta plastisol para serigrafia em azul \u00e1cido\" width=\"1024\" height=\"683\" srcset=\"https:\/\/shaliteink.com\/wp-content\/uploads\/2025\/04\/Acid-Blue-Screen-Printing-Plastisol-Ink-1-1024x683.jpg 1024w, https:\/\/shaliteink.com\/wp-content\/uploads\/2025\/04\/Acid-Blue-Screen-Printing-Plastisol-Ink-1-300x200.jpg 300w, https:\/\/shaliteink.com\/wp-content\/uploads\/2025\/04\/Acid-Blue-Screen-Printing-Plastisol-Ink-1-768x512.jpg 768w, https:\/\/shaliteink.com\/wp-content\/uploads\/2025\/04\/Acid-Blue-Screen-Printing-Plastisol-Ink-1-1536x1024.jpg 1536w, https:\/\/shaliteink.com\/wp-content\/uploads\/2025\/04\/Acid-Blue-Screen-Printing-Plastisol-Ink-1-2048x1365.jpg 2048w, https:\/\/shaliteink.com\/wp-content\/uploads\/2025\/04\/Acid-Blue-Screen-Printing-Plastisol-Ink-1-18x12.jpg 18w, https:\/\/shaliteink.com\/wp-content\/uploads\/2025\/04\/Acid-Blue-Screen-Printing-Plastisol-Ink-1-1200x800.jpg 1200w, https:\/\/shaliteink.com\/wp-content\/uploads\/2025\/04\/Acid-Blue-Screen-Printing-Plastisol-Ink-1-150x100.jpg 150w\" sizes=\"(max-width: 1024px) 100vw, 1024px\" \/><\/p>\n<p class=\"ng-star-inserted\"><strong class=\"ng-star-inserted\"><span class=\"ng-star-inserted\">Principais benef\u00edcios da tinta plastisol azul \u00e1cido Shaliteink:<\/span><\/strong><\/p>\n<ul class=\"ng-star-inserted\">\n<li class=\"ng-star-inserted\">Azul \u00e1cido vibrante e ousado: Consiga uma impress\u00e3o realmente cativante com nosso tom de azul \u00e1cido de alta intensidade.<\/li>\n<li class=\"ng-star-inserted\">Cobertura extraordin\u00e1ria: Desenvolvida para proporcionar excelente cobertura em diversos tipos de roupas, incluindo roupas escuras.<\/li>\n<li class=\"ng-star-inserted\">Toque macio: Suas estampas prontas ter\u00e3o um toque macio, e o vestu\u00e1rio aumenta o conforto.<\/li>\n<li class=\"ng-star-inserted\">Desempenho confi\u00e1vel: F\u00e1cil de usar, oferece uma textura suave e cremosa para impress\u00f5es frequentes.<\/li>\n<li class=\"ng-star-inserted\">Compatibilidade universal com tecidos: ideal para uma ampla gama de t\u00eaxteis, especialmente algod\u00e3o 100%, mistura de algod\u00e3o\/poli\u00e9ster e muito mais.<\/li>\n<li class=\"ng-star-inserted\">F\u00f3rmula sem ftalatos: compromisso com a seguran\u00e7a e a responsabilidade ambiental.<\/li>\n<li class=\"ng-star-inserted\">Qualidade direto da f\u00e1brica: Nossos vinte anos de experi\u00eancia em fabrica\u00e7\u00e3o e economia de custos ao comprar diretamente da f\u00e1brica.<\/li>\n<\/ul>\n<p>Seja para criar roupas personalizadas, artigos para campanhas ou pe\u00e7as art\u00edsticas, a tinta plastisol azul \u00e1cido da Shaliteink oferece a solu\u00e7\u00e3o profissional que voc\u00ea precisa para dar destaque aos seus designs.<\/p>\n<h2 class=\"ng-star-inserted\"><strong class=\"ng-star-inserted\"><span class=\"ng-star-inserted\">Diretrizes de cura e secagem<\/span><\/strong><span class=\"ng-star-inserted\">\u00a0para resultados \u00f3timos<\/span><\/h2>\n<p>Obter uma impress\u00e3o totalmente fixada \u00e9 importante para a durabilidade ap\u00f3s a lavagem e para um acabamento profissional. A tinta plastisol azul \u00e1cido da Shaliteink foi desenvolvida para um tratamento confi\u00e1vel, garantindo que suas estampas resistam a lavagens frequentes ou desapare\u00e7am sem desbotar.<\/p>\n<ul>\n<li>Temperatura de tratamento: Nossa tinta plastisol cura completamente em toda a sua extens\u00e3o a 160 \u00b0C (320 \u00b0F).<\/li>\n<li>Temperatura de secagem r\u00e1pida: Para impress\u00e3o ou base com m\u00faltiplas camadas de tinta de forma eficiente, seque rapidamente a uma temperatura entre 120 \u00b0C e 140 \u00b0C (248 \u00b0F e 284 \u00b0F) durante 3 a 5 segundos. Isso cria uma pel\u00edcula sobre a tinta, mantendo a imprimibilidade ideal e evitando borr\u00f5es nas camadas subsequentes.<\/li>\n<\/ul>\n<p>Dica profissional para tratamento: Embora os term\u00f4metros de superf\u00edcie sejam \u00fateis, lembre-se de que eles fornecem uma leitura reflexiva. Para um tratamento preciso, especialmente com camadas espessas de tinta, certifique-se de que a camada de tinta atinja 160 \u00b0C. Para confirmar o tratamento adequado, fa\u00e7a um teste de elasticidade e um teste de lavagem em uma pe\u00e7a de roupa de amostra antes da produ\u00e7\u00e3o. Uma estampa bem tratada se romper\u00e1 com o tecido e resistir\u00e1 a v\u00e1rias lavagens.<\/p>\n<h2 class=\"ng-star-inserted\"><strong class=\"ng-star-inserted\"><span class=\"ng-star-inserted\">Limpeza e armazenamento<\/span><\/strong><\/h2>\n<p>Manter seu equipamento e preservar seu <strong><a href=\"https:\/\/shaliteink.com\/pt\/categoria-produto\/tinta-plastisol\/\">tinta plastisol<\/a><\/strong> Com Shaliteink \u00e9 simples.<\/p>\n<ul>\n<li>Limpeza da tela: Use um produto de limpeza espec\u00edfico para tinta plastisol ou um removedor de tinta para limpar a tela e pressione rapidamente.<\/li>\n<li>Limpeza da tela e dos equipamentos: Para uma limpeza completa da tela e das ferramentas da impressora, utilize um produto de limpeza\/removedor de tinta forte.<\/li>\n<\/ul>\n<p>Armazenamento: Armazene a tinta plastisol Shaliteink em local fresco e seco, idealmente entre 18 \u00b0C e 32 \u00b0C (65 \u00b0F e 90 \u00b0F). Evite a exposi\u00e7\u00e3o direta \u00e0 luz solar e o contato prolongado com temperaturas acima de 32 \u00b0C (90 \u00b0F), permitindo que a tinta inicie o processo de cura dentro do recipiente.<\/p>\n<h2 class=\"ng-star-inserted\"><strong class=\"ng-star-inserted\"><span class=\"ng-star-inserted\">Dicas de especialistas para serigrafia com tinta plastisol Shaliteink<\/span><\/strong><\/h2>\n<ul class=\"ng-star-inserted\">\n<li class=\"ng-star-inserted\">Base branca em roupas escuras: Para obter um azul \u00e1cido mais vibrante e intenso em roupas escuras, recomendamos imprimir uma base branca em excesso. Isso far\u00e1 com que as cores se destaquem ainda mais.<\/li>\n<li class=\"ng-star-inserted\">Contagem de \u00c1ries: Selecione os detalhes do seu design e o c\u00e1lculo de \u00c1ries adequado para a deposi\u00e7\u00e3o de tinta desejada. Geralmente, malhas finas s\u00e3o para impress\u00f5es largas, enquanto malhas grossas s\u00e3o para deposi\u00e7\u00f5es de tinta mais densas.<\/li>\n<li class=\"ng-star-inserted\">Impress\u00e3o-reflexo-impress\u00e3o: Para obter o m\u00e1ximo contraste e vivacidade, especialmente em roupas escuras, considere a t\u00e9cnica de impress\u00e3o-reflexo-impress\u00e3o usando uma tela de \u00e1ries inferior.<\/li>\n<li class=\"ng-star-inserted\">Teste de Estiramento: Sempre fa\u00e7a um teste de estiramento ap\u00f3s a cura. Se as rachaduras da tinta n\u00e3o regredirem, pode ser um problema de cura insuficiente. Aumente o tempo de secagem na sua secadora.<\/li>\n<li class=\"ng-star-inserted\">Teste de lavagem: Ap\u00f3s a recupera\u00e7\u00e3o, aguarde 24 horas para que a tinta fixe completamente e, em seguida, fa\u00e7a um teste de lavagem para confirmar a durabilidade.<\/li>\n<\/ul>\n<p class=\"ng-star-inserted\"><span class=\"ng-star-inserted\">Shaliteink \u00e9 seu parceiro de confian\u00e7a para solu\u00e7\u00f5es premium.\u00a0<\/span><strong class=\"ng-star-inserted\"><span class=\"ng-star-inserted\">suprimentos para serigrafia<\/span><\/strong><span class=\"ng-star-inserted\">. Nosso compromisso com a qualidade, aliado ao nosso modelo de venda direta da f\u00e1brica, significa que voc\u00ea obt\u00e9m o melhor.\u00a0<\/span><strong class=\"ng-star-inserted\"><span class=\"ng-star-inserted\">tinta plastisol<\/span><\/strong><span class=\"ng-star-inserted\">\u00a0Com um pre\u00e7o imbat\u00edvel. Explore a nossa gama completa de produtos.\u00a0<\/span><strong class=\"ng-star-inserted\"><span class=\"ng-star-inserted\">tintas plastisol<\/span><\/strong><span class=\"ng-star-inserted\">\u00a0E aprimore suas habilidades de impress\u00e3o hoje mesmo!<\/span><\/p>\n<p><img decoding=\"async\" class=\"wp-image-3973 size-large aligncenter\" src=\"https:\/\/shaliteink.com\/wp-content\/uploads\/2025\/04\/Acid-Blue-Screen-Printing-Plastisol-Ink-1024x683.jpg\" alt=\"Tinta plastisol para serigrafia em azul \u00e1cido\" width=\"1024\" height=\"683\" srcset=\"https:\/\/shaliteink.com\/wp-content\/uploads\/2025\/04\/Acid-Blue-Screen-Printing-Plastisol-Ink-1024x683.jpg 1024w, https:\/\/shaliteink.com\/wp-content\/uploads\/2025\/04\/Acid-Blue-Screen-Printing-Plastisol-Ink-300x200.jpg 300w, https:\/\/shaliteink.com\/wp-content\/uploads\/2025\/04\/Acid-Blue-Screen-Printing-Plastisol-Ink-768x512.jpg 768w, https:\/\/shaliteink.com\/wp-content\/uploads\/2025\/04\/Acid-Blue-Screen-Printing-Plastisol-Ink-1536x1024.jpg 1536w, https:\/\/shaliteink.com\/wp-content\/uploads\/2025\/04\/Acid-Blue-Screen-Printing-Plastisol-Ink-2048x1365.jpg 2048w, https:\/\/shaliteink.com\/wp-content\/uploads\/2025\/04\/Acid-Blue-Screen-Printing-Plastisol-Ink-18x12.jpg 18w, https:\/\/shaliteink.com\/wp-content\/uploads\/2025\/04\/Acid-Blue-Screen-Printing-Plastisol-Ink-1200x800.jpg 1200w, https:\/\/shaliteink.com\/wp-content\/uploads\/2025\/04\/Acid-Blue-Screen-Printing-Plastisol-Ink-150x100.jpg 150w\" sizes=\"(max-width: 1024px) 100vw, 1024px\" \/><\/p>","protected":false},"excerpt":{"rendered":"<p>Serigrafia Azul \u00c1cido Shaliteink: Descubra um mundo de cores vibrantes e resultados profissionais com a tinta plastisol. H\u00e1 duas d\u00e9cadas, a Shaliteink \u00e9 l\u00edder global na fabrica\u00e7\u00e3o de tintas premium para serigrafia, oferecendo qualidade de f\u00e1brica confi\u00e1vel e reconhecida por marcas mundialmente famosas. Nossa tinta plastisol azul \u00e1cido foi cuidadosamente desenvolvida para proporcionar cores surpreendentemente vibrantes para todas as suas necessidades de impress\u00e3o t\u00eaxtil, al\u00e9m de excelente cobertura e desempenho confi\u00e1vel. Experimente a diferen\u00e7a que vem de anos de experi\u00eancia e excel\u00eancia.<\/p>","protected":false},"featured_media":1511,"comment_status":"open","ping_status":"closed","template":"","meta":[],"product_brand":[],"product_cat":[39],"product_tag":[],"class_list":{"0":"post-1133","1":"product","2":"type-product","3":"status-publish","4":"has-post-thumbnail","6":"product_cat-plastisol-ink","8":"first","9":"instock","10":"shipping-taxable","11":"purchasable","12":"product-type-variable"},"tiered_pricing_type":"fixed","tiered_pricing_fixed_rules":[],"tiered_pricing_product_settings":{"layout":"default","base_unit_name":{"singular":null,"plural":null},"default_variation":null},"tiered_pricing_minimum_quantity":null,"tiered_pricing_roles_data":[],"tiered_pricing_percentage_rules":[],"tiered_pricing_maximum_quantity":null,"tiered_pricing_quantity_step":null,"_links":{"self":[{"href":"https:\/\/shaliteink.com\/pt\/wp-json\/wp\/v2\/product\/1133","targetHints":{"allow":["GET"]}}],"collection":[{"href":"https:\/\/shaliteink.com\/pt\/wp-json\/wp\/v2\/product"}],"about":[{"href":"https:\/\/shaliteink.com\/pt\/wp-json\/wp\/v2\/types\/product"}],"replies":[{"embeddable":true,"href":"https:\/\/shaliteink.com\/pt\/wp-json\/wp\/v2\/comments?post=1133"}],"version-history":[{"count":0,"href":"https:\/\/shaliteink.com\/pt\/wp-json\/wp\/v2\/product\/1133\/revisions"}],"wp:featuredmedia":[{"embeddable":true,"href":"https:\/\/shaliteink.com\/pt\/wp-json\/wp\/v2\/media\/1511"}],"wp:attachment":[{"href":"https:\/\/shaliteink.com\/pt\/wp-json\/wp\/v2\/media?parent=1133"}],"wp:term":[{"taxonomy":"product_brand","embeddable":true,"href":"https:\/\/shaliteink.com\/pt\/wp-json\/wp\/v2\/product_brand?post=1133"},{"taxonomy":"product_cat","embeddable":true,"href":"https:\/\/shaliteink.com\/pt\/wp-json\/wp\/v2\/product_cat?post=1133"},{"taxonomy":"product_tag","embeddable":true,"href":"https:\/\/shaliteink.com\/pt\/wp-json\/wp\/v2\/product_tag?post=1133"}],"curies":[{"name":"wp","href":"https:\/\/api.w.org\/{rel}","templated":true}]}}