{"id":1128,"date":"2025-04-11T07:05:50","date_gmt":"2025-04-11T07:05:50","guid":{"rendered":"https:\/\/shaliteink.com\/?post_type=product&#038;p=1128"},"modified":"2025-12-10T11:29:40","modified_gmt":"2025-12-10T11:29:40","slug":"tinta-plastisol-azul-brilhante-para-serigrafia","status":"publish","type":"product","link":"https:\/\/shaliteink.com\/pt\/produto\/tinta-plastisol-azul-brilhante-para-serigrafia\/","title":{"rendered":"Tinta plastisol para serigrafia em azul brilhante"},"content":{"rendered":"<h3 class=\"ng-star-inserted\"><span class=\"ng-star-inserted\">Por que escolher a tinta plastisol azul brilhante da Shaliteink?<\/span><\/h3>\n<p>Nosso <strong>tinta plastisol azul brilhante<\/strong> \u00c9 projetado tanto para profissionais experientes quanto para iniciantes, o que garante melhores resultados a cada uso. <strong><a href=\"https:\/\/shaliteink.com\/pt\/categoria-produto\/tinta-plastisol\/\">tinta de serigrafia<\/a><\/strong> Faz parte da nossa linha principal de tintas plastisol, preparada com precis\u00e3o e profundo conhecimento das necessidades dos serigrafistas. Experimente um novo n\u00edvel de efici\u00eancia e talento com a shaliteink.<\/p>\n<p><img decoding=\"async\" class=\"wp-image-3970 size-large aligncenter\" src=\"https:\/\/shaliteink.com\/wp-content\/uploads\/2025\/04\/Bright-Blue-Screen-Printing-Plastisol-Ink-1024x683.jpg\" alt=\"Tinta plastisol para serigrafia em azul brilhante\" width=\"1024\" height=\"683\" srcset=\"https:\/\/shaliteink.com\/wp-content\/uploads\/2025\/04\/Bright-Blue-Screen-Printing-Plastisol-Ink-1024x683.jpg 1024w, https:\/\/shaliteink.com\/wp-content\/uploads\/2025\/04\/Bright-Blue-Screen-Printing-Plastisol-Ink-300x200.jpg 300w, https:\/\/shaliteink.com\/wp-content\/uploads\/2025\/04\/Bright-Blue-Screen-Printing-Plastisol-Ink-768x512.jpg 768w, https:\/\/shaliteink.com\/wp-content\/uploads\/2025\/04\/Bright-Blue-Screen-Printing-Plastisol-Ink-1536x1024.jpg 1536w, https:\/\/shaliteink.com\/wp-content\/uploads\/2025\/04\/Bright-Blue-Screen-Printing-Plastisol-Ink-2048x1365.jpg 2048w, https:\/\/shaliteink.com\/wp-content\/uploads\/2025\/04\/Bright-Blue-Screen-Printing-Plastisol-Ink-18x12.jpg 18w, https:\/\/shaliteink.com\/wp-content\/uploads\/2025\/04\/Bright-Blue-Screen-Printing-Plastisol-Ink-1200x800.jpg 1200w, https:\/\/shaliteink.com\/wp-content\/uploads\/2025\/04\/Bright-Blue-Screen-Printing-Plastisol-Ink-150x100.jpg 150w\" sizes=\"(max-width: 1024px) 100vw, 1024px\" \/><\/p>\n<p class=\"ng-star-inserted\"><strong class=\"ng-star-inserted\"><span class=\"ng-star-inserted\">Principais benef\u00edcios e caracter\u00edsticas:<\/span><\/strong><\/p>\n<ul class=\"ng-star-inserted\">\n<li class=\"ng-star-inserted\">Cores vibrantes e ousadas: Consiga estampas azuis brilhantes, atraentes e realistas, que se destacam na fachada.<\/li>\n<li class=\"ng-star-inserted\">Maior cobertura: Nossa tinta plastisol proporciona excelente cobertura, mesmo em roupas escuras, muitas vezes reduzindo a necessidade de v\u00e1rias dem\u00e3os.<\/li>\n<li class=\"ng-star-inserted\">Estampas com toque suave: Desfrute de uma sensa\u00e7\u00e3o macia e suave em suas roupas estampadas, aumentando o conforto ao vestir.<\/li>\n<li class=\"ng-star-inserted\">\u00c9 f\u00e1cil de trabalhar: A textura de corpo curto da nossa tinta plastisol para serigrafia torna incrivelmente f\u00e1cil mistur\u00e1-la, imprimi-la e limp\u00e1-la.<\/li>\n<li class=\"ng-star-inserted\">Compatibilidade universal com tecidos: ideal para diferentes tipos de vestu\u00e1rio, especialmente algod\u00e3o 100% e diversas misturas.<\/li>\n<li class=\"ng-star-inserted\">F\u00f3rmula sem ftalatos: compromisso com a seguran\u00e7a e a responsabilidade ambiental.<\/li>\n<li class=\"ng-star-inserted\">Tratamento personalizado: Projetado para um tratamento eficiente com consumo m\u00ednimo de energia.<\/li>\n<\/ul>\n<h3 class=\"ng-star-inserted\"><span class=\"ng-star-inserted\">Detalhes do produto<\/span><\/h3>\n<p>Nossa tinta plastisol azul brilhante para serigrafia oferece um acabamento com brilho intenso, que confere um aspecto profissional a todas as suas composi\u00e7\u00f5es. Sua alta resist\u00eancia garante excelente desempenho em impress\u00e3o gramaturas e um tempo de secagem curto, otimizando seu fluxo de trabalho. Para impress\u00e3o em substratos escuros, recomendamos a t\u00e9cnica de impress\u00e3o-secagem-impress\u00e3o ou o uso de uma base branca para melhor reprodu\u00e7\u00e3o das cores. Para cores s\u00f3lidas, o ideal \u00e9 a reprodu\u00e7\u00e3o em um substrato branco azulado vibrante ou de cor clara.<\/p>\n<h3 class=\"ng-star-inserted\"><span class=\"ng-star-inserted\">Instru\u00e7\u00f5es de cura para tinta plastisol Shaliteink<\/span><\/h3>\n<p>Obter o tratamento ideal \u00e9 importante para a durabilidade da impress\u00e3o. Nossa tinta plastisol azul brilhante oferece um perfil de tratamento personalizado para economizar tempo e energia.<\/p>\n<ul>\n<li>Temperatura de tratamento: Nossa tinta suporta temperaturas de at\u00e9 160 \u00b0C (320 \u00b0F). Certifique-se de que toda a camada de tinta atinja e mantenha essa temperatura para um tratamento adequado.<\/li>\n<li>Temperatura do flash: Utilize uma temperatura entre 120 \u00b0C e 140 \u00b0C (248 \u00b0F e 284 \u00b0F) por cerca de 3 a 5 segundos. O tempo de exposi\u00e7\u00e3o do flash pode variar dependendo do seu equipamento e configura\u00e7\u00e3o espec\u00edficos.<\/li>\n<\/ul>\n<p><strong class=\"ng-star-inserted\"><span class=\"ng-star-inserted\">Orienta\u00e7\u00f5es importantes sobre o tratamento:<\/span><\/strong><\/p>\n<p>Para testar completamente o tratamento, permita de 5 a 10 lavagens. Se a estampa come\u00e7ar a deteriorar ap\u00f3s apenas 1 a 3 lavagens, isso indica tratamento insuficiente. O &quot;teste de elasticidade&quot; \u00e9 outro m\u00e9todo r\u00e1pido: estique a estampa at\u00e9 que ela cubra cerca de dois ter\u00e7os do comprimento da camiseta. Se as rachaduras na estampa n\u00e3o desaparecerem, o tratamento foi insuficiente. Recomendamos realizar um teste de elasticidade e um teste de lavagem em pequena escala antes da produ\u00e7\u00e3o em larga escala para garantir o tratamento e a impress\u00e3o corretos. Aumente o tempo de tratamento se os testes falharem.<\/p>\n<p><strong class=\"ng-star-inserted\"><span class=\"ng-star-inserted\">Misturas de poli\u00e9ster e migra\u00e7\u00e3o de corantes:<\/span><\/strong><\/p>\n<p>Nossa tinta plastisol foi desenvolvida para reduzir o sangramento em misturas de poli\u00e9ster. Ao realizar o tratamento a 160 \u00b0C, voc\u00ea pode reduzir significativamente o risco de migra\u00e7\u00e3o da tinta. A maioria dos corantes para tecidos de poli\u00e9ster tem uma temperatura de cura entre 132 \u00b0C e 139 \u00b0C (270 \u00b0F e 300 \u00b0F). O tratamento abaixo dessa faixa ajuda as cores a retornarem ao estado gasoso e evita o sangramento da tinta.<\/p>\n<p><strong class=\"ng-star-inserted\"><span class=\"ng-star-inserted\">Dica profissional sobre medi\u00e7\u00e3o de temperatura:<\/span><\/strong><\/p>\n<p>Lembre-se de que os term\u00f4metros a laser fornecem leituras superficiais e podem ser enganosos. Para medir a temperatura exata da camada interna de tinta, considere usar uma sonda circular. A leitura da superf\u00edcie pode variar de 60 \u00b0F a 100 \u00b0F em rela\u00e7\u00e3o \u00e0 temperatura real do n\u00facleo da tinta, especialmente em t\u00faneis de secagem pequenos. Fatores como espessura da tinta, temperatura inicial da tinta e comprimento do t\u00fanel de secagem afetam todos os tempos de medi\u00e7\u00e3o.<\/p>\n<p><img decoding=\"async\" class=\"aligncenter wp-image-3971 size-large\" src=\"https:\/\/shaliteink.com\/wp-content\/uploads\/2025\/04\/Bright-Blue-Screen-Printing-Plastisol-Ink-1-1024x683.jpg\" alt=\"Tinta plastisol para serigrafia em azul brilhante\" width=\"1024\" height=\"683\" srcset=\"https:\/\/shaliteink.com\/wp-content\/uploads\/2025\/04\/Bright-Blue-Screen-Printing-Plastisol-Ink-1-1024x683.jpg 1024w, https:\/\/shaliteink.com\/wp-content\/uploads\/2025\/04\/Bright-Blue-Screen-Printing-Plastisol-Ink-1-300x200.jpg 300w, https:\/\/shaliteink.com\/wp-content\/uploads\/2025\/04\/Bright-Blue-Screen-Printing-Plastisol-Ink-1-768x512.jpg 768w, https:\/\/shaliteink.com\/wp-content\/uploads\/2025\/04\/Bright-Blue-Screen-Printing-Plastisol-Ink-1-1536x1024.jpg 1536w, https:\/\/shaliteink.com\/wp-content\/uploads\/2025\/04\/Bright-Blue-Screen-Printing-Plastisol-Ink-1-2048x1365.jpg 2048w, https:\/\/shaliteink.com\/wp-content\/uploads\/2025\/04\/Bright-Blue-Screen-Printing-Plastisol-Ink-1-18x12.jpg 18w, https:\/\/shaliteink.com\/wp-content\/uploads\/2025\/04\/Bright-Blue-Screen-Printing-Plastisol-Ink-1-1200x800.jpg 1200w, https:\/\/shaliteink.com\/wp-content\/uploads\/2025\/04\/Bright-Blue-Screen-Printing-Plastisol-Ink-1-150x100.jpg 150w\" sizes=\"(max-width: 1024px) 100vw, 1024px\" \/><\/p>\n<h3 class=\"ng-star-inserted\"><span class=\"ng-star-inserted\">Limpeza e armazenamento<\/span><\/h3>\n<p>A manuten\u00e7\u00e3o dos seus equipamentos e a preserva\u00e7\u00e3o da sua tinta s\u00e3o garantidas com a Shaliteink.<\/p>\n<ul>\n<li>Na impressora: Utilize um produto de limpeza\/degradante de tinta plastisol espec\u00edfico para uma limpeza eficiente.<\/li>\n<li>Na pia: Um produto de limpeza para telas \u00e0 base de plastisol\/removedor de tinta limpar\u00e1 sua tela de forma eficaz.<\/li>\n<\/ul>\n<p><strong class=\"ng-star-inserted\"><span class=\"ng-star-inserted\">Informa\u00e7\u00f5es de armazenamento:<\/span><\/strong><\/p>\n<p>Armazene sua shaliteink <strong><a href=\"https:\/\/shaliteink.com\/pt\/categoria-produto\/tinta-plastisol\/\">tinta plastisol<\/a><\/strong> Armazene em temperatura ambiente, idealmente entre 18 \u00b0C e 32 \u00b0C (65 \u00b0F e 90 \u00b0F), e evite a exposi\u00e7\u00e3o direta \u00e0 luz solar. Em contato prolongado com temperaturas acima de 32 \u00b0C (90 \u00b0F), a tinta pode sofrer altera\u00e7\u00f5es no recipiente, comprometendo sua efic\u00e1cia.<\/p>\n<h3 class=\"ng-star-inserted\"><span class=\"ng-star-inserted\">Ficha de Dados de Seguran\u00e7a<\/span><\/h3>\n<p>Para informa\u00e7\u00f5es detalhadas sobre seguran\u00e7a, consulte nossa ficha de dados de seguran\u00e7a (SDS), dispon\u00edvel para download em nosso site.<\/p>","protected":false},"excerpt":{"rendered":"<p>A Shaliteink \u00e9 l\u00edder mundial em impress\u00e3o serigr\u00e1fica com tinta plastisol, gra\u00e7as a vinte anos de experi\u00eancia em fabrica\u00e7\u00e3o e vendas diretas da f\u00e1brica. Trabalhamos em parceria com diversas marcas mundialmente famosas, oferecendo qualidade premium e desempenho excepcional. Nossa tinta plastisol azul brilhante para serigrafia foi desenvolvida para elevar seus projetos de impress\u00e3o com cores vibrantes e facilidade de uso.<\/p>","protected":false},"featured_media":1473,"comment_status":"open","ping_status":"closed","template":"","meta":[],"product_brand":[],"product_cat":[39],"product_tag":[],"class_list":{"0":"post-1128","1":"product","2":"type-product","3":"status-publish","4":"has-post-thumbnail","6":"product_cat-plastisol-ink","8":"first","9":"instock","10":"shipping-taxable","11":"purchasable","12":"product-type-variable"},"tiered_pricing_type":"fixed","tiered_pricing_fixed_rules":[],"tiered_pricing_product_settings":{"layout":"default","base_unit_name":{"singular":null,"plural":null},"default_variation":null},"tiered_pricing_minimum_quantity":null,"tiered_pricing_roles_data":[],"tiered_pricing_percentage_rules":[],"tiered_pricing_maximum_quantity":null,"tiered_pricing_quantity_step":null,"_links":{"self":[{"href":"https:\/\/shaliteink.com\/pt\/wp-json\/wp\/v2\/product\/1128","targetHints":{"allow":["GET"]}}],"collection":[{"href":"https:\/\/shaliteink.com\/pt\/wp-json\/wp\/v2\/product"}],"about":[{"href":"https:\/\/shaliteink.com\/pt\/wp-json\/wp\/v2\/types\/product"}],"replies":[{"embeddable":true,"href":"https:\/\/shaliteink.com\/pt\/wp-json\/wp\/v2\/comments?post=1128"}],"version-history":[{"count":0,"href":"https:\/\/shaliteink.com\/pt\/wp-json\/wp\/v2\/product\/1128\/revisions"}],"wp:featuredmedia":[{"embeddable":true,"href":"https:\/\/shaliteink.com\/pt\/wp-json\/wp\/v2\/media\/1473"}],"wp:attachment":[{"href":"https:\/\/shaliteink.com\/pt\/wp-json\/wp\/v2\/media?parent=1128"}],"wp:term":[{"taxonomy":"product_brand","embeddable":true,"href":"https:\/\/shaliteink.com\/pt\/wp-json\/wp\/v2\/product_brand?post=1128"},{"taxonomy":"product_cat","embeddable":true,"href":"https:\/\/shaliteink.com\/pt\/wp-json\/wp\/v2\/product_cat?post=1128"},{"taxonomy":"product_tag","embeddable":true,"href":"https:\/\/shaliteink.com\/pt\/wp-json\/wp\/v2\/product_tag?post=1128"}],"curies":[{"name":"wp","href":"https:\/\/api.w.org\/{rel}","templated":true}]}}