{"id":1114,"date":"2025-04-11T06:41:46","date_gmt":"2025-04-11T06:41:46","guid":{"rendered":"https:\/\/shaliteink.com\/?post_type=product&#038;p=1114"},"modified":"2025-12-10T11:31:59","modified_gmt":"2025-12-10T11:31:59","slug":"tinta-plastisol-azul-marinho-para-serigrafia","status":"publish","type":"product","link":"https:\/\/shaliteink.com\/pt\/produto\/tinta-plastisol-azul-marinho-para-serigrafia\/","title":{"rendered":"Tinta Plastisol para Serigrafia Azul Marinho"},"content":{"rendered":"<p class=\"ng-star-inserted\"><strong class=\"ng-star-inserted\"><span class=\"ng-star-inserted\">Tinta plastisol para serigrafia Shaliteink azul marinho \u2013 Obtenha resultados profissionais com facilidade.<\/span><\/strong><\/p>\n<p>Voc\u00ea est\u00e1 procurando por um servi\u00e7o confi\u00e1vel e de alta qualidade? <strong><a href=\"https:\/\/shaliteink.com\/pt\/categoria-produto\/tinta-plastisol\/\">tinta plastisol<\/a><\/strong> que proporciona resultados vibrantes e profissionais de forma consistente? A serigrafia azul marinho da Shaliteink n\u00e3o abre m\u00e3o da tinta plastisol. Com duas d\u00e9cadas de experi\u00eancia em fabrica\u00e7\u00e3o e pre\u00e7os direto da f\u00e1brica, a Shaliteink \u00e9 l\u00edder global em <strong><a href=\"https:\/\/shaliteink.com\/pt\/screen-printing-ink\/\">tinta de serigrafia<\/a><\/strong> Varejo, confi\u00e1vel e utilizada por muitas marcas mundialmente renomadas. Nosso compromisso com a qualidade e a inova\u00e7\u00e3o garante que nossa tinta atenda \u00e0s exig\u00eancias rigorosas tanto de profissionais experientes quanto de iniciantes ambiciosos.<\/p>\n<p><img decoding=\"async\" class=\"wp-image-3964 size-large aligncenter\" src=\"https:\/\/shaliteink.com\/wp-content\/uploads\/2025\/04\/Navy-Blue-Screen-Printing-Plastisol-Ink-1024x683.jpg\" alt=\"Tinta Plastisol para Serigrafia Azul Marinho\" width=\"1024\" height=\"683\" srcset=\"https:\/\/shaliteink.com\/wp-content\/uploads\/2025\/04\/Navy-Blue-Screen-Printing-Plastisol-Ink-1024x683.jpg 1024w, https:\/\/shaliteink.com\/wp-content\/uploads\/2025\/04\/Navy-Blue-Screen-Printing-Plastisol-Ink-300x200.jpg 300w, https:\/\/shaliteink.com\/wp-content\/uploads\/2025\/04\/Navy-Blue-Screen-Printing-Plastisol-Ink-768x512.jpg 768w, https:\/\/shaliteink.com\/wp-content\/uploads\/2025\/04\/Navy-Blue-Screen-Printing-Plastisol-Ink-1536x1024.jpg 1536w, https:\/\/shaliteink.com\/wp-content\/uploads\/2025\/04\/Navy-Blue-Screen-Printing-Plastisol-Ink-2048x1365.jpg 2048w, https:\/\/shaliteink.com\/wp-content\/uploads\/2025\/04\/Navy-Blue-Screen-Printing-Plastisol-Ink-18x12.jpg 18w, https:\/\/shaliteink.com\/wp-content\/uploads\/2025\/04\/Navy-Blue-Screen-Printing-Plastisol-Ink-1200x800.jpg 1200w, https:\/\/shaliteink.com\/wp-content\/uploads\/2025\/04\/Navy-Blue-Screen-Printing-Plastisol-Ink-150x100.jpg 150w\" sizes=\"(max-width: 1024px) 100vw, 1024px\" \/><\/p>\n<p class=\"ng-star-inserted\"><strong class=\"ng-star-inserted\"><span class=\"ng-star-inserted\">Principais benef\u00edcios de <\/span><\/strong><strong><span class=\"ng-star-inserted\"><a href=\"https:\/\/shaliteink.com\/pt\/\">Shaliteink<\/a><\/span><\/strong><strong class=\"ng-star-inserted\"><span class=\"ng-star-inserted\"> Tinta plastisol azul marinho:<\/span><\/strong><\/p>\n<ul class=\"ng-star-inserted\">\n<li class=\"ng-star-inserted\">Cobertura vibrante e opaca: mesmo em roupas escuras, obtenha estampas azul-marinho marcantes e v\u00edvidas com excelente resultado.<\/li>\n<li class=\"ng-star-inserted\">Toque macio: Desfrute de uma sensa\u00e7\u00e3o de toque extremamente macio em suas roupas preparadas, aumentando o conforto ao us\u00e1-las.<\/li>\n<li class=\"ng-star-inserted\">Compatibilidade universal com tecidos: Vers\u00e1til o suficiente para uma variedade de roupas, incluindo algod\u00e3o, poli\u00e9ster e muito mais.<\/li>\n<li class=\"ng-star-inserted\">Baixa transfer\u00eancia de corantes para misturas de poli\u00e9ster: Especialmente desenvolvido para reduzir a migra\u00e7\u00e3o de corantes ao trabalhar com poli\u00e9ster e tecidos com interior em poli\u00e9ster.<\/li>\n<li class=\"ng-star-inserted\">F\u00f3rmula sem ftalatos: uma op\u00e7\u00e3o segura tanto para impressoras quanto para usu\u00e1rios, atendendo aos padr\u00f5es modernos da ind\u00fastria.<\/li>\n<li class=\"ng-star-inserted\">\u00c9 f\u00e1cil de trabalhar: a estabilidade cremosa e os pequenos gr\u00e3os proporcionam uma impress\u00e3o suave, reduzindo a fadiga e melhorando a efici\u00eancia.<\/li>\n<li class=\"ng-star-inserted\">Tratamento r\u00e1pido a baixas temperaturas: Nossa tinta plastisol cura de forma eficiente a 160 \u00b0C (320 \u00b0F), o que economiza energia e aumenta a produ\u00e7\u00e3o.<\/li>\n<li class=\"ng-star-inserted\">Desempenho ideal do flash: a secagem r\u00e1pida ocorre entre 120 \u00b0C e 140 \u00b0C (248 \u00b0F e 284 \u00b0F), permitindo t\u00e9cnicas eficientes de impress\u00e3o-flash-impress\u00e3o.<\/li>\n<li class=\"ng-star-inserted\">Acabamento semibrilhante: Proporciona um brilho sutil e atraente que real\u00e7a o apelo visual dos seus designs.<\/li>\n<\/ul>\n<p class=\"ng-star-inserted\"><strong class=\"ng-star-inserted\"><span class=\"ng-star-inserted\">Cura otimizada para desempenho m\u00e1ximo<\/span><\/strong><\/p>\n<p>A tinta plastisol azul-marinho da Shaliteink foi desenvolvida para um tratamento eficiente e confi\u00e1vel. Recomendamos o tratamento a 160 \u00b0C (320 \u00b0F). Para secagem r\u00e1pida, utilize uma temperatura entre 120 \u00b0C e 140 \u00b0C (248 \u00b0F e 284 \u00b0F) por 3 a 5 segundos. Atingir a temperatura correta de tratamento em toda a camada de tinta \u00e9 fundamental para a durabilidade da estampa. Embora os term\u00f4metros a laser forne\u00e7am leituras superficiais, \u00e9 importante garantir que o n\u00facleo da camada de tinta atinja a temperatura desejada. Recomendamos testar a elasticidade e a lavagem antes da produ\u00e7\u00e3o completa para confirmar o tratamento ideal. Uma estampa devidamente corrigida resistir\u00e1 a v\u00e1rias lavagens sem rachar ou desbotar. Para obter os melhores resultados, especialmente em roupas escuras, considere usar a tinta plastisol branca de alta cobertura, como o branco base, para m\u00e1xima vivacidade.<\/p>\n<p class=\"ng-star-inserted\"><strong class=\"ng-star-inserted\"><span class=\"ng-star-inserted\">A ci\u00eancia por tr\u00e1s da cura em baixa temperatura<\/span><\/strong><\/p>\n<p>Um dos benef\u00edcios importantes da tinta plastisol da Shaliteink \u00e9 a sua baixa temperatura de tratamento. O tratamento a 160 \u00b0C ajuda a prevenir problemas comuns como queimaduras e encolhimento, sendo especialmente vantajoso ao trabalhar com tecidos sens\u00edveis ao calor. Al\u00e9m disso, essa baixa temperatura reduz o risco de migra\u00e7\u00e3o de corantes em misturas de poli\u00e9ster. Os corantes de poli\u00e9ster geralmente reagem e se tornam gasosos a uma temperatura em torno de 270 \u00b0C a 300 \u00b0C. Ao fixar nossa tinta abaixo desse limite, voc\u00ea garante estampas n\u00edtidas, sem o indesejado &quot;sangramento&quot; das cores da pe\u00e7a na tinta. Isso n\u00e3o s\u00f3 melhora a qualidade da sua estampa, como tamb\u00e9m contribui para a redu\u00e7\u00e3o dos custos de energia e para a agilidade da produ\u00e7\u00e3o em suas opera\u00e7\u00f5es de serigrafia.<\/p>\n<p class=\"ng-star-inserted\"><strong class=\"ng-star-inserted\"><span class=\"ng-star-inserted\">Limpeza e armazenamento sem esfor\u00e7o<\/span><\/strong><\/p>\n<p>Com a Shaliteink, a manuten\u00e7\u00e3o do seu equipamento e o prolongamento da vida \u00fatil da sua tinta s\u00e3o simples. Para a limpeza na impressora, utilize um produto de limpeza espec\u00edfico para tintas plastisol ou um removedor de tinta. Para limpar a tela na pia, um produto de limpeza de telas de qualidade para tintas plastisol remover\u00e1 eficazmente os res\u00edduos de tinta. Armazene a sua tinta plastisol Shaliteink \u00e0 temperatura ambiente, idealmente entre 18 \u00b0C e 32 \u00b0C (65 \u00b0F e 90 \u00b0F), e evite a exposi\u00e7\u00e3o direta \u00e0 luz solar. A tinta pode iniciar o processo de deteriora\u00e7\u00e3o no recipiente se exposta a temperaturas acima de 32 \u00b0C (90 \u00b0F) por tempo prolongado.<\/p>\n<p class=\"ng-star-inserted\"><strong class=\"ng-star-inserted\"><span class=\"ng-star-inserted\">Shaliteink: Seu parceiro em excel\u00eancia em serigrafia<\/span><\/strong><\/p>\n<p>Por duas d\u00e9cadas, a serigrafia com tinta shaliteink tem sido sin\u00f4nimo de qualidade e confiabilidade no setor. Nossa cor Navy simboliza nosso compromisso em fornecer tintas plastisol azuis de primeira linha, que lhe permitem criar estampas incr\u00edveis e duradouras. Seja para abastecer um cronograma de produ\u00e7\u00e3o intenso ou iniciar um novo projeto criativo, escolha shaliteink para uma combina\u00e7\u00e3o imbat\u00edvel de desempenho, pre\u00e7o e facilidade de uso. Explore toda a nossa linha de tintas e suprimentos para serigrafia hoje mesmo!<\/p>\n<p><img decoding=\"async\" class=\"wp-image-3965 size-large aligncenter\" src=\"https:\/\/shaliteink.com\/wp-content\/uploads\/2025\/04\/Navy-Blue-Screen-Printing-Plastisol-Ink-1-1024x683.jpg\" alt=\"Tinta Plastisol para Serigrafia Azul Marinho\" width=\"1024\" height=\"683\" srcset=\"https:\/\/shaliteink.com\/wp-content\/uploads\/2025\/04\/Navy-Blue-Screen-Printing-Plastisol-Ink-1-1024x683.jpg 1024w, https:\/\/shaliteink.com\/wp-content\/uploads\/2025\/04\/Navy-Blue-Screen-Printing-Plastisol-Ink-1-300x200.jpg 300w, https:\/\/shaliteink.com\/wp-content\/uploads\/2025\/04\/Navy-Blue-Screen-Printing-Plastisol-Ink-1-768x512.jpg 768w, https:\/\/shaliteink.com\/wp-content\/uploads\/2025\/04\/Navy-Blue-Screen-Printing-Plastisol-Ink-1-1536x1024.jpg 1536w, https:\/\/shaliteink.com\/wp-content\/uploads\/2025\/04\/Navy-Blue-Screen-Printing-Plastisol-Ink-1-2048x1365.jpg 2048w, https:\/\/shaliteink.com\/wp-content\/uploads\/2025\/04\/Navy-Blue-Screen-Printing-Plastisol-Ink-1-18x12.jpg 18w, https:\/\/shaliteink.com\/wp-content\/uploads\/2025\/04\/Navy-Blue-Screen-Printing-Plastisol-Ink-1-1200x800.jpg 1200w, https:\/\/shaliteink.com\/wp-content\/uploads\/2025\/04\/Navy-Blue-Screen-Printing-Plastisol-Ink-1-150x100.jpg 150w\" sizes=\"(max-width: 1024px) 100vw, 1024px\" \/><\/p>","protected":false},"excerpt":{"rendered":"<p>Nossa tinta plastisol azul-marinho foi projetada para proporcionar uma experi\u00eancia extraordin\u00e1ria em serigrafia. Desenvolvida por especialistas para especialistas, ela oferece um tom azul-marinho rico e profundo, com opacidade e cobertura excepcionais, sendo ideal para uma ampla gama de aplica\u00e7\u00f5es. Seja em tecidos claros ou escuros, esta tinta proporciona um acabamento marcante e opaco que realmente se destaca. A textura cremosa da tinta plastisol Shaliteink, com corpo curto, garante facilidade de manuseio, impress\u00e3o suave e espont\u00e2nea, al\u00e9m de excelente expans\u00e3o, permitindo a reprodu\u00e7\u00e3o de padr\u00f5es.<\/p>","protected":false},"featured_media":1437,"comment_status":"open","ping_status":"closed","template":"","meta":[],"product_brand":[],"product_cat":[39],"product_tag":[],"class_list":{"0":"post-1114","1":"product","2":"type-product","3":"status-publish","4":"has-post-thumbnail","6":"product_cat-plastisol-ink","8":"first","9":"instock","10":"shipping-taxable","11":"purchasable","12":"product-type-variable"},"tiered_pricing_type":"fixed","tiered_pricing_fixed_rules":[],"tiered_pricing_product_settings":{"layout":"default","base_unit_name":{"singular":null,"plural":null},"default_variation":null},"tiered_pricing_minimum_quantity":null,"tiered_pricing_roles_data":[],"tiered_pricing_percentage_rules":[],"tiered_pricing_maximum_quantity":null,"tiered_pricing_quantity_step":null,"_links":{"self":[{"href":"https:\/\/shaliteink.com\/pt\/wp-json\/wp\/v2\/product\/1114","targetHints":{"allow":["GET"]}}],"collection":[{"href":"https:\/\/shaliteink.com\/pt\/wp-json\/wp\/v2\/product"}],"about":[{"href":"https:\/\/shaliteink.com\/pt\/wp-json\/wp\/v2\/types\/product"}],"replies":[{"embeddable":true,"href":"https:\/\/shaliteink.com\/pt\/wp-json\/wp\/v2\/comments?post=1114"}],"version-history":[{"count":0,"href":"https:\/\/shaliteink.com\/pt\/wp-json\/wp\/v2\/product\/1114\/revisions"}],"wp:featuredmedia":[{"embeddable":true,"href":"https:\/\/shaliteink.com\/pt\/wp-json\/wp\/v2\/media\/1437"}],"wp:attachment":[{"href":"https:\/\/shaliteink.com\/pt\/wp-json\/wp\/v2\/media?parent=1114"}],"wp:term":[{"taxonomy":"product_brand","embeddable":true,"href":"https:\/\/shaliteink.com\/pt\/wp-json\/wp\/v2\/product_brand?post=1114"},{"taxonomy":"product_cat","embeddable":true,"href":"https:\/\/shaliteink.com\/pt\/wp-json\/wp\/v2\/product_cat?post=1114"},{"taxonomy":"product_tag","embeddable":true,"href":"https:\/\/shaliteink.com\/pt\/wp-json\/wp\/v2\/product_tag?post=1114"}],"curies":[{"name":"wp","href":"https:\/\/api.w.org\/{rel}","templated":true}]}}