{"id":1109,"date":"2025-04-11T06:18:04","date_gmt":"2025-04-11T06:18:04","guid":{"rendered":"https:\/\/shaliteink.com\/?post_type=product&#038;p=1109"},"modified":"2025-12-10T11:32:03","modified_gmt":"2025-12-10T11:32:03","slug":"tinta-plastisol-azul-escuro-para-serigrafia","status":"publish","type":"product","link":"https:\/\/shaliteink.com\/pt\/produto\/tinta-plastisol-azul-escuro-para-serigrafia\/","title":{"rendered":"Tinta Plastisol para Serigrafia Azul Profundo"},"content":{"rendered":"<p class=\"ng-star-inserted\"><strong class=\"ng-star-inserted\"><span class=\"ng-star-inserted\">Principais benef\u00edcios e caracter\u00edsticas:<\/span><\/strong><\/p>\n<ul class=\"ng-star-inserted\">\n<li class=\"ng-star-inserted\">CURA IDEAL: Obtenha impress\u00f5es perfeitas com cura consistente a 160 \u00b0C (320 \u00b0F). Nossa f\u00f3rmula cuidadosamente desenvolvida garante a cura ideal. <strong><a href=\"https:\/\/shaliteink.com\/pt\/categoria-produto\/tinta-plastisol\/\">tinta plastisol<\/a> <\/strong>Garante a polimeriza\u00e7\u00e3o completa, assegurando m\u00e1xima lavabilidade e durabilidade.<\/li>\n<li>Toque macio: Apesar da alta opacidade, a Shaliteink <strong>Tinta azul escura para serigrafia<\/strong> Proporciona um toque incrivelmente macio, tornando seus tecidos confort\u00e1veis e desej\u00e1veis.<\/li>\n<li>Compatibilidade universal com tecidos: Projetada para oferecer desempenho excepcional em uma ampla variedade de tecidos, desde algod\u00e3o 100% at\u00e9 diversas misturas de poli\u00e9ster. Essa versatilidade a torna a escolha ideal para qualquer projeto.<\/li>\n<li>Excelente baixa transfer\u00eancia de cor: Gra\u00e7as \u00e0 sua formula\u00e7\u00e3o avan\u00e7ada, reduz a migra\u00e7\u00e3o de corantes em tecidos de poli\u00e9ster e misturas de poli\u00e9ster. Isso garante que suas estampas em azul escuro permane\u00e7am n\u00edtidas e livres de descolora\u00e7\u00e3o indesejada.<\/li>\n<li>F\u00f3rmula sem ftalatos: Compromisso com a seguran\u00e7a e a responsabilidade ambiental., <strong><a href=\"https:\/\/shaliteink.com\/pt\/\">Shaliteink<\/a><\/strong> A tinta plastisol n\u00e3o cont\u00e9m ftalatos, proporcionando tranquilidade tanto para as impressoras quanto para os usu\u00e1rios finais.<\/li>\n<li>Cobertura altamente opaca: Obtenha estampas em azul profundo, brilhantes e vibrantes, tanto em tecidos claros quanto escuros, com opacidade excepcional, muitas vezes exigindo menos passagens.<\/li>\n<li>Consist\u00eancia f\u00e1cil de usar: Nossas tintas plastisol t\u00eam uma textura cremosa e de gr\u00e3os finos, f\u00e1ceis de trabalhar, permitindo uma impress\u00e3o suave e intuitiva e excelente reprodu\u00e7\u00e3o de detalhes.<\/li>\n<li>Acabamento semibrilhante: Proporciona um acabamento semibrilhante profissional que real\u00e7a o apelo visual dos seus designs, conferindo-lhes um aspeto sofisticado e elegante.<\/li>\n<li>Secagem r\u00e1pida e produ\u00e7\u00e3o eficiente: Com uma faixa de temperatura de secagem de 120\u00b0C a 140\u00b0C (248\u00b0F a 284\u00b0F), a tinta plastisol Shaliteink Deep Blue facilita ciclos de produ\u00e7\u00e3o r\u00e1pidos, aumentando a efici\u00eancia da sua oficina e reduzindo os custos de energia.<\/li>\n<\/ul>\n<p><img decoding=\"async\" class=\"wp-image-3961 size-large aligncenter\" src=\"https:\/\/shaliteink.com\/wp-content\/uploads\/2025\/04\/Deep-Blue-Screen-Printing-Plastisol-Ink-1024x683.jpg\" alt=\"Tinta Plastisol para Serigrafia Azul Profundo\" width=\"1024\" height=\"683\" srcset=\"https:\/\/shaliteink.com\/wp-content\/uploads\/2025\/04\/Deep-Blue-Screen-Printing-Plastisol-Ink-1024x683.jpg 1024w, https:\/\/shaliteink.com\/wp-content\/uploads\/2025\/04\/Deep-Blue-Screen-Printing-Plastisol-Ink-300x200.jpg 300w, https:\/\/shaliteink.com\/wp-content\/uploads\/2025\/04\/Deep-Blue-Screen-Printing-Plastisol-Ink-768x512.jpg 768w, https:\/\/shaliteink.com\/wp-content\/uploads\/2025\/04\/Deep-Blue-Screen-Printing-Plastisol-Ink-1536x1024.jpg 1536w, https:\/\/shaliteink.com\/wp-content\/uploads\/2025\/04\/Deep-Blue-Screen-Printing-Plastisol-Ink-2048x1365.jpg 2048w, https:\/\/shaliteink.com\/wp-content\/uploads\/2025\/04\/Deep-Blue-Screen-Printing-Plastisol-Ink-18x12.jpg 18w, https:\/\/shaliteink.com\/wp-content\/uploads\/2025\/04\/Deep-Blue-Screen-Printing-Plastisol-Ink-1200x800.jpg 1200w, https:\/\/shaliteink.com\/wp-content\/uploads\/2025\/04\/Deep-Blue-Screen-Printing-Plastisol-Ink-150x100.jpg 150w\" sizes=\"(max-width: 1024px) 100vw, 1024px\" \/><\/p>\n<p class=\"ng-star-inserted\"><strong class=\"ng-star-inserted\"><span class=\"ng-star-inserted\">Instru\u00e7\u00f5es de cura para a tinta plastisol azul escuro da Shaliteink:<\/span><\/strong><\/p>\n<p>Para obter os melhores resultados, cure a tinta plastisol Shaliteink Deep Blue a 160 \u00b0C (320 \u00b0F). A tinta estar\u00e1 completamente curada quando toda a camada de tinta atingir 160 \u00b0C. Recomendamos o uso de uma sonda em formato de rosca ou um term\u00f4metro infravermelho espec\u00edfico para medir com precis\u00e3o a temperatura interna da tinta. As leituras de temperatura da superf\u00edcie feitas com term\u00f4metros a laser podem ser enganosas. Aque\u00e7a a sua impress\u00e3o entre 120 \u00b0C e 140 \u00b0C (248 \u00b0F e 284 \u00b0F) por 3 a 5 segundos.<\/p>\n<p><strong class=\"ng-star-inserted\"><span class=\"ng-star-inserted\">Testando sua cura:<\/span><\/strong><\/p>\n<p>Para garantir a cura adequada, fa\u00e7a um teste de elasticidade ap\u00f3s o resfriamento da estampa. Estique a \u00e1rea estampada at\u00e9 cerca de dois ter\u00e7os da elasticidade normal da pe\u00e7a. Se a tinta borrar e n\u00e3o retrair, isso indica cura incompleta. Para um teste mais preciso, realize um teste de lavagem; estampas totalmente curadas resistem de 5 a 10 lavagens sem deteriora\u00e7\u00e3o. Sempre fa\u00e7a pequenos testes de impress\u00e3o antes da produ\u00e7\u00e3o em larga escala para ajustar as configura\u00e7\u00f5es.<\/p>\n<p><strong class=\"ng-star-inserted\"><span class=\"ng-star-inserted\">Misturas de poli\u00e9ster e migra\u00e7\u00e3o de corantes:<\/span><\/strong><\/p>\n<p>Nossa f\u00f3rmula de baixa transfer\u00eancia de cor \u00e9 excelente para misturas de poli\u00e9ster. Ao realizar o tratamento a 160 \u00b0C, voc\u00ea permanece abaixo da temperatura t\u00edpica de sublima\u00e7\u00e3o da maioria dos tecidos de poli\u00e9ster (270 \u00b0F a 300 \u00b0F), prevenindo efetivamente a migra\u00e7\u00e3o da cor e garantindo que seu azul profundo permane\u00e7a intacto.<\/p>\n<p class=\"ng-star-inserted\"><strong class=\"ng-star-inserted\"><span class=\"ng-star-inserted\">Limpeza e armazenamento:<\/span><\/strong><\/p>\n<ul class=\"ng-star-inserted\">\n<li class=\"ng-star-inserted\">Na impress\u00e3o: Utilize um produto de limpeza espec\u00edfico para plastisol ou um removedor de tinta para uma limpeza r\u00e1pida e f\u00e1cil durante a produ\u00e7\u00e3o.<\/li>\n<li class=\"ng-star-inserted\">Na pia: Para recondicionar a tela, use um produto de limpeza para telas de plastisol ou um removedor de tinta para remover eficientemente os res\u00edduos de tinta.<\/li>\n<li class=\"ng-star-inserted\">Armazenamento: Armazene a tinta plastisol Shalitetink em local fresco e seco, entre 18\u00b0C e 32\u00b0C (65\u00b0F e 90\u00b0F), longe da luz solar direta. A exposi\u00e7\u00e3o prolongada a temperaturas acima de 32\u00b0C (90\u00b0F) pode causar a solidifica\u00e7\u00e3o da tinta no recipiente.<\/li>\n<\/ul>\n<p class=\"ng-star-inserted\"><strong class=\"ng-star-inserted\"><span class=\"ng-star-inserted\">Dicas profissionais da Shaliteink:<\/span><\/strong><\/p>\n<p>A tinta plastisol forma uma liga\u00e7\u00e3o mec\u00e2nica com as fibras do tecido, em vez de as colorir. Para melhores resultados, especialmente em tecidos escuros, considere usar uma base branca para maximizar a vivacidade do azul escuro. Certifique-se sempre de que as telas estejam devidamente tensionadas e utilize a malha adequada para uma deposi\u00e7\u00e3o ideal da tinta.<\/p>\n<p><img decoding=\"async\" class=\"wp-image-3962 size-large aligncenter\" src=\"https:\/\/shaliteink.com\/wp-content\/uploads\/2025\/04\/Deep-Blue-Screen-Printing-Plastisol-Ink-1-1024x683.jpg\" alt=\"Tinta Plastisol para Serigrafia Azul Profundo\" width=\"1024\" height=\"683\" srcset=\"https:\/\/shaliteink.com\/wp-content\/uploads\/2025\/04\/Deep-Blue-Screen-Printing-Plastisol-Ink-1-1024x683.jpg 1024w, https:\/\/shaliteink.com\/wp-content\/uploads\/2025\/04\/Deep-Blue-Screen-Printing-Plastisol-Ink-1-300x200.jpg 300w, https:\/\/shaliteink.com\/wp-content\/uploads\/2025\/04\/Deep-Blue-Screen-Printing-Plastisol-Ink-1-768x512.jpg 768w, https:\/\/shaliteink.com\/wp-content\/uploads\/2025\/04\/Deep-Blue-Screen-Printing-Plastisol-Ink-1-1536x1024.jpg 1536w, https:\/\/shaliteink.com\/wp-content\/uploads\/2025\/04\/Deep-Blue-Screen-Printing-Plastisol-Ink-1-2048x1365.jpg 2048w, https:\/\/shaliteink.com\/wp-content\/uploads\/2025\/04\/Deep-Blue-Screen-Printing-Plastisol-Ink-1-18x12.jpg 18w, https:\/\/shaliteink.com\/wp-content\/uploads\/2025\/04\/Deep-Blue-Screen-Printing-Plastisol-Ink-1-1200x800.jpg 1200w, https:\/\/shaliteink.com\/wp-content\/uploads\/2025\/04\/Deep-Blue-Screen-Printing-Plastisol-Ink-1-150x100.jpg 150w\" sizes=\"(max-width: 1024px) 100vw, 1024px\" \/><\/p>","protected":false},"excerpt":{"rendered":"<p>Experimente um novo patamar em serigrafia com a tinta plastisol Deep Blue da Shaliteink. Como l\u00edder global com mais de duas d\u00e9cadas de experi\u00eancia em fabrica\u00e7\u00e3o e opera\u00e7\u00f5es diretas em f\u00e1brica, a Shaliteink oferece tintas plastisol premium, cuidadosamente desenvolvidas para desempenho superior e resultados impressionantes. Entendemos as exig\u00eancias da serigrafia moderna, e \u00e9 por isso que nossa tinta plastisol Deep Blue foi projetada para oferecer impress\u00f5es consistentes e de alta qualidade, tornando-a a escolha ideal tanto para profissionais experientes quanto para artistas iniciantes.<\/p>\n<p>Nossa tinta plastisol azul profundo para serigrafia n\u00e3o \u00e9 apenas uma tinta; \u00e9 uma prova do nosso compromisso com a excel\u00eancia e a inova\u00e7\u00e3o. Trabalhamos em estreita colabora\u00e7\u00e3o com diversas marcas mundialmente renomadas, aprimorando suas f\u00f3rmulas para garantir que cada balde de Shaliteink ofere\u00e7a cores vibrantes e durabilidade incompar\u00e1veis. Este tom de azul intenso e profundo \u00e9 perfeito para criar estampas marcantes e adicionar um toque de sofistica\u00e7\u00e3o aos seus designs. Seja em algod\u00e3o, misturas de poli\u00e9ster ou outros tecidos, a tinta plastisol Shaliteink Azul Profundo garante cores brilhantes e duradouras que resistem ao tempo e \u00e0s lavagens repetidas.<\/p>","protected":false},"featured_media":1469,"comment_status":"open","ping_status":"closed","template":"","meta":[],"product_brand":[],"product_cat":[39],"product_tag":[],"class_list":{"0":"post-1109","1":"product","2":"type-product","3":"status-publish","4":"has-post-thumbnail","6":"product_cat-plastisol-ink","8":"first","9":"instock","10":"shipping-taxable","11":"purchasable","12":"product-type-variable"},"tiered_pricing_type":"fixed","tiered_pricing_fixed_rules":[],"tiered_pricing_product_settings":{"layout":"default","base_unit_name":{"singular":null,"plural":null},"default_variation":null},"tiered_pricing_minimum_quantity":null,"tiered_pricing_roles_data":[],"tiered_pricing_percentage_rules":[],"tiered_pricing_maximum_quantity":null,"tiered_pricing_quantity_step":null,"_links":{"self":[{"href":"https:\/\/shaliteink.com\/pt\/wp-json\/wp\/v2\/product\/1109","targetHints":{"allow":["GET"]}}],"collection":[{"href":"https:\/\/shaliteink.com\/pt\/wp-json\/wp\/v2\/product"}],"about":[{"href":"https:\/\/shaliteink.com\/pt\/wp-json\/wp\/v2\/types\/product"}],"replies":[{"embeddable":true,"href":"https:\/\/shaliteink.com\/pt\/wp-json\/wp\/v2\/comments?post=1109"}],"version-history":[{"count":0,"href":"https:\/\/shaliteink.com\/pt\/wp-json\/wp\/v2\/product\/1109\/revisions"}],"wp:featuredmedia":[{"embeddable":true,"href":"https:\/\/shaliteink.com\/pt\/wp-json\/wp\/v2\/media\/1469"}],"wp:attachment":[{"href":"https:\/\/shaliteink.com\/pt\/wp-json\/wp\/v2\/media?parent=1109"}],"wp:term":[{"taxonomy":"product_brand","embeddable":true,"href":"https:\/\/shaliteink.com\/pt\/wp-json\/wp\/v2\/product_brand?post=1109"},{"taxonomy":"product_cat","embeddable":true,"href":"https:\/\/shaliteink.com\/pt\/wp-json\/wp\/v2\/product_cat?post=1109"},{"taxonomy":"product_tag","embeddable":true,"href":"https:\/\/shaliteink.com\/pt\/wp-json\/wp\/v2\/product_tag?post=1109"}],"curies":[{"name":"wp","href":"https:\/\/api.w.org\/{rel}","templated":true}]}}