{"id":1103,"date":"2025-04-11T05:56:47","date_gmt":"2025-04-11T05:56:47","guid":{"rendered":"https:\/\/shaliteink.com\/?post_type=product&#038;p=1103"},"modified":"2025-12-10T11:24:40","modified_gmt":"2025-12-10T11:24:40","slug":"tinta-plastisol-azul-para-serigrafia","status":"publish","type":"product","link":"https:\/\/shaliteink.com\/pt\/produto\/tinta-plastisol-azul-para-serigrafia\/","title":{"rendered":"Tinta Plastisol para Serigrafia Azul"},"content":{"rendered":"<p><strong><a href=\"https:\/\/shaliteink.com\/pt\/\">Shaliteink<\/a><\/strong> A serigrafia azul eleva a impress\u00e3o t\u00eaxtil com tinta plastisol, projetada para resultados extraordin\u00e1rios e facilidade de uso, sendo uma solu\u00e7\u00e3o premium. Com duas d\u00e9cadas de experi\u00eancia em fabrica\u00e7\u00e3o, a Shaliteink oferece uma tinta plastisol personalizada que atende \u00e0s demandas de profissionais experientes e artistas iniciantes. Nossa forte parceria com marcas mundialmente famosas refor\u00e7a nosso compromisso com a qualidade e a inova\u00e7\u00e3o na ind\u00fastria de tintas para serigrafia. Esta vibrante tinta plastisol \u00e9 a solu\u00e7\u00e3o ideal para suas impress\u00f5es t\u00eaxteis.<strong> tinta plastisol azul <\/strong>\u00c9 especialmente desenvolvido para uma ampla gama de vestu\u00e1rio, oferecendo excelente desempenho e um acabamento que realmente se destaca. Experimente a combina\u00e7\u00e3o perfeita de alta qualidade, um toque macio e luxuoso e caracter\u00edsticas de tratamento confi\u00e1veis que otimizar\u00e3o sua produ\u00e7\u00e3o e impactar\u00e3o positivamente seus clientes.<\/p>\n<p><img decoding=\"async\" class=\"aligncenter wp-image-3843 size-full\" src=\"https:\/\/shaliteink.com\/wp-content\/uploads\/2025\/04\/Blue-Screen-Printing-Plastisol-Ink.png\" alt=\"Tinta Plastisol para Serigrafia Azul\" width=\"1190\" height=\"1024\" srcset=\"https:\/\/shaliteink.com\/wp-content\/uploads\/2025\/04\/Blue-Screen-Printing-Plastisol-Ink.png 1190w, https:\/\/shaliteink.com\/wp-content\/uploads\/2025\/04\/Blue-Screen-Printing-Plastisol-Ink-300x258.png 300w, https:\/\/shaliteink.com\/wp-content\/uploads\/2025\/04\/Blue-Screen-Printing-Plastisol-Ink-1024x881.png 1024w, https:\/\/shaliteink.com\/wp-content\/uploads\/2025\/04\/Blue-Screen-Printing-Plastisol-Ink-768x661.png 768w, https:\/\/shaliteink.com\/wp-content\/uploads\/2025\/04\/Blue-Screen-Printing-Plastisol-Ink-14x12.png 14w, https:\/\/shaliteink.com\/wp-content\/uploads\/2025\/04\/Blue-Screen-Printing-Plastisol-Ink-150x129.png 150w\" sizes=\"(max-width: 1190px) 100vw, 1190px\" \/><\/p>\n<h3 class=\"ng-star-inserted\"><span class=\"ng-star-inserted\">Principais caracter\u00edsticas e benef\u00edcios<\/span><\/h3>\n<ul>\n<li>Temperatura ideal de tratamento: 160 \u00b0C (320 \u00b0F) trata de forma eficiente, reduzindo o risco de danos \u00e0s roupas e economizando energia.<\/li>\n<li>Textura macia ao toque: Obtenha uma sensa\u00e7\u00e3o luxuosa e suave ao toque em suas roupas preparadas, aumentando o conforto ao vestir.<\/li>\n<li>Compatibilidade universal com tecidos: Ideal para diversos tipos de vestu\u00e1rio, incluindo algod\u00e3o, misturas de algod\u00e3o\/poli\u00e9ster e misturas de poli\u00e9ster, cria uma tinta vers\u00e1til para serigrafia.<\/li>\n<li>Baixa transfer\u00eancia de tinta para misturas de poli\u00e9ster: preparado para reduzir a migra\u00e7\u00e3o de corantes na impress\u00e3o em tecidos de poli\u00e9ster e com textura de poli\u00e9ster.<\/li>\n<li>F\u00f3rmula sem ftalatos: uma op\u00e7\u00e3o segura tanto para a impressora quanto para o meio ambiente.<\/li>\n<li>Cobertura altamente opaca: A cor escura tamb\u00e9m distribui cores vivas e intensas com excelente cobertura sobre o substrato.<\/li>\n<li>\u00c9 f\u00e1cil de usar: a textura cremosa e a estabilidade com bordas curtas garantem uma aplica\u00e7\u00e3o suave e melhores detalhes.<\/li>\n<li>Acabamento semibrilhante: Proporciona um aspecto profissional e atraente \u00e0 sua impress\u00e3o.<\/li>\n<li>Tempos de secagem r\u00e1pidos: Brilha rapidamente a 120\u2013140 \u00b0C (248-284 \u00b0F) para impress\u00e3o eficiente em v\u00e1rias chamadas.<\/li>\n<li>Custo-benef\u00edcio para o produtor: A baixa temperatura de tratamento significa produ\u00e7\u00e3o r\u00e1pida e reduz o consumo de energia, maximizando seu retorno sobre o investimento.<\/li>\n<\/ul>\n<h3 class=\"ng-star-inserted\"><span class=\"ng-star-inserted\">Instru\u00e7\u00f5es de cura<\/span><\/h3>\n<p>Para uma ades\u00e3o e durabilidade ideais, use Shaliteink azul. <strong><a href=\"https:\/\/shaliteink.com\/pt\/categoria-produto\/tinta-plastisol\/\">tinta plastisol<\/a><\/strong> A cura \u00e9 eficaz a 160 \u00b0C (320 \u00b0F). Quando toda a camada de tinta atinge 160 \u00b0C, a tinta est\u00e1 completamente curada. Para um acabamento brilhante, recomenda-se uma temperatura entre 120\u2013140 \u00b0C (248\u2013284 \u00b0F) por 3 a 5 segundos. Observe que o tempo de cura real pode variar dependendo do seu equipamento, da quantidade de tinta depositada e do substrato.<\/p>\n<p class=\"ng-star-inserted\"><strong class=\"ng-star-inserted\"><span class=\"ng-star-inserted\">Dicas importantes para a cura:<\/span><\/strong><\/p>\n<ul class=\"ng-star-inserted\">\n<li class=\"ng-star-inserted\">Teste de elasticidade: Ap\u00f3s o tratamento, estique o tecido estampado em cerca de dois ter\u00e7os do seu comprimento original. Se as rachaduras na estampa n\u00e3o voltarem ao normal, o problema pode ser um tratamento insuficiente.<\/li>\n<li class=\"ng-star-inserted\">Teste de lavagem: Aguarde 24 horas para que a tinta fixe completamente antes de lavar. Uma impress\u00e3o fixada corretamente resistir\u00e1 de 5 a 10 lavagens sem apresentar desgaste. Se a impress\u00e3o apresentar desgaste significativo ap\u00f3s 1 a 3 lavagens, aumente o tempo de tratamento.<\/li>\n<li class=\"ng-star-inserted\">Monitoramento de temperatura: Term\u00f4metros de superf\u00edcie podem ser enganosos, pois medem apenas a camada superficial. Para medi\u00e7\u00f5es de temperatura precisas, especialmente em toda a camada de tinta, considere o uso de uma sonda em formato de rosca.<\/li>\n<li class=\"ng-star-inserted\">Mistura de poli\u00e9ster: Ao trabalhar com poli\u00e9ster ou misturas de poli\u00e9ster, \u00e9 importante manter a temperatura de tratamento mais baixa poss\u00edvel (160 \u00b0C) para evitar a migra\u00e7\u00e3o do corante (desbotamento). Isso ocorre porque muitos corantes para poli\u00e9ster s\u00e3o ativados em temperaturas entre 132\u2013149 \u00b0C (270\u2013300 \u00b0F).<\/li>\n<\/ul>\n<h3 class=\"ng-star-inserted\"><span class=\"ng-star-inserted\">Limpar<\/span><\/h3>\n<p>\u00c9 conveniente usar Shaliteink para manter sua \u00e1rea de trabalho organizada. Para limpezas na tela, use um produto de limpeza espec\u00edfico para tinta plastisol ou um removedor de tinta. Para a limpeza da tela na pia, um produto de limpeza para telas de plastisol ou um removedor de tinta remover\u00e1 eficazmente todos os res\u00edduos de tinta.<\/p>\n<h3 class=\"ng-star-inserted\"><span class=\"ng-star-inserted\">Informa\u00e7\u00f5es de armazenamento<\/span><\/h3>\n<p>Armazene a tinta plastisol azul Shaliteink em temperatura ambiente, idealmente entre 18 e 32 \u00b0C (65 e 90 \u00b0F), e longe da luz solar direta. O contato prolongado com temperaturas acima de 32 \u00b0C (90 \u00b0F) pode causar a deteriora\u00e7\u00e3o da tinta no recipiente, afetando sua efic\u00e1cia.<\/p>\n<h3 class=\"ng-star-inserted\"><span class=\"ng-star-inserted\">Dicas profissionais<\/span><\/h3>\n<ul class=\"ng-star-inserted\">\n<li class=\"ng-star-inserted\">Base: Para impress\u00e3o em tecidos escuros, recomendamos o uso de uma base branca para garantir cores azuis vibrantes e precisas.<\/li>\n<li class=\"ng-star-inserted\">Liga\u00e7\u00f5es mec\u00e2nicas: Lembre-se, a tinta plastisol cria uma liga\u00e7\u00e3o mec\u00e2nica envolvendo a fibra do tecido, em vez de tingi-la. Isso \u00e9 importante para a sua durabilidade.<\/li>\n<li class=\"ng-star-inserted\">Teste antes da produ\u00e7\u00e3o: Sempre teste a elasticidade e a resist\u00eancia \u00e0 lavagem em uma pe\u00e7a de roupa de amostra para confirmar o tratamento adequado e a qualidade da impress\u00e3o antes de iniciar uma produ\u00e7\u00e3o em grande escala.<\/li>\n<li>Ficha de Dados de Seguran\u00e7a: Para informa\u00e7\u00f5es detalhadas sobre seguran\u00e7a, consulte nossa ficha de dados de seguran\u00e7a (FDS) dispon\u00edvel em nosso site.<\/li>\n<\/ul>\n<p>Descubra a diferen\u00e7a que a Shaliteink faz na serigrafia azul com tinta plastisol. Perfeita para projetos de serigrafia que buscam cores mais vibrantes, maior durabilidade e um toque suave.<\/p>\n<p><img decoding=\"async\" class=\"aligncenter wp-image-3844 size-large\" src=\"https:\/\/shaliteink.com\/wp-content\/uploads\/2025\/04\/Blue-Screen-Printing-Plastisol-Ink-1-1024x894.png\" alt=\"Tinta Plastisol para Serigrafia Azul\" width=\"1024\" height=\"894\" srcset=\"https:\/\/shaliteink.com\/wp-content\/uploads\/2025\/04\/Blue-Screen-Printing-Plastisol-Ink-1-1024x894.png 1024w, https:\/\/shaliteink.com\/wp-content\/uploads\/2025\/04\/Blue-Screen-Printing-Plastisol-Ink-1-300x262.png 300w, https:\/\/shaliteink.com\/wp-content\/uploads\/2025\/04\/Blue-Screen-Printing-Plastisol-Ink-1-768x670.png 768w, https:\/\/shaliteink.com\/wp-content\/uploads\/2025\/04\/Blue-Screen-Printing-Plastisol-Ink-1-1536x1341.png 1536w, https:\/\/shaliteink.com\/wp-content\/uploads\/2025\/04\/Blue-Screen-Printing-Plastisol-Ink-1-2048x1787.png 2048w, https:\/\/shaliteink.com\/wp-content\/uploads\/2025\/04\/Blue-Screen-Printing-Plastisol-Ink-1-14x12.png 14w, https:\/\/shaliteink.com\/wp-content\/uploads\/2025\/04\/Blue-Screen-Printing-Plastisol-Ink-1-1200x1047.png 1200w, https:\/\/shaliteink.com\/wp-content\/uploads\/2025\/04\/Blue-Screen-Printing-Plastisol-Ink-1-150x131.png 150w\" sizes=\"(max-width: 1024px) 100vw, 1024px\" \/><\/p>","protected":false},"excerpt":{"rendered":"<p>A tinta plastisol azul Shaliteink \u00e9 uma f\u00f3rmula sem ftalatos, desenvolvida para ser preparada diretamente do balde, garantindo que voc\u00ea dedique mais tempo \u00e0 prepara\u00e7\u00e3o e mais tempo \u00e0 impress\u00e3o. Sua textura cremosa e de baixa viscosidade facilita incrivelmente o trabalho na prensa texturizada, proporcionando cobertura suave e consistente a cada passada. Seja em tecidos claros ou escuros, esta tinta altamente opaca oferece estampas vibrantes e intensas que resistem a rachaduras e desbotamento, mantendo sua beleza mesmo ap\u00f3s v\u00e1rias lavagens. A compatibilidade universal da nossa tinta plastisol a torna a escolha ideal para diferentes materiais, incluindo misturas de poli\u00e9ster mais complexas, gra\u00e7as \u00e0s suas excelentes propriedades de baixa temperatura. Diga adeus \u00e0s manchas e ao encolhimento com a temperatura de tratamento personalizada, que resulta em um processo de impress\u00e3o mais eficiente e econ\u00f4mico.<\/p>","protected":false},"featured_media":1467,"comment_status":"open","ping_status":"closed","template":"","meta":[],"product_brand":[],"product_cat":[39],"product_tag":[],"class_list":{"0":"post-1103","1":"product","2":"type-product","3":"status-publish","4":"has-post-thumbnail","6":"product_cat-plastisol-ink","8":"first","9":"instock","10":"shipping-taxable","11":"purchasable","12":"product-type-variable"},"tiered_pricing_type":"fixed","tiered_pricing_fixed_rules":[],"tiered_pricing_product_settings":{"layout":"default","base_unit_name":{"singular":null,"plural":null},"default_variation":null},"tiered_pricing_minimum_quantity":null,"tiered_pricing_roles_data":[],"tiered_pricing_percentage_rules":[],"tiered_pricing_maximum_quantity":null,"tiered_pricing_quantity_step":null,"_links":{"self":[{"href":"https:\/\/shaliteink.com\/pt\/wp-json\/wp\/v2\/product\/1103","targetHints":{"allow":["GET"]}}],"collection":[{"href":"https:\/\/shaliteink.com\/pt\/wp-json\/wp\/v2\/product"}],"about":[{"href":"https:\/\/shaliteink.com\/pt\/wp-json\/wp\/v2\/types\/product"}],"replies":[{"embeddable":true,"href":"https:\/\/shaliteink.com\/pt\/wp-json\/wp\/v2\/comments?post=1103"}],"version-history":[{"count":0,"href":"https:\/\/shaliteink.com\/pt\/wp-json\/wp\/v2\/product\/1103\/revisions"}],"wp:featuredmedia":[{"embeddable":true,"href":"https:\/\/shaliteink.com\/pt\/wp-json\/wp\/v2\/media\/1467"}],"wp:attachment":[{"href":"https:\/\/shaliteink.com\/pt\/wp-json\/wp\/v2\/media?parent=1103"}],"wp:term":[{"taxonomy":"product_brand","embeddable":true,"href":"https:\/\/shaliteink.com\/pt\/wp-json\/wp\/v2\/product_brand?post=1103"},{"taxonomy":"product_cat","embeddable":true,"href":"https:\/\/shaliteink.com\/pt\/wp-json\/wp\/v2\/product_cat?post=1103"},{"taxonomy":"product_tag","embeddable":true,"href":"https:\/\/shaliteink.com\/pt\/wp-json\/wp\/v2\/product_tag?post=1103"}],"curies":[{"name":"wp","href":"https:\/\/api.w.org\/{rel}","templated":true}]}}