{"id":1097,"date":"2025-04-11T05:49:20","date_gmt":"2025-04-11T05:49:20","guid":{"rendered":"https:\/\/shaliteink.com\/?post_type=product&#038;p=1097"},"modified":"2025-12-10T11:31:46","modified_gmt":"2025-12-10T11:31:46","slug":"tinta-plastisol-vermelha-violeta-para-serigrafia","status":"publish","type":"product","link":"https:\/\/shaliteink.com\/pt\/produto\/tinta-plastisol-vermelha-violeta-para-serigrafia\/","title":{"rendered":"Tinta plastisol para serigrafia vermelho-violeta"},"content":{"rendered":"<h3 class=\"ng-star-inserted\"><span class=\"ng-star-inserted\">Principais benef\u00edcios da tinta plastisol vermelho violeta da Shaliteink:<\/span><\/h3>\n<ul class=\"ng-star-inserted\">\n<li class=\"ng-star-inserted\">Cores vibrantes e ousadas: Violetas marcantes e intensas recebem estampas vermelhas que atraem a aten\u00e7\u00e3o.<\/li>\n<li class=\"ng-star-inserted\">Altamente opaco: Proporciona excelente cobertura, mesmo em roupas escuras, muitas vezes reduzindo a necessidade de v\u00e1rias dem\u00e3os de produto.<\/li>\n<li class=\"ng-star-inserted\">Textura suave ao toque: Desfrute de um acabamento macio e flex\u00edvel que se integra perfeitamente \u00e0s roupas.<\/li>\n<li class=\"ng-star-inserted\">Compatibilidade universal com tecidos: Ideal para uma variedade de materiais, incluindo algod\u00e3o 100%, misturas de algod\u00e3o\/poli\u00e9ster e muitos tecidos sint\u00e9ticos.<\/li>\n<li class=\"ng-star-inserted\">F\u00f3rmula personalizada de baixa transfer\u00eancia de corante: desenvolvida para reduzir a migra\u00e7\u00e3o da tinta, especialmente importante para misturas de poli\u00e9ster.<\/li>\n<li class=\"ng-star-inserted\">Sem ftalatos: uma op\u00e7\u00e3o segura tanto para voc\u00ea quanto para o meio ambiente.<\/li>\n<li class=\"ng-star-inserted\">\u00c9 f\u00e1cil de trabalhar: uma textura cremosa e de bordas curtas para impress\u00e3o espont\u00e2nea e resultados consistentes.<\/li>\n<li class=\"ng-star-inserted\">Tratamento especializado: Tratamento r\u00e1pido durante o tempo de produ\u00e7\u00e3o e economia de custos de energia, 160 \u00b0C (320 \u00b0F).<\/li>\n<li>Qualidade consistente: Shaliteink, respaldada por vinte anos de experi\u00eancia em fabrica\u00e7\u00e3o e rigoroso controle de qualidade.<\/li>\n<\/ul>\n<p>Em\u00a0<strong><a href=\"https:\/\/shaliteink.com\/pt\/\">Shaliteink<\/a><\/strong>, Entendemos que efici\u00eancia e qualidade s\u00e3o fundamentais.\u00a0<strong>tinta plastisol vermelho violeta<\/strong>\u00a0\u00c9 especialmente projetado para tratamento a uma baixa temperatura de 160 \u00b0C (320 \u00b0F). Isso reduz significativamente o risco de queimaduras e encolhimento das pe\u00e7as de vestu\u00e1rio, principalmente ao trabalhar com materiais sens\u00edveis ao calor. A baixa temperatura de tratamento tamb\u00e9m contribui para o baixo consumo de energia, tornando suas opera\u00e7\u00f5es de serigrafia mais econ\u00f4micas e dur\u00e1veis.<\/p>\n<p><img decoding=\"async\" class=\"aligncenter wp-image-3838 size-large\" src=\"https:\/\/shaliteink.com\/wp-content\/uploads\/2025\/04\/Violet-Red-Screen-Printing-Plastisol-Ink-1024x768.png\" alt=\"Tinta plastisol para serigrafia vermelho-violeta\" width=\"1024\" height=\"768\" srcset=\"https:\/\/shaliteink.com\/wp-content\/uploads\/2025\/04\/Violet-Red-Screen-Printing-Plastisol-Ink-1024x768.png 1024w, https:\/\/shaliteink.com\/wp-content\/uploads\/2025\/04\/Violet-Red-Screen-Printing-Plastisol-Ink-300x225.png 300w, https:\/\/shaliteink.com\/wp-content\/uploads\/2025\/04\/Violet-Red-Screen-Printing-Plastisol-Ink-768x576.png 768w, https:\/\/shaliteink.com\/wp-content\/uploads\/2025\/04\/Violet-Red-Screen-Printing-Plastisol-Ink-1536x1152.png 1536w, https:\/\/shaliteink.com\/wp-content\/uploads\/2025\/04\/Violet-Red-Screen-Printing-Plastisol-Ink-2048x1536.png 2048w, https:\/\/shaliteink.com\/wp-content\/uploads\/2025\/04\/Violet-Red-Screen-Printing-Plastisol-Ink-16x12.png 16w, https:\/\/shaliteink.com\/wp-content\/uploads\/2025\/04\/Violet-Red-Screen-Printing-Plastisol-Ink-1200x900.png 1200w, https:\/\/shaliteink.com\/wp-content\/uploads\/2025\/04\/Violet-Red-Screen-Printing-Plastisol-Ink-150x113.png 150w\" sizes=\"(max-width: 1024px) 100vw, 1024px\" \/><\/p>\n<h3 class=\"ng-star-inserted\"><span class=\"ng-star-inserted\">Detalhes e desempenho:<\/span><\/h3>\n<p>Para obter resultados \u00f3timos na impress\u00e3o de cores \u00fanicas, nossa tinta plastisol vermelho-violeta \u00e9 ideal para substratos brancos ou de cores claras. Quando impressa diretamente em roupas de algod\u00e3o escuro, recomenda-se a t\u00e9cnica de impress\u00e3o-retrocesso-impress\u00e3o para alcan\u00e7ar o m\u00e1ximo de transpar\u00eancia e vivacidade, utilizando uma tela de baixa resolu\u00e7\u00e3o (Aries). A alta opacidade da nossa tinta produz impress\u00f5es brilhantes e vibrantes, mantendo o toque macio desej\u00e1vel, garantindo que seus produtos finais sejam visualmente atraentes e confort\u00e1veis de usar.<\/p>\n<h3 class=\"ng-star-inserted\"><span class=\"ng-star-inserted\">Orienta\u00e7\u00f5es de cura:<\/span><\/h3>\n<ul class=\"ng-star-inserted\">\n<li class=\"ng-star-inserted\">Temperatura de tratamento: 160 \u00b0 C (320 \u00b0 F) em toda a camada de tinta.<\/li>\n<li>Temperatura de flash: 120 \u00b0C (248 \u00b0F) a 140 \u00b0C (284 \u00b0F) durante 3 a 5 segundos.<\/li>\n<li>Nota importante sobre o tratamento: A tinta estar\u00e1 completamente curada quando toda a camada de tinta atingir 160 \u00b0C. Term\u00f4metros a laser podem levar a leituras de temperatura superficial enganosas, pois medem apenas a superf\u00edcie refletora. Para uma verifica\u00e7\u00e3o precisa da temperatura interna, recomendamos o uso de uma sonda circular. Se um term\u00f4metro a laser for utilizado, espere que a temperatura da superf\u00edcie atinja o n\u00facleo da camada de tinta para que a leitura seja superior a 160 \u00b0C.<\/li>\n<li>Teste para tratamento completo: Recomendamos realizar um teste de elasticidade e um teste de lavagem antes da produ\u00e7\u00e3o em larga escala. Se a estampa n\u00e3o voltar ao normal ap\u00f3s o teste de elasticidade em cerca de dois ter\u00e7os da pe\u00e7a, ou apresentar deteriora\u00e7\u00e3o ap\u00f3s 1 a 3 lavagens, aumente ligeiramente o tempo ou a temperatura do tratamento. Fibras naturais, como o algod\u00e3o 100%, geralmente proporcionam os melhores resultados.<\/li>\n<\/ul>\n<h3 class=\"ng-star-inserted\"><span class=\"ng-star-inserted\">Dicas profissionais para obter os melhores resultados:<\/span><\/h3>\n<p><strong><a href=\"https:\/\/shaliteink.com\/pt\/categoria-produto\/tinta-plastisol\/\">Tinta plastisol<\/a><\/strong> A tinta plastisol adere mecanicamente, em vez de tingir as fibras do tecido. Isso significa que um tratamento adequado \u00e9 necess\u00e1rio para garantir a durabilidade. Armazene a tinta plastisol em temperatura ambiente, idealmente entre 18 e 32 \u00b0C (65 e 90 \u00b0F). A tinta pode come\u00e7ar a reagir no recipiente se exposta a temperaturas acima de 32 \u00b0C (90 \u00b0F) por tempo prolongado. Ao imprimir em roupas escuras, recomendamos o uso de uma base branca para obter cores vibrantes e precisas.<\/p>\n<h3 class=\"ng-star-inserted\"><span class=\"ng-star-inserted\">Limpar:<\/span><\/h3>\n<ul class=\"ng-star-inserted\">\n<li class=\"ng-star-inserted\">Na impressora: Utilize um produto de limpeza espec\u00edfico para plastisol ou um removedor de tinta para facilitar a limpeza.<\/li>\n<li>Na pia: Um produto de limpeza para telas \u00e0 base de plastisol ou um removedor de tinta limpar\u00e1 sua tela de forma eficaz.<\/li>\n<\/ul>\n<p>Pela sua qualidade extraordin\u00e1ria, cores vibrantes e desempenho confi\u00e1vel, escolha a tinta plastisol vermelha para serigrafia Shaliteink Vaulat. Experimente a diferen\u00e7a que a Shaliteink faz em cada impress\u00e3o h\u00e1 vinte anos. Encomende j\u00e1 e veja por que a Shaliteink \u00e9 a op\u00e7\u00e3o preferida das principais marcas e gr\u00e1ficas exigentes.<\/p>\n<p><img decoding=\"async\" class=\"aligncenter wp-image-3839 size-large\" src=\"https:\/\/shaliteink.com\/wp-content\/uploads\/2025\/04\/Violet-Red-Screen-Printing-Plastisol-Ink-1-1024x958.png\" alt=\"Tinta plastisol para serigrafia vermelho-violeta\" width=\"1024\" height=\"958\" srcset=\"https:\/\/shaliteink.com\/wp-content\/uploads\/2025\/04\/Violet-Red-Screen-Printing-Plastisol-Ink-1-1024x958.png 1024w, https:\/\/shaliteink.com\/wp-content\/uploads\/2025\/04\/Violet-Red-Screen-Printing-Plastisol-Ink-1-300x281.png 300w, https:\/\/shaliteink.com\/wp-content\/uploads\/2025\/04\/Violet-Red-Screen-Printing-Plastisol-Ink-1-768x718.png 768w, https:\/\/shaliteink.com\/wp-content\/uploads\/2025\/04\/Violet-Red-Screen-Printing-Plastisol-Ink-1-1536x1437.png 1536w, https:\/\/shaliteink.com\/wp-content\/uploads\/2025\/04\/Violet-Red-Screen-Printing-Plastisol-Ink-1-2048x1916.png 2048w, https:\/\/shaliteink.com\/wp-content\/uploads\/2025\/04\/Violet-Red-Screen-Printing-Plastisol-Ink-1-13x12.png 13w, https:\/\/shaliteink.com\/wp-content\/uploads\/2025\/04\/Violet-Red-Screen-Printing-Plastisol-Ink-1-1200x1122.png 1200w, https:\/\/shaliteink.com\/wp-content\/uploads\/2025\/04\/Violet-Red-Screen-Printing-Plastisol-Ink-1-150x140.png 150w\" sizes=\"(max-width: 1024px) 100vw, 1024px\" \/><\/p>","protected":false},"excerpt":{"rendered":"<p>Bem-vindo \u00e0 Shaliteink, sua l\u00edder global confi\u00e1vel em tintas para serigrafia h\u00e1 duas d\u00e9cadas. Com vasta experi\u00eancia em fabrica\u00e7\u00e3o e vendas diretas da f\u00e1brica, orgulhamo-nos de ser parceiros de marcas mundialmente famosas para oferecer a voc\u00ea uma qualidade excepcional. Nosso foco \u00e9 fornecer as melhores solu\u00e7\u00f5es em tinta plastisol, e nossa tinta plastisol vermelho-violeta para serigrafia n\u00e3o \u00e9 exce\u00e7\u00e3o. Projetada tanto para profissionais quanto para aspirantes a impressores, esta tinta combina uma est\u00e9tica vibrante com desempenho confi\u00e1vel, garantindo que suas composi\u00e7\u00f5es realmente se destaquem.<\/p>\n<div class=\"woocommerce-product-details__short-description\">\n<p>A tinta plastisol vermelho violeta da Shaliteink foi desenvolvida para tornar seus projetos de serigrafia mais f\u00e1ceis e eficazes. Esta tinta plastisol premium proporciona uma bela e vibrante cor vermelho violeta que mant\u00e9m sua vivacidade mesmo ap\u00f3s o tratamento. Seu diluidor avan\u00e7ado garante excelente cobertura e um acabamento suave e uniforme, tornando-a a escolha ideal para uma ampla variedade de roupas e designs.<\/p>\n<\/div>\n<div class=\"wd-product-info wd-sold-count\"><\/div>","protected":false},"featured_media":1477,"comment_status":"open","ping_status":"closed","template":"","meta":[],"product_brand":[],"product_cat":[39],"product_tag":[],"class_list":{"0":"post-1097","1":"product","2":"type-product","3":"status-publish","4":"has-post-thumbnail","6":"product_cat-plastisol-ink","8":"first","9":"instock","10":"shipping-taxable","11":"purchasable","12":"product-type-variable"},"tiered_pricing_type":"fixed","tiered_pricing_fixed_rules":[],"tiered_pricing_product_settings":{"layout":"default","base_unit_name":{"singular":null,"plural":null},"default_variation":null},"tiered_pricing_minimum_quantity":null,"tiered_pricing_roles_data":[],"tiered_pricing_percentage_rules":[],"tiered_pricing_maximum_quantity":null,"tiered_pricing_quantity_step":null,"_links":{"self":[{"href":"https:\/\/shaliteink.com\/pt\/wp-json\/wp\/v2\/product\/1097","targetHints":{"allow":["GET"]}}],"collection":[{"href":"https:\/\/shaliteink.com\/pt\/wp-json\/wp\/v2\/product"}],"about":[{"href":"https:\/\/shaliteink.com\/pt\/wp-json\/wp\/v2\/types\/product"}],"replies":[{"embeddable":true,"href":"https:\/\/shaliteink.com\/pt\/wp-json\/wp\/v2\/comments?post=1097"}],"version-history":[{"count":0,"href":"https:\/\/shaliteink.com\/pt\/wp-json\/wp\/v2\/product\/1097\/revisions"}],"wp:featuredmedia":[{"embeddable":true,"href":"https:\/\/shaliteink.com\/pt\/wp-json\/wp\/v2\/media\/1477"}],"wp:attachment":[{"href":"https:\/\/shaliteink.com\/pt\/wp-json\/wp\/v2\/media?parent=1097"}],"wp:term":[{"taxonomy":"product_brand","embeddable":true,"href":"https:\/\/shaliteink.com\/pt\/wp-json\/wp\/v2\/product_brand?post=1097"},{"taxonomy":"product_cat","embeddable":true,"href":"https:\/\/shaliteink.com\/pt\/wp-json\/wp\/v2\/product_cat?post=1097"},{"taxonomy":"product_tag","embeddable":true,"href":"https:\/\/shaliteink.com\/pt\/wp-json\/wp\/v2\/product_tag?post=1097"}],"curies":[{"name":"wp","href":"https:\/\/api.w.org\/{rel}","templated":true}]}}