{"id":1089,"date":"2025-04-11T05:27:42","date_gmt":"2025-04-11T05:27:42","guid":{"rendered":"https:\/\/shaliteink.com\/?post_type=product&#038;p=1089"},"modified":"2025-12-10T11:30:54","modified_gmt":"2025-12-10T11:30:54","slug":"tinta-plastisol-violeta-para-serigrafia","status":"publish","type":"product","link":"https:\/\/shaliteink.com\/pt\/produto\/tinta-plastisol-violeta-para-serigrafia\/","title":{"rendered":"Tinta plastisol violeta para serigrafia"},"content":{"rendered":"<p class=\"ng-star-inserted\"><strong class=\"ng-star-inserted\"><span class=\"ng-star-inserted\">Principais benef\u00edcios de <\/span><\/strong><strong><span class=\"ng-star-inserted\"><a href=\"https:\/\/shaliteink.com\/pt\/\">Shaliteink<\/a><\/span><\/strong><strong class=\"ng-star-inserted\"><span class=\"ng-star-inserted\"> Tinta plastisol violeta:<\/span><\/strong><\/p>\n<ul class=\"ng-star-inserted\">\n<li class=\"ng-star-inserted\">Cores extraordin\u00e1rias, contrastantes e vibrantes: Estampas violetas deslumbrantes e fi\u00e9is \u00e0 cor real, com melhor variedade de cores, mesmo em roupas escuras.<\/li>\n<li>Tratamento ideal em baixa temperatura: Nossa tinta plastisol trata eficazmente a temperatura precisa de 160 \u00b0C (320 \u00b0F), considerando significativamente o custo de energia, acelerando a produ\u00e7\u00e3o e reduzindo o risco de manchas ou encolhimento nas pe\u00e7as de vestu\u00e1rio.<\/li>\n<li>Sensa\u00e7\u00e3o de toque suave: Experimente uma estampa incrivelmente macia ao toque, que mant\u00e9m o caimento e a textura naturais do tecido, garantindo o m\u00e1ximo conforto para quem veste.<\/li>\n<li>Compatibilidade universal com tecidos: Esta vers\u00e1til serigrafia tem um desempenho excelente em uma ampla variedade de tecidos. <strong><a href=\"https:\/\/shaliteink.com\/pt\/categoria-produto\/tinta-plastisol\/\">tinta plastisol<\/a><\/strong> Para vestu\u00e1rio, incluindo algod\u00e3o 100%, misturas de algod\u00e3o\/poli\u00e9ster e at\u00e9 mesmo misturas delicadas de poli\u00e9ster, \u00e9 uma op\u00e7\u00e3o para diversos projetos.<\/li>\n<li>F\u00f3rmula de baixa transfer\u00eancia de cor: Desenvolvida especialmente para combater a migra\u00e7\u00e3o de corantes em poli\u00e9ster e tecidos mistos, garantindo que suas estampas violetas permane\u00e7am n\u00edtidas e vibrantes, sem manchas indesejadas.<\/li>\n<li>Experi\u00eancia de impress\u00e3o espont\u00e2nea: Projetada com estabilidade suave e bordas curtas, \u00e9 incrivelmente f\u00e1cil de trabalhar com nossa tinta plastisol, permitindo resultados frequentes e de alta qualidade em cada impress\u00e3o.<\/li>\n<li>Forma\u00e7\u00e3o sem focinho: Comprometida com a seguran\u00e7a e a responsabilidade ambiental., <strong><a href=\"https:\/\/shaliteink.com\/pt\/screen-printing-ink\/\">tinta de serigrafia<\/a><\/strong> Os habitantes de Shaliteink orgulham-se de n\u00e3o praticar o jejum.<\/li>\n<\/ul>\n<p><img decoding=\"async\" class=\"wp-image-3835 size-full aligncenter\" src=\"https:\/\/shaliteink.com\/wp-content\/uploads\/2025\/04\/Violet-Screen-Printing-Plastisol-Ink.png\" alt=\"Tinta plastisol violeta para serigrafia\" width=\"860\" height=\"855\" srcset=\"https:\/\/shaliteink.com\/wp-content\/uploads\/2025\/04\/Violet-Screen-Printing-Plastisol-Ink.png 860w, https:\/\/shaliteink.com\/wp-content\/uploads\/2025\/04\/Violet-Screen-Printing-Plastisol-Ink-300x298.png 300w, https:\/\/shaliteink.com\/wp-content\/uploads\/2025\/04\/Violet-Screen-Printing-Plastisol-Ink-150x149.png 150w, https:\/\/shaliteink.com\/wp-content\/uploads\/2025\/04\/Violet-Screen-Printing-Plastisol-Ink-768x764.png 768w, https:\/\/shaliteink.com\/wp-content\/uploads\/2025\/04\/Violet-Screen-Printing-Plastisol-Ink-12x12.png 12w\" sizes=\"(max-width: 860px) 100vw, 860px\" \/><\/p>\n<p class=\"ng-star-inserted\"><strong class=\"ng-star-inserted\"><span class=\"ng-star-inserted\">Descubra a diferen\u00e7a Shaliteink:<\/span><\/strong><\/p>\n<p>Na Shaliteink, entendemos as exig\u00eancias da ind\u00fastria de serigrafia. Nossa tinta plastisol violeta para serigrafia n\u00e3o \u00e9 apenas mais uma tinta; \u00e9 a express\u00e3o do nosso compromisso com a inova\u00e7\u00e3o e a qualidade. A viscosidade cuidadosamente formulada garante excelente estabilidade na tela e detalhes n\u00edtidos, enquanto sua r\u00e1pida secagem (120\u2013140 \u00b0C \/ 248\u2013284 \u00b0F) permite impress\u00f5es multicoloridas de alta qualidade. Seja voc\u00ea um grande impressor comercial ou um artes\u00e3o dedicado, a tinta plastisol da Shaliteink proporciona resultados profissionais que impactar\u00e3o seus clientes e aumentar\u00e3o seus lucros. Ao comprar tinta plastisol conosco, voc\u00ea investe em confiabilidade e excel\u00eancia.<\/p>\n<p class=\"ng-star-inserted\"><strong class=\"ng-star-inserted\"><span class=\"ng-star-inserted\">Instru\u00e7\u00f5es de cura para um desempenho ideal:<\/span><\/strong><\/p>\n<p>Obter um tratamento ideal \u00e9 importante para a durabilidade e resist\u00eancia \u00e0 lavagem das suas estampas.<\/p>\n<ul>\n<li>Temperatura de cura: Nossa tinta plastisol violeta cura completamente quando toda a camada de tinta atinge 160 \u00b0C (320 \u00b0F). Recomendamos o uso de uma sonda circular ou termoetiqueta para medir com precis\u00e3o a temperatura interna da tinta em situa\u00e7\u00f5es extremas, pois term\u00f4metros a laser podem apresentar leituras superficiais enganosas.<\/li>\n<li>Temperatura de secagem r\u00e1pida: Para impress\u00e3o com m\u00faltiplas camadas ou secagem r\u00e1pida da superf\u00edcie, aque\u00e7a a tinta a 120\u2013140 \u00b0C (248\u2013284 \u00b0F) durante 3\u20135 segundos. Ajuste o tempo de secagem de acordo com o seu equipamento e a quantidade de tinta depositada.<\/li>\n<li>Teste de ader\u00eancia: Deixe a estampa esfriar completamente antes de realizar o teste de elasticidade. Estenda aproximadamente 2\/3 da \u00e1rea estampada na faixa de elasticidade da pe\u00e7a. Se a tinta rachar e n\u00e3o retornar ao formato original, isso indica ader\u00eancia insuficiente. Al\u00e9m disso, ap\u00f3s 24 horas, um teste de lavagem confirmar\u00e1 a ader\u00eancia completa. Estampas com cord\u00e3o apresentar\u00e3o desgaste significativo ap\u00f3s 1 a 3 lavagens. Sempre fa\u00e7a o teste inicial antes da produ\u00e7\u00e3o em larga escala.<\/li>\n<\/ul>\n<p class=\"ng-star-inserted\"><strong class=\"ng-star-inserted\"><span class=\"ng-star-inserted\">Limpeza e armazenamento:<\/span><\/strong><\/p>\n<ul>\n<li>Limpeza p\u00f3s-impress\u00e3o: Para trocas r\u00e1pidas de cor ou limpeza no final do dia na impressora, use um removedor de tinta plastisol espec\u00edfico ou um produto de limpeza para impressoras.<\/li>\n<li>Limpeza de telas: Para uma limpeza completa da tela em cabines de lavagem, um produto de limpeza eficaz \u00e0 base de plastisol remover\u00e1 todos os res\u00edduos de tinta, preparando sua tela para uso futuro.<\/li>\n<li>Armazenamento: Armazene a tinta plastisol Shaliteink em local fresco e seco, idealmente entre 18 e 32 \u00b0C (65 e 90 \u00b0F). Evite temperaturas acima da luz solar direta ou exposi\u00e7\u00e3o prolongada a temperaturas elevadas para evitar o processamento prematuro dentro da embalagem.<\/li>\n<\/ul>\n<p>Escolha a tinta plastisol violeta para serigrafia da Shaliteink para obter cores vibrantes, melhor imprimibilidade e alto desempenho. \u00c9 a melhor tinta para serigrafia, oferecendo os melhores resultados e a op\u00e7\u00e3o ideal para a satisfa\u00e7\u00e3o do cliente final. Explore nossas possibilidades hoje mesmo e eleve seus projetos de serigrafia!<\/p>\n<p><img decoding=\"async\" class=\"wp-image-3836 size-large aligncenter\" src=\"https:\/\/shaliteink.com\/wp-content\/uploads\/2025\/04\/Violet-Screen-Printing-Plastisol-Ink-1-1024x987.png\" alt=\"Tinta plastisol violeta para serigrafia\" width=\"1024\" height=\"987\" srcset=\"https:\/\/shaliteink.com\/wp-content\/uploads\/2025\/04\/Violet-Screen-Printing-Plastisol-Ink-1-1024x987.png 1024w, https:\/\/shaliteink.com\/wp-content\/uploads\/2025\/04\/Violet-Screen-Printing-Plastisol-Ink-1-300x289.png 300w, https:\/\/shaliteink.com\/wp-content\/uploads\/2025\/04\/Violet-Screen-Printing-Plastisol-Ink-1-768x740.png 768w, https:\/\/shaliteink.com\/wp-content\/uploads\/2025\/04\/Violet-Screen-Printing-Plastisol-Ink-1-1536x1480.png 1536w, https:\/\/shaliteink.com\/wp-content\/uploads\/2025\/04\/Violet-Screen-Printing-Plastisol-Ink-1-2048x1974.png 2048w, https:\/\/shaliteink.com\/wp-content\/uploads\/2025\/04\/Violet-Screen-Printing-Plastisol-Ink-1-12x12.png 12w, https:\/\/shaliteink.com\/wp-content\/uploads\/2025\/04\/Violet-Screen-Printing-Plastisol-Ink-1-1200x1157.png 1200w, https:\/\/shaliteink.com\/wp-content\/uploads\/2025\/04\/Violet-Screen-Printing-Plastisol-Ink-1-150x145.png 150w\" sizes=\"(max-width: 1024px) 100vw, 1024px\" \/><\/p>\n<p>&nbsp;<\/p>","protected":false},"excerpt":{"rendered":"<p>Eleve o n\u00edvel dos seus projetos t\u00eaxteis com a tinta plastisol violeta para serigrafia da Shaliteink, uma solu\u00e7\u00e3o premium preparada tanto para profissionais quanto para entusiastas. Com duas d\u00e9cadas de experi\u00eancia em fabrica\u00e7\u00e3o, a Shaliteink se destaca como uma varejista l\u00edder global, oferecendo qualidade individual de f\u00e1brica, a mesma confiabilidade de marcas mundialmente renomadas. Nossa tinta plastisol violeta simboliza essa tradi\u00e7\u00e3o, oferecendo desempenho \u00fanico, cores vibrantes e facilidade de uso, tornando-a a op\u00e7\u00e3o ideal para qualquer projeto de serigrafia.<\/p>","protected":false},"featured_media":1471,"comment_status":"open","ping_status":"closed","template":"","meta":[],"product_brand":[],"product_cat":[39],"product_tag":[],"class_list":{"0":"post-1089","1":"product","2":"type-product","3":"status-publish","4":"has-post-thumbnail","6":"product_cat-plastisol-ink","8":"first","9":"instock","10":"shipping-taxable","11":"purchasable","12":"product-type-variable"},"tiered_pricing_type":"fixed","tiered_pricing_fixed_rules":[],"tiered_pricing_product_settings":{"layout":"default","base_unit_name":{"singular":null,"plural":null},"default_variation":null},"tiered_pricing_minimum_quantity":null,"tiered_pricing_roles_data":[],"tiered_pricing_percentage_rules":[],"tiered_pricing_maximum_quantity":null,"tiered_pricing_quantity_step":null,"_links":{"self":[{"href":"https:\/\/shaliteink.com\/pt\/wp-json\/wp\/v2\/product\/1089","targetHints":{"allow":["GET"]}}],"collection":[{"href":"https:\/\/shaliteink.com\/pt\/wp-json\/wp\/v2\/product"}],"about":[{"href":"https:\/\/shaliteink.com\/pt\/wp-json\/wp\/v2\/types\/product"}],"replies":[{"embeddable":true,"href":"https:\/\/shaliteink.com\/pt\/wp-json\/wp\/v2\/comments?post=1089"}],"version-history":[{"count":0,"href":"https:\/\/shaliteink.com\/pt\/wp-json\/wp\/v2\/product\/1089\/revisions"}],"wp:featuredmedia":[{"embeddable":true,"href":"https:\/\/shaliteink.com\/pt\/wp-json\/wp\/v2\/media\/1471"}],"wp:attachment":[{"href":"https:\/\/shaliteink.com\/pt\/wp-json\/wp\/v2\/media?parent=1089"}],"wp:term":[{"taxonomy":"product_brand","embeddable":true,"href":"https:\/\/shaliteink.com\/pt\/wp-json\/wp\/v2\/product_brand?post=1089"},{"taxonomy":"product_cat","embeddable":true,"href":"https:\/\/shaliteink.com\/pt\/wp-json\/wp\/v2\/product_cat?post=1089"},{"taxonomy":"product_tag","embeddable":true,"href":"https:\/\/shaliteink.com\/pt\/wp-json\/wp\/v2\/product_tag?post=1089"}],"curies":[{"name":"wp","href":"https:\/\/api.w.org\/{rel}","templated":true}]}}