{"id":1084,"date":"2025-04-11T03:26:02","date_gmt":"2025-04-11T03:26:02","guid":{"rendered":"https:\/\/shaliteink.com\/?post_type=product&#038;p=1084"},"modified":"2025-12-10T11:32:11","modified_gmt":"2025-12-10T11:32:11","slug":"tinta-plastisol-extra-verde-para-impressao-serigrafica","status":"publish","type":"product","link":"https:\/\/shaliteink.com\/pt\/produto\/tinta-plastisol-extra-verde-para-impressao-serigrafica\/","title":{"rendered":"Tinta Plastisol para Serigrafia Extra Verde"},"content":{"rendered":"<p>Seja voc\u00ea um profissional experiente ou esteja apenas come\u00e7ando sua jornada na serigrafia, o adicional <strong>Tinta plastisol verde extra<\/strong> O desempenho e a resist\u00eancia da tinta Shaliteink proporcionam o equil\u00edbrio ideal. Pronta para uso, a f\u00f3rmula anti-infestante \u00e9 vendida separadamente. Possui uma textura cremosa e fluida que desliza suavemente pela tela. Experimente estampas verdes vibrantes, intensas e opacas que dar\u00e3o destaque aos seus designs em diferentes tipos de tecido.<\/p>\n<p><img decoding=\"async\" class=\"wp-image-3956 size-large aligncenter\" src=\"https:\/\/shaliteink.com\/wp-content\/uploads\/2025\/04\/Extra-Green-Screen-Printing-Plastisol-Ink-1024x683.jpg\" alt=\"Tinta Plastisol para Serigrafia Extra Verde\" width=\"1024\" height=\"683\" srcset=\"https:\/\/shaliteink.com\/wp-content\/uploads\/2025\/04\/Extra-Green-Screen-Printing-Plastisol-Ink-1024x683.jpg 1024w, https:\/\/shaliteink.com\/wp-content\/uploads\/2025\/04\/Extra-Green-Screen-Printing-Plastisol-Ink-300x200.jpg 300w, https:\/\/shaliteink.com\/wp-content\/uploads\/2025\/04\/Extra-Green-Screen-Printing-Plastisol-Ink-768x512.jpg 768w, https:\/\/shaliteink.com\/wp-content\/uploads\/2025\/04\/Extra-Green-Screen-Printing-Plastisol-Ink-1536x1024.jpg 1536w, https:\/\/shaliteink.com\/wp-content\/uploads\/2025\/04\/Extra-Green-Screen-Printing-Plastisol-Ink-2048x1365.jpg 2048w, https:\/\/shaliteink.com\/wp-content\/uploads\/2025\/04\/Extra-Green-Screen-Printing-Plastisol-Ink-18x12.jpg 18w, https:\/\/shaliteink.com\/wp-content\/uploads\/2025\/04\/Extra-Green-Screen-Printing-Plastisol-Ink-1200x800.jpg 1200w, https:\/\/shaliteink.com\/wp-content\/uploads\/2025\/04\/Extra-Green-Screen-Printing-Plastisol-Ink-150x100.jpg 150w\" sizes=\"(max-width: 1024px) 100vw, 1024px\" \/><\/p>\n<p class=\"ng-star-inserted\"><strong class=\"ng-star-inserted\"><span class=\"ng-star-inserted\">Principais benef\u00edcios da tinta plastisol Shaliteink Extra Green:<\/span><\/strong><\/p>\n<ul class=\"ng-star-inserted\">\n<li class=\"ng-star-inserted\">Cores vibrantes e ousadas: tons de verde marcantes e fi\u00e9is \u00e0 realidade, que se destacam em ambientes externos.<\/li>\n<li>Altamente opaco: Excelente cobertura, mesmo em tecidos escuros, muitas vezes eliminando a necessidade de uma base por baixo com t\u00e9cnicas de impress\u00e3o adequadas.<\/li>\n<li>Estampa macia ao toque: Suas roupas preparadas ter\u00e3o um toque macio e confort\u00e1vel, n\u00e3o \u00e1spero.<\/li>\n<li>\u00c9 f\u00e1cil de usar: aplicativo intuitivo e preparado para resultados consistentes, tornando seu processo de impress\u00e3o mais eficiente.<\/li>\n<li>Universal para diferentes tipos de roupa: o modelo 100% funciona excepcionalmente bem com uma ampla gama de materiais, incluindo algod\u00e3o, misturas de algod\u00e3o\/poli\u00e9ster e poli\u00e9ster.<\/li>\n<li>Baixa transfer\u00eancia de tinta para misturas de poli\u00e9ster: Especialmente desenvolvido para reduzir a migra\u00e7\u00e3o de corantes na impress\u00e3o em tecidos de poli\u00e9ster e com equil\u00edbrio de poli\u00e9ster, evitando que a pe\u00e7a desbote ou encolha.<\/li>\n<li>F\u00f3rmula sem ftalatos: uma op\u00e7\u00e3o segura tanto para a impressora quanto para o meio ambiente.<\/li>\n<\/ul>\n<p>Pre\u00e7o direto da f\u00e1brica: Qualidade premium<a href=\"https:\/\/shaliteink.com\/pt\/categoria-produto\/tinta-plastisol\/\"><strong> tinta plastisol<\/strong><\/a> Sem pre\u00e7o premium, diretamente de nossa f\u00e1brica.<\/p>\n<h3 class=\"ng-star-inserted\"><span class=\"ng-star-inserted\">Cura ideal para impress\u00f5es duradouras<\/span><\/h3>\n<p class=\"ng-star-inserted\"><span class=\"ng-star-inserted\">Shaliteink Extra Verde <\/span><strong class=\"ng-star-inserted\"><span class=\"ng-star-inserted\">Tinta Plastisol<\/span><\/strong><span class=\"ng-star-inserted\">\u00a0\u00c9 projetado para uma cura eficiente, ajudando voc\u00ea a maximizar a produtividade e reduzir os custos de energia.<\/span><\/p>\n<ul class=\"ng-star-inserted\">\n<li class=\"ng-star-inserted\">\n<p class=\"ng-star-inserted\"><strong class=\"ng-star-inserted\"><span class=\"ng-star-inserted\">Temperatura de cura:<\/span><\/strong><span class=\"ng-star-inserted\">\u00a0160\u00b0C (320\u00b0F)<\/span><\/p>\n<\/li>\n<\/ul>\n<ul>\n<li class=\"ng-star-inserted\"><strong class=\"ng-star-inserted\"><span class=\"ng-star-inserted\">Temperatura de flash:<\/span><\/strong><span class=\"ng-star-inserted\">\u00a0120\u00b0C \u2013 140\u00b0C (248\u00b0F \u2013 284\u00b0F)<br \/>\n<\/span><\/li>\n<\/ul>\n<p class=\"ng-star-inserted\"><strong class=\"ng-star-inserted\"><span class=\"ng-star-inserted\">Orienta\u00e7\u00f5es de cura:<\/span><\/strong><span class=\"ng-star-inserted\">\u00a0Para garantir uma cura completa da estampa que resista a lavagens repetidas, toda a camada de tinta deve atingir 160 \u00b0C. As leituras de temperatura da superf\u00edcie feitas por pistolas de laser podem ser enganosas; recomendamos o uso de uma sonda circular para uma medi\u00e7\u00e3o precisa da temperatura interna da tinta. Fatores como a espessura da camada de tinta, o tipo de tecido (algod\u00e3o ou poli\u00e9ster) e o comprimento do t\u00fanel de secagem influenciam o tempo de cura. Sempre realize um teste de elasticidade e um teste de lavagem para confirmar a cura adequada antes da produ\u00e7\u00e3o em larga escala. Se a estampa rachar ou deteriorar ap\u00f3s a lavagem, aumente o tempo de cura.<\/span><\/p>\n<p>Testes r\u00e1pidos e gerais: Um tratamento r\u00e1pido a 120\u2013140 \u00b0C por 3 a 5 segundos geralmente \u00e9 suficiente para estampas multicoloridas. Antes de qualquer tiragem grande, fa\u00e7a um teste de elasticidade imprimindo cerca de dois ter\u00e7os da largura da pe\u00e7a. Se as rachaduras na estampa n\u00e3o desaparecerem, isso indica baixa resist\u00eancia do tratamento. Um teste de lavagem (5 a 10 lavagens) \u00e9 a confirma\u00e7\u00e3o final de um tratamento dur\u00e1vel.<\/p>\n<h3 class=\"ng-star-inserted\"><span class=\"ng-star-inserted\">Limpeza e armazenamento eficientes<\/span><\/h3>\n<p>Com a shaliteink, manter seus equipamentos em bom estado e prolongar a vida \u00fatil da tinta \u00e9 simples.<\/p>\n<ul>\n<li>Limpeza da tela: Use um produto de limpeza espec\u00edfico para plastisol ou um removedor de tinta para limpar rapidamente a tela e a prensa.<\/li>\n<li>Limpeza na linha de impress\u00e3o: Para limpeza completa da tela, use um produto de limpeza para telas \u00e0 base de plastisol ou um removedor de tinta.<\/li>\n<\/ul>\n<p>Dica profissional para armazenamento de tinta plastisol: Armazene a tinta plastisol Shaliteink em temperatura ambiente, idealmente entre 18 e 32 \u00b0C (65 e 90 \u00b0F), e evite a exposi\u00e7\u00e3o direta \u00e0 luz solar. Para contato prolongado em temperaturas acima desse limite, o tratamento pode come\u00e7ar dentro do recipiente da tinta. Lembre-se, a tinta plastisol cria uma liga\u00e7\u00e3o mec\u00e2nica envolvendo a fibra do tecido, em vez de tingi-la.<\/p>\n<h3 class=\"ng-star-inserted\"><span class=\"ng-star-inserted\">Por que escolher Shaliteink Extra Green?\u00a0<\/span><strong class=\"ng-star-inserted\"><span class=\"ng-star-inserted\">Tinta Plastisol<\/span><\/strong><span class=\"ng-star-inserted\">?<\/span><\/h3>\n<p>Com a Shaliteink, voc\u00ea n\u00e3o est\u00e1 apenas comprando. <strong><a href=\"https:\/\/shaliteink.com\/pt\/screen-printing-ink\/\">tinta de serigrafia<\/a><\/strong>; Ao comprar conosco, voc\u00ea investe em um compromisso com a qualidade e o seu sucesso. Nossa experi\u00eancia de duas d\u00e9cadas nos permite compreender as complexidades da serigrafia, e nosso modelo de venda direta da f\u00e1brica garante a voc\u00ea um produto premium a pre\u00e7os competitivos. Com sua excepcional textura e toque macio, al\u00e9m da efici\u00eancia em baixas temperaturas, a tinta plastisol verde Shaliteink foi desenvolvida para otimizar seu processo de impress\u00e3o e garantir excelentes resultados sempre.<\/p>\n<p>Procurando tinta plastisol para comprar? Descubra a diferen\u00e7a da Shaliteink e compre tinta plastisol que potencializa sua criatividade.<\/p>\n<p><img decoding=\"async\" class=\"wp-image-3957 size-large aligncenter\" src=\"https:\/\/shaliteink.com\/wp-content\/uploads\/2025\/04\/Extra-Green-Screen-Printing-Plastisol-Ink-1-1024x683.jpg\" alt=\"Tinta Plastisol para Serigrafia Extra Verde\" width=\"1024\" height=\"683\" srcset=\"https:\/\/shaliteink.com\/wp-content\/uploads\/2025\/04\/Extra-Green-Screen-Printing-Plastisol-Ink-1-1024x683.jpg 1024w, https:\/\/shaliteink.com\/wp-content\/uploads\/2025\/04\/Extra-Green-Screen-Printing-Plastisol-Ink-1-300x200.jpg 300w, https:\/\/shaliteink.com\/wp-content\/uploads\/2025\/04\/Extra-Green-Screen-Printing-Plastisol-Ink-1-768x512.jpg 768w, https:\/\/shaliteink.com\/wp-content\/uploads\/2025\/04\/Extra-Green-Screen-Printing-Plastisol-Ink-1-1536x1024.jpg 1536w, https:\/\/shaliteink.com\/wp-content\/uploads\/2025\/04\/Extra-Green-Screen-Printing-Plastisol-Ink-1-2048x1365.jpg 2048w, https:\/\/shaliteink.com\/wp-content\/uploads\/2025\/04\/Extra-Green-Screen-Printing-Plastisol-Ink-1-18x12.jpg 18w, https:\/\/shaliteink.com\/wp-content\/uploads\/2025\/04\/Extra-Green-Screen-Printing-Plastisol-Ink-1-1200x800.jpg 1200w, https:\/\/shaliteink.com\/wp-content\/uploads\/2025\/04\/Extra-Green-Screen-Printing-Plastisol-Ink-1-150x100.jpg 150w\" sizes=\"(max-width: 1024px) 100vw, 1024px\" \/><\/p>","protected":false},"excerpt":{"rendered":"<p>Al\u00e9m da Shaliteink, aprimore seus projetos de serigrafia com a tinta plastisol verde. Como l\u00edder global com duas d\u00e9cadas de experi\u00eancia em fabrica\u00e7\u00e3o, a Shaliteink Premium oferece tinta plastisol diretamente da f\u00e1brica, que supera as expectativas. Trabalhamos em parceria com marcas mundialmente famosas, que trazem a mesma qualidade e confiabilidade a um pre\u00e7o imbat\u00edvel. Nossa tinta plastisol verde adicional foi especialmente desenvolvida para gr\u00e1ficas que exigem cores vibrantes, melhor desempenho e aplica\u00e7\u00f5es espont\u00e2neas.<\/p>","protected":false},"featured_media":1481,"comment_status":"open","ping_status":"closed","template":"","meta":[],"product_brand":[],"product_cat":[39],"product_tag":[],"class_list":{"0":"post-1084","1":"product","2":"type-product","3":"status-publish","4":"has-post-thumbnail","6":"product_cat-plastisol-ink","8":"first","9":"instock","10":"shipping-taxable","11":"purchasable","12":"product-type-variable"},"tiered_pricing_type":"fixed","tiered_pricing_fixed_rules":[],"tiered_pricing_product_settings":{"layout":"default","base_unit_name":{"singular":null,"plural":null},"default_variation":null},"tiered_pricing_minimum_quantity":null,"tiered_pricing_roles_data":[],"tiered_pricing_percentage_rules":[],"tiered_pricing_maximum_quantity":null,"tiered_pricing_quantity_step":null,"_links":{"self":[{"href":"https:\/\/shaliteink.com\/pt\/wp-json\/wp\/v2\/product\/1084","targetHints":{"allow":["GET"]}}],"collection":[{"href":"https:\/\/shaliteink.com\/pt\/wp-json\/wp\/v2\/product"}],"about":[{"href":"https:\/\/shaliteink.com\/pt\/wp-json\/wp\/v2\/types\/product"}],"replies":[{"embeddable":true,"href":"https:\/\/shaliteink.com\/pt\/wp-json\/wp\/v2\/comments?post=1084"}],"version-history":[{"count":0,"href":"https:\/\/shaliteink.com\/pt\/wp-json\/wp\/v2\/product\/1084\/revisions"}],"wp:featuredmedia":[{"embeddable":true,"href":"https:\/\/shaliteink.com\/pt\/wp-json\/wp\/v2\/media\/1481"}],"wp:attachment":[{"href":"https:\/\/shaliteink.com\/pt\/wp-json\/wp\/v2\/media?parent=1084"}],"wp:term":[{"taxonomy":"product_brand","embeddable":true,"href":"https:\/\/shaliteink.com\/pt\/wp-json\/wp\/v2\/product_brand?post=1084"},{"taxonomy":"product_cat","embeddable":true,"href":"https:\/\/shaliteink.com\/pt\/wp-json\/wp\/v2\/product_cat?post=1084"},{"taxonomy":"product_tag","embeddable":true,"href":"https:\/\/shaliteink.com\/pt\/wp-json\/wp\/v2\/product_tag?post=1084"}],"curies":[{"name":"wp","href":"https:\/\/api.w.org\/{rel}","templated":true}]}}