{"id":1078,"date":"2025-04-11T03:20:34","date_gmt":"2025-04-11T03:20:34","guid":{"rendered":"https:\/\/shaliteink.com\/?post_type=product&#038;p=1078"},"modified":"2025-12-10T11:26:00","modified_gmt":"2025-12-10T11:26:00","slug":"tinta-plastisol-para-impressao-serigrafica-verde","status":"publish","type":"product","link":"https:\/\/shaliteink.com\/pt\/produto\/tinta-plastisol-para-impressao-serigrafica-verde\/","title":{"rendered":"Tinta Plastisol para Serigrafia Verde"},"content":{"rendered":"<h3 class=\"ng-star-inserted\"><span class=\"ng-star-inserted\">Descubra a diferen\u00e7a Shaliteink<\/span><\/h3>\n<p>Na Shaliteink, compreendemos as exig\u00eancias da serigrafia moderna. <strong><a href=\"https:\/\/shaliteink.com\/pt\/categoria-produto\/tinta-plastisol\/\">tinta plastisol<\/a><\/strong> Somos uma empresa que vende diretamente da f\u00e1brica, garantindo que voc\u00ea receba um produto de alta qualidade a um pre\u00e7o competitivo. Colaboramos com diversas marcas mundialmente famosas, fortalecendo nossa reputa\u00e7\u00e3o de credibilidade e inova\u00e7\u00e3o no mercado de tintas plastisol. Nossa tinta plastisol verde para serigrafia simboliza esse compromisso, oferecendo uma solu\u00e7\u00e3o n\u00e3o apenas eficaz, mas tamb\u00e9m incrivelmente f\u00e1cil de usar.<\/p>\n<h3><img decoding=\"async\" class=\"wp-image-3823 size-large aligncenter\" src=\"https:\/\/shaliteink.com\/wp-content\/uploads\/2025\/04\/Green-Screen-Printing-Plastisol-Ink-1024x1006.png\" alt=\"Tinta Plastisol para Serigrafia Verde\" width=\"1024\" height=\"1006\" srcset=\"https:\/\/shaliteink.com\/wp-content\/uploads\/2025\/04\/Green-Screen-Printing-Plastisol-Ink-1024x1006.png 1024w, https:\/\/shaliteink.com\/wp-content\/uploads\/2025\/04\/Green-Screen-Printing-Plastisol-Ink-300x295.png 300w, https:\/\/shaliteink.com\/wp-content\/uploads\/2025\/04\/Green-Screen-Printing-Plastisol-Ink-768x754.png 768w, https:\/\/shaliteink.com\/wp-content\/uploads\/2025\/04\/Green-Screen-Printing-Plastisol-Ink-1536x1509.png 1536w, https:\/\/shaliteink.com\/wp-content\/uploads\/2025\/04\/Green-Screen-Printing-Plastisol-Ink-2048x2011.png 2048w, https:\/\/shaliteink.com\/wp-content\/uploads\/2025\/04\/Green-Screen-Printing-Plastisol-Ink-12x12.png 12w, https:\/\/shaliteink.com\/wp-content\/uploads\/2025\/04\/Green-Screen-Printing-Plastisol-Ink-1200x1179.png 1200w, https:\/\/shaliteink.com\/wp-content\/uploads\/2025\/04\/Green-Screen-Printing-Plastisol-Ink-150x147.png 150w\" sizes=\"(max-width: 1024px) 100vw, 1024px\" \/><\/h3>\n<h3 class=\"ng-star-inserted\"><span class=\"ng-star-inserted\">Principais benef\u00edcios da tinta plastisol verde Shaliteink:<\/span><\/h3>\n<ul class=\"ng-star-inserted\">\n<li class=\"ng-star-inserted\">Verde vibrante e opaco: Obtenha impress\u00f5es deslumbrantes e com cores fi\u00e9is com nossa f\u00f3rmula altamente opaca. <strong>tinta plastisol verde<\/strong> A possibilidade de posicionar o produto sobre as cores de diferentes tecidos reduz a necessidade de muitas passagens.<\/li>\n<li>Estampas com toque macio: Apesar da ambiguidade, as estampas t\u00eam um toque incrivelmente macio, proporcionando conforto e aconchego \u00e0s roupas. Isso faz com que nossos produtos... <strong><a href=\"https:\/\/shaliteink.com\/pt\/screen-printing-ink\/\">tinta de serigrafia<\/a><\/strong> Ideal para vestu\u00e1rio de alta qualidade.<\/li>\n<li>Compatibilidade universal com tecidos: Originalmente desenvolvida para funcionar com uma ampla variedade de roupas, incluindo algod\u00e3o 100%, misturas de algod\u00e3o\/poli\u00e9ster e at\u00e9 mesmo alguns tecidos sint\u00e9ticos. Nossa tinta plastisol garante resultados consistentes em seus diversos projetos.<\/li>\n<li>Baixa transfer\u00eancia de corante para misturas de poli\u00e9ster: diga adeus \u00e0s preocupa\u00e7\u00f5es com a migra\u00e7\u00e3o da tinta. Nossa f\u00f3rmula especializada ajuda a evitar a transfer\u00eancia de corante, principalmente ao trabalhar com misturas de poli\u00e9ster mais complexas, resultando em linhas n\u00edtidas e precisas.<\/li>\n<li>F\u00f3rmula sem Fotht: Comprometida com a seguran\u00e7a e a responsabilidade ambiental, nossa tinta plastisol n\u00e3o cont\u00e9m Fotht, proporcionando tranquilidade tanto para as impressoras quanto para os usu\u00e1rios finais.<\/li>\n<li>\u00c9 f\u00e1cil trabalhar com uma tela de corpo curto: experimente uma estabilidade cremosa e com bordas curtas que torna a impress\u00e3o confort\u00e1vel. Nossa tinta plastisol para serigrafia flui suavemente pela tela, reduzindo a fadiga e aumentando a efici\u00eancia.<\/li>\n<li>Tratamento r\u00e1pido a 160 \u00b0C: Agilize sua produ\u00e7\u00e3o e economize energia com nossa tinta plastisol de cura r\u00e1pida. Ela cura completamente a apenas 160 \u00b0C, reduzindo o tempo de exposi\u00e7\u00e3o e o risco de queimaduras nas pe\u00e7as de vestu\u00e1rio.<\/li>\n<li>Temperatura ideal de secagem: Nossa tinta plastisol brilha eficazmente entre 120 \u00b0C e 140 \u00b0C, o que permite uma secagem r\u00e1pida entre camadas e uma impress\u00e3o multicolorida eficiente.<\/li>\n<\/ul>\n<p>Acabamento semibrilhante: Obtenha um acabamento semibrilhante profissional que adiciona um toque de sofistica\u00e7\u00e3o aos seus designs impressos.<\/p>\n<h3 class=\"ng-star-inserted\"><span class=\"ng-star-inserted\">Otimizado para efici\u00eancia de produ\u00e7\u00e3o<\/span><\/h3>\n<p>A tinta plastisol Shaliteink Green Screen para impress\u00e3o foi desenvolvida para aumentar a produtividade. O tratamento t\u00e9rmico a 160 \u00b0C evita o encolhimento e a queima da tinta, al\u00e9m de reduzir o consumo de energia, tornando-a uma op\u00e7\u00e3o acess\u00edvel. Esta tinta plastisol \u00e9 ideal para empresas que buscam alternativas \u00e0s caras e dispendiosas impressoras de esteira de alta temperatura.<\/p>\n<p>Para tecidos com cores vibrantes, recomendamos a aplica\u00e7\u00e3o de uma base para maximizar a intensidade e a nitidez do verde. Nossa tinta para serigrafia \u00e9 incrivelmente vers\u00e1til, garantindo excelentes resultados tanto para estampas complexas quanto para gr\u00e1ficos marcantes.<\/p>\n<h3 class=\"ng-star-inserted\"><span class=\"ng-star-inserted\">Instru\u00e7\u00f5es de cura para tinta plastisol Shaliteink:<\/span><\/h3>\n<ul class=\"ng-star-inserted\">\n<li class=\"ng-star-inserted\">Temperatura de tratamento: Realize o tratamento completo a 160 \u00b0C (320 \u00b0F). Certifique-se de que toda a camada de tinta atinja essa temperatura para obter ades\u00e3o e vasibilidade ideais.<\/li>\n<li>Temperatura de secagem r\u00e1pida: Secagem r\u00e1pida entre 120 \u00b0C e 140 \u00b0C (248 \u00b0F a 284 \u00b0F) por 3 a 5 segundos. Ajuste o equipamento da sua oficina e a quantidade de tinta depositada de acordo com a espessura desejada.<\/li>\n<li>Teste de resist\u00eancia: Uma resist\u00eancia confi\u00e1vel geralmente dura de 5 a 10 lavagens. Para um teste r\u00e1pido, fa\u00e7a o &quot;Teste de Elasticidade&quot;: Imprima cerca de dois ter\u00e7os da largura da camiseta. Se a estampa n\u00e3o retrair, indica baixa resist\u00eancia. Recomendamos sempre testar a elasticidade e a resist\u00eancia \u00e0 lavagem antes da produ\u00e7\u00e3o completa.<\/li>\n<li>Recomenda\u00e7\u00f5es de tecido: Para melhores resultados, utilize em fibras naturais, especialmente algod\u00e3o 100%.<\/li>\n<\/ul>\n<h3 class=\"ng-star-inserted\"><span class=\"ng-star-inserted\">Limpeza f\u00e1cil:<\/span><\/h3>\n<ul>\n<li>Na impressora: Utilize um produto de limpeza espec\u00edfico para plastisol ou um removedor de tinta.<\/li>\n<li>Na pia: Use um produto de limpeza para telas \u00e0 base de plastisol ou um removedor de tinta para limpar completamente a tela.<\/li>\n<\/ul>\n<h3 class=\"ng-star-inserted\"><span class=\"ng-star-inserted\">Dicas profissionais para tinta Shaliteink Plastisol:<\/span><\/h3>\n<p>Lembre-se, a tinta plastisol cria uma liga\u00e7\u00e3o mec\u00e2nica com a fibra do tecido, em vez de tingi-la. Armazene sua tinta plastisol Shaliteink em temperatura ambiente. A tinta pode come\u00e7ar a secar no recipiente em contato prolongado com a fibra em temperaturas acima de 32 \u00b0C (90 \u00b0F), portanto, mantenha-a sempre em local fresco e seco.<\/p>\n<p>A serigrafia Shaliteink Green Screen eleva seus projetos com tinta plastisol. Experimente a combina\u00e7\u00e3o perfeita de qualidade, desempenho e pre\u00e7o acess\u00edvel.<\/p>\n<p><img decoding=\"async\" class=\"wp-image-3825 size-large aligncenter\" src=\"https:\/\/shaliteink.com\/wp-content\/uploads\/2025\/04\/Green-Screen-Printing-Plastisol-Ink-1-1013x1024.png\" alt=\"Tinta Plastisol para Serigrafia Verde\" width=\"1013\" height=\"1024\" srcset=\"https:\/\/shaliteink.com\/wp-content\/uploads\/2025\/04\/Green-Screen-Printing-Plastisol-Ink-1-1013x1024.png 1013w, https:\/\/shaliteink.com\/wp-content\/uploads\/2025\/04\/Green-Screen-Printing-Plastisol-Ink-1-297x300.png 297w, https:\/\/shaliteink.com\/wp-content\/uploads\/2025\/04\/Green-Screen-Printing-Plastisol-Ink-1-768x776.png 768w, https:\/\/shaliteink.com\/wp-content\/uploads\/2025\/04\/Green-Screen-Printing-Plastisol-Ink-1-1520x1536.png 1520w, https:\/\/shaliteink.com\/wp-content\/uploads\/2025\/04\/Green-Screen-Printing-Plastisol-Ink-1-2026x2048.png 2026w, https:\/\/shaliteink.com\/wp-content\/uploads\/2025\/04\/Green-Screen-Printing-Plastisol-Ink-1-12x12.png 12w, https:\/\/shaliteink.com\/wp-content\/uploads\/2025\/04\/Green-Screen-Printing-Plastisol-Ink-1-1200x1213.png 1200w, https:\/\/shaliteink.com\/wp-content\/uploads\/2025\/04\/Green-Screen-Printing-Plastisol-Ink-1-150x152.png 150w\" sizes=\"(max-width: 1013px) 100vw, 1013px\" \/><\/p>","protected":false},"excerpt":{"rendered":"<p>Est\u00e1 procurando uma tinta plastisol para serigrafia que ofere\u00e7a resultados extraordin\u00e1rios e torne seu processo de produ\u00e7\u00e3o mais eficiente? A Shaliteink, l\u00edder global com duas d\u00e9cadas de experi\u00eancia em fabrica\u00e7\u00e3o, orgulhosamente apresenta sua tinta plastisol verde premium para serigrafia. Desenvolvida para a excel\u00eancia, esta tinta proporciona uma variedade \u00fanica de opera\u00e7\u00f5es, cores vibrantes e facilidade de uso, tornando-a a op\u00e7\u00e3o ideal tanto para profissionais experientes quanto para iniciantes na serigrafia.<\/p>","protected":false},"featured_media":1483,"comment_status":"open","ping_status":"closed","template":"","meta":[],"product_brand":[],"product_cat":[39],"product_tag":[],"class_list":{"0":"post-1078","1":"product","2":"type-product","3":"status-publish","4":"has-post-thumbnail","6":"product_cat-plastisol-ink","8":"first","9":"instock","10":"shipping-taxable","11":"purchasable","12":"product-type-variable"},"tiered_pricing_type":"fixed","tiered_pricing_fixed_rules":[],"tiered_pricing_product_settings":{"layout":"default","base_unit_name":{"singular":null,"plural":null},"default_variation":null},"tiered_pricing_minimum_quantity":null,"tiered_pricing_roles_data":[],"tiered_pricing_percentage_rules":[],"tiered_pricing_maximum_quantity":null,"tiered_pricing_quantity_step":null,"_links":{"self":[{"href":"https:\/\/shaliteink.com\/pt\/wp-json\/wp\/v2\/product\/1078","targetHints":{"allow":["GET"]}}],"collection":[{"href":"https:\/\/shaliteink.com\/pt\/wp-json\/wp\/v2\/product"}],"about":[{"href":"https:\/\/shaliteink.com\/pt\/wp-json\/wp\/v2\/types\/product"}],"replies":[{"embeddable":true,"href":"https:\/\/shaliteink.com\/pt\/wp-json\/wp\/v2\/comments?post=1078"}],"version-history":[{"count":0,"href":"https:\/\/shaliteink.com\/pt\/wp-json\/wp\/v2\/product\/1078\/revisions"}],"wp:featuredmedia":[{"embeddable":true,"href":"https:\/\/shaliteink.com\/pt\/wp-json\/wp\/v2\/media\/1483"}],"wp:attachment":[{"href":"https:\/\/shaliteink.com\/pt\/wp-json\/wp\/v2\/media?parent=1078"}],"wp:term":[{"taxonomy":"product_brand","embeddable":true,"href":"https:\/\/shaliteink.com\/pt\/wp-json\/wp\/v2\/product_brand?post=1078"},{"taxonomy":"product_cat","embeddable":true,"href":"https:\/\/shaliteink.com\/pt\/wp-json\/wp\/v2\/product_cat?post=1078"},{"taxonomy":"product_tag","embeddable":true,"href":"https:\/\/shaliteink.com\/pt\/wp-json\/wp\/v2\/product_tag?post=1078"}],"curies":[{"name":"wp","href":"https:\/\/api.w.org\/{rel}","templated":true}]}}