{"id":1005,"date":"2025-04-10T08:56:06","date_gmt":"2025-04-10T08:56:06","guid":{"rendered":"https:\/\/shaliteink.com\/?post_type=product&#038;p=1005"},"modified":"2025-12-10T11:30:38","modified_gmt":"2025-12-10T11:30:38","slug":"tinta-plastisol-branca-para-serigrafia","status":"publish","type":"product","link":"https:\/\/shaliteink.com\/pt\/produto\/tinta-plastisol-branca-para-serigrafia\/","title":{"rendered":"Tinta plastisol branca para serigrafia"},"content":{"rendered":"<p class=\"ng-star-inserted\"><strong><span class=\"ng-star-inserted\">Principais benef\u00edcios da tinta plastisol branca Shaliteink:<\/span><\/strong><\/p>\n<ul class=\"ng-star-inserted\">\n<li class=\"ng-star-inserted\">\n<p class=\"ng-star-inserted\"><strong class=\"ng-star-inserted\"><span class=\"ng-star-inserted\">Opacidade excepcional:<\/span><\/strong><span class=\"ng-star-inserted\">\u00a0Obtenha impress\u00f5es brancas brilhantes e s\u00f3lidas, mesmo em pe\u00e7as escuras, com cobertura superior, minimizando a necessidade de m\u00faltiplas passagens.<\/span><\/p>\n<\/li>\n<li class=\"ng-star-inserted\">\n<p class=\"ng-star-inserted\"><strong class=\"ng-star-inserted\"><span class=\"ng-star-inserted\">Sensa\u00e7\u00e3o de toque macio:<\/span><\/strong><span class=\"ng-star-inserted\">\u00a0Apesar de sua alta opacidade, nosso\u00a0<\/span><a href=\"https:\/\/shaliteink.com\/pt\/categoria-produto\/tinta-plastisol\/\"><strong class=\"ng-star-inserted\"><span class=\"ng-star-inserted\">tinta plastisol<\/span><\/strong><\/a><span class=\"ng-star-inserted\">\u00a0Proporciona um acabamento notavelmente macio e flex\u00edvel que resiste ao teste do tempo e \u00e0s lavagens.<\/span><\/p>\n<\/li>\n<li class=\"ng-star-inserted\">\n<p class=\"ng-star-inserted\"><strong class=\"ng-star-inserted\"><span class=\"ng-star-inserted\">Compatibilidade universal com tecidos:<\/span><\/strong><span class=\"ng-star-inserted\">\u00a0Projetado para versatilidade, este\u00a0<\/span><a href=\"https:\/\/shaliteink.com\/pt\/screen-printing-ink\/\"><strong class=\"ng-star-inserted\"><span class=\"ng-star-inserted\">tinta de serigrafia<\/span><\/strong><\/a><span class=\"ng-star-inserted\">\u00a0Apresenta um desempenho excelente em uma ampla variedade de tecidos, desde algod\u00e3o 100% at\u00e9 misturas de poli\u00e9ster.<\/span><\/p>\n<\/li>\n<li class=\"ng-star-inserted\">\n<p class=\"ng-star-inserted\"><strong class=\"ng-star-inserted\"><span class=\"ng-star-inserted\">F\u00f3rmula de baixo sangramento:<\/span><\/strong><span class=\"ng-star-inserted\">\u00a0Diga adeus \u00e0s preocupa\u00e7\u00f5es com a migra\u00e7\u00e3o de corantes, especialmente ao trabalhar com tecidos de poli\u00e9ster e misturas de poli\u00e9ster, que s\u00e3o mais desafiadores.<\/span><\/p>\n<\/li>\n<li class=\"ng-star-inserted\">\n<p class=\"ng-star-inserted\"><strong class=\"ng-star-inserted\"><span class=\"ng-star-inserted\">Formula\u00e7\u00e3o sem ftalatos:<\/span><\/strong><span class=\"ng-star-inserted\">\u00a0Comprometidos com a seguran\u00e7a e a responsabilidade ambiental, nossa tinta \u00e9 livre de ftalatos nocivos.<\/span><\/p>\n<\/li>\n<li class=\"ng-star-inserted\">\n<p class=\"ng-star-inserted\"><strong class=\"ng-star-inserted\"><span class=\"ng-star-inserted\">Cura e evapora\u00e7\u00e3o ideais:<\/span><\/strong><span class=\"ng-star-inserted\">\u00a0Projetado para efici\u00eancia, garantindo tempos de produ\u00e7\u00e3o r\u00e1pidos e resultados consistentes e confi\u00e1veis.<\/span><\/p>\n<\/li>\n<li class=\"ng-star-inserted\">\n<p class=\"ng-star-inserted\"><strong class=\"ng-star-inserted\"><span class=\"ng-star-inserted\">Consist\u00eancia amig\u00e1vel ao usu\u00e1rio:<\/span><\/strong><span class=\"ng-star-inserted\">\u00a0Nosso cremoso e encorpado\u00a0<\/span><strong class=\"ng-star-inserted\"><span class=\"ng-star-inserted\">tinta plastisol<\/span><\/strong><span class=\"ng-star-inserted\">\u00a0\u00c9 f\u00e1cil de trabalhar, permitindo uma impress\u00e3o suave e reprodu\u00e7\u00e3o de detalhes precisos.<\/span><\/p>\n<\/li>\n<\/ul>\n<p class=\"ng-star-inserted\"><strong class=\"ng-star-inserted\"><span class=\"ng-star-inserted\">Acabamento semibrilhante:<\/span><\/strong><span class=\"ng-star-inserted\">\u00a0Consiga um visual profissional e de alta qualidade com um brilho sutil que real\u00e7a seus designs.<\/span><\/p>\n<p class=\"ng-star-inserted\"><strong class=\"ng-star-inserted\"><span class=\"ng-star-inserted\"><img decoding=\"async\" class=\"alignnone wp-image-3799 size-large\" src=\"https:\/\/shaliteink.com\/wp-content\/uploads\/2025\/09\/White-Screen-Printing-Ink-Plastisol-2-1024x794.png\" alt=\"Tinta plastisol branca para serigrafia\" width=\"1024\" height=\"794\" srcset=\"https:\/\/shaliteink.com\/wp-content\/uploads\/2025\/09\/White-Screen-Printing-Ink-Plastisol-2-1024x794.png 1024w, https:\/\/shaliteink.com\/wp-content\/uploads\/2025\/09\/White-Screen-Printing-Ink-Plastisol-2-300x233.png 300w, https:\/\/shaliteink.com\/wp-content\/uploads\/2025\/09\/White-Screen-Printing-Ink-Plastisol-2-768x596.png 768w, https:\/\/shaliteink.com\/wp-content\/uploads\/2025\/09\/White-Screen-Printing-Ink-Plastisol-2-1536x1192.png 1536w, https:\/\/shaliteink.com\/wp-content\/uploads\/2025\/09\/White-Screen-Printing-Ink-Plastisol-2-2048x1589.png 2048w, https:\/\/shaliteink.com\/wp-content\/uploads\/2025\/09\/White-Screen-Printing-Ink-Plastisol-2-15x12.png 15w, https:\/\/shaliteink.com\/wp-content\/uploads\/2025\/09\/White-Screen-Printing-Ink-Plastisol-2-1200x931.png 1200w, https:\/\/shaliteink.com\/wp-content\/uploads\/2025\/09\/White-Screen-Printing-Ink-Plastisol-2-150x116.png 150w\" sizes=\"(max-width: 1024px) 100vw, 1024px\" \/><\/span><\/strong><\/p>\n<p class=\"ng-star-inserted\"><strong class=\"ng-star-inserted\"><span class=\"ng-star-inserted\">Experimente a diferen\u00e7a Shaliteink<\/span><\/strong><\/p>\n<p class=\"ng-star-inserted\"><span class=\"ng-star-inserted\">A tinta plastisol branca Shaliteink n\u00e3o \u00e9 apenas uma tinta; \u00e9 um impulsionador de produtividade. Desenvolvida por especialistas com d\u00e9cadas de experi\u00eancia, esta tinta...\u00a0<\/span><strong class=\"ng-star-inserted\"><span class=\"ng-star-inserted\">tinta de serigrafia<\/span><\/strong><span class=\"ng-star-inserted\">\u00a0Foi desenvolvida para atender \u00e0s demandas de gr\u00e1ficas movimentadas e entusiastas da impress\u00e3o. Sua temperatura de cura mais baixa reduz significativamente o risco de queimaduras e encolhimento das pe\u00e7as, um problema comum com tintas de alta temperatura, tornando-a ideal para materiais sens\u00edveis ao calor. Isso tamb\u00e9m se traduz em economia substancial nos custos de energia el\u00e9trica e um tempo de produ\u00e7\u00e3o mais r\u00e1pido, sem comprometer a qualidade da impress\u00e3o.<\/span><\/p>\n<p class=\"ng-star-inserted\"><span class=\"ng-star-inserted\">Para obter os melhores resultados em pe\u00e7as de roupa mais escuras, recomendamos a aplica\u00e7\u00e3o de uma base de base com o nosso produto.\u00a0<\/span><strong class=\"ng-star-inserted\"><span class=\"ng-star-inserted\">Tinta branca Shaliteink Plastisol<\/span><\/strong><span class=\"ng-star-inserted\">\u00a0Para obter o m\u00e1ximo de vivacidade e opacidade, a formula\u00e7\u00e3o da nossa tinta garante uma forte liga\u00e7\u00e3o mec\u00e2nica com as fibras do tecido, assegurando estampas resistentes a rachaduras e desbotamento mesmo ap\u00f3s in\u00fameras lavagens.<\/span><\/p>\n<p class=\"ng-star-inserted\"><strong class=\"ng-star-inserted\"><span class=\"ng-star-inserted\">Orienta\u00e7\u00f5es de cura:<\/span><\/strong><\/p>\n<ul class=\"ng-star-inserted\">\n<li class=\"ng-star-inserted\">\n<p class=\"ng-star-inserted\"><strong class=\"ng-star-inserted\"><span class=\"ng-star-inserted\">Temperatura de cura:<\/span><\/strong><span class=\"ng-star-inserted\">\u00a0Nosso\u00a0<\/span><strong class=\"ng-star-inserted\"><span class=\"ng-star-inserted\">tinta plastisol<\/span><\/strong><span class=\"ng-star-inserted\">\u00a0cura de forma confi\u00e1vel em\u00a0<\/span><strong class=\"ng-star-inserted\"><span class=\"ng-star-inserted\">160\u00b0C (320\u00b0F)<\/span><\/strong><span class=\"ng-star-inserted\">. Certifique-se de que toda a camada de tinta atinja essa temperatura para uma cura completa e duradoura.<\/span><\/p>\n<\/li>\n<li class=\"ng-star-inserted\">\n<p class=\"ng-star-inserted\"><strong class=\"ng-star-inserted\"><span class=\"ng-star-inserted\">Temperatura de flash:<\/span><\/strong><span class=\"ng-star-inserted\">\u00a0Obtenha uma intermit\u00eancia eficiente entre\u00a0<\/span><strong class=\"ng-star-inserted\"><span class=\"ng-star-inserted\">120\u00b0C (248\u00b0F) a 140\u00b0C (284\u00b0F)<\/span><\/strong><span class=\"ng-star-inserted\">\u00a0por 3 a 5 segundos. O tempo de exposi\u00e7\u00e3o pode variar dependendo do seu equipamento espec\u00edfico e da espessura da camada de tinta.<\/span><\/p>\n<\/li>\n<li class=\"ng-star-inserted\">\n<p class=\"ng-star-inserted\"><strong class=\"ng-star-inserted\"><span class=\"ng-star-inserted\">Teste de lavagem:<\/span><\/strong><span class=\"ng-star-inserted\">\u00a0Para verificar a cura completa, realize um teste de lavagem ap\u00f3s 5 a 10 lavagens. Uma impress\u00e3o com cura incompleta apresentar\u00e1 deteriora\u00e7\u00e3o ap\u00f3s 1 a 3 lavagens.<\/span><\/p>\n<\/li>\n<li class=\"ng-star-inserted\">\n<p class=\"ng-star-inserted\"><strong class=\"ng-star-inserted\"><span class=\"ng-star-inserted\">Teste de alongamento:<\/span><\/strong><span class=\"ng-star-inserted\">\u00a0Uma maneira r\u00e1pida de testar a cura \u00e9 o &quot;teste de elasticidade&quot;. Estique a \u00e1rea estampada em aproximadamente dois ter\u00e7os da elasticidade normal da pe\u00e7a. Se a estampa rachar e n\u00e3o voltar ao normal, isso indica que a cura n\u00e3o foi completa. Ajuste o tempo ou a temperatura de cura de acordo.<\/span><\/p>\n<\/li>\n<li class=\"ng-star-inserted\">\n<p class=\"ng-star-inserted\"><strong class=\"ng-star-inserted\"><span class=\"ng-star-inserted\">Testes gerais:<\/span><\/strong><span class=\"ng-star-inserted\">\u00a0Antes de qualquer produ\u00e7\u00e3o em larga escala, recomendamos fortemente a realiza\u00e7\u00e3o de testes de elasticidade e lavagem para confirmar a cura adequada e a qualidade da impress\u00e3o. Embora nosso\u00a0<\/span><strong class=\"ng-star-inserted\"><span class=\"ng-star-inserted\">tinta plastisol<\/span><\/strong><span class=\"ng-star-inserted\">\u00a0Funciona em diversos tecidos, mas os melhores resultados s\u00e3o frequentemente obtidos com o algod\u00e3o 100%.<\/span><\/p>\n<\/li>\n<\/ul>\n<p class=\"ng-star-inserted\"><strong class=\"ng-star-inserted\"><span class=\"ng-star-inserted\">Limpeza e armazenamento:<\/span><\/strong><\/p>\n<ul class=\"ng-star-inserted\">\n<li class=\"ng-star-inserted\">\n<p class=\"ng-star-inserted\"><strong class=\"ng-star-inserted\"><span class=\"ng-star-inserted\">Limpeza na Impress\u00e3o:<\/span><\/strong><span class=\"ng-star-inserted\">\u00a0Para limpezas r\u00e1pidas durante a produ\u00e7\u00e3o, utilize um produto de limpeza espec\u00edfico para prensas plastisol ou um removedor de tinta.<\/span><\/p>\n<\/li>\n<li class=\"ng-star-inserted\">\n<p class=\"ng-star-inserted\"><strong class=\"ng-star-inserted\"><span class=\"ng-star-inserted\">Limpeza de tela:<\/span><\/strong><span class=\"ng-star-inserted\">\u00a0Ap\u00f3s a impress\u00e3o, limpe bem as telas com um produto de limpeza espec\u00edfico para plastisol ou um removedor de tinta.<\/span><\/p>\n<\/li>\n<li class=\"ng-star-inserted\">\n<p class=\"ng-star-inserted\"><strong class=\"ng-star-inserted\"><span class=\"ng-star-inserted\">Armazenar:<\/span><\/strong><span class=\"ng-star-inserted\">\u00a0Loja Shaliteink\u00a0<\/span><strong class=\"ng-star-inserted\"><span class=\"ng-star-inserted\">tinta plastisol<\/span><\/strong><span class=\"ng-star-inserted\">\u00a0Conservar \u00e0 temperatura ambiente, idealmente entre 18-32\u00b0C (65-90\u00b0F). Evitar a exposi\u00e7\u00e3o direta \u00e0 luz solar e a temperaturas acima de 32\u00b0C (90\u00b0F), pois isso pode fazer com que a tinta comece a endurecer dentro do recipiente.<\/span><\/p>\n<\/li>\n<\/ul>\n<p class=\"ng-star-inserted\"><strong class=\"ng-star-inserted\"><span class=\"ng-star-inserted\">Por que escolher Shaliteink?<\/span><\/strong><\/p>\n<p class=\"ng-star-inserted\"><span class=\"ng-star-inserted\">Nossos vinte anos de experi\u00eancia em fabrica\u00e7\u00e3o significam que voc\u00ea est\u00e1 adquirindo um produto projetado para desempenho, confiabilidade e valor. Colaboramos de perto com marcas mundialmente renomadas, aprimorando constantemente nossos produtos.\u00a0<\/span><strong class=\"ng-star-inserted\"><span class=\"ng-star-inserted\">tinta de serigrafia<\/span><\/strong><span class=\"ng-star-inserted\">\u00a0para atender aos mais altos padr\u00f5es da ind\u00fastria. Quando voc\u00ea\u00a0<\/span><strong class=\"ng-star-inserted\"><span class=\"ng-star-inserted\">comprar tinta plastisol<\/span><\/strong><span class=\"ng-star-inserted\">\u00a0Com a Shaliteink, voc\u00ea investe em um produto que oferece resultados consistentes e profissionais sempre. Experimente a tranquilidade de usar um produto de primeira linha.\u00a0<\/span><strong class=\"ng-star-inserted\"><span class=\"ng-star-inserted\">tinta de serigrafia<\/span><\/strong><span class=\"ng-star-inserted\">\u00a0\u00c9 econ\u00f4mico e altamente eficaz. Obtenha o melhor pelo menor pre\u00e7o e clique para ver nossas ofertas hoje mesmo!<\/span><\/p>\n<p><img decoding=\"async\" class=\"wp-image-3798 size-large aligncenter\" src=\"https:\/\/shaliteink.com\/wp-content\/uploads\/2025\/09\/White-Screen-Printing-Ink-Plastisol-1024x892.jpg\" alt=\"Tinta plastisol branca para serigrafia\" width=\"1024\" height=\"892\" srcset=\"https:\/\/shaliteink.com\/wp-content\/uploads\/2025\/09\/White-Screen-Printing-Ink-Plastisol-1024x892.jpg 1024w, https:\/\/shaliteink.com\/wp-content\/uploads\/2025\/09\/White-Screen-Printing-Ink-Plastisol-300x261.jpg 300w, https:\/\/shaliteink.com\/wp-content\/uploads\/2025\/09\/White-Screen-Printing-Ink-Plastisol-768x669.jpg 768w, https:\/\/shaliteink.com\/wp-content\/uploads\/2025\/09\/White-Screen-Printing-Ink-Plastisol-1536x1338.jpg 1536w, https:\/\/shaliteink.com\/wp-content\/uploads\/2025\/09\/White-Screen-Printing-Ink-Plastisol-2048x1784.jpg 2048w, https:\/\/shaliteink.com\/wp-content\/uploads\/2025\/09\/White-Screen-Printing-Ink-Plastisol-14x12.jpg 14w, https:\/\/shaliteink.com\/wp-content\/uploads\/2025\/09\/White-Screen-Printing-Ink-Plastisol-1200x1045.jpg 1200w, https:\/\/shaliteink.com\/wp-content\/uploads\/2025\/09\/White-Screen-Printing-Ink-Plastisol-150x131.jpg 150w\" sizes=\"(max-width: 1024px) 100vw, 1024px\" \/><\/p>","protected":false},"excerpt":{"rendered":"<p><span class=\"ng-star-inserted\">Descubra o segredo para serigrafias de n\u00edvel profissional com\u00a0<\/span><strong class=\"ng-star-inserted\"><span class=\"ng-star-inserted\">Tinta branca Shaliteink Plastisol<\/span><\/strong><span class=\"ng-star-inserted\">, A Shaliteink \u00e9 a sua solu\u00e7\u00e3o definitiva para designs vibrantes, dur\u00e1veis e excepcionalmente opacos. Com duas d\u00e9cadas de excel\u00eancia em fabrica\u00e7\u00e3o e pre\u00e7os direto da f\u00e1brica, a Shaliteink \u00e9 l\u00edder mundialmente reconhecida em...\u00a0<\/span><strong class=\"ng-star-inserted\"><span class=\"ng-star-inserted\">tinta plastisol para serigrafia<\/span><\/strong><span class=\"ng-star-inserted\">, Com a confian\u00e7a de marcas mundialmente renomadas, nosso compromisso com a qualidade e a inova\u00e7\u00e3o garante que cada impress\u00e3o seja uma obra-prima.<\/span><\/p>","protected":false},"featured_media":1438,"comment_status":"open","ping_status":"closed","template":"","meta":[],"product_brand":[],"product_cat":[39,49],"product_tag":[],"class_list":{"0":"post-1005","1":"product","2":"type-product","3":"status-publish","4":"has-post-thumbnail","6":"product_cat-plastisol-ink","7":"product_cat-white-screen-printing-ink-plastisol","9":"first","10":"instock","11":"shipping-taxable","12":"purchasable","13":"product-type-variable"},"tiered_pricing_type":"fixed","tiered_pricing_fixed_rules":[],"tiered_pricing_product_settings":{"layout":"default","base_unit_name":{"singular":null,"plural":null},"default_variation":null},"tiered_pricing_minimum_quantity":null,"tiered_pricing_roles_data":[],"tiered_pricing_percentage_rules":[],"tiered_pricing_maximum_quantity":null,"tiered_pricing_quantity_step":null,"_links":{"self":[{"href":"https:\/\/shaliteink.com\/pt\/wp-json\/wp\/v2\/product\/1005","targetHints":{"allow":["GET"]}}],"collection":[{"href":"https:\/\/shaliteink.com\/pt\/wp-json\/wp\/v2\/product"}],"about":[{"href":"https:\/\/shaliteink.com\/pt\/wp-json\/wp\/v2\/types\/product"}],"replies":[{"embeddable":true,"href":"https:\/\/shaliteink.com\/pt\/wp-json\/wp\/v2\/comments?post=1005"}],"version-history":[{"count":0,"href":"https:\/\/shaliteink.com\/pt\/wp-json\/wp\/v2\/product\/1005\/revisions"}],"wp:featuredmedia":[{"embeddable":true,"href":"https:\/\/shaliteink.com\/pt\/wp-json\/wp\/v2\/media\/1438"}],"wp:attachment":[{"href":"https:\/\/shaliteink.com\/pt\/wp-json\/wp\/v2\/media?parent=1005"}],"wp:term":[{"taxonomy":"product_brand","embeddable":true,"href":"https:\/\/shaliteink.com\/pt\/wp-json\/wp\/v2\/product_brand?post=1005"},{"taxonomy":"product_cat","embeddable":true,"href":"https:\/\/shaliteink.com\/pt\/wp-json\/wp\/v2\/product_cat?post=1005"},{"taxonomy":"product_tag","embeddable":true,"href":"https:\/\/shaliteink.com\/pt\/wp-json\/wp\/v2\/product_tag?post=1005"}],"curies":[{"name":"wp","href":"https:\/\/api.w.org\/{rel}","templated":true}]}}