{"id":1004,"date":"2025-04-10T09:02:11","date_gmt":"2025-04-10T09:02:11","guid":{"rendered":"https:\/\/shaliteink.com\/?post_type=product&#038;p=1004"},"modified":"2025-12-10T11:29:52","modified_gmt":"2025-12-10T11:29:52","slug":"tinta-plastisol-preta-para-serigrafia","status":"publish","type":"product","link":"https:\/\/shaliteink.com\/pt\/produto\/tinta-plastisol-preta-para-serigrafia\/","title":{"rendered":"Tinta Plastisol para Serigrafia Preta"},"content":{"rendered":"<p class=\"ng-star-inserted\"><strong class=\"ng-star-inserted\"><span class=\"ng-star-inserted\">Principais benef\u00edcios da tinta plastisol preta Shaliteink:<\/span><\/strong><\/p>\n<ul class=\"ng-star-inserted\">\n<li class=\"ng-star-inserted\">Tratamento ideal: O tratamento eficiente a 160 \u00b0C reduz significativamente o tempo e o risco de queimaduras ou encolhimento das roupas, sendo especialmente ben\u00e9fico para pe\u00e7as sens\u00edveis ao calor.<\/li>\n<li>Baixa temperatura de flash: Obtenha brilho r\u00e1pido entre 120 \u00b0C e 140 \u00b0C, aprimorando suas capacidades de impress\u00e3o grama por grama e melhorando a efici\u00eancia do fluxo de trabalho.<\/li>\n<li>Qualidade superior: Cobertura preta intensa e vibrante, ideal tamb\u00e9m para roupas escuras. Sua alta cobertura significa que s\u00e3o necess\u00e1rias menos passagens, economizando tempo e tinta.<\/li>\n<li>Toque macio: Apesar da ambiguidade, as estampas permanecem incrivelmente macias ao toque, garantindo o m\u00e1ximo conforto ao usar.<\/li>\n<li>Viscosidade ideal para o usu\u00e1rio: Nossa tinta plastisol possui uma textura cremosa e de corpo curto, o que facilita o manuseio, proporcionando impress\u00f5es n\u00edtidas e amplas que fluem suavemente pela tela.<\/li>\n<li>F\u00f3rmula n\u00e3o Fothlet: Shaliteink <strong>Tinta Plastisol preta<\/strong> \u00c9 preparado sem ftalatos, com compromisso com a seguran\u00e7a e a responsabilidade ambiental.<\/li>\n<li>Aplica\u00e7\u00e3o vers\u00e1til: Ideal para uma ampla variedade de roupas, incluindo algod\u00e3o 100%, mistura de algod\u00e3o\/malha e at\u00e9 mesmo misturas com alguma base de poli\u00e9ster adequada.<\/li>\n<li>Excelente durabilidade \u00e0 lavagem: Garante qualidade prolongada, fixando as estampas mesmo ap\u00f3s lavagens repetidas, sem rachaduras ou desaparecimento, desde que a recupera\u00e7\u00e3o seja feita corretamente.<\/li>\n<\/ul>\n<p><img decoding=\"async\" class=\"wp-image-3816 size-large aligncenter\" src=\"https:\/\/shaliteink.com\/wp-content\/uploads\/2025\/04\/Black-Screen-Printing-Plastisol-Ink-1024x988.png\" alt=\"Tinta Plastisol para Serigrafia Preta\" width=\"1024\" height=\"988\" srcset=\"https:\/\/shaliteink.com\/wp-content\/uploads\/2025\/04\/Black-Screen-Printing-Plastisol-Ink-1024x988.png 1024w, https:\/\/shaliteink.com\/wp-content\/uploads\/2025\/04\/Black-Screen-Printing-Plastisol-Ink-300x290.png 300w, https:\/\/shaliteink.com\/wp-content\/uploads\/2025\/04\/Black-Screen-Printing-Plastisol-Ink-768x741.png 768w, https:\/\/shaliteink.com\/wp-content\/uploads\/2025\/04\/Black-Screen-Printing-Plastisol-Ink-12x12.png 12w, https:\/\/shaliteink.com\/wp-content\/uploads\/2025\/04\/Black-Screen-Printing-Plastisol-Ink-1200x1158.png 1200w, https:\/\/shaliteink.com\/wp-content\/uploads\/2025\/04\/Black-Screen-Printing-Plastisol-Ink-150x145.png 150w, https:\/\/shaliteink.com\/wp-content\/uploads\/2025\/04\/Black-Screen-Printing-Plastisol-Ink.png 1352w\" sizes=\"(max-width: 1024px) 100vw, 1024px\" \/><\/p>\n<p class=\"ng-star-inserted\"><strong class=\"ng-star-inserted\"><span class=\"ng-star-inserted\">Desbloqueie a efici\u00eancia e a qualidade com Shaliteink.<\/span><\/strong><\/p>\n<p>A tinta plastisol preta Shaliteink foi desenvolvida para otimizar seu processo de produ\u00e7\u00e3o e aumentar a qualidade dos seus produtos finais. Nossa f\u00f3rmula avan\u00e7ada permite secagem r\u00e1pida em baixas temperaturas, o que se traduz em benef\u00edcios tang\u00edveis para o seu neg\u00f3cio. O baixo consumo de energia significa contas de luz mais baixas, enquanto a alta produtividade permite que voc\u00ea aceite mais projetos e os cumpra dentro de prazos apertados. <strong><a href=\"https:\/\/shaliteink.com\/pt\/screen-printing-ink\/\">tinta de serigrafia<\/a> <\/strong>N\u00e3o se trata apenas de um produto; \u00e9 um investimento na sua produtividade e rentabilidade.<\/p>\n<p>A qualidade consistente dos nossos <strong><a href=\"https:\/\/shaliteink.com\/pt\/categoria-produto\/tinta-plastisol\/\">tinta plastisol<\/a> <\/strong>Os pigmentos pretos vibrantes fazem dele uma excelente escolha tanto para base quanto para impress\u00e3o direta. Para obter cores vibrantes em tecidos muito escuros, considere usar uma base branca. A tecnologia Strong Formation proporciona uma forte liga\u00e7\u00e3o mec\u00e2nica com a fibra do tecido, garantindo que seus designs resistam ao tempo e ao desgaste.<\/p>\n<p class=\"ng-star-inserted\"><strong class=\"ng-star-inserted\"><span class=\"ng-star-inserted\">Instru\u00e7\u00f5es de cura:<\/span><\/strong><\/p>\n<ul class=\"ng-star-inserted\">\n<li class=\"ng-star-inserted\">Temperatura de tratamento: Realize o tratamento completo a 160 \u00b0C (320 \u00b0F). Certifique-se de que toda a camada de tinta atinja essa temperatura para obter a m\u00e1xima durabilidade. Recomendamos o uso de uma sonda em formato de rosca ou um term\u00f4metro infravermelho para medir com precis\u00e3o a temperatura interna da tinta, pois a leitura na superf\u00edcie pode ser enganosa.<\/li>\n<li>Temperatura de secagem r\u00e1pida: A secagem r\u00e1pida deve ser feita entre 120 \u00b0C e 140 \u00b0C (248 \u00b0F e 284 \u00b0F) durante 3 a 5 segundos. Ajuste o tempo de secagem r\u00e1pida de acordo com o seu equipamento espec\u00edfico e a quantidade de tinta depositada.<\/li>\n<li>Teste de fixa\u00e7\u00e3o: Uma fixa\u00e7\u00e3o confi\u00e1vel da estampa \u00e9 essencial para a durabilidade. Fa\u00e7a um teste de elasticidade: estique a pe\u00e7a estampada at\u00e9 cerca de dois ter\u00e7os da sua elasticidade m\u00e1xima; se a tinta rachar e n\u00e3o voltar ao normal, a fixa\u00e7\u00e3o est\u00e1 baixa. Para um teste mais preciso, lave a pe\u00e7a ap\u00f3s 24 horas (para que a tinta fixe completamente). Estampas bem fixadas devem suportar de 5 a 10 lavagens sem se deteriorarem.<\/li>\n<\/ul>\n<p class=\"ng-star-inserted\"><strong class=\"ng-star-inserted\"><span class=\"ng-star-inserted\">Dicas profissionais para obter os melhores resultados:<\/span><\/strong><\/p>\n<ul class=\"ng-star-inserted\">\n<li class=\"ng-star-inserted\">Armazenamento: Armazene a tinta plastisol Shaliteink em temperatura ambiente, idealmente entre 18 e 32 \u00b0C (65 e 90 \u00b0F). Evite a exposi\u00e7\u00e3o direta \u00e0 luz solar e o contato prolongado com temperaturas acima de 32 \u00b0C (90 \u00b0F), pois isso pode causar o pr\u00e9-tratamento da tinta dentro do recipiente.<\/li>\n<li>Base branca: Ao imprimir em tecidos escuros para obter o m\u00e1ximo contraste e vivacidade, especialmente em materiais com alto teor de poli\u00e9ster, recomendamos o uso de uma base branca em abund\u00e2ncia. Isso \u00e9 particularmente importante para evitar a migra\u00e7\u00e3o da tinta em misturas de poli\u00e9ster quando a baixa temperatura adequada \u00e9 combinada com o tratamento t\u00e9rmico.<\/li>\n<li>Escolha do tecido: Embora vers\u00e1til, a tinta plastisol preta Shalitink tem um desempenho excepcional em roupas de algod\u00e3o 100%. Sempre fa\u00e7a testes iniciais em novos tipos de tecido para garantir a ades\u00e3o e o tratamento ideais.<\/li>\n<\/ul>\n<p class=\"ng-star-inserted\"><strong class=\"ng-star-inserted\"><span class=\"ng-star-inserted\">Limpar:<\/span><\/strong><\/p>\n<ul>\n<li>Na impressora: Utilize um removedor de tinta plastisol ecol\u00f3gico ou um produto de limpeza espec\u00edfico para tintas de serigrafia.<\/li>\n<li>Na pia: Para a limpeza da tela, utilize um produto de limpeza espec\u00edfico para telas de tinta plastisol para remover eficazmente todos os res\u00edduos de tinta.<\/li>\n<\/ul>\n<p class=\"ng-star-inserted\"><strong class=\"ng-star-inserted\"><span class=\"ng-star-inserted\">Ficha de Dados de Seguran\u00e7a:<\/span><\/strong><\/p>\n<p class=\"ng-star-inserted\"><span class=\"ng-star-inserted\">Clique aqui para acessar a Ficha de Dados de Seguran\u00e7a (SDS).<\/span><\/p>\n<p><img decoding=\"async\" class=\"wp-image-3817 size-large aligncenter\" src=\"https:\/\/shaliteink.com\/wp-content\/uploads\/2025\/04\/Black-Screen-Printing-Plastisol-Ink-1-1024x870.png\" alt=\"Tinta Plastisol para Serigrafia Preta\" width=\"1024\" height=\"870\" srcset=\"https:\/\/shaliteink.com\/wp-content\/uploads\/2025\/04\/Black-Screen-Printing-Plastisol-Ink-1-1024x870.png 1024w, https:\/\/shaliteink.com\/wp-content\/uploads\/2025\/04\/Black-Screen-Printing-Plastisol-Ink-1-300x255.png 300w, https:\/\/shaliteink.com\/wp-content\/uploads\/2025\/04\/Black-Screen-Printing-Plastisol-Ink-1-768x652.png 768w, https:\/\/shaliteink.com\/wp-content\/uploads\/2025\/04\/Black-Screen-Printing-Plastisol-Ink-1-1536x1304.png 1536w, https:\/\/shaliteink.com\/wp-content\/uploads\/2025\/04\/Black-Screen-Printing-Plastisol-Ink-1-2048x1739.png 2048w, https:\/\/shaliteink.com\/wp-content\/uploads\/2025\/04\/Black-Screen-Printing-Plastisol-Ink-1-14x12.png 14w, https:\/\/shaliteink.com\/wp-content\/uploads\/2025\/04\/Black-Screen-Printing-Plastisol-Ink-1-1200x1019.png 1200w, https:\/\/shaliteink.com\/wp-content\/uploads\/2025\/04\/Black-Screen-Printing-Plastisol-Ink-1-150x127.png 150w\" sizes=\"(max-width: 1024px) 100vw, 1024px\" \/><\/p>","protected":false},"excerpt":{"rendered":"<p>Experimente a diferen\u00e7a com a tinta plastisol preta para serigrafia da Shaliteink, desenvolvida para resultados excepcionais e facilidade de uso. Como l\u00edder global na fabrica\u00e7\u00e3o de tintas para serigrafia, com duas d\u00e9cadas de experi\u00eancia, a Shaliteink oferece uma tinta plastisol premium que combina desempenho superior com o pre\u00e7o direto da f\u00e1brica. Colaboramos de perto com marcas mundialmente renomadas para desenvolver uma tinta que atenda aos mais altos padr\u00f5es da ind\u00fastria, garantindo que suas impress\u00f5es sejam vibrantes, dur\u00e1veis e profissionais sempre.<\/p>","protected":false},"featured_media":1484,"comment_status":"open","ping_status":"closed","template":"","meta":[],"product_brand":[],"product_cat":[50,39],"product_tag":[],"class_list":{"0":"post-1004","1":"product","2":"type-product","3":"status-publish","4":"has-post-thumbnail","6":"product_cat-black-screen-printing-ink-plastisol","7":"product_cat-plastisol-ink","9":"first","10":"instock","11":"shipping-taxable","12":"purchasable","13":"product-type-variable"},"tiered_pricing_type":"fixed","tiered_pricing_fixed_rules":[],"tiered_pricing_product_settings":{"layout":"default","base_unit_name":{"singular":null,"plural":null},"default_variation":null},"tiered_pricing_minimum_quantity":null,"tiered_pricing_roles_data":[],"tiered_pricing_percentage_rules":[],"tiered_pricing_maximum_quantity":null,"tiered_pricing_quantity_step":null,"_links":{"self":[{"href":"https:\/\/shaliteink.com\/pt\/wp-json\/wp\/v2\/product\/1004","targetHints":{"allow":["GET"]}}],"collection":[{"href":"https:\/\/shaliteink.com\/pt\/wp-json\/wp\/v2\/product"}],"about":[{"href":"https:\/\/shaliteink.com\/pt\/wp-json\/wp\/v2\/types\/product"}],"replies":[{"embeddable":true,"href":"https:\/\/shaliteink.com\/pt\/wp-json\/wp\/v2\/comments?post=1004"}],"version-history":[{"count":0,"href":"https:\/\/shaliteink.com\/pt\/wp-json\/wp\/v2\/product\/1004\/revisions"}],"wp:featuredmedia":[{"embeddable":true,"href":"https:\/\/shaliteink.com\/pt\/wp-json\/wp\/v2\/media\/1484"}],"wp:attachment":[{"href":"https:\/\/shaliteink.com\/pt\/wp-json\/wp\/v2\/media?parent=1004"}],"wp:term":[{"taxonomy":"product_brand","embeddable":true,"href":"https:\/\/shaliteink.com\/pt\/wp-json\/wp\/v2\/product_brand?post=1004"},{"taxonomy":"product_cat","embeddable":true,"href":"https:\/\/shaliteink.com\/pt\/wp-json\/wp\/v2\/product_cat?post=1004"},{"taxonomy":"product_tag","embeddable":true,"href":"https:\/\/shaliteink.com\/pt\/wp-json\/wp\/v2\/product_tag?post=1004"}],"curies":[{"name":"wp","href":"https:\/\/api.w.org\/{rel}","templated":true}]}}