{"id":3169,"date":"2025-08-05T08:20:50","date_gmt":"2025-08-05T08:20:50","guid":{"rendered":"https:\/\/shaliteink.com\/?page_id=3169"},"modified":"2025-11-12T08:07:03","modified_gmt":"2025-11-12T08:07:03","slug":"torne-se-um-distribuidor-de-shaliteink","status":"publish","type":"page","link":"https:\/\/shaliteink.com\/pt\/torne-se-um-distribuidor-de-shaliteink\/","title":{"rendered":"Torne-se um distribuidor Shaliteink"},"content":{"rendered":"<div data-elementor-type=\"wp-page\" data-elementor-id=\"3169\" class=\"elementor elementor-3169\">\n\t\t\t\t<div class=\"wd-negative-gap elementor-element elementor-element-98134d0 e-flex e-con-boxed e-con e-parent\" data-id=\"98134d0\" data-element_type=\"container\">\n\t\t\t\t\t<div class=\"e-con-inner\">\n\t\t\t\t<div class=\"elementor-element elementor-element-a74ed14 color-scheme-inherit text-left elementor-widget elementor-widget-text-editor\" data-id=\"a74ed14\" data-element_type=\"widget\" data-widget_type=\"text-editor.default\">\n\t\t\t\t\t\t\t\t\t<p>Estamos procurando companheiros apaixonados para se juntar \u00e0 nossa\u00a0<strong>tinta de serigrafia<\/strong>\u00a0rede internacional. Aproveite nossos mais de 20 anos de qualidade de fabrica\u00e7\u00e3o e um produto sob demanda para impulsionar seu sucesso.<\/p>\t\t\t\t\t\t\t\t<\/div>\n\t\t\t\t\t<\/div>\n\t\t\t\t<\/div>\n\t\t<div class=\"elementor-element elementor-element-3cdecba e-flex e-con-boxed e-con e-parent\" data-id=\"3cdecba\" data-element_type=\"container\">\n\t\t\t\t\t<div class=\"e-con-inner\">\n\t\t<div class=\"elementor-element elementor-element-2f7ea91 e-con-full e-flex e-con e-child\" data-id=\"2f7ea91\" data-element_type=\"container\">\n\t\t\t\t<div class=\"elementor-element elementor-element-61e4154 elementor-widget elementor-widget-heading\" data-id=\"61e4154\" data-element_type=\"widget\" data-widget_type=\"heading.default\">\n\t\t\t\t\t<h2 class=\"elementor-heading-title elementor-size-default\">Por que escolher Shliteink<\/h2>\t\t\t\t<\/div>\n\t\t\t\t<div class=\"elementor-element elementor-element-1d74b9b color-scheme-inherit text-left elementor-widget elementor-widget-text-editor\" data-id=\"1d74b9b\" data-element_type=\"widget\" data-widget_type=\"text-editor.default\">\n\t\t\t\t\t\t\t\t\t<p><strong>Excelentes margens de lucro:<\/strong><br \/>Como o\u00a0<strong>fabricante de tinta para serigrafia<\/strong>Oferecemos pre\u00e7os diretos e competitivos que eliminam o intermedi\u00e1rio. Essa vantagem de fornecimento direto da f\u00e1brica permite que voc\u00ea maximize sua lucratividade.<\/p><div class=\"elementor-element elementor-element-a6e31f8 color-scheme-inherit text-left elementor-widget elementor-widget-text-editor\" data-id=\"a6e31f8\" data-element_type=\"widget\" data-widget_type=\"text-editor.default\"><div class=\"elementor-widget-container\"><p><strong>Produtos premium e procurados:<\/strong><br \/>Oferecemos um produto respaldado por 20 anos de P&amp;D. Nossas tintas s\u00e3o conhecidas por suas cores vibrantes, consist\u00eancia e durabilidade. Nossa engenhosidade\u00a0<a href=\"https:\/\/shaliteink.com\/pt\/categoria-produto\/tinta-plastisol-sem-pvc\/\"><strong>Tinta Plastisol sem PVC<\/strong><\/a>\u00a0oferece um diferencial de mercado vital que os consumidores modernos est\u00e3o buscando ativamente.<\/p><p><strong>Suporte dedicado ao parceiro:<\/strong><br \/>N\u00f3s prosperamos quando voc\u00ea prospera. Nossos parceiros recebem assist\u00eancia completa, incluindo acesso a fotografias premium de produtos, fichas t\u00e9cnicas, produtos de marketing e acesso \u00e0 nossa equipe de especialistas para quaisquer d\u00favidas.<\/p><p><strong>Fornecimento confi\u00e1vel e consistente:<\/strong><br \/>Diga adeus \u00e0 imprevisibilidade da cadeia de suprimentos. Ao regular todo o nosso processo de fabrica\u00e7\u00e3o, garantimos um fornecimento est\u00e1vel e confi\u00e1vel, ajudando voc\u00ea a manter suas prateleiras abastecidas e seus clientes satisfeitos.<\/p><\/div><\/div>\t\t\t\t\t\t\t\t<\/div>\n\t\t\t\t<\/div>\n\t\t<div class=\"elementor-element elementor-element-59d0d29 e-con-full e-flex e-con e-child\" data-id=\"59d0d29\" data-element_type=\"container\">\n\t\t\t\t<div class=\"elementor-element elementor-element-9e96560 elementor-widget elementor-widget-image\" data-id=\"9e96560\" data-element_type=\"widget\" data-widget_type=\"image.default\">\n\t\t\t\t\t\t\t\t\t\t\t\t\t\t\t<img decoding=\"async\" src=\"https:\/\/shaliteink.com\/wp-content\/uploads\/elementor\/thumbs\/plastisol-inks-shop-1-ra51hxx4t9zslhchxkmys5g6eqoh5sheythpk5wfqk.png\" title=\"perguntas frequentes sobre a loja de tintas plastisol (1)\" alt=\"loja de tintas plastisol (1)\" loading=\"lazy\" \/>\t\t\t\t\t\t\t\t\t\t\t\t\t\t\t<\/div>\n\t\t\t\t<\/div>\n\t\t\t\t\t<\/div>\n\t\t\t\t<\/div>\n\t\t<div class=\"elementor-element elementor-element-145d505 e-con-full wd-section-stretch e-flex e-con e-parent\" data-id=\"145d505\" data-element_type=\"container\" data-settings=\"{&quot;background_background&quot;:&quot;classic&quot;}\">\n\t\t<div class=\"elementor-element elementor-element-72b6062 e-con-full e-flex e-con e-child\" data-id=\"72b6062\" data-element_type=\"container\">\n\t\t\t\t<div class=\"elementor-element elementor-element-c98f6b1 elementor-widget elementor-widget-heading\" data-id=\"c98f6b1\" data-element_type=\"widget\" data-widget_type=\"heading.default\">\n\t\t\t\t\t<h2 class=\"elementor-heading-title elementor-size-default\">Nossos Parceiros Ideais<\/h2>\t\t\t\t<\/div>\n\t\t\t\t<div class=\"elementor-element elementor-element-07c2f57 elementor-widget__width-initial elementor-widget elementor-widget-wd_text_block\" data-id=\"07c2f57\" data-element_type=\"widget\" data-widget_type=\"wd_text_block.default\">\n\t\t\t\t<div class=\"elementor-widget-container\">\n\t\t\t\t\t\t\t<div class=\"wd-text-block reset-last-child text-center color-scheme-light\">\n\t\t\t\n\t\t\t<p>Buscamos construir relacionamentos de sucesso e de longo prazo com empresas que compartilham nossa paix\u00e3o pela criatividade e pela excel\u00eancia. Buscamos ativamente parceiros que:<\/p><ul><li>Varejistas estabelecidos: lojas de suprimentos de impress\u00e3o offline ou grandes supermercados.<\/li><li>L\u00edderes do com\u00e9rcio eletr\u00f4nico: lojas on-line especializadas em materiais e equipamentos inovadores.<\/li><li>Distribuidores regionais: empresas com uma comunidade de distribui\u00e7\u00e3o presente e experi\u00eancia no setor.<\/li><\/ul>\n\t\t\t\t\t<\/div>\n\t\t\t\t\t\t<\/div>\n\t\t\t\t<\/div>\n\t\t\t\t<\/div>\n\t\t\t\t<\/div>\n\t\t<div class=\"elementor-element elementor-element-1cccaf6 e-flex e-con-boxed e-con e-parent\" data-id=\"1cccaf6\" data-element_type=\"container\">\n\t\t\t\t\t<div class=\"e-con-inner\">\n\t\t\t\t<div class=\"elementor-element elementor-element-5cc50b5 elementor-widget__width-initial elementor-widget elementor-widget-wd_accordion\" data-id=\"5cc50b5\" data-element_type=\"widget\" data-widget_type=\"wd_accordion.default\">\n\t\t\t\t<div class=\"elementor-widget-container\">\n\t\t\t\t\t\n\t\t<div class=\"wd-accordion wd-style-shadow wd-titles-left wd-opener-pos-left wd-opener-style-arrow\" data-state=\"first\">\n\t\t\t\t\t\t\t\n\t\t\t\t<div class=\"wd-accordion-item\">\n\t\t\t\t\t<div class=\"wd-accordion-title wd-role-btn wd-active\" data-accordion-index=\"0\" tabindex=\"0\">\n\t\t\t\t\t\t<div class=\"wd-accordion-title-text color-scheme-dark\">\n\t\t\t\t\t\t\t\t\t\t\t\t\t\t<span>\n\t\t\t\t\t\t\t\t Existe uma quantidade m\u00ednima de pedido (MOQ)?\t\t\t\t\t\t\t<\/span>\n\t\t\t\t\t\t<\/div>\n\t\t\t\t\t\t<span class=\"wd-accordion-opener\"><\/span>\n\t\t\t\t\t<\/div>\n\n\t\t\t\t\t<div class=\"wd-accordion-content wd-entry-content wd-active color-scheme-dark\" data-accordion-index=\"0\">\n\t\t\t\t\t\t\t\t\t\t\t\t\t\n\t\t\t\t\t\t\t<p>Sim, temos um requisito de pedido inicial para nos tornarmos um distribuidor respeit\u00e1vel, observado com a ajuda de um m\u00ednimo anual acess\u00edvel para manter sua reputa\u00e7\u00e3o de parceiro. Isso pode ser mencionado em detalhes em nosso comunicado de acompanhamento.<\/p>\n\t\t\t\t\t\t\t\t\t\t\t\t\t\t\t\t\t\t<\/div>\n\t\t\t\t<\/div>\n\t\t\t\t\t\t\t\n\t\t\t\t<div class=\"wd-accordion-item\">\n\t\t\t\t\t<div class=\"wd-accordion-title wd-role-btn\" data-accordion-index=\"1\" tabindex=\"0\">\n\t\t\t\t\t\t<div class=\"wd-accordion-title-text color-scheme-dark\">\n\t\t\t\t\t\t\t\t\t\t\t\t\t\t<span>\n\t\t\t\t\t\t\t\t Voc\u00eas oferecem territ\u00f3rios \u00fanicos?\t\t\t\t\t\t\t<\/span>\n\t\t\t\t\t\t<\/div>\n\t\t\t\t\t\t<span class=\"wd-accordion-opener\"><\/span>\n\t\t\t\t\t<\/div>\n\n\t\t\t\t\t<div class=\"wd-accordion-content wd-entry-content color-scheme-dark\" data-accordion-index=\"1\">\n\t\t\t\t\t\t\t\t\t\t\t\t\t\n\t\t\t\t\t\t\t<p>A exclusividade territorial \u00e9 considerada caso a caso, dependendo da sua regi\u00e3o, volume de neg\u00f3cios e penetra\u00e7\u00e3o de mercado. Estamos comprometidos em criar um ambiente justo e gratificante para todos os nossos parceiros.<\/p>\n\t\t\t\t\t\t\t\t\t\t\t\t\t\t\t\t\t\t<\/div>\n\t\t\t\t<\/div>\n\t\t\t\t\t\t\t\n\t\t\t\t<div class=\"wd-accordion-item\">\n\t\t\t\t\t<div class=\"wd-accordion-title wd-role-btn\" data-accordion-index=\"2\" tabindex=\"0\">\n\t\t\t\t\t\t<div class=\"wd-accordion-title-text color-scheme-dark\">\n\t\t\t\t\t\t\t\t\t\t\t\t\t\t<span>\n\t\t\t\t\t\t\t\t Que tipo de aux\u00edlio publicit\u00e1rio voc\u00eas fornecem?\t\t\t\t\t\t\t<\/span>\n\t\t\t\t\t\t<\/div>\n\t\t\t\t\t\t<span class=\"wd-accordion-opener\"><\/span>\n\t\t\t\t\t<\/div>\n\n\t\t\t\t\t<div class=\"wd-accordion-content wd-entry-content color-scheme-dark\" data-accordion-index=\"2\">\n\t\t\t\t\t\t\t\t\t\t\t\t\t\n\t\t\t\t\t\t\t<p>Os fornecedores aprovados t\u00eam acesso ao nosso portal de associados, que incorpora imagens de produtos de alta resolu\u00e7\u00e3o, marcas registradas, sugest\u00f5es de logotipos e folhas de informa\u00e7\u00f5es de produtos para ajudar voc\u00ea a comercializar o Shaliteink corretamente.<\/p>\n\t\t\t\t\t\t\t\t\t\t\t\t\t\t\t\t\t\t<\/div>\n\t\t\t\t<\/div>\n\t\t\t\t\t<\/div>\n\t\t\t\t\t\t<\/div>\n\t\t\t\t<\/div>\n\t\t\t\t\t<\/div>\n\t\t\t\t<\/div>\n\t\t<div class=\"elementor-element elementor-element-1f0bb6a e-flex e-con-boxed e-con e-parent\" data-id=\"1f0bb6a\" data-element_type=\"container\">\n\t\t\t\t\t<div class=\"e-con-inner\">\n\t\t\t\t<div class=\"elementor-element elementor-element-f55cabe elementor-widget elementor-widget-heading\" data-id=\"f55cabe\" data-element_type=\"widget\" data-widget_type=\"heading.default\">\n\t\t\t\t\t<h2 class=\"elementor-heading-title elementor-size-default\">Pronto para crescer conosco? Conte-nos sobre o seu neg\u00f3cio!<\/h2>\t\t\t\t<\/div>\n\t\t\t\t<div class=\"elementor-element elementor-element-64f9b80 elementor-widget elementor-widget-wpforms\" data-id=\"64f9b80\" data-element_type=\"widget\" data-widget_type=\"wpforms.default\">\n\t\t\t\t<div class=\"elementor-widget-container\">\n\t\t\t\t\t<style id=\"wpforms-css-vars-elementor-widget-64f9b80\">\n\t\t\t\t.elementor-widget-wpforms.elementor-element-64f9b80 {\n\t\t\t\t--wpforms-field-border-color: #000000;\n--wpforms-field-border-color-spare: #000000;\n--wpforms-field-text-color: #444444;\n--wpforms-label-color: #262626;\n--wpforms-label-sublabel-color: #7f7f7f;\n--wpforms-label-error-color: #ff0000;\n--wpforms-button-border-style: solid;\n--wpforms-button-background-color: #0D52D6;\n--wpforms-button-text-color: #FFFFFF;\n--wpforms-page-break-color: #dddddd;\n--wpforms-button-border-color: #0D52D6;\n--wpforms-label-size-font-size: 14px;\n--wpforms-label-size-line-height: 17px;\n--wpforms-label-size-sublabel-font-size: 13px;\n--wpforms-label-size-sublabel-line-height: 16px;\n\t\t\t}\n\t\t\t<\/style><div class=\"wpforms-container wpforms-container-full wpforms-render-modern\" id=\"wpforms-2897\"><form id=\"wpforms-form-2897\" class=\"wpforms-validate wpforms-form wpforms-ajax-form\" data-formid=\"2897\" method=\"post\" enctype=\"multipart\/form-data\" action=\"\/pt\/wp-json\/wp\/v2\/pages\/3169\" data-token=\"ef4729629b3f6db9c234e8849bef1981\" data-token-time=\"1775468688\" data-trp-original-action=\"\/pt\/wp-json\/wp\/v2\/pages\/3169\"><noscript class=\"wpforms-error-noscript\">Ative o JavaScript no seu navegador para preencher este formul\u00e1rio.<\/noscript><div id=\"wpforms-error-noscript\" style=\"display: none;\">Ative o JavaScript no seu navegador para preencher este formul\u00e1rio.<\/div><div class=\"wpforms-field-container\"><div id=\"wpforms-2897-field_8-container\" class=\"wpforms-field wpforms-field-name\" data-field-id=\"8\"><fieldset><legend class=\"wpforms-field-label\">Nome <span class=\"wpforms-required-label\" aria-hidden=\"true\">*<\/span><\/legend><div class=\"wpforms-field-row wpforms-field-medium\"><div class=\"wpforms-field-row-block wpforms-first wpforms-one-half\"><input type=\"text\" id=\"wpforms-2897-field_8\" class=\"wpforms-field-name-first wpforms-field-required\" name=\"wpforms[fields][8][first]\" aria-errormessage=\"wpforms-2897-field_8-error\" required><label for=\"wpforms-2897-field_8\" class=\"wpforms-field-sublabel after\">Primeiro<\/label><\/div><div class=\"wpforms-field-row-block wpforms-one-half\"><input type=\"text\" id=\"wpforms-2897-field_8-last\" class=\"wpforms-field-name-last wpforms-field-required\" name=\"wpforms[fields][8][last]\" aria-errormessage=\"wpforms-2897-field_8-last-error\" required><label for=\"wpforms-2897-field_8-last\" class=\"wpforms-field-sublabel after\">Durar<\/label><\/div><\/div><\/fieldset><\/div>\t\t<div id=\"wpforms-2897-field_1-container\"\n\t\t\tclass=\"wpforms-field wpforms-field-text\"\n\t\t\tdata-field-type=\"text\"\n\t\t\tdata-field-id=\"1\"\n\t\t\t>\n\t\t\t<label class=\"wpforms-field-label\" for=\"wpforms-2897-field_1\" >E-mail Nome Pa\u00eds<\/label>\n\t\t\t<input type=\"text\" id=\"wpforms-2897-field_1\" class=\"wpforms-field-medium\" name=\"wpforms[fields][1]\" >\n\t\t<\/div>\n\t\t<div id=\"wpforms-2897-field_4-container\" class=\"wpforms-field wpforms-field-email\" data-field-id=\"4\"><label class=\"wpforms-field-label\" for=\"wpforms-2897-field_4\">E-mail <span class=\"wpforms-required-label\" aria-hidden=\"true\">*<\/span><\/label><input type=\"email\" id=\"wpforms-2897-field_4\" class=\"wpforms-field-medium wpforms-field-required\" name=\"wpforms[fields][4]\" spellcheck=\"false\" aria-errormessage=\"wpforms-2897-field_4-error\" required><\/div><div id=\"wpforms-2897-field_7-container\" class=\"wpforms-field wpforms-field-text\" data-field-id=\"7\"><label class=\"wpforms-field-label\" for=\"wpforms-2897-field_7\">Pa\u00eds<\/label><input type=\"text\" id=\"wpforms-2897-field_7\" class=\"wpforms-field-medium\" name=\"wpforms[fields][7]\" aria-errormessage=\"wpforms-2897-field_7-error\" ><\/div><div id=\"wpforms-2897-field_5-container\" class=\"wpforms-field wpforms-field-number\" data-field-id=\"5\"><label class=\"wpforms-field-label\" for=\"wpforms-2897-field_5\">N\u00fameros<\/label><input type=\"number\" id=\"wpforms-2897-field_5\" class=\"wpforms-field-medium\" name=\"wpforms[fields][5]\" step=\"any\" aria-errormessage=\"wpforms-2897-field_5-error\" ><\/div><div id=\"wpforms-2897-field_6-container\" class=\"wpforms-field wpforms-field-textarea\" data-field-id=\"6\"><label class=\"wpforms-field-label\" for=\"wpforms-2897-field_6\">Mensagem <span class=\"wpforms-required-label\" aria-hidden=\"true\">*<\/span><\/label><textarea id=\"wpforms-2897-field_6\" class=\"wpforms-field-medium wpforms-field-required\" name=\"wpforms[fields][6]\" aria-errormessage=\"wpforms-2897-field_6-error\" required><\/textarea><\/div><script>\n\t\t\t\t( function() {\n\t\t\t\t\tconst style = document.createElement( 'style' );\n\t\t\t\t\tstyle.appendChild( document.createTextNode( '#wpforms-2897-field_1-container { position: absolute !important; overflow: hidden !important; display: inline !important; height: 1px !important; width: 1px !important; z-index: -1000 !important; padding: 0 !important; } #wpforms-2897-field_1-container input { visibility: hidden; } #wpforms-conversational-form-page #wpforms-2897-field_1-container label { counter-increment: none; }' ) );\n\t\t\t\t\tdocument.head.appendChild( style );\n\t\t\t\t\tdocument.currentScript?.remove();\n\t\t\t\t} )();\n\t\t\t<\/script><\/div><!-- .wpforms-field-container --><div class=\"wpforms-submit-container\" ><input type=\"hidden\" name=\"wpforms[id]\" value=\"2897\"><input type=\"hidden\" name=\"page_title\" value=\"\"><input type=\"hidden\" name=\"page_url\" value=\"https:\/\/shaliteink.com\/pt\/wp-json\/wp\/v2\/pages\/3169\"><input type=\"hidden\" name=\"url_referer\" value=\"\"><button type=\"submit\" name=\"wpforms[submit]\" id=\"wpforms-submit-2897\" class=\"wpforms-submit\" data-alt-text=\"Sending...\" data-submit-text=\"Submit\" aria-live=\"assertive\" value=\"wpforms-submit\">Enviar<\/button><img decoding=\"async\" src=\"https:\/\/shaliteink.com\/wp-content\/plugins\/wpforms\/assets\/images\/submit-spin.svg\" class=\"wpforms-submit-spinner\" style=\"display: none;\" width=\"26\" height=\"26\" alt=\"Loading\"><\/div><input type=\"hidden\" name=\"trp-form-language\" value=\"pt\"\/><\/form><\/div>  <!-- .wpforms-container -->\t\t\t\t<\/div>\n\t\t\t\t<\/div>\n\t\t\t\t<div class=\"elementor-element elementor-element-27a6685 elementor-widget elementor-widget-spacer\" data-id=\"27a6685\" data-element_type=\"widget\" data-widget_type=\"spacer.default\">\n\t\t\t\t\t\t\t<div class=\"elementor-spacer\">\n\t\t\t<div class=\"elementor-spacer-inner\"><\/div>\n\t\t<\/div>\n\t\t\t\t\t\t<\/div>\n\t\t\t\t\t<\/div>\n\t\t\t\t<\/div>\n\t\t\t\t<\/div>","protected":false},"excerpt":{"rendered":"<p>We are seeking passionate companions to join our\u00a0screen printing ink\u00a0international network. Leverage our 20+ years of manufacturing quality and an<\/p>","protected":false},"author":1,"featured_media":3718,"parent":0,"menu_order":0,"comment_status":"closed","ping_status":"closed","template":"","meta":{"footnotes":""},"class_list":["post-3169","page","type-page","status-publish","has-post-thumbnail","hentry"],"_links":{"self":[{"href":"https:\/\/shaliteink.com\/pt\/wp-json\/wp\/v2\/pages\/3169","targetHints":{"allow":["GET"]}}],"collection":[{"href":"https:\/\/shaliteink.com\/pt\/wp-json\/wp\/v2\/pages"}],"about":[{"href":"https:\/\/shaliteink.com\/pt\/wp-json\/wp\/v2\/types\/page"}],"author":[{"embeddable":true,"href":"https:\/\/shaliteink.com\/pt\/wp-json\/wp\/v2\/users\/1"}],"replies":[{"embeddable":true,"href":"https:\/\/shaliteink.com\/pt\/wp-json\/wp\/v2\/comments?post=3169"}],"version-history":[{"count":0,"href":"https:\/\/shaliteink.com\/pt\/wp-json\/wp\/v2\/pages\/3169\/revisions"}],"wp:featuredmedia":[{"embeddable":true,"href":"https:\/\/shaliteink.com\/pt\/wp-json\/wp\/v2\/media\/3718"}],"wp:attachment":[{"href":"https:\/\/shaliteink.com\/pt\/wp-json\/wp\/v2\/media?parent=3169"}],"curies":[{"name":"wp","href":"https:\/\/api.w.org\/{rel}","templated":true}]}}