{"id":3,"date":"2025-02-25T01:42:25","date_gmt":"2025-02-25T01:42:25","guid":{"rendered":"https:\/\/shaliteink.com\/?page_id=3"},"modified":"2025-08-01T08:13:23","modified_gmt":"2025-08-01T08:13:23","slug":"politica-de-privacidade","status":"publish","type":"page","link":"https:\/\/shaliteink.com\/pt\/politica-de-privacidade\/","title":{"rendered":"pol\u00edtica de Privacidade"},"content":{"rendered":"<h2 class=\"wp-block-heading\">Quem somos<\/h2>\n\n\n\n<p>O endere\u00e7o do nosso site \u00e9: http:\/\/shaliteink.com<\/p>\n\n\n\n<h2 class=\"wp-block-heading\">Coment\u00e1rios<\/h2>\n\n\n\n<p>Quando os visitantes deixam coment\u00e1rios no site, coletamos os dados mostrados no formul\u00e1rio de coment\u00e1rios, al\u00e9m do endere\u00e7o IP do visitante e da sequ\u00eancia de caracteres do agente do usu\u00e1rio do navegador para ajudar na detec\u00e7\u00e3o de spam.<\/p>\n\n\n\n<h2 class=\"wp-block-heading\">M\u00eddia<\/h2>\n\n\n\n<p>Se voc\u00ea enviar imagens para o site, evite enviar imagens com dados de localiza\u00e7\u00e3o incorporados (EXIF GPS). Os visitantes do site podem baixar e extrair quaisquer dados de localiza\u00e7\u00e3o das imagens no site.<\/p>\n\n\n\n<h2 class=\"wp-block-heading\">Biscoitos<\/h2>\n\n\n\n<p>Ao deixar um coment\u00e1rio em nosso site, voc\u00ea pode optar por salvar seu nome, endere\u00e7o de e-mail e site em cookies. Isso \u00e9 para sua conveni\u00eancia, para que voc\u00ea n\u00e3o precise preencher seus dados novamente quando deixar outro coment\u00e1rio. Esses cookies duram um ano.<\/p>\n\n\n\n<p>Ao visitar nossa p\u00e1gina de login, criaremos um cookie tempor\u00e1rio para determinar se o seu navegador aceita cookies. Este cookie n\u00e3o cont\u00e9m dados pessoais e \u00e9 descartado quando voc\u00ea fecha o navegador.<\/p>\n\n\n\n<p>Ao efetuar login, tamb\u00e9m configuraremos v\u00e1rios cookies para salvar suas informa\u00e7\u00f5es de login e suas op\u00e7\u00f5es de exibi\u00e7\u00e3o de tela. Os cookies de login duram dois dias e os cookies de op\u00e7\u00f5es de tela duram um ano. Se voc\u00ea selecionar &quot;Lembrar de mim&quot;, seu login permanecer\u00e1 por duas semanas. Se voc\u00ea sair da sua conta, os cookies de login ser\u00e3o removidos.<\/p>\n\n\n\n<p>Se voc\u00ea editar ou publicar um artigo, um cookie adicional ser\u00e1 salvo no seu navegador. Este cookie n\u00e3o inclui dados pessoais e apenas indica o ID da publica\u00e7\u00e3o do artigo que voc\u00ea acabou de editar. Ele expira ap\u00f3s 1 dia.<\/p>\n\n\n\n<h2 class=\"wp-block-heading\">Conte\u00fado incorporado de outros sites<\/h2>\n\n\n\n<p>Os artigos neste site podem incluir conte\u00fado incorporado (por exemplo, v\u00eddeos, imagens, artigos, etc.). Conte\u00fado incorporado de outros sites se comporta exatamente da mesma forma como se o visitante tivesse visitado o outro site.<\/p>\n\n\n\n<p>Esses sites podem coletar dados sobre voc\u00ea, usar cookies, incorporar rastreamento adicional de terceiros e monitorar sua intera\u00e7\u00e3o com esse conte\u00fado incorporado, incluindo o rastreamento de sua intera\u00e7\u00e3o com o conte\u00fado incorporado se voc\u00ea tiver uma conta e estiver conectado a esse site.<\/p>\n\n\n\n<h2 class=\"wp-block-heading\">Com quem compartilhamos seus dados<\/h2>\n\n\n\n<p>Se voc\u00ea solicitar uma redefini\u00e7\u00e3o de senha, seu endere\u00e7o IP ser\u00e1 inclu\u00eddo no e-mail de redefini\u00e7\u00e3o.<\/p>\n\n\n\n<h2 class=\"wp-block-heading\">Por quanto tempo retemos seus dados<\/h2>\n\n\n\n<p>Se voc\u00ea deixar um coment\u00e1rio, o coment\u00e1rio e seus metadados ser\u00e3o retidos indefinidamente. Isso permite que possamos reconhecer e aprovar automaticamente quaisquer coment\u00e1rios subsequentes, em vez de mant\u00ea-los em uma fila de modera\u00e7\u00e3o.<\/p>\n\n\n\n<p>Para usu\u00e1rios que se cadastram em nosso site (se houver), tamb\u00e9m armazenamos as informa\u00e7\u00f5es pessoais fornecidas em seus perfis de usu\u00e1rio. Todos os usu\u00e1rios podem ver, editar ou excluir suas informa\u00e7\u00f5es pessoais a qualquer momento (exceto que n\u00e3o podem alterar seu nome de usu\u00e1rio). Os administradores do site tamb\u00e9m podem ver e editar essas informa\u00e7\u00f5es.<\/p>\n\n\n\n<h2 class=\"wp-block-heading\">Quais s\u00e3o os seus direitos sobre os seus dados<\/h2>\n\n\n\n<p>Se voc\u00ea possui uma conta neste site ou deixou coment\u00e1rios, pode solicitar o recebimento de um arquivo exportado dos dados pessoais que mantemos sobre voc\u00ea, incluindo quaisquer dados que voc\u00ea nos tenha fornecido. Voc\u00ea tamb\u00e9m pode solicitar a exclus\u00e3o de quaisquer dados pessoais que mantemos sobre voc\u00ea. Isso n\u00e3o inclui quaisquer dados que sejamos obrigados a manter para fins administrativos, legais ou de seguran\u00e7a.<\/p>\n\n\n\n<h2 class=\"wp-block-heading\">Para onde seus dados s\u00e3o enviados<\/h2>\n\n\n\n<p>Os coment\u00e1rios dos visitantes podem ser verificados por meio de um servi\u00e7o automatizado de detec\u00e7\u00e3o de spam.<\/p>","protected":false},"excerpt":{"rendered":"<p>Who we are Our website address is: http:\/\/shaliteink.com Comments When visitors leave comments on the site we collect the data<\/p>","protected":false},"author":1,"featured_media":0,"parent":0,"menu_order":0,"comment_status":"closed","ping_status":"open","template":"","meta":{"footnotes":""},"class_list":["post-3","page","type-page","status-publish","hentry"],"_links":{"self":[{"href":"https:\/\/shaliteink.com\/pt\/wp-json\/wp\/v2\/pages\/3","targetHints":{"allow":["GET"]}}],"collection":[{"href":"https:\/\/shaliteink.com\/pt\/wp-json\/wp\/v2\/pages"}],"about":[{"href":"https:\/\/shaliteink.com\/pt\/wp-json\/wp\/v2\/types\/page"}],"author":[{"embeddable":true,"href":"https:\/\/shaliteink.com\/pt\/wp-json\/wp\/v2\/users\/1"}],"replies":[{"embeddable":true,"href":"https:\/\/shaliteink.com\/pt\/wp-json\/wp\/v2\/comments?post=3"}],"version-history":[{"count":0,"href":"https:\/\/shaliteink.com\/pt\/wp-json\/wp\/v2\/pages\/3\/revisions"}],"wp:attachment":[{"href":"https:\/\/shaliteink.com\/pt\/wp-json\/wp\/v2\/media?parent=3"}],"curies":[{"name":"wp","href":"https:\/\/api.w.org\/{rel}","templated":true}]}}