{"id":2956,"date":"2025-08-01T10:56:11","date_gmt":"2025-08-01T10:56:11","guid":{"rendered":"https:\/\/shaliteink.com\/?page_id=2956"},"modified":"2025-11-12T06:51:17","modified_gmt":"2025-11-12T06:51:17","slug":"perguntas-frequentes","status":"publish","type":"page","link":"https:\/\/shaliteink.com\/pt\/perguntas-frequentes\/","title":{"rendered":"Perguntas frequentes"},"content":{"rendered":"<div data-elementor-type=\"wp-page\" data-elementor-id=\"2956\" class=\"elementor elementor-2956\">\n\t\t\t\t<div class=\"wd-negative-gap elementor-element elementor-element-d31b16d e-flex e-con-boxed e-con e-parent\" data-id=\"d31b16d\" data-element_type=\"container\">\n\t\t\t\t\t<div class=\"e-con-inner\">\n\t\t\t\t<div class=\"elementor-element elementor-element-b75f4b2 color-scheme-inherit text-left elementor-widget elementor-widget-text-editor\" data-id=\"b75f4b2\" data-element_type=\"widget\" data-widget_type=\"text-editor.default\">\n\t\t\t\t\t\t\t\t\t<p>Bem-vindo \u00e0 nossa Central de Ajuda! Reunimos as respostas para as nossas perguntas mais frequentes abaixo. Se voc\u00ea tem d\u00favidas sobre nossos produtos ecologicamente corretos, <a href=\"https:\/\/shaliteink.com\/pt\/screen-printing-ink\/\">tintas de serigrafia<\/a>, precisa de uma sugest\u00e3o de impress\u00e3o ou tem alguma d\u00favida sobre seu pedido, voc\u00ea est\u00e1 no lugar certo. Se n\u00e3o encontrar sua resposta abaixo, n\u00e3o hesite em nos contatar. <a href=\"https:\/\/shaliteink.com\/pt\/contate-nos\/\">Contate-nos<\/a>.<\/p>\t\t\t\t\t\t\t\t<\/div>\n\t\t\t\t\t<\/div>\n\t\t\t\t<\/div>\n\t\t<div class=\"wd-negative-gap elementor-element elementor-element-63928a3 e-flex e-con-boxed e-con e-parent\" data-id=\"63928a3\" data-element_type=\"container\">\n\t\t\t\t\t<div class=\"e-con-inner\">\n\t\t\t\t<div class=\"elementor-element elementor-element-b2507e6 elementor-widget elementor-widget-heading\" data-id=\"b2507e6\" data-element_type=\"widget\" data-widget_type=\"heading.default\">\n\t\t\t\t\t<h2 class=\"elementor-heading-title elementor-size-default\">Introdu\u00e7\u00e3o e perguntas gerais<\/h2>\t\t\t\t<\/div>\n\t\t\t\t<div class=\"elementor-element elementor-element-01efd9d elementor-widget elementor-widget-wd_accordion\" data-id=\"01efd9d\" data-element_type=\"widget\" data-widget_type=\"wd_accordion.default\">\n\t\t\t\t<div class=\"elementor-widget-container\">\n\t\t\t\t\t\n\t\t<div class=\"wd-accordion wd-style-shadow wd-titles-left wd-opener-pos-left wd-opener-style-arrow\" data-state=\"first\">\n\t\t\t\t\t\t\t\n\t\t\t\t<div class=\"wd-accordion-item\">\n\t\t\t\t\t<div class=\"wd-accordion-title wd-role-btn wd-active\" data-accordion-index=\"0\" tabindex=\"0\">\n\t\t\t\t\t\t<div class=\"wd-accordion-title-text\">\n\t\t\t\t\t\t\t\t\t\t\t\t\t\t<span>\n\t\t\t\t\t\t\t\tSou iniciante em serigrafia. Com qual tinta devo come\u00e7ar?\t\t\t\t\t\t\t<\/span>\n\t\t\t\t\t\t<\/div>\n\t\t\t\t\t\t<span class=\"wd-accordion-opener\"><\/span>\n\t\t\t\t\t<\/div>\n\n\t\t\t\t\t<div class=\"wd-accordion-content wd-entry-content wd-active\" data-accordion-index=\"0\">\n\t\t\t\t\t\t\t\t\t\t\t\t\t\n\t\t\t\t\t\t\t<p>Bem-vindo ao mundo inovador de <strong>serigrafia<\/strong>! Para iniciantes, recomendamos fortemente nossa tinta Plastisol. \u00c9 extremamente simples, pois n\u00e3o seca na tela, dando a voc\u00ea bastante tempo para trabalhar. Se voc\u00ea \u00e9 apaixonado por sustentabilidade e quer um toque extra macio, nossa <strong>Tinta Plastisol sem PVC<\/strong> \u00e9 uma escolha maravilhosa e igualmente f\u00e1cil de usar. Para obter o melhor valor, d\u00ea uma olhada em nosso <strong>Tinta de serigrafia<\/strong> Pacotes que re\u00fanem nossos tons mais populares.<\/p>\n\t\t\t\t\t\t\t\t\t\t\t\t\t\t\t\t\t\t<\/div>\n\t\t\t\t<\/div>\n\t\t\t\t\t\t\t\n\t\t\t\t<div class=\"wd-accordion-item\">\n\t\t\t\t\t<div class=\"wd-accordion-title wd-role-btn\" data-accordion-index=\"1\" tabindex=\"0\">\n\t\t\t\t\t\t<div class=\"wd-accordion-title-text\">\n\t\t\t\t\t\t\t\t\t\t\t\t\t\t<span>\n\t\t\t\t\t\t\t\tQue equipamento preciso para curar suas tintas plastisol em casa?\t\t\t\t\t\t\t<\/span>\n\t\t\t\t\t\t<\/div>\n\t\t\t\t\t\t<span class=\"wd-accordion-opener\"><\/span>\n\t\t\t\t\t<\/div>\n\n\t\t\t\t\t<div class=\"wd-accordion-content wd-entry-content\" data-accordion-index=\"1\">\n\t\t\t\t\t\t\t\t\t\t\t\t\t\n\t\t\t\t\t\t\t<p>Excelente consulta! Embora uma prensa t\u00e9rmica especializada seja o crit\u00e9rio da ind\u00fastria para uniformidade, voc\u00ea pode definitivamente curar nosso <strong>tintas plastisol<\/strong> em casa. Uma pistola de ar quente de alta qualidade \u00e9 uma escolha popular para artes\u00e3os que fazem voc\u00ea mesmo. Voc\u00ea tamb\u00e9m pode usar um forno dom\u00e9stico, mas fa\u00e7a isso com extremo cuidado, boa ventila\u00e7\u00e3o e use-o apenas para fins de impress\u00e3o, n\u00e3o para alimentos posteriormente. O segredo \u00e9 garantir que toda a camada de tinta atinja sua temperatura m\u00e1xima de cura (normalmente 160 \u00b0C).<\/p>\n\t\t\t\t\t\t\t\t\t\t\t\t\t\t\t\t\t\t<\/div>\n\t\t\t\t<\/div>\n\t\t\t\t\t\t\t\n\t\t\t\t<div class=\"wd-accordion-item\">\n\t\t\t\t\t<div class=\"wd-accordion-title wd-role-btn\" data-accordion-index=\"2\" tabindex=\"0\">\n\t\t\t\t\t\t<div class=\"wd-accordion-title-text\">\n\t\t\t\t\t\t\t\t\t\t\t\t\t\t<span>\n\t\t\t\t\t\t\t\tPosso misturar suas tintas para criar cores personalizadas?\t\t\t\t\t\t\t<\/span>\n\t\t\t\t\t\t<\/div>\n\t\t\t\t\t\t<span class=\"wd-accordion-opener\"><\/span>\n\t\t\t\t\t<\/div>\n\n\t\t\t\t\t<div class=\"wd-accordion-content wd-entry-content\" data-accordion-index=\"2\">\n\t\t\t\t\t\t\t\t\t\t\t\t\t\n\t\t\t\t\t\t\t<p>Sim, com certeza! Voc\u00ea pode misturar qualquer uma de nossas tintas plastisol padr\u00e3o para criar seus pr\u00f3prios tons exclusivos. Recomendamos misturar tintas da mesma s\u00e9rie (por exemplo, plastisol padr\u00e3o com plastisol t\u00edpico) para obter resultados mais previs\u00edveis e confi\u00e1veis. N\u00e3o recomendamos misturar nossas <strong>tintas especiais<\/strong> como Puff ou Glitter sem testar antes, pois pode modificar seu impacto especial.<\/p>\n\t\t\t\t\t\t\t\t\t\t\t\t\t\t\t\t\t\t<\/div>\n\t\t\t\t<\/div>\n\t\t\t\t\t<\/div>\n\t\t\t\t\t\t<\/div>\n\t\t\t\t<\/div>\n\t\t\t\t\t<\/div>\n\t\t\t\t<\/div>\n\t\t<div class=\"wd-negative-gap elementor-element elementor-element-01e6a77 e-flex e-con-boxed e-con e-parent\" data-id=\"01e6a77\" data-element_type=\"container\">\n\t\t\t\t\t<div class=\"e-con-inner\">\n\t\t\t\t<div class=\"elementor-element elementor-element-8144c39 elementor-widget elementor-widget-heading\" data-id=\"8144c39\" data-element_type=\"widget\" data-widget_type=\"heading.default\">\n\t\t\t\t\t<h2 class=\"elementor-heading-title elementor-size-default\">Nossas Tintas: Os Detalhes<\/h2>\t\t\t\t<\/div>\n\t\t\t\t<div class=\"elementor-element elementor-element-03e97d0 elementor-widget elementor-widget-wd_accordion\" data-id=\"03e97d0\" data-element_type=\"widget\" data-widget_type=\"wd_accordion.default\">\n\t\t\t\t<div class=\"elementor-widget-container\">\n\t\t\t\t\t\n\t\t<div class=\"wd-accordion wd-style-shadow wd-titles-left wd-opener-pos-left wd-opener-style-arrow\" data-state=\"first\">\n\t\t\t\t\t\t\t\n\t\t\t\t<div class=\"wd-accordion-item\">\n\t\t\t\t\t<div class=\"wd-accordion-title wd-role-btn wd-active\" data-accordion-index=\"0\" tabindex=\"0\">\n\t\t\t\t\t\t<div class=\"wd-accordion-title-text\">\n\t\t\t\t\t\t\t\t\t\t\t\t\t\t<span>\n\t\t\t\t\t\t\t\tO que exatamente \u00e9 tinta plastisol sem PVC e por que ela \u00e9 melhor?\t\t\t\t\t\t\t<\/span>\n\t\t\t\t\t\t<\/div>\n\t\t\t\t\t\t<span class=\"wd-accordion-opener\"><\/span>\n\t\t\t\t\t<\/div>\n\n\t\t\t\t\t<div class=\"wd-accordion-content wd-entry-content wd-active\" data-accordion-index=\"0\">\n\t\t\t\t\t\t\t\t\t\t\t\t\t\n\t\t\t\t\t\t\t<p><strong>Por que \u00e9 melhor:<\/strong><br \/><strong>Mais seguro:<\/strong> N\u00e3o cont\u00e9m PVC nem ftalatos, o que o torna uma escolha muito melhor para imprimir roupas infantis e para qualquer pessoa que trabalhe em ambientes dom\u00e9sticos ou institucionais.<br \/><strong>Ecol\u00f3gico:<\/strong> \u00c9 uma escolha muito mais sustent\u00e1vel e ambientalmente consciente.<br \/><strong>Excepcionalmente macio:<\/strong> Ela gera uma &quot;sensa\u00e7\u00e3o suave ao toque&quot;, o que implica que a impress\u00e3o final parece menos uma camada de pl\u00e1stico e mais parte do pr\u00f3prio tecido.<br \/>Desempenho profissional: voc\u00ea obt\u00e9m todos os benef\u00edcios do plastisol padr\u00e3o \u2014 cores vivas, opacidade fant\u00e1stica e simplicidade de uso \u2014 sem concess\u00f5es.<\/p>\n\t\t\t\t\t\t\t\t\t\t\t\t\t\t\t\t\t\t<\/div>\n\t\t\t\t<\/div>\n\t\t\t\t\t\t\t\n\t\t\t\t<div class=\"wd-accordion-item\">\n\t\t\t\t\t<div class=\"wd-accordion-title wd-role-btn\" data-accordion-index=\"1\" tabindex=\"0\">\n\t\t\t\t\t\t<div class=\"wd-accordion-title-text\">\n\t\t\t\t\t\t\t\t\t\t\t\t\t\t<span>\n\t\t\t\t\t\t\t\tQual \u00e9 a vida \u00fatil das suas tintas?\t\t\t\t\t\t\t<\/span>\n\t\t\t\t\t\t<\/div>\n\t\t\t\t\t\t<span class=\"wd-accordion-opener\"><\/span>\n\t\t\t\t\t<\/div>\n\n\t\t\t\t\t<div class=\"wd-accordion-content wd-entry-content\" data-accordion-index=\"1\">\n\t\t\t\t\t\t\t\t\t\t\t\t\t\n\t\t\t\t\t\t\t<p>Quando armazenado adequadamente em um local fresco e seco com a tampa bem fechada, nosso <strong>tintas plastisol<\/strong> T\u00eam uma excelente vida \u00fatil, geralmente durando mais de um ano. Com o tempo, podem ocorrer rachaduras, o que \u00e9 normal. Basta misturar bem a tinta antes de usar para restaurar sua consist\u00eancia macia e aveludada.<\/p>\n\t\t\t\t\t\t\t\t\t\t\t\t\t\t\t\t\t\t<\/div>\n\t\t\t\t<\/div>\n\t\t\t\t\t<\/div>\n\t\t\t\t\t\t<\/div>\n\t\t\t\t<\/div>\n\t\t\t\t\t<\/div>\n\t\t\t\t<\/div>\n\t\t<div class=\"wd-negative-gap elementor-element elementor-element-bb82c2c e-flex e-con-boxed e-con e-parent\" data-id=\"bb82c2c\" data-element_type=\"container\">\n\t\t\t\t\t<div class=\"e-con-inner\">\n\t\t\t\t<div class=\"elementor-element elementor-element-329f3e6 elementor-widget elementor-widget-heading\" data-id=\"329f3e6\" data-element_type=\"widget\" data-widget_type=\"heading.default\">\n\t\t\t\t\t<h2 class=\"elementor-heading-title elementor-size-default\">O processo de impress\u00e3o e cura<\/h2>\t\t\t\t<\/div>\n\t\t\t\t<div class=\"elementor-element elementor-element-969b6c3 elementor-widget elementor-widget-wd_accordion\" data-id=\"969b6c3\" data-element_type=\"widget\" data-widget_type=\"wd_accordion.default\">\n\t\t\t\t<div class=\"elementor-widget-container\">\n\t\t\t\t\t\n\t\t<div class=\"wd-accordion wd-style-shadow wd-titles-left wd-opener-pos-left wd-opener-style-arrow\" data-state=\"first\">\n\t\t\t\t\t\t\t\n\t\t\t\t<div class=\"wd-accordion-item\">\n\t\t\t\t\t<div class=\"wd-accordion-title wd-role-btn wd-active\" data-accordion-index=\"0\" tabindex=\"0\">\n\t\t\t\t\t\t<div class=\"wd-accordion-title-text\">\n\t\t\t\t\t\t\t\t\t\t\t\t\t\t<span>\n\t\t\t\t\t\t\t\tComo sei quando minha tinta est\u00e1 totalmente curada?\t\t\t\t\t\t\t<\/span>\n\t\t\t\t\t\t<\/div>\n\t\t\t\t\t\t<span class=\"wd-accordion-opener\"><\/span>\n\t\t\t\t\t<\/div>\n\n\t\t\t\t\t<div class=\"wd-accordion-content wd-entry-content wd-active\" data-accordion-index=\"0\">\n\t\t\t\t\t\t\t\t\t\t\t\t\t\n\t\t\t\t\t\t\t<p>O &quot;teste de estiramento&quot; \u00e9 o m\u00e9todo mais confi\u00e1vel. Ap\u00f3s o resfriamento da impress\u00e3o, estenda suavemente a \u00e1rea impressa em cerca de 2,5 a 5 cm. Se a tinta se esticar junto com o material e n\u00e3o apresentar sinais de rachaduras ou fissuras, ela est\u00e1 totalmente curada. Se rachar, precisa de muito mais calor. Uma impress\u00e3o com cura insuficiente certamente n\u00e3o sobreviver\u00e1 \u00e0 primeira lavagem.<\/p>\n\t\t\t\t\t\t\t\t\t\t\t\t\t\t\t\t\t\t<\/div>\n\t\t\t\t<\/div>\n\t\t\t\t\t\t\t\n\t\t\t\t<div class=\"wd-accordion-item\">\n\t\t\t\t\t<div class=\"wd-accordion-title wd-role-btn\" data-accordion-index=\"1\" tabindex=\"0\">\n\t\t\t\t\t\t<div class=\"wd-accordion-title-text\">\n\t\t\t\t\t\t\t\t\t\t\t\t\t\t<span>\n\t\t\t\t\t\t\t\tEm que tipos de tecido posso imprimir com suas tintas?\t\t\t\t\t\t\t<\/span>\n\t\t\t\t\t\t<\/div>\n\t\t\t\t\t\t<span class=\"wd-accordion-opener\"><\/span>\n\t\t\t\t\t<\/div>\n\n\t\t\t\t\t<div class=\"wd-accordion-content wd-entry-content\" data-accordion-index=\"1\">\n\t\t\t\t\t\t\t\t\t\t\t\t\t\n\t\t\t\t\t\t\t<p>Nossas tintas plastisol s\u00e3o incrivelmente vers\u00e1teis e funcionam melhor em algod\u00e3o 100%, misturas 50\/50 de algod\u00e3o\/poli\u00e9ster e diversas misturas triplas. Para poli\u00e9ster 100% ou outros tecidos sint\u00e9ticos, considere o &quot;movimento de cor&quot; (quando a tinta do tecido se infiltra na tinta). Para esses casos, recomendamos o uso de uma tinta branca com pouco sangramento como base. Sempre fa\u00e7a uma impress\u00e3o de teste em um peda\u00e7o de tecido antes!<\/p>\n\t\t\t\t\t\t\t\t\t\t\t\t\t\t\t\t\t\t<\/div>\n\t\t\t\t<\/div>\n\t\t\t\t\t\t\t\n\t\t\t\t<div class=\"wd-accordion-item\">\n\t\t\t\t\t<div class=\"wd-accordion-title wd-role-btn\" data-accordion-index=\"2\" tabindex=\"0\">\n\t\t\t\t\t\t<div class=\"wd-accordion-title-text\">\n\t\t\t\t\t\t\t\t\t\t\t\t\t\t<span>\n\t\t\t\t\t\t\t\tComo fa\u00e7o para limpar tinta plastisol das minhas telas e ferramentas?\t\t\t\t\t\t\t<\/span>\n\t\t\t\t\t\t<\/div>\n\t\t\t\t\t\t<span class=\"wd-accordion-opener\"><\/span>\n\t\t\t\t\t<\/div>\n\n\t\t\t\t\t<div class=\"wd-accordion-content wd-entry-content\" data-accordion-index=\"2\">\n\t\t\t\t\t\t\t\t\t\t\t\t\t\n\t\t\t\t\t\t\t<p>Uma das vantagens do plastisol \u00e9 que ele n\u00e3o seca completamente. Para limp\u00e1-lo, voc\u00ea precisar\u00e1 de um solvente espec\u00edfico. Recomendamos o uso de um limpador de telas ou degradador de tinta espec\u00edfico para Plastisol. Basta aplicar o limpador, esfregar com uma escova macia ou pano para remover a tinta e, em seguida, limpar bem a tela.<\/p>\n\t\t\t\t\t\t\t\t\t\t\t\t\t\t\t\t\t\t<\/div>\n\t\t\t\t<\/div>\n\t\t\t\t\t<\/div>\n\t\t\t\t\t\t<\/div>\n\t\t\t\t<\/div>\n\t\t\t\t\t<\/div>\n\t\t\t\t<\/div>\n\t\t<div class=\"wd-negative-gap elementor-element elementor-element-3733777 e-flex e-con-boxed e-con e-parent\" data-id=\"3733777\" data-element_type=\"container\">\n\t\t\t\t\t<div class=\"e-con-inner\">\n\t\t\t\t<div class=\"elementor-element elementor-element-07784a3 elementor-widget elementor-widget-heading\" data-id=\"07784a3\" data-element_type=\"widget\" data-widget_type=\"heading.default\">\n\t\t\t\t\t<h2 class=\"elementor-heading-title elementor-size-default\">Pedidos e Envio<\/h2>\t\t\t\t<\/div>\n\t\t\t\t<div class=\"elementor-element elementor-element-09ffae7 elementor-widget elementor-widget-wd_accordion\" data-id=\"09ffae7\" data-element_type=\"widget\" data-widget_type=\"wd_accordion.default\">\n\t\t\t\t<div class=\"elementor-widget-container\">\n\t\t\t\t\t\n\t\t<div class=\"wd-accordion wd-style-shadow wd-titles-left wd-opener-pos-left wd-opener-style-arrow\" data-state=\"first\">\n\t\t\t\t\t\t\t\n\t\t\t\t<div class=\"wd-accordion-item\">\n\t\t\t\t\t<div class=\"wd-accordion-title wd-role-btn wd-active\" data-accordion-index=\"0\" tabindex=\"0\">\n\t\t\t\t\t\t<div class=\"wd-accordion-title-text\">\n\t\t\t\t\t\t\t\t\t\t\t\t\t\t<span>\n\t\t\t\t\t\t\t\tQuanto tempo demora para receber meu pedido?\t\t\t\t\t\t\t<\/span>\n\t\t\t\t\t\t<\/div>\n\t\t\t\t\t\t<span class=\"wd-accordion-opener\"><\/span>\n\t\t\t\t\t<\/div>\n\n\t\t\t\t\t<div class=\"wd-accordion-content wd-entry-content wd-active\" data-accordion-index=\"0\">\n\t\t\t\t\t\t\t\t\t\t\t\t\t\n\t\t\t\t\t\t\t<p>Refinamos os pedidos em 1 a 2 dias \u00fateis. O prazo de entrega depender\u00e1 da sua localiza\u00e7\u00e3o e do m\u00e9todo de envio escolhido na finaliza\u00e7\u00e3o da compra. Voc\u00ea receber\u00e1 um e-mail de verifica\u00e7\u00e3o de envio com um n\u00famero de rastreamento assim que seu pedido sair da nossa oficina. Para mais detalhes, consulte nossa <a href=\"https:\/\/shaliteink.com\/pt\/politicas-de-envio-e-devolucao\/\"><strong>Pol\u00edtica de Envio<\/strong><\/a>.<\/p>\n\t\t\t\t\t\t\t\t\t\t\t\t\t\t\t\t\t\t<\/div>\n\t\t\t\t<\/div>\n\t\t\t\t\t\t\t\n\t\t\t\t<div class=\"wd-accordion-item\">\n\t\t\t\t\t<div class=\"wd-accordion-title wd-role-btn\" data-accordion-index=\"1\" tabindex=\"0\">\n\t\t\t\t\t\t<div class=\"wd-accordion-title-text\">\n\t\t\t\t\t\t\t\t\t\t\t\t\t\t<span>\n\t\t\t\t\t\t\t\tVoc\u00eas fazem envios internacionais?\t\t\t\t\t\t\t<\/span>\n\t\t\t\t\t\t<\/div>\n\t\t\t\t\t\t<span class=\"wd-accordion-opener\"><\/span>\n\t\t\t\t\t<\/div>\n\n\t\t\t\t\t<div class=\"wd-accordion-content wd-entry-content\" data-accordion-index=\"1\">\n\t\t\t\t\t\t\t\t\t\t\t\t\t\n\t\t\t\t\t\t\t<p>Sim, temos orgulho de entregar nossas tintas para criadores em todo o mundo! Os pre\u00e7os e prazos de entrega internacional variam de acordo com o pa\u00eds. Esteja ciente de que seu pedido pode estar sujeito a taxas de importa\u00e7\u00e3o ou alf\u00e2ndega, que s\u00e3o definidas pelo governo federal do seu pa\u00eds e s\u00e3o de responsabilidade do destinat\u00e1rio.<\/p>\n\t\t\t\t\t\t\t\t\t\t\t\t\t\t\t\t\t\t<\/div>\n\t\t\t\t<\/div>\n\t\t\t\t\t\t\t\n\t\t\t\t<div class=\"wd-accordion-item\">\n\t\t\t\t\t<div class=\"wd-accordion-title wd-role-btn\" data-accordion-index=\"2\" tabindex=\"0\">\n\t\t\t\t\t\t<div class=\"wd-accordion-title-text\">\n\t\t\t\t\t\t\t\t\t\t\t\t\t\t<span>\n\t\t\t\t\t\t\t\tQual \u00e9 a sua pol\u00edtica de devolu\u00e7\u00e3o?\t\t\t\t\t\t\t<\/span>\n\t\t\t\t\t\t<\/div>\n\t\t\t\t\t\t<span class=\"wd-accordion-opener\"><\/span>\n\t\t\t\t\t<\/div>\n\n\t\t\t\t\t<div class=\"wd-accordion-content wd-entry-content\" data-accordion-index=\"2\">\n\t\t\t\t\t\t\t\t\t\t\t\t\t\n\t\t\t\t\t\t\t<p>Queremos que voc\u00ea fique encantado com sua compra. Aprovamos devolu\u00e7\u00f5es de produtos fechados e n\u00e3o utilizados, em sua embalagem original, em at\u00e9 30 dias ap\u00f3s a entrega. Para obter detalhes mais completos ou para iniciar uma devolu\u00e7\u00e3o, visite nosso site. <a href=\"https:\/\/shaliteink.com\/pt\/politicas-de-envio-e-devolucao\/\"><strong>Pol\u00edtica de Devolu\u00e7\u00f5es e Reembolsos<\/strong><\/a>\u00a0p\u00e1gina.<\/p>\n\t\t\t\t\t\t\t\t\t\t\t\t\t\t\t\t\t\t<\/div>\n\t\t\t\t<\/div>\n\t\t\t\t\t<\/div>\n\t\t\t\t\t\t<\/div>\n\t\t\t\t<\/div>\n\t\t\t\t\t<\/div>\n\t\t\t\t<\/div>\n\t\t\t\t<\/div>","protected":false},"excerpt":{"rendered":"<p>Welcome to our Aid Center! We have actually gathered response to our most common inquiries right below. Whether you wonder<\/p>","protected":false},"author":1,"featured_media":4161,"parent":0,"menu_order":0,"comment_status":"closed","ping_status":"closed","template":"","meta":{"footnotes":""},"class_list":["post-2956","page","type-page","status-publish","has-post-thumbnail","hentry"],"_links":{"self":[{"href":"https:\/\/shaliteink.com\/pt\/wp-json\/wp\/v2\/pages\/2956","targetHints":{"allow":["GET"]}}],"collection":[{"href":"https:\/\/shaliteink.com\/pt\/wp-json\/wp\/v2\/pages"}],"about":[{"href":"https:\/\/shaliteink.com\/pt\/wp-json\/wp\/v2\/types\/page"}],"author":[{"embeddable":true,"href":"https:\/\/shaliteink.com\/pt\/wp-json\/wp\/v2\/users\/1"}],"replies":[{"embeddable":true,"href":"https:\/\/shaliteink.com\/pt\/wp-json\/wp\/v2\/comments?post=2956"}],"version-history":[{"count":0,"href":"https:\/\/shaliteink.com\/pt\/wp-json\/wp\/v2\/pages\/2956\/revisions"}],"wp:featuredmedia":[{"embeddable":true,"href":"https:\/\/shaliteink.com\/pt\/wp-json\/wp\/v2\/media\/4161"}],"wp:attachment":[{"href":"https:\/\/shaliteink.com\/pt\/wp-json\/wp\/v2\/media?parent=2956"}],"curies":[{"name":"wp","href":"https:\/\/api.w.org\/{rel}","templated":true}]}}