{"id":4381,"date":"2026-01-28T06:11:12","date_gmt":"2026-01-28T06:11:12","guid":{"rendered":"https:\/\/shaliteink.com\/?post_type=product&#038;p=4381"},"modified":"2026-01-28T06:11:12","modified_gmt":"2026-01-28T06:11:12","slug":"emulsion-fotosensible-de-alta-resolucion","status":"publish","type":"product","link":"https:\/\/shaliteink.com\/es\/producto\/emulsion-fotosensible-de-alta-resolucion\/","title":{"rendered":"Emulsi\u00f3n fotosensible de alta resoluci\u00f3n \u2013 A\u00f1adir al carrito"},"content":{"rendered":"<p>Si est\u00e1 buscando una forma confiable y f\u00e1cil de usar para principiantes de hacer plantillas de serigraf\u00eda limpias y detalladas, esta <strong>emulsi\u00f3n fotosensible de alta resoluci\u00f3n<\/strong> \u00a1Es perfecta! Dise\u00f1ada para peque\u00f1os estudios, aficionados a la serigraf\u00eda, aulas e impresores profesionales, ofrece resultados uniformes y consistentes en todo momento. \u00a1Es s\u00faper f\u00e1cil de usar, incluso si te inicias en la serigraf\u00eda!<\/p>\n<p>\u00bfUna de las cosas que m\u00e1s les gusta a los usuarios de esta emulsi\u00f3n fotosensible? \u00a1Es facil\u00edsima de usar! Su viscosidad es perfecta: lo suficientemente densa como para cubrir las mallas de forma uniforme sin correrse, pero lo suficientemente suave para una aplicaci\u00f3n muy controlada. Adem\u00e1s, se seca r\u00e1pido en espacios oscuros o con poca luz, lo que permite terminar la configuraci\u00f3n m\u00e1s r\u00e1pido y empezar a serigrafiar de inmediato. Una vez seca, se expone con bordes n\u00edtidos, lo que permite que sus dise\u00f1os se mantengan n\u00edtidos durante tiradas largas.<\/p>\n<p><img decoding=\"async\" class=\"alignnone size-medium wp-image-4405\" src=\"https:\/\/shaliteink.com\/wp-content\/uploads\/2025\/12\/High-Resolution-Photosensitive-Emulsion-3-300x300.jpg\" alt=\"Emulsi\u00f3n fotosensible de alta resoluci\u00f3n (1)\" width=\"300\" height=\"300\" srcset=\"https:\/\/shaliteink.com\/wp-content\/uploads\/2025\/12\/High-Resolution-Photosensitive-Emulsion-3-300x300.jpg 300w, https:\/\/shaliteink.com\/wp-content\/uploads\/2025\/12\/High-Resolution-Photosensitive-Emulsion-3-1024x1024.jpg 1024w, https:\/\/shaliteink.com\/wp-content\/uploads\/2025\/12\/High-Resolution-Photosensitive-Emulsion-3-150x150.jpg 150w, https:\/\/shaliteink.com\/wp-content\/uploads\/2025\/12\/High-Resolution-Photosensitive-Emulsion-3-768x768.jpg 768w, https:\/\/shaliteink.com\/wp-content\/uploads\/2025\/12\/High-Resolution-Photosensitive-Emulsion-3-12x12.jpg 12w, https:\/\/shaliteink.com\/wp-content\/uploads\/2025\/12\/High-Resolution-Photosensitive-Emulsion-3-600x600.jpg 600w, https:\/\/shaliteink.com\/wp-content\/uploads\/2025\/12\/High-Resolution-Photosensitive-Emulsion-3-1200x1200.jpg 1200w, https:\/\/shaliteink.com\/wp-content\/uploads\/2025\/12\/High-Resolution-Photosensitive-Emulsion-3.jpg 1500w\" sizes=\"(max-width: 300px) 100vw, 300px\" \/><\/p>\n<p>&nbsp;<\/p>\n<h3 data-start=\"2688\" data-end=\"2711\">Caracter\u00edsticas\/Beneficios<\/h3>\n<p>Recubrimiento de s\u00faper alta resoluci\u00f3n para l\u00edneas n\u00edtidas y detalles finos.<br \/>\nCapa de plantilla duradera que resiste roturas durante la impresi\u00f3n.<br \/>\nFuerte resistencia al calor para el curado y el curado final.<br \/>\nCompatible con m\u00faltiples cantidades de malla para una impresi\u00f3n vers\u00e1til.<br \/>\nTiempo de exposici\u00f3n s\u00faper r\u00e1pido: \u00a1acelera la configuraci\u00f3n de la serigraf\u00eda en poco tiempo!<\/p>\n<p>Ya sea que imprimas camisetas, bolsas, p\u00f3steres o madera, \u00a1esas plantillas se mantienen impecables, incluso despu\u00e9s de much\u00edsimas impresiones o de presionarlas con fuerza con una esp\u00e1tula! Y lo mejor de todo: talleres, clases y marcas independientes.\u00a0<em>obsesionar<\/em>\u00a0sobre esto\u00a0<strong>emulsi\u00f3n fotosensible<\/strong>\u00a1No necesitas formaci\u00f3n profesional! Es muy f\u00e1cil de usar y, al combinarlo con...\u00a0<a href=\"https:\/\/shaliteink.com\/es\/?s=PVC+free+plastisol+ink&amp;post_type=product&amp;product_cat=0\"><strong>Tinta plastisol sin PVC<\/strong><\/a>\u00a0o est\u00e1ndar\u00a0<a href=\"https:\/\/shaliteink.com\/es\/producto\/tinta-de-serigrafia-nb-sin-pvc-de-color-amarillo-anaranjado\/\"><strong>tinta de serigraf\u00eda<\/strong><\/a>, Obtendr\u00e1s impresiones consistentes y de alta calidad en todo momento.<\/p>\n<div class=\"auto-hide-last-sibling-br paragraph-pP9ZLC paragraph-element br-paragraph-space\">\u00a1La limpieza tambi\u00e9n es muy sencilla! Despu\u00e9s de imprimir con\u00a0<a href=\"https:\/\/shaliteink.com\/es\/producto\/tinta-plastisol-azul-sin-pvc-proceso-de-tinta-entrega-rapida\/\"><strong>Tinta plastisol sin PVC<\/strong><\/a>\u00a0o est\u00e1ndar\u00a0<strong>tinta de serigraf\u00eda<\/strong>, Puedes borrar esto\u00a0<strong>emulsi\u00f3n fotosensible<\/strong>\u00a0Con un removedor de emulsi\u00f3n o recuperador de mallas normal, \u00a1s\u00faper f\u00e1cil! Se descompone limpiamente, lo que prolonga la vida \u00fatil de la malla y le ahorra tiempo y molestias.<\/div>\n<div class=\"auto-hide-last-sibling-br paragraph-pP9ZLC paragraph-element br-paragraph-space\">\u00bfY lo mejor? La f\u00f3rmula no se descompone r\u00e1pidamente, as\u00ed que no tendr\u00e1s que lidiar con descascarillado ni desprendimiento a mitad de la impresi\u00f3n. \u00a1Una innovaci\u00f3n total, especialmente para principiantes!<\/div>\n<div><\/div>\n<div>\n<div class=\"auto-hide-last-sibling-br paragraph-pP9ZLC paragraph-element br-paragraph-space\">Ya sea que est\u00e9 exponiendo su primera pantalla o preparando un lote para pedidos en l\u00ednea, esta alta resoluci\u00f3n\u00a0<strong>emulsi\u00f3n fotosensible<\/strong>\u00a0\u00a1Mantiene su flujo de trabajo fluido, predecible y totalmente libre de frustraciones!<\/div>\n<div class=\"auto-hide-last-sibling-br paragraph-pP9ZLC paragraph-element br-paragraph-space\">Desde impresiones caseras caseras hasta aulas creativas y peque\u00f1as marcas de ropa, ofrece resultados profesionales sin necesidad de equipos costosos ni habilidades avanzadas. Comb\u00ednalo con\u00a0<strong>Tinta plastisol sin PVC<\/strong>\u00a0o est\u00e1ndar\u00a0<strong>tinta de serigraf\u00eda<\/strong>, \u00a1Y obtendr\u00e1s impresiones uniformes y de calidad profesional en todo momento, sin estr\u00e9s!<\/div>\n<div><img decoding=\"async\" class=\"alignnone size-medium wp-image-4407\" src=\"https:\/\/shaliteink.com\/wp-content\/uploads\/2025\/12\/High-Resolution-Photosensitive-Emulsion-5-300x300.jpg\" alt=\"Emulsi\u00f3n fotosensible de alta resoluci\u00f3n (1)\" width=\"300\" height=\"300\" srcset=\"https:\/\/shaliteink.com\/wp-content\/uploads\/2025\/12\/High-Resolution-Photosensitive-Emulsion-5-300x300.jpg 300w, https:\/\/shaliteink.com\/wp-content\/uploads\/2025\/12\/High-Resolution-Photosensitive-Emulsion-5-1024x1024.jpg 1024w, https:\/\/shaliteink.com\/wp-content\/uploads\/2025\/12\/High-Resolution-Photosensitive-Emulsion-5-150x150.jpg 150w, https:\/\/shaliteink.com\/wp-content\/uploads\/2025\/12\/High-Resolution-Photosensitive-Emulsion-5-768x768.jpg 768w, https:\/\/shaliteink.com\/wp-content\/uploads\/2025\/12\/High-Resolution-Photosensitive-Emulsion-5-12x12.jpg 12w, https:\/\/shaliteink.com\/wp-content\/uploads\/2025\/12\/High-Resolution-Photosensitive-Emulsion-5-600x600.jpg 600w, https:\/\/shaliteink.com\/wp-content\/uploads\/2025\/12\/High-Resolution-Photosensitive-Emulsion-5-1200x1200.jpg 1200w, https:\/\/shaliteink.com\/wp-content\/uploads\/2025\/12\/High-Resolution-Photosensitive-Emulsion-5.jpg 1500w\" sizes=\"(max-width: 300px) 100vw, 300px\" \/><\/div>\n<div><\/div>\n<\/div>\n<div>\n<h3 data-start=\"2688\" data-end=\"2711\">\u00bfPor qu\u00e9 comprar?<\/h3>\n<\/div>\n<div>Dise\u00f1ado para simplificar la emulsi\u00f3n fotosensible, permite una configuraci\u00f3n de pantalla r\u00e1pida, predecible y sin frustraciones. Ideal para camisetas, bolsas, p\u00f3steres y proyectos de lotes peque\u00f1os. Tanto si imprime en casa como si tiene un peque\u00f1o taller, combina a la perfecci\u00f3n con tinta plastisol sin PVC o tinta de serigraf\u00eda. .<\/div>\n<div><\/div>\n<div>Si est\u00e1 trabajando con dise\u00f1os precisos (l\u00edneas finas, medios tonos, texto o ilustraciones detalladas), esto\u00a0<strong>emulsi\u00f3n fotosensible<\/strong>\u00a0\u00a1Te da todo el control y la claridad que necesitas! Simplemente aplica la capa a tu pantalla, d\u00e9jala secar, exp\u00f3nla bajo luz UV o LED, enju\u00e1gala y \u00a1listo! Tu plantilla est\u00e1 lista para usar.\u00a0<strong>Tinta plastisol sin PVC<\/strong>\u00a0o est\u00e1ndar\u00a0<strong>tinta de serigraf\u00eda<\/strong>\u00a0\u00a1Para impresiones n\u00edtidas y perfectas!<\/div>","protected":false},"excerpt":{"rendered":"<p>Emulsi\u00f3n fotosensible de alta resoluci\u00f3n para serigraf\u00eda: \u00a1ofrece exposiciones ultran\u00edtidas y captura a la perfecci\u00f3n los detalles m\u00e1s peque\u00f1os del dise\u00f1o! Funciona a la perfecci\u00f3n con tinta de serigraf\u00eda y tinta plastisol sin PVC, y es ideal para estudios de bricolaje, peque\u00f1os talleres o impresores profesionales. S\u00faper f\u00e1cil de usar, de secado r\u00e1pido y eleva la calidad de impresi\u00f3n a un nivel superior: \u00a1perfecta para todos tus proyectos de serigraf\u00eda!<\/p>","protected":false},"featured_media":4403,"comment_status":"open","ping_status":"closed","template":"","meta":[],"product_brand":[],"product_cat":[88],"product_tag":[98],"class_list":{"0":"post-4381","1":"product","2":"type-product","3":"status-publish","4":"has-post-thumbnail","6":"product_cat-photosensitive-emulsion","7":"product_tag-high-resolution-photosensitive-emulsion","9":"first","10":"instock","11":"shipping-taxable","12":"purchasable","13":"product-type-simple"},"tiered_pricing_type":"fixed","tiered_pricing_fixed_rules":[],"tiered_pricing_product_settings":{"layout":"default","base_unit_name":{"singular":null,"plural":null},"default_variation":null},"tiered_pricing_minimum_quantity":null,"tiered_pricing_roles_data":[],"tiered_pricing_percentage_rules":[],"tiered_pricing_maximum_quantity":null,"tiered_pricing_quantity_step":null,"_links":{"self":[{"href":"https:\/\/shaliteink.com\/es\/wp-json\/wp\/v2\/product\/4381","targetHints":{"allow":["GET"]}}],"collection":[{"href":"https:\/\/shaliteink.com\/es\/wp-json\/wp\/v2\/product"}],"about":[{"href":"https:\/\/shaliteink.com\/es\/wp-json\/wp\/v2\/types\/product"}],"replies":[{"embeddable":true,"href":"https:\/\/shaliteink.com\/es\/wp-json\/wp\/v2\/comments?post=4381"}],"version-history":[{"count":1,"href":"https:\/\/shaliteink.com\/es\/wp-json\/wp\/v2\/product\/4381\/revisions"}],"predecessor-version":[{"id":4632,"href":"https:\/\/shaliteink.com\/es\/wp-json\/wp\/v2\/product\/4381\/revisions\/4632"}],"wp:featuredmedia":[{"embeddable":true,"href":"https:\/\/shaliteink.com\/es\/wp-json\/wp\/v2\/media\/4403"}],"wp:attachment":[{"href":"https:\/\/shaliteink.com\/es\/wp-json\/wp\/v2\/media?parent=4381"}],"wp:term":[{"taxonomy":"product_brand","embeddable":true,"href":"https:\/\/shaliteink.com\/es\/wp-json\/wp\/v2\/product_brand?post=4381"},{"taxonomy":"product_cat","embeddable":true,"href":"https:\/\/shaliteink.com\/es\/wp-json\/wp\/v2\/product_cat?post=4381"},{"taxonomy":"product_tag","embeddable":true,"href":"https:\/\/shaliteink.com\/es\/wp-json\/wp\/v2\/product_tag?post=4381"}],"curies":[{"name":"wp","href":"https:\/\/api.w.org\/{rel}","templated":true}]}}