{"id":4355,"date":"2026-01-28T06:09:39","date_gmt":"2026-01-28T06:09:39","guid":{"rendered":"https:\/\/shaliteink.com\/?post_type=product&#038;p=4355"},"modified":"2026-01-28T06:10:34","modified_gmt":"2026-01-28T06:10:34","slug":"kit-para-principiantes-de-tinta-de-impresion-nb","status":"publish","type":"product","link":"https:\/\/shaliteink.com\/es\/producto\/kit-para-principiantes-de-tinta-de-impresion-nb\/","title":{"rendered":"Kit para principiantes de tinta de impresi\u00f3n NB: colores vibrantes para aficionados al bricolaje. \u00a1Cons\u00edguelo ahora!"},"content":{"rendered":"<p class=\"isSelectedEnd\">\u00bfQuieres mejorar tu serigraf\u00eda? \u00a1Consigue la <strong>Kit de inicio de tinta para serigraf\u00eda NB<\/strong>\u00a1Tanto si eres aficionado al bricolaje, un peque\u00f1o taller o una marca de ropa independiente, el Kit para Principiantes de Tinta de Impresi\u00f3n NB es perfecto! Est\u00e1 repleto de tinta plastisol de primera calidad sin PVC: los colores resaltan con una intensidad incre\u00edble, se sienten suaves al tacto y son ideales para camisetas, bolsas de lona o cualquier proyecto de serigraf\u00eda para decoraci\u00f3n del hogar. \u00bfY lo mejor? El Kit para Principiantes de Tinta de Impresi\u00f3n NB es muy f\u00e1cil de usar, te ahorra much\u00edsimo tiempo y te permite lograr una calidad de tinta de serigraf\u00eda profesional sin complicaciones. \u00a1Consigue el tuyo ya!<\/p>\n<p><img decoding=\"async\" class=\"alignnone size-medium wp-image-4362\" src=\"https:\/\/shaliteink.com\/wp-content\/uploads\/2025\/12\/NB-Printing-Ink-Beginner-Kit-5-300x300.jpg\" alt=\"Kit para principiantes de tinta de impresi\u00f3n NB\" width=\"300\" height=\"300\" srcset=\"https:\/\/shaliteink.com\/wp-content\/uploads\/2025\/12\/NB-Printing-Ink-Beginner-Kit-5-300x300.jpg 300w, https:\/\/shaliteink.com\/wp-content\/uploads\/2025\/12\/NB-Printing-Ink-Beginner-Kit-5-1024x1024.jpg 1024w, https:\/\/shaliteink.com\/wp-content\/uploads\/2025\/12\/NB-Printing-Ink-Beginner-Kit-5-150x150.jpg 150w, https:\/\/shaliteink.com\/wp-content\/uploads\/2025\/12\/NB-Printing-Ink-Beginner-Kit-5-768x768.jpg 768w, https:\/\/shaliteink.com\/wp-content\/uploads\/2025\/12\/NB-Printing-Ink-Beginner-Kit-5-1536x1536.jpg 1536w, https:\/\/shaliteink.com\/wp-content\/uploads\/2025\/12\/NB-Printing-Ink-Beginner-Kit-5-12x12.jpg 12w, https:\/\/shaliteink.com\/wp-content\/uploads\/2025\/12\/NB-Printing-Ink-Beginner-Kit-5-600x600.jpg 600w, https:\/\/shaliteink.com\/wp-content\/uploads\/2025\/12\/NB-Printing-Ink-Beginner-Kit-5-1200x1200.jpg 1200w, https:\/\/shaliteink.com\/wp-content\/uploads\/2025\/12\/NB-Printing-Ink-Beginner-Kit-5.jpg 1600w\" sizes=\"(max-width: 300px) 100vw, 300px\" \/><\/p>\n<p class=\"isSelectedEnd\"><strong>Caracter\u00edsticas y beneficios<\/strong><\/p>\n<p class=\"isSelectedEnd\">\u2705 <strong>Tintas plastisol sin PVC:<\/strong> Seguro, duradero y ecol\u00f3gico: \u00a1ideal para aficionados al bricolaje y peque\u00f1os talleres! \u00a1Sin humos desagradables que ensucian tu espacio!<br \/>\n\u2705 <strong>Alta opacidad + colores vibrantes:<\/strong> Estampados brillantes y uniformes en todo momento, \u00a1incluso en telas oscuras! Sin efectos apagados ni deslavados: \u00a1tus dise\u00f1os resaltan con intensidad!<br \/>\n\u2705<strong> Sensaci\u00f3n suave:<\/strong> Las impresiones se mantienen duraderas y las telas se mantienen flexibles: \u00a1sin resultados r\u00edgidos ni \u00e1speros!<br \/>\n\u2705 <strong>Totalmente apto para principiantes:<\/strong> Viene con peque\u00f1os frascos de tinta (4 de 100 ml), gu\u00edas s\u00faper f\u00e1ciles de seguir y soporte de tutoriales en l\u00ednea: \u00a1no se necesita experiencia!<br \/>\n\u2705<strong> S\u00faper vers\u00e1til:<\/strong> Funciona con pistolas de calor dom\u00e9sticas, secadoras peque\u00f1as y est\u00e1ndar. <a href=\"https:\/\/shaliteink.com\/es\/producto\/tinta-de-serigrafia-nb-roja-sin-pvc\/\"><strong>tinta de serigraf\u00eda<\/strong><\/a> configuraciones\u2014\u00a1se adapta perfectamente a su flujo de trabajo!<br \/>\n\u2705 <strong>Kit para principiantes de tinta de impresi\u00f3n NB todo en uno:<\/strong> Incluye tintas, esp\u00e1tulas y accesorios de inicio: \u00a1imprima sin problemas desde el primer momento!<\/p>\n<p class=\"isSelectedEnd\"><strong>Instrucciones de curado<\/strong><\/p>\n<div class=\"auto-hide-last-sibling-br paragraph-pP9ZLC paragraph-element br-paragraph-space\">Simplemente cura tus impresiones con calor a ~160 \u00b0C (320 \u00b0F) y \u00a1listo!, \u00a1tus dise\u00f1os se mantendr\u00e1n vibrantes y duraderos por mucho tiempo! Funciona a la perfecci\u00f3n tanto con el curado est\u00e1ndar como con el r\u00e1pido.\u00a0<a href=\"https:\/\/shaliteink.com\/es\/producto\/comprar-tinta-plastisol-violeta-fluorescente-sin-pvc-online\/\"><strong>Tinta plastisol sin PVC<\/strong><\/a>, as\u00ed que, ya sea que est\u00e9s haciendo una producci\u00f3n en lotes peque\u00f1os o un divertido proyecto de bricolaje,\u00a0<strong>serigraf\u00eda<\/strong>\u00a0proyectos, los\u00a0<strong>Kit para principiantes de tinta de impresi\u00f3n NB<\/strong>\u00a0\u00a1Te tiene cubierto!<\/div>\n<p><img decoding=\"async\" class=\"alignnone size-medium wp-image-4363\" src=\"https:\/\/shaliteink.com\/wp-content\/uploads\/2025\/12\/NB-Printing-Ink-Beginner-Kit-7-300x300.jpg\" alt=\"Kit para principiantes de tinta de impresi\u00f3n NB\" width=\"300\" height=\"300\" srcset=\"https:\/\/shaliteink.com\/wp-content\/uploads\/2025\/12\/NB-Printing-Ink-Beginner-Kit-7-300x300.jpg 300w, https:\/\/shaliteink.com\/wp-content\/uploads\/2025\/12\/NB-Printing-Ink-Beginner-Kit-7-1024x1024.jpg 1024w, https:\/\/shaliteink.com\/wp-content\/uploads\/2025\/12\/NB-Printing-Ink-Beginner-Kit-7-150x150.jpg 150w, https:\/\/shaliteink.com\/wp-content\/uploads\/2025\/12\/NB-Printing-Ink-Beginner-Kit-7-768x768.jpg 768w, https:\/\/shaliteink.com\/wp-content\/uploads\/2025\/12\/NB-Printing-Ink-Beginner-Kit-7-1536x1536.jpg 1536w, https:\/\/shaliteink.com\/wp-content\/uploads\/2025\/12\/NB-Printing-Ink-Beginner-Kit-7-12x12.jpg 12w, https:\/\/shaliteink.com\/wp-content\/uploads\/2025\/12\/NB-Printing-Ink-Beginner-Kit-7-600x600.jpg 600w, https:\/\/shaliteink.com\/wp-content\/uploads\/2025\/12\/NB-Printing-Ink-Beginner-Kit-7-1200x1200.jpg 1200w, https:\/\/shaliteink.com\/wp-content\/uploads\/2025\/12\/NB-Printing-Ink-Beginner-Kit-7.jpg 1600w\" sizes=\"(max-width: 300px) 100vw, 300px\" \/><\/p>\n<p><strong>Limpieza y mantenimiento<\/strong><br \/>\n\u00a1Limpiar es facil\u00edsimo! Usa un limpiador de pantallas o un degradante espec\u00edfico para plastisol. A diferencia de las tintas a base de agua, <a href=\"https:\/\/shaliteink.com\/es\/producto\/tinta-plastisol-amarillo-limon-sin-pvc\/\"><strong>Tinta plastisol sin PVC<\/strong><\/a> \u00a1No se secar\u00e1n en sus pantallas! \u00a1Reutil\u00edcelas una y otra vez sin obstrucciones ni residuos!<\/p>\n<p class=\"isSelectedEnd\"><strong>Consejos de almacenamiento<\/strong><br \/>\nGuarde las tintas en un lugar fresco y seco (lejos de la luz solar directa y del calor).\u00a0<strong>Tinta plastisol sin PVC<\/strong>\u00a0correcto, y los colores se mantienen brillantes + el rendimiento se mantiene constante en todo momento.\u00a0<strong>serigraf\u00eda<\/strong>\u00a0\u00a1proyecto!<\/p>\n<div class=\"auto-hide-last-sibling-br paragraph-pP9ZLC paragraph-element br-paragraph-space\">Ya sea que vendas en Etsy\/Shopify, impartas talleres o simplemente te diviertas con manualidades caseras,\u00a0<strong>Kit para principiantes de tinta de impresi\u00f3n NB<\/strong>\u00a0Reduce la curva de aprendizaje, minimiza el desorden y potencia la creatividad. Controla tu producci\u00f3n de lotes peque\u00f1os con un kit que combina calidad, seguridad y comodidad. \u00a1Lo tienes todo!<\/div>","protected":false},"excerpt":{"rendered":"<p>El <strong>Kit para principiantes de tinta de impresi\u00f3n NB<\/strong> Ofrece impresiones brillantes y suaves al tacto para prendas y manualidades personalizadas. Incluye <strong>Tinta plastisol sin PVC<\/strong>, ideal <strong>tinta de serigraf\u00eda<\/strong> para vendedores de Etsy, artesanos aficionados y peque\u00f1as marcas que crean camisetas, bolsos de mano y art\u00edculos de decoraci\u00f3n para el hogar.<\/p>","protected":false},"featured_media":4357,"comment_status":"open","ping_status":"closed","template":"","meta":[],"product_brand":[],"product_cat":[43,48],"product_tag":[108],"class_list":{"0":"post-4355","1":"product","2":"type-product","3":"status-publish","4":"has-post-thumbnail","6":"product_cat-pvc-free-nb-screen-printing-ink","7":"product_cat-screen-printing-ink-kit","8":"product_tag-nb-printing-ink-beginner-kit","10":"first","11":"instock","12":"shipping-taxable","13":"purchasable","14":"product-type-simple"},"tiered_pricing_type":"fixed","tiered_pricing_fixed_rules":[],"tiered_pricing_product_settings":{"layout":"default","base_unit_name":{"singular":null,"plural":null},"default_variation":null},"tiered_pricing_minimum_quantity":null,"tiered_pricing_roles_data":[],"tiered_pricing_percentage_rules":[],"tiered_pricing_maximum_quantity":null,"tiered_pricing_quantity_step":null,"_links":{"self":[{"href":"https:\/\/shaliteink.com\/es\/wp-json\/wp\/v2\/product\/4355","targetHints":{"allow":["GET"]}}],"collection":[{"href":"https:\/\/shaliteink.com\/es\/wp-json\/wp\/v2\/product"}],"about":[{"href":"https:\/\/shaliteink.com\/es\/wp-json\/wp\/v2\/types\/product"}],"replies":[{"embeddable":true,"href":"https:\/\/shaliteink.com\/es\/wp-json\/wp\/v2\/comments?post=4355"}],"version-history":[{"count":1,"href":"https:\/\/shaliteink.com\/es\/wp-json\/wp\/v2\/product\/4355\/revisions"}],"predecessor-version":[{"id":4631,"href":"https:\/\/shaliteink.com\/es\/wp-json\/wp\/v2\/product\/4355\/revisions\/4631"}],"wp:featuredmedia":[{"embeddable":true,"href":"https:\/\/shaliteink.com\/es\/wp-json\/wp\/v2\/media\/4357"}],"wp:attachment":[{"href":"https:\/\/shaliteink.com\/es\/wp-json\/wp\/v2\/media?parent=4355"}],"wp:term":[{"taxonomy":"product_brand","embeddable":true,"href":"https:\/\/shaliteink.com\/es\/wp-json\/wp\/v2\/product_brand?post=4355"},{"taxonomy":"product_cat","embeddable":true,"href":"https:\/\/shaliteink.com\/es\/wp-json\/wp\/v2\/product_cat?post=4355"},{"taxonomy":"product_tag","embeddable":true,"href":"https:\/\/shaliteink.com\/es\/wp-json\/wp\/v2\/product_tag?post=4355"}],"curies":[{"name":"wp","href":"https:\/\/api.w.org\/{rel}","templated":true}]}}