{"id":4334,"date":"2025-12-30T03:48:04","date_gmt":"2025-12-30T03:48:04","guid":{"rendered":"https:\/\/shaliteink.com\/?post_type=product&#038;p=4334"},"modified":"2025-12-30T03:48:50","modified_gmt":"2025-12-30T03:48:50","slug":"emulsion-fotosensible-de-alta-densidad","status":"publish","type":"product","link":"https:\/\/shaliteink.com\/es\/producto\/emulsion-fotosensible-de-alta-densidad\/","title":{"rendered":"Emulsi\u00f3n fotosensible de alta densidad: elige tus sabores"},"content":{"rendered":"<p class=\"bv-p-translate\" data-start=\"346\" data-end=\"827\">El <strong data-start=\"350\" data-end=\"390\">Emulsi\u00f3n fotosensible de alta densidad<\/strong> de Shaliteink es la primera opci\u00f3n de los consumidores.<\/p>\n<div class=\"auto-hide-last-sibling-br paragraph-pP9ZLC paragraph-element br-paragraph-space\">Este\u00a0<strong>Emulsi\u00f3n fotosensible de alta densidad<\/strong> Est\u00e1 dise\u00f1ado para serigrafistas que necesitan detalles precisos: bordes n\u00edtidos, una acumulaci\u00f3n de tinta suave y una resistencia excepcional, incluso en tiradas largas. Ya sea que est\u00e9s aplicando gr\u00e1ficos llamativos en camisetas, superponiendo texturas para tu marca de ropa urbana o creando efectos de alta densidad en bolsos y textiles para la decoraci\u00f3n del hogar, nuestra f\u00f3rmula mantiene tu plantilla impecable en cada pasada. \u00bfY lo mejor? Combina a la perfecci\u00f3n con\u00a0<strong>Tinta plastisol sin PVC<\/strong>\u00a0y todo tipo de\u00a0<a href=\"https:\/\/shaliteink.com\/es\/producto\/tinta-de-serigrafia-nb-amarilla-sin-pvc\/\"><strong>tinta de serigraf\u00eda<\/strong><\/a>, \u00a1Para que puedas contar con resultados consistentes y de nivel profesional sin importar lo que est\u00e9s imprimiendo!<\/div>\n<div><img decoding=\"async\" class=\"alignnone size-medium wp-image-4417\" src=\"https:\/\/shaliteink.com\/wp-content\/uploads\/2025\/12\/High-Density-Photosensitive-Emulsion-2-300x300.jpg\" alt=\"Emulsi\u00f3n fotosensible de alta densidad (5)\" width=\"300\" height=\"300\" srcset=\"https:\/\/shaliteink.com\/wp-content\/uploads\/2025\/12\/High-Density-Photosensitive-Emulsion-2-300x300.jpg 300w, https:\/\/shaliteink.com\/wp-content\/uploads\/2025\/12\/High-Density-Photosensitive-Emulsion-2-1024x1024.jpg 1024w, https:\/\/shaliteink.com\/wp-content\/uploads\/2025\/12\/High-Density-Photosensitive-Emulsion-2-150x150.jpg 150w, https:\/\/shaliteink.com\/wp-content\/uploads\/2025\/12\/High-Density-Photosensitive-Emulsion-2-768x768.jpg 768w, https:\/\/shaliteink.com\/wp-content\/uploads\/2025\/12\/High-Density-Photosensitive-Emulsion-2-12x12.jpg 12w, https:\/\/shaliteink.com\/wp-content\/uploads\/2025\/12\/High-Density-Photosensitive-Emulsion-2-600x600.jpg 600w, https:\/\/shaliteink.com\/wp-content\/uploads\/2025\/12\/High-Density-Photosensitive-Emulsion-2-1200x1200.jpg 1200w, https:\/\/shaliteink.com\/wp-content\/uploads\/2025\/12\/High-Density-Photosensitive-Emulsion-2.jpg 1500w\" sizes=\"(max-width: 300px) 100vw, 300px\" \/><\/div>\n<div><\/div>\n<div class=\"auto-hide-last-sibling-br paragraph-pP9ZLC paragraph-element br-paragraph-space\">Hola amigo\u00a0<strong>tinta de serigraf\u00eda<\/strong> Amantes del bricolaje, vendedores de Etsy, talleres estudiantiles y marcas de ropa independientes. Sabemos que a menudo lidian con problemas como recubrimientos complicados, problemas de secado lento y exposici\u00f3n a manchas, \u00bfverdad? Por suerte, nuestro\u00a0<a href=\"https:\/\/shaliteink.com\/es\/categoria-producto\/emulsion-fotosensible\/\"><strong>Emulsi\u00f3n fotosensible de alta densidad<\/strong><\/a>\u00a0\u00a1Soluciona todos esos dolores de cabeza! Est\u00e1 hecho con una f\u00f3rmula que prioriza al usuario y se aplica con gran facilidad, se seca bien y de manera uniforme, y se expone limpiamente tanto con LED como con unidades UV tradicionales. \u00bfY mejor a\u00fan? Combina a la perfecci\u00f3n con\u00a0<strong>Tinta plastisol sin PVC<\/strong> (y todas tus tintas favoritas) para obtener resultados uniformes y consistentes en todo momento. Obtendr\u00e1s resultados predecibles, excelente retenci\u00f3n de detalles y una amplia gama de exposici\u00f3n que tolera peque\u00f1as variaciones de proceso, lo que la hace perfecta para principiantes y entornos de producci\u00f3n con mucha actividad.<\/div>\n<p class=\"bv-p-translate\" data-start=\"1755\" data-end=\"2100\">La f\u00f3rmula combina perfectamente con <strong data-start=\"1793\" data-end=\"1819\">Tinta plastisol sin PVC<\/strong>, plastisol tradicional.<\/p>\n<h3 data-start=\"2102\" data-end=\"2122\"><strong data-start=\"2106\" data-end=\"2122\">Caracter\u00edsticas principales<\/strong><\/h3>\n<ul data-start=\"2123\" data-end=\"2614\">\n<li data-start=\"2123\" data-end=\"2198\">\n<p class=\"bv-p-translate\" data-start=\"2125\" data-end=\"2198\"><strong data-start=\"2125\" data-end=\"2155\">Construcci\u00f3n de plantillas de alta densidad<\/strong> para lograr muestras claras<\/p>\n<\/li>\n<li data-start=\"2199\" data-end=\"2268\">\n<p class=\"bv-p-translate\" data-start=\"2201\" data-end=\"2268\"><strong data-start=\"2201\" data-end=\"2216\">Secado r\u00e1pido<\/strong> Para r\u00e1pido<\/p>\n<\/li>\n<li data-start=\"2269\" data-end=\"2337\">\n<p class=\"bv-p-translate\" data-start=\"2271\" data-end=\"2337\"><strong data-start=\"2271\" data-end=\"2297\">Amplia latitud de exposici\u00f3n<\/strong> para detalles limpios<\/p>\n<\/li>\n<li data-start=\"2338\" data-end=\"2412\">\n<p class=\"bv-p-translate\" data-start=\"2340\" data-end=\"2412\">Funciona con <strong data-start=\"2351\" data-end=\"2377\">Tinta plastisol sin PVC<\/strong>, plastisol y tintas a base de agua<\/p>\n<\/li>\n<li data-start=\"2413\" data-end=\"2481\">\n<p data-start=\"2415\" data-end=\"2481\"><strong>Plantillas resistentes<\/strong> \u00a1Resiste tiradas largas y dise\u00f1os multicapa!<\/p>\n<\/li>\n<li data-start=\"2482\" data-end=\"2523\">\n<p data-start=\"2484\" data-end=\"2523\">\u00a1Recubrimiento apto para principiantes y lavado s\u00faper f\u00e1cil!<\/p>\n<\/li>\n<li data-start=\"2524\" data-end=\"2614\">\n<p data-start=\"2526\" data-end=\"2614\">Adecuado para camisetas, colecciones de ropa, espacios de creaci\u00f3n, estudios de bricolaje y estudios comerciales.<\/p>\n<\/li>\n<\/ul>\n<p><img decoding=\"async\" class=\"alignnone size-medium wp-image-4419\" src=\"https:\/\/shaliteink.com\/wp-content\/uploads\/2025\/12\/High-Density-Photosensitive-Emulsion-4-300x300.jpg\" alt=\"Emulsi\u00f3n fotosensible de alta densidad (5)\" width=\"300\" height=\"300\" srcset=\"https:\/\/shaliteink.com\/wp-content\/uploads\/2025\/12\/High-Density-Photosensitive-Emulsion-4-300x300.jpg 300w, https:\/\/shaliteink.com\/wp-content\/uploads\/2025\/12\/High-Density-Photosensitive-Emulsion-4-1024x1024.jpg 1024w, https:\/\/shaliteink.com\/wp-content\/uploads\/2025\/12\/High-Density-Photosensitive-Emulsion-4-150x150.jpg 150w, https:\/\/shaliteink.com\/wp-content\/uploads\/2025\/12\/High-Density-Photosensitive-Emulsion-4-768x768.jpg 768w, https:\/\/shaliteink.com\/wp-content\/uploads\/2025\/12\/High-Density-Photosensitive-Emulsion-4-12x12.jpg 12w, https:\/\/shaliteink.com\/wp-content\/uploads\/2025\/12\/High-Density-Photosensitive-Emulsion-4-600x600.jpg 600w, https:\/\/shaliteink.com\/wp-content\/uploads\/2025\/12\/High-Density-Photosensitive-Emulsion-4-1200x1200.jpg 1200w, https:\/\/shaliteink.com\/wp-content\/uploads\/2025\/12\/High-Density-Photosensitive-Emulsion-4.jpg 1500w\" sizes=\"(max-width: 300px) 100vw, 300px\" \/><\/p>\n<h3 data-start=\"2616\" data-end=\"2644\"><strong data-start=\"2620\" data-end=\"2644\">Curado y rendimiento<\/strong><\/h3>\n<p class=\"bv-p-translate\" data-start=\"2645\" data-end=\"3073\">Si bien la emulsi\u00f3n en s\u00ed no se cura como la tinta, est\u00e1 formulada para soportar las altas temperaturas que se utilizan para curar. <strong data-start=\"113\" data-end=\"136\">tinta de serigraf\u00eda<\/strong>, incluyendo tanto los de curado lento como los de curado r\u00e1pido <a href=\"https:\/\/shaliteink.com\/es\/?s=PVC+free+plastisol+ink&amp;post_type=product&amp;product_cat=0\"><strong data-start=\"177\" data-end=\"203\">Tinta plastisol sin PVC<\/strong><\/a>. Su\u00a0<strong>Emulsi\u00f3n fotosensible de alta densidad<\/strong>\u00a0es resistente al calor: \u00a1mantiene las plantillas estables durante el curado y el curado final de la prenda!<\/p>\n<div class=\"auto-hide-last-sibling-br paragraph-pP9ZLC paragraph-element br-paragraph-space\">Dise\u00f1ado para proyectos de alta densidad, resiste repetidos movimientos de la escobilla de goma a alta presi\u00f3n y tiradas de impresi\u00f3n largas, manteniendo detalles n\u00edtidos y bordes definidos, incluso con\u00a0<strong>Tinta plastisol sin PVC<\/strong>\u00a0o cualquier\u00a0<strong>tinta de serigraf\u00eda<\/strong>!<\/div>\n<h3 data-start=\"3075\" data-end=\"3109\"><strong data-start=\"3079\" data-end=\"3109\">Una brisa para limpiar y recuperar<\/strong><\/h3>\n<p class=\"bv-p-translate\" data-start=\"3110\" data-end=\"3394\">La limpieza es intencionadamente sencilla para facilitar la creaci\u00f3n de dise\u00f1os DIY y las tiendas con gran volumen de producci\u00f3n. Tras la impresi\u00f3n, la plantilla se descompone r\u00e1pidamente con removedores de emulsi\u00f3n est\u00e1ndar. La f\u00f3rmula est\u00e1 optimizada para una f\u00e1cil recuperaci\u00f3n sin dejar residuos ni im\u00e1genes fantasma, lo que reduce el tiempo y el uso de productos qu\u00edmicos.<\/p>","protected":false},"excerpt":{"rendered":"<p>Emulsi\u00f3n fotosensible de alta densidad para detalles n\u00edtidos, secado r\u00e1pido y larga duraci\u00f3n de la plantilla. Ideal para tintas de serigraf\u00eda, tintas plastisol sin PVC, aficionados al bricolaje, peque\u00f1os estudios, talleres y marcas de ropa en expansi\u00f3n.<\/p>","protected":false},"featured_media":4416,"comment_status":"open","ping_status":"closed","template":"","meta":[],"product_brand":[],"product_cat":[88],"product_tag":[96],"class_list":{"0":"post-4334","1":"product","2":"type-product","3":"status-publish","4":"has-post-thumbnail","6":"product_cat-photosensitive-emulsion","7":"product_tag-high-density-photosensitive-emulsion","9":"first","10":"instock","11":"shipping-taxable","12":"purchasable","13":"product-type-simple"},"tiered_pricing_type":"fixed","tiered_pricing_fixed_rules":[],"tiered_pricing_product_settings":{"layout":"default","base_unit_name":{"singular":null,"plural":null},"default_variation":null},"tiered_pricing_minimum_quantity":null,"tiered_pricing_roles_data":[],"tiered_pricing_percentage_rules":[],"tiered_pricing_maximum_quantity":null,"tiered_pricing_quantity_step":null,"_links":{"self":[{"href":"https:\/\/shaliteink.com\/es\/wp-json\/wp\/v2\/product\/4334","targetHints":{"allow":["GET"]}}],"collection":[{"href":"https:\/\/shaliteink.com\/es\/wp-json\/wp\/v2\/product"}],"about":[{"href":"https:\/\/shaliteink.com\/es\/wp-json\/wp\/v2\/types\/product"}],"replies":[{"embeddable":true,"href":"https:\/\/shaliteink.com\/es\/wp-json\/wp\/v2\/comments?post=4334"}],"version-history":[{"count":2,"href":"https:\/\/shaliteink.com\/es\/wp-json\/wp\/v2\/product\/4334\/revisions"}],"predecessor-version":[{"id":4621,"href":"https:\/\/shaliteink.com\/es\/wp-json\/wp\/v2\/product\/4334\/revisions\/4621"}],"wp:featuredmedia":[{"embeddable":true,"href":"https:\/\/shaliteink.com\/es\/wp-json\/wp\/v2\/media\/4416"}],"wp:attachment":[{"href":"https:\/\/shaliteink.com\/es\/wp-json\/wp\/v2\/media?parent=4334"}],"wp:term":[{"taxonomy":"product_brand","embeddable":true,"href":"https:\/\/shaliteink.com\/es\/wp-json\/wp\/v2\/product_brand?post=4334"},{"taxonomy":"product_cat","embeddable":true,"href":"https:\/\/shaliteink.com\/es\/wp-json\/wp\/v2\/product_cat?post=4334"},{"taxonomy":"product_tag","embeddable":true,"href":"https:\/\/shaliteink.com\/es\/wp-json\/wp\/v2\/product_tag?post=4334"}],"curies":[{"name":"wp","href":"https:\/\/api.w.org\/{rel}","templated":true}]}}