{"id":3406,"date":"2025-08-16T00:32:32","date_gmt":"2025-08-16T00:32:32","guid":{"rendered":"https:\/\/shaliteink.com\/?post_type=product&#038;p=3406"},"modified":"2025-12-10T11:29:16","modified_gmt":"2025-12-10T11:29:16","slug":"comprar-tinta-azul-cmyk-sin-pvc-para-serigrafia","status":"publish","type":"product","link":"https:\/\/shaliteink.com\/es\/producto\/comprar-tinta-azul-cmyk-sin-pvc-para-serigrafia\/","title":{"rendered":"Comprar tinta azul CMYK sin PVC para serigraf\u00eda"},"content":{"rendered":"<p>Nuestro <strong><a href=\"https:\/\/shaliteink.com\/es\/categoria-producto\/tinta-plastisol-cmyk\/\">Tinta plastisol sin PVC<\/a><\/strong> Ofrece una soluci\u00f3n vibrante y ecol\u00f3gica para la serigraf\u00eda en diversos tipos de telas. Dise\u00f1ada para impresores con alta calidad, esta tinta de alto rendimiento es ideal para aficionados al bricolaje, peque\u00f1as empresas y grandes empresas que buscan impresiones fiables y duraderas. Esta tinta de serigraf\u00eda est\u00e1 formulada sin PVC, lo que reduce las emisiones nocivas y la hace m\u00e1s segura para los usuarios y el medio ambiente. Ya sea que imprima en camisetas, equipaje o art\u00edculos de decoraci\u00f3n para el hogar, nuestra tinta CMYK Azul sin PVC ofrece resultados uniformes en todo momento.<\/p>\n<p><img decoding=\"async\" class=\"alignnone size-medium wp-image-3538\" src=\"https:\/\/shaliteink.com\/wp-content\/uploads\/2025\/08\/CMYK-Blue-PVC-Free-Ink-for-Screen-Print-3-293x300.jpeg\" alt=\"\" width=\"293\" height=\"300\" srcset=\"https:\/\/shaliteink.com\/wp-content\/uploads\/2025\/08\/CMYK-Blue-PVC-Free-Ink-for-Screen-Print-3-293x300.jpeg 293w, https:\/\/shaliteink.com\/wp-content\/uploads\/2025\/08\/CMYK-Blue-PVC-Free-Ink-for-Screen-Print-3-999x1024.jpeg 999w, https:\/\/shaliteink.com\/wp-content\/uploads\/2025\/08\/CMYK-Blue-PVC-Free-Ink-for-Screen-Print-3-768x787.jpeg 768w, https:\/\/shaliteink.com\/wp-content\/uploads\/2025\/08\/CMYK-Blue-PVC-Free-Ink-for-Screen-Print-3-1499x1536.jpeg 1499w, https:\/\/shaliteink.com\/wp-content\/uploads\/2025\/08\/CMYK-Blue-PVC-Free-Ink-for-Screen-Print-3-1999x2048.jpeg 1999w, https:\/\/shaliteink.com\/wp-content\/uploads\/2025\/08\/CMYK-Blue-PVC-Free-Ink-for-Screen-Print-3-12x12.jpeg 12w, https:\/\/shaliteink.com\/wp-content\/uploads\/2025\/08\/CMYK-Blue-PVC-Free-Ink-for-Screen-Print-3-1200x1230.jpeg 1200w, https:\/\/shaliteink.com\/wp-content\/uploads\/2025\/08\/CMYK-Blue-PVC-Free-Ink-for-Screen-Print-3-150x154.jpeg 150w\" sizes=\"(max-width: 293px) 100vw, 293px\" \/><\/p>\n<p>&nbsp;<\/p>\n<h1>Caracter\u00edsticas principales:<\/h1>\n<ul>\n<li>Ecol\u00f3gico: libre de PVC, esta tinta es una preferencia consciente del medio ambiente en sus proyectos de impresi\u00f3n.<\/li>\n<li>Azul CMYK vibrante: consiga colores intensos y duraderos que resalten en textiles y otros sustratos.<\/li>\n<li>F\u00e1cil de usar: Perfecto tanto para impresores profesionales como para aficionados al bricolaje, con comandos f\u00e1ciles de seguir y tutoriales disponibles.<\/li>\n<li>Impresiones duraderas: la tinta proporciona una opacidad y retenci\u00f3n de color notables, lo que garantiza que sus dise\u00f1os resistan lavados repetidos sin decolorarse.<\/li>\n<li data-start=\"1421\" data-end=\"1589\"><strong data-start=\"1421\" data-end=\"1445\">Bajo olor y no t\u00f3xico<\/strong>Segura tanto para usted como para el medio ambiente, esta tinta tiene poco olor y no es t\u00f3xica, lo que la convierte en una excelente opci\u00f3n para artesanos caseros y peque\u00f1os estudios.<\/li>\n<li data-start=\"1592\" data-end=\"1712\"><strong data-start=\"1592\" data-end=\"1609\">Compatibilidad<\/strong>:Compatible con pistolas de calor o secadoras de uso dom\u00e9stico, lo que lo hace perfecto para lotes peque\u00f1os y dise\u00f1os personalizados.<\/li>\n<\/ul>\n<p><img decoding=\"async\" class=\"alignnone size-medium wp-image-3412\" src=\"https:\/\/shaliteink.com\/wp-content\/uploads\/2025\/08\/CMYK-Blue-PVC-Free-Ink-for-Screen-Print-295x300.jpeg\" alt=\"Tinta azul CMYK sin PVC para serigraf\u00eda\" width=\"295\" height=\"300\" srcset=\"https:\/\/shaliteink.com\/wp-content\/uploads\/2025\/08\/CMYK-Blue-PVC-Free-Ink-for-Screen-Print-295x300.jpeg 295w, https:\/\/shaliteink.com\/wp-content\/uploads\/2025\/08\/CMYK-Blue-PVC-Free-Ink-for-Screen-Print-1007x1024.jpeg 1007w, https:\/\/shaliteink.com\/wp-content\/uploads\/2025\/08\/CMYK-Blue-PVC-Free-Ink-for-Screen-Print-768x781.jpeg 768w, https:\/\/shaliteink.com\/wp-content\/uploads\/2025\/08\/CMYK-Blue-PVC-Free-Ink-for-Screen-Print-1510x1536.jpeg 1510w, https:\/\/shaliteink.com\/wp-content\/uploads\/2025\/08\/CMYK-Blue-PVC-Free-Ink-for-Screen-Print-2014x2048.jpeg 2014w, https:\/\/shaliteink.com\/wp-content\/uploads\/2025\/08\/CMYK-Blue-PVC-Free-Ink-for-Screen-Print-12x12.jpeg 12w, https:\/\/shaliteink.com\/wp-content\/uploads\/2025\/08\/CMYK-Blue-PVC-Free-Ink-for-Screen-Print-1200x1220.jpeg 1200w, https:\/\/shaliteink.com\/wp-content\/uploads\/2025\/08\/CMYK-Blue-PVC-Free-Ink-for-Screen-Print-150x153.jpeg 150w\" sizes=\"(max-width: 295px) 100vw, 295px\" \/><\/p>\n<h1>Curaci\u00f3n:<\/h1>\n<p>Para garantizar resultados \u00f3ptimos, nuestro <a href=\"https:\/\/shaliteink.com\/es\/categoria-producto\/tinta-plastisol-cmyk\/\"><strong><span class=\"___SBox_epc1q-ko_ ___SText_zko9t-ko_\" data-ui-name=\"Link.Text\">Tinta plastisol CMYK<\/span><\/strong><\/a> requiere curado a temperaturas de 320 \u00b0F (160 \u00b0C) durante aproximadamente 2 minutos, lo que garantiza impresiones vibrantes y duraderas que resistan el paso del tiempo.<\/p>","protected":false},"excerpt":{"rendered":"<p>Compra vibrante <strong data-start=\"2878\" data-end=\"2904\">Tinta azul CMYK sin PVC<\/strong> Para serigraf\u00eda. No t\u00f3xico, ecol\u00f3gico y duradero. Perfecto para bricolaje, comercio electr\u00f3nico y m\u00e1s. \u00a1C\u00f3mpralo ya!<\/p>","protected":false},"featured_media":3414,"comment_status":"open","ping_status":"closed","template":"","meta":[],"product_brand":[],"product_cat":[63,45],"product_tag":[],"class_list":{"0":"post-3406","1":"product","2":"type-product","3":"status-publish","4":"has-post-thumbnail","6":"product_cat-plastisol-cmyk-ink","7":"product_cat-pvc-free-plastisol-ink","9":"first","10":"instock","11":"shipping-taxable","12":"purchasable","13":"product-type-variable"},"tiered_pricing_type":"fixed","tiered_pricing_fixed_rules":[],"tiered_pricing_product_settings":{"layout":"default","base_unit_name":{"singular":null,"plural":null},"default_variation":null},"tiered_pricing_minimum_quantity":null,"tiered_pricing_roles_data":[],"tiered_pricing_percentage_rules":[],"tiered_pricing_maximum_quantity":null,"tiered_pricing_quantity_step":null,"_links":{"self":[{"href":"https:\/\/shaliteink.com\/es\/wp-json\/wp\/v2\/product\/3406","targetHints":{"allow":["GET"]}}],"collection":[{"href":"https:\/\/shaliteink.com\/es\/wp-json\/wp\/v2\/product"}],"about":[{"href":"https:\/\/shaliteink.com\/es\/wp-json\/wp\/v2\/types\/product"}],"replies":[{"embeddable":true,"href":"https:\/\/shaliteink.com\/es\/wp-json\/wp\/v2\/comments?post=3406"}],"version-history":[{"count":0,"href":"https:\/\/shaliteink.com\/es\/wp-json\/wp\/v2\/product\/3406\/revisions"}],"wp:featuredmedia":[{"embeddable":true,"href":"https:\/\/shaliteink.com\/es\/wp-json\/wp\/v2\/media\/3414"}],"wp:attachment":[{"href":"https:\/\/shaliteink.com\/es\/wp-json\/wp\/v2\/media?parent=3406"}],"wp:term":[{"taxonomy":"product_brand","embeddable":true,"href":"https:\/\/shaliteink.com\/es\/wp-json\/wp\/v2\/product_brand?post=3406"},{"taxonomy":"product_cat","embeddable":true,"href":"https:\/\/shaliteink.com\/es\/wp-json\/wp\/v2\/product_cat?post=3406"},{"taxonomy":"product_tag","embeddable":true,"href":"https:\/\/shaliteink.com\/es\/wp-json\/wp\/v2\/product_tag?post=3406"}],"curies":[{"name":"wp","href":"https:\/\/api.w.org\/{rel}","templated":true}]}}